{"id":275,"date":"2021-01-20T22:33:33","date_gmt":"2021-01-20T22:33:33","guid":{"rendered":"https:\/\/www.purhotmelt.com\/?page_id=275"},"modified":"2021-01-20T22:33:34","modified_gmt":"2021-01-20T22:33:34","slug":"woodworking-construction-adhesives","status":"publish","type":"page","link":"https:\/\/www.purhotmelt.com\/es\/woodworking-construction-adhesives\/","title":{"rendered":"ADHESIVOS PARA CARPINTER\u00cdA Y CONSTRUCCI\u00d3N"},"content":{"rendered":"<h1 class=\"wp-block-heading\"><\/h1>\n\n\n\n<hr class=\"wp-block-separator\"\/>\n\n\n\n<p>Para la industria de la carpinter\u00eda, cuenta con grados rellenos y sin rellenar para los grados EVA, PO y PUR. Estos termofusibles est\u00e1n dise\u00f1ados para prop\u00f3sitos especiales, como para bandas de borde o envoltura de perfiles. Existe una gama de adhesivos termofusibles adecuados para equipos de producci\u00f3n de baja, media y alta velocidad (alta velocidad: m\u00e1s de 20 m \/ min)&nbsp;<strong>No<\/strong><\/p>\n\n\n\n<p>Algunos de nuestros adhesivos termofusibles proporcionan una adherencia en caliente muy alta para permitir un procesamiento r\u00e1pido con cortadores y sierras. La densidad depende de la cantidad de relleno que se utilice. Los grados de poliuretano se pueden ofrecer como de curado r\u00e1pido y proporcionando uniones extremadamente fuertes. Otros grados de fraguado m\u00e1s lento ofrecen m\u00e1s fuerza de adhesi\u00f3n en sustratos de pl\u00e1stico.<br>Para superficies dif\u00edciles de unir, principalmente pl\u00e1sticos como PP, a menudo se utilizan termofusibles de poliolefina para producir la calidad deseada.<\/p>\n\n\n\n<p>Intercol tiene fuentes \u00fanicas para varias materias primas y, por lo tanto, soluciones \u00fanicas para los procesos de producci\u00f3n para producir muy eficientes en las \u00e1reas de envoltura de perfiles, cantos y conformado suave, con altos est\u00e1ndares de calidad, podemos superar a los adhesivos de relleno est\u00e1ndar. M\u00e1s ventajas son que estos adhesivos son limpios y extremadamente f\u00e1ciles de manipular.Los nuevos adhesivos de poliolefina y EVA blanco agua para madera se pueden usar con la mayor\u00eda de las m\u00e1quinas para trabajar la madera y crean una uni\u00f3n fuerte con PVC, HPL, madera maciza, melamina, chapa de madera y otros materiales. utilizado para ensamblar MDF y aglomerado.<br><br>Nuestros adhesivos termofusibles para envoltura de perfiles, como Waterwhite 301 y 303, brindan soluciones de alto rendimiento. Esta gama de adhesivos termofusibles de uso general resistentes al desgaste ofrece un tiempo abierto prolongado. La mayor\u00eda de estos grados son resistentes al calor y se adhieren fuertemente a una amplia gama de sustratos. De baja viscosidad, resistentes a bajas temperaturas y fuertes hacen que estas nuevas formulaciones termofusibles sean ideales para aplicaciones de revestimiento de ranuras o para adherir materiales t\u00e9rmicamente sensibles, como el PVC.<br><br>Las nuevas calidades de la serie 300 son perfectas para el ensamblaje de cantos y el conformado suave. Cuando necesita un adhesivo de fusi\u00f3n r\u00e1pida con fuerte adherencia y aplicado como una pel\u00edcula fina, que es m\u00e1s necesaria para unir bordes dif\u00edciles. Otros HMA ofrecen una alta viscosidad con alta pegajosidad fundida, pero tambi\u00e9n pueden soportar temperaturas de 60 \u00b0 C a 70 \u00b0 C. Para pegado de alta velocidad de m\u00e1quinas de perfilado y canteado. Las materias primas \u00fanicas permiten un borde de baja mancha, haciendo que sus productos sean suaves y limpios.<\/p>","protected":false},"excerpt":{"rendered":"<p>For the woodworking industry, has filled and unfilled grades for EVA, PO and PUR grades. These [&hellip;]<\/p>","protected":false},"author":1,"featured_media":0,"parent":0,"menu_order":0,"comment_status":"closed","ping_status":"closed","template":"","meta":{"footnotes":""},"class_list":["post-275","page","type-page","status-publish","hentry"],"yoast_head":"<!-- This site is optimized with the Yoast SEO plugin v17.0 - https:\/\/yoast.com\/wordpress\/plugins\/seo\/ -->\n<title>WOODWORKING &amp; CONSTRUCTION ADHESIVES - PUR hot melt adhesives<\/title>\n<meta name=\"robots\" content=\"index, follow, max-snippet:-1, max-image-preview:large, max-video-preview:-1\" \/>\n<link rel=\"canonical\" href=\"https:\/\/www.purhotmelt.com\/es\/woodworking-construction-adhesives\/\" \/>\n<meta property=\"og:locale\" content=\"es_ES\" \/>\n<meta property=\"og:type\" content=\"article\" \/>\n<meta property=\"og:title\" content=\"WOODWORKING &amp; CONSTRUCTION ADHESIVES - PUR hot melt adhesives\" \/>\n<meta property=\"og:description\" content=\"For the woodworking industry, has filled and unfilled grades for EVA, PO and PUR grades. These [&hellip;]\" \/>\n<meta property=\"og:url\" content=\"https:\/\/www.purhotmelt.com\/es\/woodworking-construction-adhesives\/\" \/>\n<meta property=\"og:site_name\" content=\"PUR hot melt adhesives\" \/>\n<meta property=\"article:modified_time\" content=\"2021-01-20T22:33:34+00:00\" \/>\n<meta name=\"twitter:card\" content=\"summary_large_image\" \/>\n<meta name=\"twitter:label1\" content=\"Tiempo de lectura\" \/>\n\t<meta name=\"twitter:data1\" content=\"2 minutos\" \/>\n<script type=\"application\/ld+json\" class=\"yoast-schema-graph\">{\"@context\":\"https:\/\/schema.org\",\"@graph\":[{\"@type\":\"WebSite\",\"@id\":\"https:\/\/www.purhotmelt.com\/#website\",\"url\":\"https:\/\/www.purhotmelt.com\/\",\"name\":\"PUR hot melt adhesives\",\"description\":\"Intercol: Specialist manufacturer\",\"potentialAction\":[{\"@type\":\"SearchAction\",\"target\":{\"@type\":\"EntryPoint\",\"urlTemplate\":\"https:\/\/www.purhotmelt.com\/?s={search_term_string}\"},\"query-input\":\"required name=search_term_string\"}],\"inLanguage\":\"es\"},{\"@type\":\"WebPage\",\"@id\":\"https:\/\/www.purhotmelt.com\/nl\/woodworking-construction-adhesives\/#webpage\",\"url\":\"https:\/\/www.purhotmelt.com\/nl\/woodworking-construction-adhesives\/\",\"name\":\"WOODWORKING & CONSTRUCTION ADHESIVES - PUR hot melt adhesives\",\"isPartOf\":{\"@id\":\"https:\/\/www.purhotmelt.com\/#website\"},\"datePublished\":\"2021-01-20T22:33:33+00:00\",\"dateModified\":\"2021-01-20T22:33:34+00:00\",\"breadcrumb\":{\"@id\":\"https:\/\/www.purhotmelt.com\/nl\/woodworking-construction-adhesives\/#breadcrumb\"},\"inLanguage\":\"es\",\"potentialAction\":[{\"@type\":\"ReadAction\",\"target\":[\"https:\/\/www.purhotmelt.com\/nl\/woodworking-construction-adhesives\/\"]}]},{\"@type\":\"BreadcrumbList\",\"@id\":\"https:\/\/www.purhotmelt.com\/nl\/woodworking-construction-adhesives\/#breadcrumb\",\"itemListElement\":[{\"@type\":\"ListItem\",\"position\":1,\"name\":\"Home\",\"item\":\"https:\/\/www.purhotmelt.com\/\"},{\"@type\":\"ListItem\",\"position\":2,\"name\":\"WOODWORKING &#038; CONSTRUCTION ADHESIVES\"}]}]}<\/script>\n<!-- \/ Yoast SEO plugin. -->","yoast_head_json":{"title":"ADHESIVOS PARA CARPINTER\u00cdA Y CONSTRUCCI\u00d3N - Adhesivos termofusibles PUR","robots":{"index":"index","follow":"follow","max-snippet":"max-snippet:-1","max-image-preview":"max-image-preview:large","max-video-preview":"max-video-preview:-1"},"canonical":"https:\/\/www.purhotmelt.com\/es\/woodworking-construction-adhesives\/","og_locale":"es_ES","og_type":"article","og_title":"WOODWORKING & CONSTRUCTION ADHESIVES - PUR hot melt adhesives","og_description":"For the woodworking industry, has filled and unfilled grades for EVA, PO and PUR grades. These [&hellip;]","og_url":"https:\/\/www.purhotmelt.com\/es\/woodworking-construction-adhesives\/","og_site_name":"PUR hot melt adhesives","article_modified_time":"2021-01-20T22:33:34+00:00","twitter_card":"summary_large_image","twitter_misc":{"Tiempo de lectura":"2 minutos"},"schema":{"@context":"https:\/\/schema.org","@graph":[{"@type":"WebSite","@id":"https:\/\/www.purhotmelt.com\/#website","url":"https:\/\/www.purhotmelt.com\/","name":"Adhesivos termofusibles PUR","description":"Intercol: fabricante especialista","potentialAction":[{"@type":"SearchAction","target":{"@type":"EntryPoint","urlTemplate":"https:\/\/www.purhotmelt.com\/?s={search_term_string}"},"query-input":"required name=search_term_string"}],"inLanguage":"es"},{"@type":"WebPage","@id":"https:\/\/www.purhotmelt.com\/nl\/woodworking-construction-adhesives\/#webpage","url":"https:\/\/www.purhotmelt.com\/nl\/woodworking-construction-adhesives\/","name":"ADHESIVOS PARA CARPINTER\u00cdA Y CONSTRUCCI\u00d3N - Adhesivos termofusibles PUR","isPartOf":{"@id":"https:\/\/www.purhotmelt.com\/#website"},"datePublished":"2021-01-20T22:33:33+00:00","dateModified":"2021-01-20T22:33:34+00:00","breadcrumb":{"@id":"https:\/\/www.purhotmelt.com\/nl\/woodworking-construction-adhesives\/#breadcrumb"},"inLanguage":"es","potentialAction":[{"@type":"ReadAction","target":["https:\/\/www.purhotmelt.com\/nl\/woodworking-construction-adhesives\/"]}]},{"@type":"BreadcrumbList","@id":"https:\/\/www.purhotmelt.com\/nl\/woodworking-construction-adhesives\/#breadcrumb","itemListElement":[{"@type":"ListItem","position":1,"name":"Home","item":"https:\/\/www.purhotmelt.com\/"},{"@type":"ListItem","position":2,"name":"WOODWORKING &#038; CONSTRUCTION ADHESIVES"}]}]}},"_links":{"self":[{"href":"https:\/\/www.purhotmelt.com\/es\/wp-json\/wp\/v2\/pages\/275","targetHints":{"allow":["GET"]}}],"collection":[{"href":"https:\/\/www.purhotmelt.com\/es\/wp-json\/wp\/v2\/pages"}],"about":[{"href":"https:\/\/www.purhotmelt.com\/es\/wp-json\/wp\/v2\/types\/page"}],"author":[{"embeddable":true,"href":"https:\/\/www.purhotmelt.com\/es\/wp-json\/wp\/v2\/users\/1"}],"replies":[{"embeddable":true,"href":"https:\/\/www.purhotmelt.com\/es\/wp-json\/wp\/v2\/comments?post=275"}],"version-history":[{"count":1,"href":"https:\/\/www.purhotmelt.com\/es\/wp-json\/wp\/v2\/pages\/275\/revisions"}],"predecessor-version":[{"id":277,"href":"https:\/\/www.purhotmelt.com\/es\/wp-json\/wp\/v2\/pages\/275\/revisions\/277"}],"wp:attachment":[{"href":"https:\/\/www.purhotmelt.com\/es\/wp-json\/wp\/v2\/media?parent=275"}],"curies":[{"name":"wp","href":"https:\/\/api.w.org\/{rel}","templated":true}]}}