{"id":281,"date":"2021-01-20T22:35:39","date_gmt":"2021-01-20T22:35:39","guid":{"rendered":"https:\/\/www.purhotmelt.com\/?page_id=281"},"modified":"2021-01-20T22:35:40","modified_gmt":"2021-01-20T22:35:40","slug":"industrial-foam-adhesives","status":"publish","type":"page","link":"https:\/\/www.purhotmelt.com\/es\/industrial-foam-adhesives\/","title":{"rendered":"ADHESIVOS DE ESPUMA INDUSTRIAL"},"content":{"rendered":"<h1 class=\"wp-block-heading\"><\/h1>\n\n\n\n<p>Intercol adhesives ofrece una amplia gama de adhesivos de espuma de uso industrial. desarrollado para mejorar los procesos de producci\u00f3n.&nbsp;<\/p>\n\n\n\n<p>Como en la fabricaci\u00f3n y construcci\u00f3n manual, se utilizan adhesivos y selladores a base de solventes, los adhesivos termofusibles son la alternativa de producci\u00f3n automatizada. Permitiendo una construcci\u00f3n r\u00e1pida, la m\u00e1quina se detiene y reinicia, las l\u00edneas de ensamblaje funcionan continuamente.<\/p>\n\n\n\n<h2 class=\"wp-block-heading\">AUMENTAR LA PRODUCCI\u00d3N, REVOLUCIONAR EL DISE\u00d1O.<\/h2>\n\n\n\n<p>Los adhesivos de montaje de espuma que se proporcionan est\u00e1n disponibles en una gama de termofusibles est\u00e1ndar y especializada. Esta gama superior de adhesivos ha establecido nuevos est\u00e1ndares en el ensamblaje de espumas y productos, satisfaciendo las demandas de los dise\u00f1adores e ingenieros involucrados en la producci\u00f3n de productos dom\u00e9sticos, comerciales e industriales.<\/p>\n\n\n\n<h2 class=\"wp-block-heading\">UN BUEN NEGOCIO DEPENDE DE BUENOS PRODUCTOS.<\/h2>\n\n\n\n<p>Beardow Adams se dedica a proporcionar a los sectores de fabricaci\u00f3n termofusibles \u00fanicos, de alta adherencia y resistentes a altas temperaturas con la capacidad de adherirse de forma limpia y segura a la mayor\u00eda de los materiales de ingenier\u00eda; ayudando a las organizaciones a lanzar productos nuevos y emocionantes a la vanguardia de la tecnolog\u00eda.<\/p>\n\n\n\n<p>Nuestros adhesivos termofusibles de alto rendimiento tambi\u00e9n satisfacen la necesidad de que los adhesivos automotrices sean resistentes a las fluctuaciones de temperatura y vibraciones.<\/p>\n\n\n\n<h2 class=\"wp-block-heading\">UNA MEJOR ALINEACI\u00d3N, CUALQUIERA DE LA PRODUCCI\u00d3N.<\/h2>\n\n\n\n<p>Intercol sabe que los adhesivos termofusibles permiten a los fabricantes mejorar notablemente la calidad y la apariencia del producto porque pueden reemplazar los m\u00e9todos de ensamblaje alternativos como clavos, tornillos y otras fijaciones antiest\u00e9ticas.<\/p>\n\n\n\n<p>La industria automotriz utiliza nuestra gama de adhesivos termofusibles para unir espuma, compuestos ac\u00fasticos, ensamblajes de luces, molduras, componentes de techo y varios otros productos de subconjunto. Esta gama de adhesivos termofusibles proporciona una longevidad excepcional, una adhesi\u00f3n superior a una amplia gama de metales y pl\u00e1sticos y la capacidad de soportar temperaturas de hasta 180 \u00b0 C.<\/p>\n\n\n\n<h2 class=\"wp-block-heading\">CONSTR\u00daYELO Y ELLOS VENDR\u00c1N.<\/h2>\n\n\n\n<p>Intercol responde a las necesidades de los principales fabricantes. Nuestros adhesivos termofusibles, en su mayor\u00eda basados en pol\u00edmeros como EVA, PO y PUR, son adecuados para unir casi cualquier material consigo mismo o con otros sustratos.<\/p>\n\n\n\n<p>La gama de termofusibles est\u00e1 disponible en diferentes tama\u00f1os de empaque para adaptarse a muchas aplicaciones y maquinaria de aplicaci\u00f3n. \u00c9stas incluyen:<\/p>\n\n\n\n<p>\u2022 Automotriz \u2022 Filtros \u2022 Pegado de espuma de colch\u00f3n y muelles ensacados \u2022 Electrodom\u00e9sticos y electr\u00f3nica<\/p>\n\n\n\n<p>\u2022 Aislamiento \u2022 Construcci\u00f3n e ingenier\u00eda civil<\/p>\n\n\n\n<p>\u2022 Laminaci\u00f3n de espuma (base) \u2022 Juntas<\/p>\n\n\n\n<p><strong>Los adhesivos requieren el asesoramiento de especialistas, con una selecci\u00f3n de m\u00e1s de 3.000 adhesivos termofusibles diferentes, debe haber un producto que cumpla con sus requisitos. Por favor cont\u00e1ctenos para una propuesta de producto.<\/strong><\/p>","protected":false},"excerpt":{"rendered":"<p>Intercol adhesives offers a wide range of industrial used foam adhesives. developed to enhance production processes.&nbsp; [&hellip;]<\/p>","protected":false},"author":1,"featured_media":0,"parent":0,"menu_order":0,"comment_status":"closed","ping_status":"closed","template":"","meta":{"footnotes":""},"class_list":["post-281","page","type-page","status-publish","hentry"],"yoast_head":"<!-- This site is optimized with the Yoast SEO plugin v17.0 - https:\/\/yoast.com\/wordpress\/plugins\/seo\/ -->\n<title>INDUSTRIAL FOAM ADHESIVES - PUR hot melt adhesives<\/title>\n<meta name=\"robots\" content=\"index, follow, max-snippet:-1, max-image-preview:large, max-video-preview:-1\" \/>\n<link rel=\"canonical\" href=\"https:\/\/www.purhotmelt.com\/es\/industrial-foam-adhesives\/\" \/>\n<meta property=\"og:locale\" content=\"es_ES\" \/>\n<meta property=\"og:type\" content=\"article\" \/>\n<meta property=\"og:title\" content=\"INDUSTRIAL FOAM ADHESIVES - PUR hot melt adhesives\" \/>\n<meta property=\"og:description\" content=\"Intercol adhesives offers a wide range of industrial used foam adhesives. developed to enhance production processes.&nbsp; [&hellip;]\" \/>\n<meta property=\"og:url\" content=\"https:\/\/www.purhotmelt.com\/es\/industrial-foam-adhesives\/\" \/>\n<meta property=\"og:site_name\" content=\"PUR hot melt adhesives\" \/>\n<meta property=\"article:modified_time\" content=\"2021-01-20T22:35:40+00:00\" \/>\n<meta name=\"twitter:card\" content=\"summary_large_image\" \/>\n<meta name=\"twitter:label1\" content=\"Tiempo de lectura\" \/>\n\t<meta name=\"twitter:data1\" content=\"2 minutos\" \/>\n<script type=\"application\/ld+json\" class=\"yoast-schema-graph\">{\"@context\":\"https:\/\/schema.org\",\"@graph\":[{\"@type\":\"WebSite\",\"@id\":\"https:\/\/www.purhotmelt.com\/#website\",\"url\":\"https:\/\/www.purhotmelt.com\/\",\"name\":\"PUR hot melt adhesives\",\"description\":\"Intercol: Specialist manufacturer\",\"potentialAction\":[{\"@type\":\"SearchAction\",\"target\":{\"@type\":\"EntryPoint\",\"urlTemplate\":\"https:\/\/www.purhotmelt.com\/?s={search_term_string}\"},\"query-input\":\"required name=search_term_string\"}],\"inLanguage\":\"es\"},{\"@type\":\"WebPage\",\"@id\":\"https:\/\/www.purhotmelt.com\/de\/industrial-foam-adhesives\/#webpage\",\"url\":\"https:\/\/www.purhotmelt.com\/de\/industrial-foam-adhesives\/\",\"name\":\"INDUSTRIAL FOAM ADHESIVES - PUR hot melt adhesives\",\"isPartOf\":{\"@id\":\"https:\/\/www.purhotmelt.com\/#website\"},\"datePublished\":\"2021-01-20T22:35:39+00:00\",\"dateModified\":\"2021-01-20T22:35:40+00:00\",\"breadcrumb\":{\"@id\":\"https:\/\/www.purhotmelt.com\/de\/industrial-foam-adhesives\/#breadcrumb\"},\"inLanguage\":\"es\",\"potentialAction\":[{\"@type\":\"ReadAction\",\"target\":[\"https:\/\/www.purhotmelt.com\/de\/industrial-foam-adhesives\/\"]}]},{\"@type\":\"BreadcrumbList\",\"@id\":\"https:\/\/www.purhotmelt.com\/de\/industrial-foam-adhesives\/#breadcrumb\",\"itemListElement\":[{\"@type\":\"ListItem\",\"position\":1,\"name\":\"Home\",\"item\":\"https:\/\/www.purhotmelt.com\/\"},{\"@type\":\"ListItem\",\"position\":2,\"name\":\"INDUSTRIAL FOAM ADHESIVES\"}]}]}<\/script>\n<!-- \/ Yoast SEO plugin. -->","yoast_head_json":{"title":"ADHESIVOS DE ESPUMA INDUSTRIALES - Adhesivos termofusibles PUR","robots":{"index":"index","follow":"follow","max-snippet":"max-snippet:-1","max-image-preview":"max-image-preview:large","max-video-preview":"max-video-preview:-1"},"canonical":"https:\/\/www.purhotmelt.com\/es\/industrial-foam-adhesives\/","og_locale":"es_ES","og_type":"article","og_title":"INDUSTRIAL FOAM ADHESIVES - PUR hot melt adhesives","og_description":"Intercol adhesives offers a wide range of industrial used foam adhesives. developed to enhance production processes.&nbsp; [&hellip;]","og_url":"https:\/\/www.purhotmelt.com\/es\/industrial-foam-adhesives\/","og_site_name":"PUR hot melt adhesives","article_modified_time":"2021-01-20T22:35:40+00:00","twitter_card":"summary_large_image","twitter_misc":{"Tiempo de lectura":"2 minutos"},"schema":{"@context":"https:\/\/schema.org","@graph":[{"@type":"WebSite","@id":"https:\/\/www.purhotmelt.com\/#website","url":"https:\/\/www.purhotmelt.com\/","name":"Adhesivos termofusibles PUR","description":"Intercol: fabricante especialista","potentialAction":[{"@type":"SearchAction","target":{"@type":"EntryPoint","urlTemplate":"https:\/\/www.purhotmelt.com\/?s={search_term_string}"},"query-input":"required name=search_term_string"}],"inLanguage":"es"},{"@type":"WebPage","@id":"https:\/\/www.purhotmelt.com\/de\/industrial-foam-adhesives\/#webpage","url":"https:\/\/www.purhotmelt.com\/de\/industrial-foam-adhesives\/","name":"ADHESIVOS DE ESPUMA INDUSTRIALES - Adhesivos termofusibles PUR","isPartOf":{"@id":"https:\/\/www.purhotmelt.com\/#website"},"datePublished":"2021-01-20T22:35:39+00:00","dateModified":"2021-01-20T22:35:40+00:00","breadcrumb":{"@id":"https:\/\/www.purhotmelt.com\/de\/industrial-foam-adhesives\/#breadcrumb"},"inLanguage":"es","potentialAction":[{"@type":"ReadAction","target":["https:\/\/www.purhotmelt.com\/de\/industrial-foam-adhesives\/"]}]},{"@type":"BreadcrumbList","@id":"https:\/\/www.purhotmelt.com\/de\/industrial-foam-adhesives\/#breadcrumb","itemListElement":[{"@type":"ListItem","position":1,"name":"Home","item":"https:\/\/www.purhotmelt.com\/"},{"@type":"ListItem","position":2,"name":"INDUSTRIAL FOAM ADHESIVES"}]}]}},"_links":{"self":[{"href":"https:\/\/www.purhotmelt.com\/es\/wp-json\/wp\/v2\/pages\/281","targetHints":{"allow":["GET"]}}],"collection":[{"href":"https:\/\/www.purhotmelt.com\/es\/wp-json\/wp\/v2\/pages"}],"about":[{"href":"https:\/\/www.purhotmelt.com\/es\/wp-json\/wp\/v2\/types\/page"}],"author":[{"embeddable":true,"href":"https:\/\/www.purhotmelt.com\/es\/wp-json\/wp\/v2\/users\/1"}],"replies":[{"embeddable":true,"href":"https:\/\/www.purhotmelt.com\/es\/wp-json\/wp\/v2\/comments?post=281"}],"version-history":[{"count":1,"href":"https:\/\/www.purhotmelt.com\/es\/wp-json\/wp\/v2\/pages\/281\/revisions"}],"predecessor-version":[{"id":283,"href":"https:\/\/www.purhotmelt.com\/es\/wp-json\/wp\/v2\/pages\/281\/revisions\/283"}],"wp:attachment":[{"href":"https:\/\/www.purhotmelt.com\/es\/wp-json\/wp\/v2\/media?parent=281"}],"curies":[{"name":"wp","href":"https:\/\/api.w.org\/{rel}","templated":true}]}}