{"id":284,"date":"2021-01-20T22:37:13","date_gmt":"2021-01-20T22:37:13","guid":{"rendered":"https:\/\/www.purhotmelt.com\/?page_id=284"},"modified":"2021-09-07T21:21:18","modified_gmt":"2021-09-07T21:21:18","slug":"price-increase-alternatives-2021","status":"publish","type":"page","link":"https:\/\/www.purhotmelt.com\/es\/price-increase-alternatives-2021\/","title":{"rendered":"AUMENTO DE PRECIO - ALTERNATIVAS 2021"},"content":{"rendered":"<hr class=\"wp-block-separator\"\/>\n\n\n\n<h1 class=\"wp-block-heading\">AUMENTO DEL PRECIO DE LA MATERIA PRIMA EN ADHESIVOS A BASE DE AGUA REACTIVOS, HOT MELT Y PRODUCTOS AFINES<\/h1>\n\n\n\n<p>La mayor\u00eda de las empresas de adhesivos anunciaron el a\u00f1o pasado y recientemente se implementar\u00e1n aumentos de precios para todas las categor\u00edas de productos adhesivos y productos relacionados. La mayor\u00eda de los aumentos se situar\u00e1n entre el 4% y el 20%. En todos los segmentos de mercado como embalaje, montaje, higiene, construcci\u00f3n y conversi\u00f3n de papel.<\/p>\n\n\n\n<p>En el \u00faltimo a\u00f1o, Intercol ha experimentado aumentos continuos en las materias primas. En los \u00faltimos meses, las materias primas para adhesivos termofusibles, reactivos y a base de agua han aumentado significativamente. se ha intensificado.<\/p>\n\n\n\n<h2 class=\"wp-block-heading\">MATERIAS PRIMAS Y ADHESIVOS ALTERNATIVOS<\/h2>\n\n\n\n<p>Para algunas materias primas, Intercol ha podido encontrar alternativas rentables. Es posible que su aplicaci\u00f3n tenga un rendimiento mayor con nuestra gama de adhesivos m\u00e1s reciente, como nuestra nueva serie de adhesivos termofusibles de poliolefina rentable, o nuestra gama m\u00e1s alta de adhesivos que permiten a nuestros clientes ahorrar 40-60% en el consumo de adhesivo. Para los adhesivos a base de agua, hemos desarrollado grados econ\u00f3micos que pueden superar los grados a\u00fan m\u00e1s caros, mediante composiciones qu\u00edmicas excepcionales, desarrolladas con el enfoque de la aplicaci\u00f3n, en lugar de la base de materia prima est\u00e1ndar.<\/p>","protected":false},"excerpt":{"rendered":"<p>RAW MATERIAL PRICE INCREASE ON HOT MELT, REACTIVE, WATER-BASED ADHESIVES AND RELATED PRODUCTS Most adhesive companies [&hellip;]<\/p>","protected":false},"author":1,"featured_media":0,"parent":0,"menu_order":0,"comment_status":"closed","ping_status":"closed","template":"","meta":{"footnotes":""},"class_list":["post-284","page","type-page","status-publish","hentry"],"yoast_head":"<!-- This site is optimized with the Yoast SEO plugin v17.0 - https:\/\/yoast.com\/wordpress\/plugins\/seo\/ -->\n<title>PRICE INCREASE \u2013 ALTERNATIVES 2021 - PUR hot melt adhesives<\/title>\n<meta name=\"robots\" content=\"index, follow, max-snippet:-1, max-image-preview:large, max-video-preview:-1\" \/>\n<link rel=\"canonical\" href=\"https:\/\/www.purhotmelt.com\/es\/price-increase-alternatives-2021\/\" \/>\n<meta property=\"og:locale\" content=\"es_ES\" \/>\n<meta property=\"og:type\" content=\"article\" \/>\n<meta property=\"og:title\" content=\"PRICE INCREASE \u2013 ALTERNATIVES 2021 - PUR hot melt adhesives\" \/>\n<meta property=\"og:description\" content=\"RAW MATERIAL PRICE INCREASE ON HOT MELT, REACTIVE, WATER-BASED ADHESIVES AND RELATED PRODUCTS Most adhesive companies [&hellip;]\" \/>\n<meta property=\"og:url\" content=\"https:\/\/www.purhotmelt.com\/es\/price-increase-alternatives-2021\/\" \/>\n<meta property=\"og:site_name\" content=\"PUR hot melt adhesives\" \/>\n<meta property=\"article:modified_time\" content=\"2021-09-07T21:21:18+00:00\" \/>\n<meta name=\"twitter:card\" content=\"summary_large_image\" \/>\n<meta name=\"twitter:label1\" content=\"Tiempo de lectura\" \/>\n\t<meta name=\"twitter:data1\" content=\"1 minuto\" \/>\n<script type=\"application\/ld+json\" class=\"yoast-schema-graph\">{\"@context\":\"https:\/\/schema.org\",\"@graph\":[{\"@type\":\"WebSite\",\"@id\":\"https:\/\/www.purhotmelt.com\/#website\",\"url\":\"https:\/\/www.purhotmelt.com\/\",\"name\":\"PUR hot melt adhesives\",\"description\":\"Intercol: Specialist manufacturer\",\"potentialAction\":[{\"@type\":\"SearchAction\",\"target\":{\"@type\":\"EntryPoint\",\"urlTemplate\":\"https:\/\/www.purhotmelt.com\/?s={search_term_string}\"},\"query-input\":\"required name=search_term_string\"}],\"inLanguage\":\"es\"},{\"@type\":\"WebPage\",\"@id\":\"https:\/\/www.purhotmelt.com\/price-increase-alternatives-2021\/#webpage\",\"url\":\"https:\/\/www.purhotmelt.com\/price-increase-alternatives-2021\/\",\"name\":\"PRICE INCREASE \\u2013 ALTERNATIVES 2021 - PUR hot melt adhesives\",\"isPartOf\":{\"@id\":\"https:\/\/www.purhotmelt.com\/#website\"},\"datePublished\":\"2021-01-20T22:37:13+00:00\",\"dateModified\":\"2021-09-07T21:21:18+00:00\",\"breadcrumb\":{\"@id\":\"https:\/\/www.purhotmelt.com\/price-increase-alternatives-2021\/#breadcrumb\"},\"inLanguage\":\"es\",\"potentialAction\":[{\"@type\":\"ReadAction\",\"target\":[\"https:\/\/www.purhotmelt.com\/price-increase-alternatives-2021\/\"]}]},{\"@type\":\"BreadcrumbList\",\"@id\":\"https:\/\/www.purhotmelt.com\/price-increase-alternatives-2021\/#breadcrumb\",\"itemListElement\":[{\"@type\":\"ListItem\",\"position\":1,\"name\":\"Home\",\"item\":\"https:\/\/www.purhotmelt.com\/\"},{\"@type\":\"ListItem\",\"position\":2,\"name\":\"PRICE INCREASE \\u2013 ALTERNATIVES 2021\"}]}]}<\/script>\n<!-- \/ Yoast SEO plugin. -->","yoast_head_json":{"title":"AUMENTO DE PRECIO - ALTERNATIVAS 2021 - Adhesivos termofusibles PUR","robots":{"index":"index","follow":"follow","max-snippet":"max-snippet:-1","max-image-preview":"max-image-preview:large","max-video-preview":"max-video-preview:-1"},"canonical":"https:\/\/www.purhotmelt.com\/es\/price-increase-alternatives-2021\/","og_locale":"es_ES","og_type":"article","og_title":"PRICE INCREASE \u2013 ALTERNATIVES 2021 - PUR hot melt adhesives","og_description":"RAW MATERIAL PRICE INCREASE ON HOT MELT, REACTIVE, WATER-BASED ADHESIVES AND RELATED PRODUCTS Most adhesive companies [&hellip;]","og_url":"https:\/\/www.purhotmelt.com\/es\/price-increase-alternatives-2021\/","og_site_name":"PUR hot melt adhesives","article_modified_time":"2021-09-07T21:21:18+00:00","twitter_card":"summary_large_image","twitter_misc":{"Tiempo de lectura":"1 minuto"},"schema":{"@context":"https:\/\/schema.org","@graph":[{"@type":"WebSite","@id":"https:\/\/www.purhotmelt.com\/#website","url":"https:\/\/www.purhotmelt.com\/","name":"Adhesivos termofusibles PUR","description":"Intercol: fabricante especialista","potentialAction":[{"@type":"SearchAction","target":{"@type":"EntryPoint","urlTemplate":"https:\/\/www.purhotmelt.com\/?s={search_term_string}"},"query-input":"required name=search_term_string"}],"inLanguage":"es"},{"@type":"WebPage","@id":"https:\/\/www.purhotmelt.com\/price-increase-alternatives-2021\/#webpage","url":"https:\/\/www.purhotmelt.com\/price-increase-alternatives-2021\/","name":"AUMENTO DE PRECIO - ALTERNATIVAS 2021 - Adhesivos termofusibles PUR","isPartOf":{"@id":"https:\/\/www.purhotmelt.com\/#website"},"datePublished":"2021-01-20T22:37:13+00:00","dateModified":"2021-09-07T21:21:18+00:00","breadcrumb":{"@id":"https:\/\/www.purhotmelt.com\/price-increase-alternatives-2021\/#breadcrumb"},"inLanguage":"es","potentialAction":[{"@type":"ReadAction","target":["https:\/\/www.purhotmelt.com\/price-increase-alternatives-2021\/"]}]},{"@type":"BreadcrumbList","@id":"https:\/\/www.purhotmelt.com\/price-increase-alternatives-2021\/#breadcrumb","itemListElement":[{"@type":"ListItem","position":1,"name":"Home","item":"https:\/\/www.purhotmelt.com\/"},{"@type":"ListItem","position":2,"name":"PRICE INCREASE \u2013 ALTERNATIVES 2021"}]}]}},"_links":{"self":[{"href":"https:\/\/www.purhotmelt.com\/es\/wp-json\/wp\/v2\/pages\/284","targetHints":{"allow":["GET"]}}],"collection":[{"href":"https:\/\/www.purhotmelt.com\/es\/wp-json\/wp\/v2\/pages"}],"about":[{"href":"https:\/\/www.purhotmelt.com\/es\/wp-json\/wp\/v2\/types\/page"}],"author":[{"embeddable":true,"href":"https:\/\/www.purhotmelt.com\/es\/wp-json\/wp\/v2\/users\/1"}],"replies":[{"embeddable":true,"href":"https:\/\/www.purhotmelt.com\/es\/wp-json\/wp\/v2\/comments?post=284"}],"version-history":[{"count":3,"href":"https:\/\/www.purhotmelt.com\/es\/wp-json\/wp\/v2\/pages\/284\/revisions"}],"predecessor-version":[{"id":378,"href":"https:\/\/www.purhotmelt.com\/es\/wp-json\/wp\/v2\/pages\/284\/revisions\/378"}],"wp:attachment":[{"href":"https:\/\/www.purhotmelt.com\/es\/wp-json\/wp\/v2\/media?parent=284"}],"curies":[{"name":"wp","href":"https:\/\/api.w.org\/{rel}","templated":true}]}}