{"id":290,"date":"2021-01-20T22:39:40","date_gmt":"2021-01-20T22:39:40","guid":{"rendered":"https:\/\/www.purhotmelt.com\/?page_id=290"},"modified":"2021-01-20T22:39:41","modified_gmt":"2021-01-20T22:39:41","slug":"buy-hot-melt-glue-guide","status":"publish","type":"page","link":"https:\/\/www.purhotmelt.com\/es\/buy-hot-melt-glue-guide\/","title":{"rendered":"COMPRAR GU\u00cdA DE PEGAMENTO HOT MELT"},"content":{"rendered":"<h1 class=\"wp-block-heading\"><\/h1>\n\n\n\n<figure class=\"wp-block-image\"><img decoding=\"async\" src=\"https:\/\/www.purhotmelt.com\/wp-content\/uploads\/2018\/12\/hot-melt-adhesive-EVA-PO-PUR-PSA-1024x558.html\" alt=\"\" class=\"wp-image-374\"\/><\/figure>\n\n\n\n<p>Los profesionales saben que la sensaci\u00f3n de una aplicaci\u00f3n que funciona perfectamente, el equipo adecuado, la actitud y el conocimiento brindan los mejores resultados y la paz en la producci\u00f3n.<\/p>\n\n\n\n<p>Por lo tanto, se tendr\u00e1n en cuenta conocimientos t\u00e9cnicos espec\u00edficos a la hora de instalar y mantener correctamente los equipos termofusibles. Una inspecci\u00f3n anual realizada por un experto saca a la luz peque\u00f1os detalles que pueden remediarse y resolverse de manera oportuna, ahorrando as\u00ed mucha miseria.<\/p>\n\n\n\n<p>\u00bfPor qu\u00e9 mantenimiento? Porque un buen equipo de encolado solo funciona bien con los ajustes correctos y si puede funcionar correctamente sin obst\u00e1culos. El equipo de encolado se ajusta mejor cuando el resto de la l\u00ednea de producci\u00f3n induce. Los sistemas de cola a menudo est\u00e1n ocultos en la m\u00e1quina y no son visibles, por ejemplo, en el proceso de envasado. El plegado y el relleno reciben la mayor atenci\u00f3n. Al igual que los ajustes correctos, el adhesivo correcto es un par\u00e1metro muy importante. Las boquillas, los m\u00f3dulos, las mangueras, los controles y los temporizadores adecuados ayudan a que el sistema funcione de manera \u00f3ptima. Las m\u00e1quinas m\u00e1s simples tienen un equipo de encolado muy avanzado que parece muy simple al principio.<\/p>\n\n\n\n<p>Nos gustar\u00eda darte algunos consejos importantes que debes tener en cuenta, as\u00ed como algunos consejos sobre pegamentos que te ayudar\u00e1n a encontrar el pegamento termofusible perfecto.<\/p>\n\n\n\n<h2 class=\"wp-block-heading\"><strong>LAS VENTAJAS DE INVERTIR EN UN SISTEMA DE PEGAMENTO HOT MELT<\/strong><\/h2>\n\n\n\n<p>En comparaci\u00f3n con muchas otras t\u00e9cnicas de sujeci\u00f3n, las pistolas de pegamento termofusible ofrecen una alternativa relativamente asequible. Lo que hace que estos sistemas de encolado sean a\u00fan m\u00e1s rentables es que, con un buen mantenimiento, los sistemas de encolado en caliente durar\u00e1n mucho tiempo, las piezas de desgaste en un sistema de encolado son limitadas y f\u00e1ciles de reemplazar. Con un uso b\u00e1sico y capacitaci\u00f3n en seguridad, los sistemas de pegamento presentan un riesgo de seguridad menor y son f\u00e1ciles de usar.<\/p>\n\n\n\n<p>Quiz\u00e1s la raz\u00f3n principal para comprar un sistema de fusi\u00f3n en caliente es que hay m\u00e1s aplicaciones que puede proporcionar con un sistema de cola de fusi\u00f3n en caliente, como otras t\u00e9cnicas de aplicaci\u00f3n como selladores, encintado, clavado, grapado y atornillado.<\/p>\n\n\n\n<h2 class=\"wp-block-heading\"><strong>\u00bfD\u00d3NDE SE UTILIZA EL EQUIPO HOT MELT?<\/strong><\/h2>\n\n\n\n<p>Ahora que los beneficios son claros, es necesario comprender bien d\u00f3nde se utilizan dichos sistemas para que podamos desarrollar ideas.<\/p>\n\n\n\n<p>Los sistemas de cola termofusible se utilizan a menudo en la industria alimentaria, para el envasado de una gran cantidad de productos. Tanto el envasado primario, como pescado congelado, un bizcocho crujiente o dulces, como tambi\u00e9n el envasado secundario para platos preparados, sopas y especias. A esto se suma el embalaje terciario, como una caja de cart\u00f3n ondulado que se pega, por ejemplo, en m\u00e1quinas envolvedoras o cerradoras de cajas (cajas plegables americanas).<\/p>\n\n\n\n<p>Los adhesivos de fusi\u00f3n en caliente tambi\u00e9n se utilizan a menudo para aplicaciones de ensamblaje con espuma (industria de colchones), electr\u00f3nica, palos de golf, piezas de autom\u00f3viles. Para la industria de las espumas, estos son a menudo termofusibles espec\u00edficos con un tiempo abierto prolongado y una temperatura de aplicaci\u00f3n relativamente baja.<\/p>\n\n\n\n<p>\u00bfSu material es sensible al calor? \u00bfTiene en mente adhesivos espec\u00edficos como un adhesivo termofusible PSA autoadhesivo, PUR o PLA? \u00bfTiene en mente una forma de pegamento en particular, como una oruga, un remolino o un revestimiento?<\/p>\n\n\n\n<p>Todas estas consideraciones ayudar\u00e1n a tomar la decisi\u00f3n correcta en equipos termofusibles. Nos complace ayudarlo a tomar la decisi\u00f3n correcta.<\/p>\n\n\n\n<h2 class=\"wp-block-heading\">VARILLAS DE PEGAMENTO CALIENTE<\/h2>\n\n\n\n<p>Para las empresas emergentes, la investigaci\u00f3n y reparaci\u00f3n de barras termofusibles puede ser interesante, debido a su bajo costo de inversi\u00f3n y su f\u00e1cil manejo. Las barras termofusibles est\u00e1n disponibles en transparente est\u00e1ndar, pero tambi\u00e9n con un tiempo abierto extendido y una uni\u00f3n mejorada a sustratos de pl\u00e1stico y otros con una velocidad de fraguado m\u00e1s r\u00e1pida, lo que permite un tiempo de compresi\u00f3n reducido.<\/p>\n\n\n\n<h2 class=\"wp-block-heading\">PERLAS, PERLAS Y TAMBORES DE MELT HOT A GRANEL<\/h2>\n\n\n\n<p>La mayor\u00eda de los adhesivos termofusibles a granel en gr\u00e1nulos y perlas se utilizan para m\u00e9todos de empaquetado y ensamblaje de productos ligeros. Est\u00e1n disponibles en una amplia variedad, desde fraguado muy r\u00e1pido, tiempo de compresi\u00f3n de 0,5 segundos en la industria del embalaje, hasta uniones a sustratos de pl\u00e1stico, desde aplicaciones de congelaci\u00f3n hasta uniones resistentes al calor de m\u00e1s de 90 grados cent\u00edgrados. Ejemplos de aplicaciones son el envasado de alimentos, el montaje de muelles en colchones, la uni\u00f3n de espuma, la uni\u00f3n y ensamblaje de materiales aislantes, el etiquetado y la encuadernaci\u00f3n. La base de materia prima m\u00e1s com\u00fan para adhesivos termofusibles son&nbsp;<a href=\"https:\/\/www.purhotmelt.com\/es\/www.intercol.info\/adhesives\/hot-melt-en-lijm.html\/\">EVA<\/a>&nbsp;y&nbsp;<a href=\"https:\/\/www.purhotmelt.com\/es\/www.intercol.info\/adhesives\/hot-melt-en-lijm\/212-polyolefin-hot-melt-adhesives.html\/\">POLIOLEFINA<\/a>.<\/p>\n\n\n\n<h2 class=\"wp-block-heading\">ADHESIVOS PSA HOT MELT<\/h2>\n\n\n\n<p>Los adhesivos termofusibles PSA son termofusibles con un tiempo abierto permanente, la aplicaci\u00f3n m\u00e1s com\u00fan es la producci\u00f3n de cintas autoadhesivas, estas se fabrican laminando una l\u00e1mina de pl\u00e1stico con una capa adhesiva pegajosa. Los adhesivos termofusibles PSA tambi\u00e9n se utilizan para otras aplicaciones en el ensamblaje de productos, como electrodom\u00e9sticos y piezas de autom\u00f3viles. Adem\u00e1s de las cintas autoadhesivas, tambi\u00e9n las etiquetas autoadhesivas se fabrican a menudo con adhesivos termofusibles. Los adhesivos termofusibles proporcionan un alto valor de pegajosidad inicial en comparaci\u00f3n con los recubrimientos acr\u00edlicos a base de agua. Los valores de pegajosidad elevados son importantes para, por ejemplo, aplicaciones de etiquetado autoadhesivo de alta velocidad.<\/p>\n\n\n\n<h2 class=\"wp-block-heading\">ADHESIVOS PUR HOT MELT<\/h2>\n\n\n\n<p>Los adhesivos de fusi\u00f3n en caliente de poliuretano son una combinaci\u00f3n de adhesivos de poliuretano, con caracter\u00edsticas de fusi\u00f3n en caliente. Los adhesivos de fusi\u00f3n en caliente de poliuretano son s\u00f3lidos a temperatura ambiente, pero curar\u00e1n cuando entren en contacto con la humedad del aire. Por lo tanto, los Hotmelts PUR se empaquetar\u00e1n en un empaque sellado al aire libre de humedad. EN condiciones est\u00e1ndar, el termofusible PUR comenzar\u00e1 a curar directamente y terminar\u00e1 de curar despu\u00e9s de 24 a 36 horas. Los termofusibles PUR deben aplicarse con un equipo especial de termofusibles. Los termofusibles PUR a menudo dar\u00e1n una uni\u00f3n m\u00e1s fuerte, m\u00e1s duradera y duradera, lo que generalmente se necesita en algunas aplicaciones automotrices, pero principalmente en la construcci\u00f3n, como la construcci\u00f3n de interiores, la laminaci\u00f3n de paneles y fines decorativos.<\/p>","protected":false},"excerpt":{"rendered":"<p>Professionals know that feeling of a perfectly running application, the right equipment, attitude and knowledge give [&hellip;]<\/p>","protected":false},"author":1,"featured_media":0,"parent":0,"menu_order":0,"comment_status":"closed","ping_status":"closed","template":"","meta":{"footnotes":""},"class_list":["post-290","page","type-page","status-publish","hentry"],"yoast_head":"<!-- This site is optimized with the Yoast SEO plugin v17.0 - https:\/\/yoast.com\/wordpress\/plugins\/seo\/ -->\n<title>BUY HOT MELT GLUE GUIDE - PUR hot melt adhesives<\/title>\n<meta name=\"robots\" content=\"index, follow, max-snippet:-1, max-image-preview:large, max-video-preview:-1\" \/>\n<link rel=\"canonical\" href=\"https:\/\/www.purhotmelt.com\/es\/buy-hot-melt-glue-guide\/\" \/>\n<meta property=\"og:locale\" content=\"es_ES\" \/>\n<meta property=\"og:type\" content=\"article\" \/>\n<meta property=\"og:title\" content=\"BUY HOT MELT GLUE GUIDE - PUR hot melt adhesives\" \/>\n<meta property=\"og:description\" content=\"Professionals know that feeling of a perfectly running application, the right equipment, attitude and knowledge give [&hellip;]\" \/>\n<meta property=\"og:url\" content=\"https:\/\/www.purhotmelt.com\/es\/buy-hot-melt-glue-guide\/\" \/>\n<meta property=\"og:site_name\" content=\"PUR hot melt adhesives\" \/>\n<meta property=\"article:modified_time\" content=\"2021-01-20T22:39:41+00:00\" \/>\n<meta property=\"og:image\" content=\"https:\/\/www.purhotmelt.com\/wp-content\/uploads\/2018\/12\/hot-melt-adhesive-EVA-PO-PUR-PSA-1024x558.html\" \/>\n<meta name=\"twitter:card\" content=\"summary_large_image\" \/>\n<meta name=\"twitter:label1\" content=\"Tiempo de lectura\" \/>\n\t<meta name=\"twitter:data1\" content=\"5 minutos\" \/>\n<script type=\"application\/ld+json\" class=\"yoast-schema-graph\">{\"@context\":\"https:\/\/schema.org\",\"@graph\":[{\"@type\":\"WebSite\",\"@id\":\"https:\/\/www.purhotmelt.com\/#website\",\"url\":\"https:\/\/www.purhotmelt.com\/\",\"name\":\"PUR hot melt adhesives\",\"description\":\"Intercol: Specialist manufacturer\",\"potentialAction\":[{\"@type\":\"SearchAction\",\"target\":{\"@type\":\"EntryPoint\",\"urlTemplate\":\"https:\/\/www.purhotmelt.com\/?s={search_term_string}\"},\"query-input\":\"required name=search_term_string\"}],\"inLanguage\":\"es\"},{\"@type\":\"ImageObject\",\"@id\":\"https:\/\/www.purhotmelt.com\/buy-hot-melt-glue-guide\/#primaryimage\",\"inLanguage\":\"es\",\"url\":\"https:\/\/www.purhotmelt.com\/wp-content\/uploads\/2018\/12\/hot-melt-adhesive-EVA-PO-PUR-PSA-1024x558.html\",\"contentUrl\":\"https:\/\/www.purhotmelt.com\/wp-content\/uploads\/2018\/12\/hot-melt-adhesive-EVA-PO-PUR-PSA-1024x558.html\"},{\"@type\":\"WebPage\",\"@id\":\"https:\/\/www.purhotmelt.com\/buy-hot-melt-glue-guide\/#webpage\",\"url\":\"https:\/\/www.purhotmelt.com\/buy-hot-melt-glue-guide\/\",\"name\":\"BUY HOT MELT GLUE GUIDE - PUR hot melt adhesives\",\"isPartOf\":{\"@id\":\"https:\/\/www.purhotmelt.com\/#website\"},\"primaryImageOfPage\":{\"@id\":\"https:\/\/www.purhotmelt.com\/buy-hot-melt-glue-guide\/#primaryimage\"},\"datePublished\":\"2021-01-20T22:39:40+00:00\",\"dateModified\":\"2021-01-20T22:39:41+00:00\",\"breadcrumb\":{\"@id\":\"https:\/\/www.purhotmelt.com\/buy-hot-melt-glue-guide\/#breadcrumb\"},\"inLanguage\":\"es\",\"potentialAction\":[{\"@type\":\"ReadAction\",\"target\":[\"https:\/\/www.purhotmelt.com\/buy-hot-melt-glue-guide\/\"]}]},{\"@type\":\"BreadcrumbList\",\"@id\":\"https:\/\/www.purhotmelt.com\/buy-hot-melt-glue-guide\/#breadcrumb\",\"itemListElement\":[{\"@type\":\"ListItem\",\"position\":1,\"name\":\"Home\",\"item\":\"https:\/\/www.purhotmelt.com\/\"},{\"@type\":\"ListItem\",\"position\":2,\"name\":\"BUY HOT MELT GLUE GUIDE\"}]}]}<\/script>\n<!-- \/ Yoast SEO plugin. -->","yoast_head_json":{"title":"COMPRAR GU\u00cdA DE PEGAMENTO HOT MELT - Adhesivos termofusibles PUR","robots":{"index":"index","follow":"follow","max-snippet":"max-snippet:-1","max-image-preview":"max-image-preview:large","max-video-preview":"max-video-preview:-1"},"canonical":"https:\/\/www.purhotmelt.com\/es\/buy-hot-melt-glue-guide\/","og_locale":"es_ES","og_type":"article","og_title":"BUY HOT MELT GLUE GUIDE - PUR hot melt adhesives","og_description":"Professionals know that feeling of a perfectly running application, the right equipment, attitude and knowledge give [&hellip;]","og_url":"https:\/\/www.purhotmelt.com\/es\/buy-hot-melt-glue-guide\/","og_site_name":"PUR hot melt adhesives","article_modified_time":"2021-01-20T22:39:41+00:00","og_image":[{"url":"https:\/\/www.purhotmelt.com\/wp-content\/uploads\/2018\/12\/hot-melt-adhesive-EVA-PO-PUR-PSA-1024x558.html"}],"twitter_card":"summary_large_image","twitter_misc":{"Tiempo de lectura":"5 minutos"},"schema":{"@context":"https:\/\/schema.org","@graph":[{"@type":"WebSite","@id":"https:\/\/www.purhotmelt.com\/#website","url":"https:\/\/www.purhotmelt.com\/","name":"Adhesivos termofusibles PUR","description":"Intercol: fabricante especialista","potentialAction":[{"@type":"SearchAction","target":{"@type":"EntryPoint","urlTemplate":"https:\/\/www.purhotmelt.com\/?s={search_term_string}"},"query-input":"required name=search_term_string"}],"inLanguage":"es"},{"@type":"ImageObject","@id":"https:\/\/www.purhotmelt.com\/buy-hot-melt-glue-guide\/#primaryimage","inLanguage":"es","url":"https:\/\/www.purhotmelt.com\/wp-content\/uploads\/2018\/12\/hot-melt-adhesive-EVA-PO-PUR-PSA-1024x558.html","contentUrl":"https:\/\/www.purhotmelt.com\/wp-content\/uploads\/2018\/12\/hot-melt-adhesive-EVA-PO-PUR-PSA-1024x558.html"},{"@type":"WebPage","@id":"https:\/\/www.purhotmelt.com\/buy-hot-melt-glue-guide\/#webpage","url":"https:\/\/www.purhotmelt.com\/buy-hot-melt-glue-guide\/","name":"COMPRAR GU\u00cdA DE PEGAMENTO HOT MELT - Adhesivos termofusibles PUR","isPartOf":{"@id":"https:\/\/www.purhotmelt.com\/#website"},"primaryImageOfPage":{"@id":"https:\/\/www.purhotmelt.com\/buy-hot-melt-glue-guide\/#primaryimage"},"datePublished":"2021-01-20T22:39:40+00:00","dateModified":"2021-01-20T22:39:41+00:00","breadcrumb":{"@id":"https:\/\/www.purhotmelt.com\/buy-hot-melt-glue-guide\/#breadcrumb"},"inLanguage":"es","potentialAction":[{"@type":"ReadAction","target":["https:\/\/www.purhotmelt.com\/buy-hot-melt-glue-guide\/"]}]},{"@type":"BreadcrumbList","@id":"https:\/\/www.purhotmelt.com\/buy-hot-melt-glue-guide\/#breadcrumb","itemListElement":[{"@type":"ListItem","position":1,"name":"Home","item":"https:\/\/www.purhotmelt.com\/"},{"@type":"ListItem","position":2,"name":"BUY HOT MELT GLUE GUIDE"}]}]}},"_links":{"self":[{"href":"https:\/\/www.purhotmelt.com\/es\/wp-json\/wp\/v2\/pages\/290","targetHints":{"allow":["GET"]}}],"collection":[{"href":"https:\/\/www.purhotmelt.com\/es\/wp-json\/wp\/v2\/pages"}],"about":[{"href":"https:\/\/www.purhotmelt.com\/es\/wp-json\/wp\/v2\/types\/page"}],"author":[{"embeddable":true,"href":"https:\/\/www.purhotmelt.com\/es\/wp-json\/wp\/v2\/users\/1"}],"replies":[{"embeddable":true,"href":"https:\/\/www.purhotmelt.com\/es\/wp-json\/wp\/v2\/comments?post=290"}],"version-history":[{"count":1,"href":"https:\/\/www.purhotmelt.com\/es\/wp-json\/wp\/v2\/pages\/290\/revisions"}],"predecessor-version":[{"id":292,"href":"https:\/\/www.purhotmelt.com\/es\/wp-json\/wp\/v2\/pages\/290\/revisions\/292"}],"wp:attachment":[{"href":"https:\/\/www.purhotmelt.com\/es\/wp-json\/wp\/v2\/media?parent=290"}],"curies":[{"name":"wp","href":"https:\/\/api.w.org\/{rel}","templated":true}]}}