{"id":293,"date":"2021-01-20T22:41:34","date_gmt":"2021-01-20T22:41:34","guid":{"rendered":"https:\/\/www.purhotmelt.com\/?page_id=293"},"modified":"2021-01-20T22:41:35","modified_gmt":"2021-01-20T22:41:35","slug":"new-hot-melt-adhesives-that-stick","status":"publish","type":"page","link":"https:\/\/www.purhotmelt.com\/es\/new-hot-melt-adhesives-that-stick\/","title":{"rendered":"NUEVOS ADHESIVOS HOT MELT QUE SE ADHIEREN"},"content":{"rendered":"<h1 class=\"wp-block-heading\"><\/h1>\n\n\n\n<p>Intercol ha estado activo en el desarrollo de varios mercados estrat\u00e9gicamente elegidos este a\u00f1o, ganando participaci\u00f3n de mercado adicional en las industrias del embalaje, automotriz, gr\u00e1fica, madera, construcci\u00f3n y textil con los adhesivos confiables que fabrica.<\/p>\n\n\n\n<p>Al asegurar su rendimiento estable en los pr\u00f3ximos a\u00f1os, nuestros adhesivos de alta calidad se desarrollan mediante una visi\u00f3n de mercado vertical. \u201cEstos son mercados que hemos identificado como hist\u00f3ricamente fuertes o con una oferta de productos \u00fanica. Envases, filtros, ensamblaje de productos, termofusibles de poliuretano y etiquetado al agua son ejemplos de esto \u201d.<\/p>\n\n\n\n<p>Cada a\u00f1o en marzo, llevamos a cabo un programa de formaci\u00f3n de clientes en Ede Holanda, dirigido a diferentes industrias, que ayuda a entender por ambas partes, cliente y proveedor, las diferentes necesidades de estos mercados. Estas capacitaciones, dirigidas a empaques, conversi\u00f3n, corrugado, etiquetado, encuadernaci\u00f3n y adhesivos termofusibles de poliuretano siempre han sido bien recibidas por el mercado y est\u00e1n dando sus frutos. Las \u00e1reas de mayor crecimiento en 2018 han sido los filtros, revestimientos interiores corrugados, sensibles a la presi\u00f3n (adhesivos psa para cintas y etiquetas), plegadoras encoladoras, construcci\u00f3n, madera, ensamblaje de productos, adhesivos termofusibles PUR y el segmento de embalaje total.<\/p>\n\n\n\n<p>Desde 2016, Intercol tiene la disponibilidad de suministrar adhesivos termofusibles con el alto nivel de higiene del British Retail Consortium (BRC) seg\u00fan el Est\u00e1ndar Global para Envases y Materiales de Empaque para la fabricaci\u00f3n de adhesivos termofusibles para aplicaciones de envasado alimentario y no alimentario. Junto con nuestra gama de adhesivos SML a base de agua aptos para alimentos, este reconocimiento ha demostrado ser un diferenciador real en el mercado de los adhesivos Intercol.<\/p>\n\n\n\n<p>La garant\u00eda de las credenciales de calidad de Intercol realmente abre puertas, la seguridad alimentaria, la trazabilidad y el gobierno de la empresa est\u00e1n diferenciando a Intercol como fabricante y proveedor.<\/p>\n\n\n\n<p>En respuesta a algunos desarrollos de materia prima pesada, Intercol ha desarrollado varias gamas de productos nuevos este a\u00f1o. Como nuevos grados de poliolefinas donde hay menos necesidad de usar PUR hotmelt, por ejemplo, o una gama muy competitiva de adhesivos de poliolefinas, y una gama de adhesivos para revestimientos interiores ondulados y plegadoras encoladoras, que tienen caracter\u00edsticas de funcionamiento extremadamente buenas y un precio competitivo. El resultado total es un fuerte aumento de las ventas con la nueva gama de colas, que ahora se encuentra de forma \u00fanica en el mercado.<\/p>\n\n\n\n<p>Algunas de estas nuevas colas se pueden usar donde normalmente usar\u00eda otras tecnolog\u00edas adhesivas en lugar de un adhesivo termofusible. Los termofusibles de poliuretano, por ejemplo, se utilizan para encuadernar libros con mucho brillo o ciertas aplicaciones de carpinter\u00eda. La mejora se puede realizar en costes e impacto medioambiental. Para determinadas aplicaciones ofrecemos alternativas para alejarnos de los termofusibles PUR y pasar a opciones m\u00e1s respetuosas con el medio ambiente \u201d, sostiene.<\/p>\n\n\n\n<p>Para mejorar la sostenibilidad y reducir el desperdicio de envases, que es uno de los principales temas del d\u00eda de los consumidores, los fabricantes determinan su enfoque de producci\u00f3n. Todav\u00eda existe una gran demanda de adhesivos totalmente biodegradables, que est\u00e1n disponibles para algunos grados a base de agua, pero para la tecnolog\u00eda de fusi\u00f3n en caliente, dicho producto a\u00fan no se ha desarrollado completamente. Pero a\u00fan as\u00ed, a pesar de que nuestros adhesivos no pueden cumplir con 100% con estos requisitos, podemos trabajar hacia una oferta de productos m\u00e1s ecol\u00f3gica:<\/p>\n\n\n\n<ul class=\"wp-block-list\"><li>El uso de adhesivos para asegurar las cargas de las tarimas puede eliminar la necesidad de envolver las tarimas con pl\u00e1stico.<\/li><li>Uso de adhesivos termofusibles en lugar de adhesivos termofusibles de poliuretano<\/li><li>Usar adhesivos a base de agua o termofusibles en lugar de adhesivos a base de solventes.<\/li><li>Uso de adhesivos biodegradables y de base biol\u00f3gica 100%<\/li><li>Reducir el desperdicio optimizando el proceso de encolado<\/li><li>Reducir el consumo de adhesivo<\/li><\/ul>\n\n\n\n<p>Intercol es un fabricante de adhesivos con fuerte presencia en Europa, existen nuevas l\u00edneas de producci\u00f3n de adhesivos instaladas para adhesivos de viscosidad baja a media, principalmente para servir al mercado de envases.&nbsp;<\/p>\n\n\n\n<p>En 2018, Intercol ampli\u00f3 la gama de productos de adhesivos termofusibles que no se queman en el tanque termofusible, funcionan de forma limpia y se pueden utilizar en una amplia gama de velocidades de producci\u00f3n. Basados en la \u00faltima tecnolog\u00eda de poliolefinas, estos pegamentos ofrecen a los usuarios un menor costo de propiedad para sus productos de embalaje y mejoran la calidad.<\/p>","protected":false},"excerpt":{"rendered":"<p>Intercol has been active in developing several strategically-chosen markets this year, gaining extra market share&nbsp; in [&hellip;]<\/p>","protected":false},"author":1,"featured_media":0,"parent":0,"menu_order":0,"comment_status":"closed","ping_status":"closed","template":"","meta":{"footnotes":""},"class_list":["post-293","page","type-page","status-publish","hentry"],"yoast_head":"<!-- This site is optimized with the Yoast SEO plugin v17.0 - https:\/\/yoast.com\/wordpress\/plugins\/seo\/ -->\n<title>NEW HOT MELT ADHESIVES THAT STICK - PUR hot melt adhesives<\/title>\n<meta name=\"robots\" content=\"index, follow, max-snippet:-1, max-image-preview:large, max-video-preview:-1\" \/>\n<link rel=\"canonical\" href=\"https:\/\/www.purhotmelt.com\/es\/new-hot-melt-adhesives-that-stick\/\" \/>\n<meta property=\"og:locale\" content=\"es_ES\" \/>\n<meta property=\"og:type\" content=\"article\" \/>\n<meta property=\"og:title\" content=\"NEW HOT MELT ADHESIVES THAT STICK - PUR hot melt adhesives\" \/>\n<meta property=\"og:description\" content=\"Intercol has been active in developing several strategically-chosen markets this year, gaining extra market share&nbsp; in [&hellip;]\" \/>\n<meta property=\"og:url\" content=\"https:\/\/www.purhotmelt.com\/es\/new-hot-melt-adhesives-that-stick\/\" \/>\n<meta property=\"og:site_name\" content=\"PUR hot melt adhesives\" \/>\n<meta property=\"article:modified_time\" content=\"2021-01-20T22:41:35+00:00\" \/>\n<meta name=\"twitter:card\" content=\"summary_large_image\" \/>\n<meta name=\"twitter:label1\" content=\"Tiempo de lectura\" \/>\n\t<meta name=\"twitter:data1\" content=\"3 minutos\" \/>\n<script type=\"application\/ld+json\" class=\"yoast-schema-graph\">{\"@context\":\"https:\/\/schema.org\",\"@graph\":[{\"@type\":\"WebSite\",\"@id\":\"https:\/\/www.purhotmelt.com\/#website\",\"url\":\"https:\/\/www.purhotmelt.com\/\",\"name\":\"PUR hot melt adhesives\",\"description\":\"Intercol: Specialist manufacturer\",\"potentialAction\":[{\"@type\":\"SearchAction\",\"target\":{\"@type\":\"EntryPoint\",\"urlTemplate\":\"https:\/\/www.purhotmelt.com\/?s={search_term_string}\"},\"query-input\":\"required name=search_term_string\"}],\"inLanguage\":\"es\"},{\"@type\":\"WebPage\",\"@id\":\"https:\/\/www.purhotmelt.com\/new-hot-melt-adhesives-that-stick\/#webpage\",\"url\":\"https:\/\/www.purhotmelt.com\/new-hot-melt-adhesives-that-stick\/\",\"name\":\"NEW HOT MELT ADHESIVES THAT STICK - PUR hot melt adhesives\",\"isPartOf\":{\"@id\":\"https:\/\/www.purhotmelt.com\/#website\"},\"datePublished\":\"2021-01-20T22:41:34+00:00\",\"dateModified\":\"2021-01-20T22:41:35+00:00\",\"breadcrumb\":{\"@id\":\"https:\/\/www.purhotmelt.com\/new-hot-melt-adhesives-that-stick\/#breadcrumb\"},\"inLanguage\":\"es\",\"potentialAction\":[{\"@type\":\"ReadAction\",\"target\":[\"https:\/\/www.purhotmelt.com\/new-hot-melt-adhesives-that-stick\/\"]}]},{\"@type\":\"BreadcrumbList\",\"@id\":\"https:\/\/www.purhotmelt.com\/new-hot-melt-adhesives-that-stick\/#breadcrumb\",\"itemListElement\":[{\"@type\":\"ListItem\",\"position\":1,\"name\":\"Home\",\"item\":\"https:\/\/www.purhotmelt.com\/\"},{\"@type\":\"ListItem\",\"position\":2,\"name\":\"NEW HOT MELT ADHESIVES THAT STICK\"}]}]}<\/script>\n<!-- \/ Yoast SEO plugin. -->","yoast_head_json":{"title":"NUEVOS ADHESIVOS HOT MELT QUE SE ADHIEREN - Adhesivos hot melt PUR","robots":{"index":"index","follow":"follow","max-snippet":"max-snippet:-1","max-image-preview":"max-image-preview:large","max-video-preview":"max-video-preview:-1"},"canonical":"https:\/\/www.purhotmelt.com\/es\/new-hot-melt-adhesives-that-stick\/","og_locale":"es_ES","og_type":"article","og_title":"NEW HOT MELT ADHESIVES THAT STICK - PUR hot melt adhesives","og_description":"Intercol has been active in developing several strategically-chosen markets this year, gaining extra market share&nbsp; in [&hellip;]","og_url":"https:\/\/www.purhotmelt.com\/es\/new-hot-melt-adhesives-that-stick\/","og_site_name":"PUR hot melt adhesives","article_modified_time":"2021-01-20T22:41:35+00:00","twitter_card":"summary_large_image","twitter_misc":{"Tiempo de lectura":"3 minutos"},"schema":{"@context":"https:\/\/schema.org","@graph":[{"@type":"WebSite","@id":"https:\/\/www.purhotmelt.com\/#website","url":"https:\/\/www.purhotmelt.com\/","name":"Adhesivos termofusibles PUR","description":"Intercol: fabricante especialista","potentialAction":[{"@type":"SearchAction","target":{"@type":"EntryPoint","urlTemplate":"https:\/\/www.purhotmelt.com\/?s={search_term_string}"},"query-input":"required name=search_term_string"}],"inLanguage":"es"},{"@type":"WebPage","@id":"https:\/\/www.purhotmelt.com\/new-hot-melt-adhesives-that-stick\/#webpage","url":"https:\/\/www.purhotmelt.com\/new-hot-melt-adhesives-that-stick\/","name":"NUEVOS ADHESIVOS HOT MELT QUE SE ADHIEREN - Adhesivos hot melt PUR","isPartOf":{"@id":"https:\/\/www.purhotmelt.com\/#website"},"datePublished":"2021-01-20T22:41:34+00:00","dateModified":"2021-01-20T22:41:35+00:00","breadcrumb":{"@id":"https:\/\/www.purhotmelt.com\/new-hot-melt-adhesives-that-stick\/#breadcrumb"},"inLanguage":"es","potentialAction":[{"@type":"ReadAction","target":["https:\/\/www.purhotmelt.com\/new-hot-melt-adhesives-that-stick\/"]}]},{"@type":"BreadcrumbList","@id":"https:\/\/www.purhotmelt.com\/new-hot-melt-adhesives-that-stick\/#breadcrumb","itemListElement":[{"@type":"ListItem","position":1,"name":"Home","item":"https:\/\/www.purhotmelt.com\/"},{"@type":"ListItem","position":2,"name":"NEW HOT MELT ADHESIVES THAT STICK"}]}]}},"_links":{"self":[{"href":"https:\/\/www.purhotmelt.com\/es\/wp-json\/wp\/v2\/pages\/293","targetHints":{"allow":["GET"]}}],"collection":[{"href":"https:\/\/www.purhotmelt.com\/es\/wp-json\/wp\/v2\/pages"}],"about":[{"href":"https:\/\/www.purhotmelt.com\/es\/wp-json\/wp\/v2\/types\/page"}],"author":[{"embeddable":true,"href":"https:\/\/www.purhotmelt.com\/es\/wp-json\/wp\/v2\/users\/1"}],"replies":[{"embeddable":true,"href":"https:\/\/www.purhotmelt.com\/es\/wp-json\/wp\/v2\/comments?post=293"}],"version-history":[{"count":1,"href":"https:\/\/www.purhotmelt.com\/es\/wp-json\/wp\/v2\/pages\/293\/revisions"}],"predecessor-version":[{"id":295,"href":"https:\/\/www.purhotmelt.com\/es\/wp-json\/wp\/v2\/pages\/293\/revisions\/295"}],"wp:attachment":[{"href":"https:\/\/www.purhotmelt.com\/es\/wp-json\/wp\/v2\/media?parent=293"}],"curies":[{"name":"wp","href":"https:\/\/api.w.org\/{rel}","templated":true}]}}