{"id":296,"date":"2021-01-20T22:42:49","date_gmt":"2021-01-20T22:42:49","guid":{"rendered":"https:\/\/www.purhotmelt.com\/?page_id=296"},"modified":"2021-01-20T22:42:50","modified_gmt":"2021-01-20T22:42:50","slug":"door-manufacture-polyurethane-hotmelt-adhesives","status":"publish","type":"page","link":"https:\/\/www.purhotmelt.com\/es\/door-manufacture-polyurethane-hotmelt-adhesives\/","title":{"rendered":"FABRICACI\u00d3N DE PUERTAS POLIURETANOS ADHESIVOS HOTMELT"},"content":{"rendered":"<h1 class=\"wp-block-heading\"><\/h1>\n\n\n\n<p>Intercol ofrece adhesivos que aumentan la eficiencia y cumplen con los m\u00e1s altos requisitos de calidad para la fabricaci\u00f3n de puertas. Nuestros adhesivos de dispersi\u00f3n, poliuretano y hotmelt no contienen formaldeh\u00eddo.<\/p>\n\n\n\n<p>Los adhesivos de dispersi\u00f3n PVAc de Intercol se utilizan en todos los procesos modernos de fabricaci\u00f3n continua. Probados y aprobados por nuestro laboratorio para unir papel decorativo o l\u00e1minas termopl\u00e1sticas a los sustratos m\u00e1s severos (metal, madera, pl\u00e1sticos) en l\u00edneas de laminado de ejecuci\u00f3n r\u00e1pida, los adhesivos de l\u00e1minas de Intercol ofrecen una adhesi\u00f3n superior a pl\u00e1sticos, metal y madera.<\/p>\n\n\n\n<p>La eficiencia es de gran importancia cuando se fabrican paneles de puerta en serie. Los adhesivos termofusibles de Intercol (poliuretano) reducen los tiempos de prensado. Producir con adhesivos convencionales EVA, PU Hot melts o poliolefinas hot melt (PO) ofrece todos sus beneficios espec\u00edficos.<\/p>","protected":false},"excerpt":{"rendered":"<p>Intercol offers adhesives that increase efficiency and meets the highest requirements on quality for door manufacturing. [&hellip;]<\/p>","protected":false},"author":1,"featured_media":0,"parent":0,"menu_order":0,"comment_status":"closed","ping_status":"closed","template":"","meta":{"footnotes":""},"class_list":["post-296","page","type-page","status-publish","hentry"],"yoast_head":"<!-- This site is optimized with the Yoast SEO plugin v17.0 - https:\/\/yoast.com\/wordpress\/plugins\/seo\/ -->\n<title>DOOR MANUFACTURE POLYURETHANE HOTMELT ADHESIVES - PUR hot melt adhesives<\/title>\n<meta name=\"robots\" content=\"index, follow, max-snippet:-1, max-image-preview:large, max-video-preview:-1\" \/>\n<link rel=\"canonical\" href=\"https:\/\/www.purhotmelt.com\/es\/door-manufacture-polyurethane-hotmelt-adhesives\/\" \/>\n<meta property=\"og:locale\" content=\"es_ES\" \/>\n<meta property=\"og:type\" content=\"article\" \/>\n<meta property=\"og:title\" content=\"DOOR MANUFACTURE POLYURETHANE HOTMELT ADHESIVES - PUR hot melt adhesives\" \/>\n<meta property=\"og:description\" content=\"Intercol offers adhesives that increase efficiency and meets the highest requirements on quality for door manufacturing. [&hellip;]\" \/>\n<meta property=\"og:url\" content=\"https:\/\/www.purhotmelt.com\/es\/door-manufacture-polyurethane-hotmelt-adhesives\/\" \/>\n<meta property=\"og:site_name\" content=\"PUR hot melt adhesives\" \/>\n<meta property=\"article:modified_time\" content=\"2021-01-20T22:42:50+00:00\" \/>\n<meta name=\"twitter:card\" content=\"summary_large_image\" \/>\n<meta name=\"twitter:label1\" content=\"Tiempo de lectura\" \/>\n\t<meta name=\"twitter:data1\" content=\"1 minuto\" \/>\n<script type=\"application\/ld+json\" class=\"yoast-schema-graph\">{\"@context\":\"https:\/\/schema.org\",\"@graph\":[{\"@type\":\"WebSite\",\"@id\":\"https:\/\/www.purhotmelt.com\/#website\",\"url\":\"https:\/\/www.purhotmelt.com\/\",\"name\":\"PUR hot melt adhesives\",\"description\":\"Intercol: Specialist manufacturer\",\"potentialAction\":[{\"@type\":\"SearchAction\",\"target\":{\"@type\":\"EntryPoint\",\"urlTemplate\":\"https:\/\/www.purhotmelt.com\/?s={search_term_string}\"},\"query-input\":\"required name=search_term_string\"}],\"inLanguage\":\"es\"},{\"@type\":\"WebPage\",\"@id\":\"https:\/\/www.purhotmelt.com\/nb\/door-manufacture-polyurethane-hotmelt-adhesives\/#webpage\",\"url\":\"https:\/\/www.purhotmelt.com\/nb\/door-manufacture-polyurethane-hotmelt-adhesives\/\",\"name\":\"DOOR MANUFACTURE POLYURETHANE HOTMELT ADHESIVES - PUR hot melt adhesives\",\"isPartOf\":{\"@id\":\"https:\/\/www.purhotmelt.com\/#website\"},\"datePublished\":\"2021-01-20T22:42:49+00:00\",\"dateModified\":\"2021-01-20T22:42:50+00:00\",\"breadcrumb\":{\"@id\":\"https:\/\/www.purhotmelt.com\/nb\/door-manufacture-polyurethane-hotmelt-adhesives\/#breadcrumb\"},\"inLanguage\":\"es\",\"potentialAction\":[{\"@type\":\"ReadAction\",\"target\":[\"https:\/\/www.purhotmelt.com\/nb\/door-manufacture-polyurethane-hotmelt-adhesives\/\"]}]},{\"@type\":\"BreadcrumbList\",\"@id\":\"https:\/\/www.purhotmelt.com\/nb\/door-manufacture-polyurethane-hotmelt-adhesives\/#breadcrumb\",\"itemListElement\":[{\"@type\":\"ListItem\",\"position\":1,\"name\":\"Home\",\"item\":\"https:\/\/www.purhotmelt.com\/\"},{\"@type\":\"ListItem\",\"position\":2,\"name\":\"DOOR MANUFACTURE POLYURETHANE HOTMELT ADHESIVES\"}]}]}<\/script>\n<!-- \/ Yoast SEO plugin. -->","yoast_head_json":{"title":"FABRICACI\u00d3N DE PUERTAS POLIURETANOS ADHESIVOS HOTMELT - Adhesivos termofusibles PUR","robots":{"index":"index","follow":"follow","max-snippet":"max-snippet:-1","max-image-preview":"max-image-preview:large","max-video-preview":"max-video-preview:-1"},"canonical":"https:\/\/www.purhotmelt.com\/es\/door-manufacture-polyurethane-hotmelt-adhesives\/","og_locale":"es_ES","og_type":"article","og_title":"DOOR MANUFACTURE POLYURETHANE HOTMELT ADHESIVES - PUR hot melt adhesives","og_description":"Intercol offers adhesives that increase efficiency and meets the highest requirements on quality for door manufacturing. [&hellip;]","og_url":"https:\/\/www.purhotmelt.com\/es\/door-manufacture-polyurethane-hotmelt-adhesives\/","og_site_name":"PUR hot melt adhesives","article_modified_time":"2021-01-20T22:42:50+00:00","twitter_card":"summary_large_image","twitter_misc":{"Tiempo de lectura":"1 minuto"},"schema":{"@context":"https:\/\/schema.org","@graph":[{"@type":"WebSite","@id":"https:\/\/www.purhotmelt.com\/#website","url":"https:\/\/www.purhotmelt.com\/","name":"Adhesivos termofusibles PUR","description":"Intercol: fabricante especialista","potentialAction":[{"@type":"SearchAction","target":{"@type":"EntryPoint","urlTemplate":"https:\/\/www.purhotmelt.com\/?s={search_term_string}"},"query-input":"required name=search_term_string"}],"inLanguage":"es"},{"@type":"WebPage","@id":"https:\/\/www.purhotmelt.com\/nb\/door-manufacture-polyurethane-hotmelt-adhesives\/#webpage","url":"https:\/\/www.purhotmelt.com\/nb\/door-manufacture-polyurethane-hotmelt-adhesives\/","name":"FABRICACI\u00d3N DE PUERTAS POLIURETANOS ADHESIVOS HOTMELT - Adhesivos termofusibles PUR","isPartOf":{"@id":"https:\/\/www.purhotmelt.com\/#website"},"datePublished":"2021-01-20T22:42:49+00:00","dateModified":"2021-01-20T22:42:50+00:00","breadcrumb":{"@id":"https:\/\/www.purhotmelt.com\/nb\/door-manufacture-polyurethane-hotmelt-adhesives\/#breadcrumb"},"inLanguage":"es","potentialAction":[{"@type":"ReadAction","target":["https:\/\/www.purhotmelt.com\/nb\/door-manufacture-polyurethane-hotmelt-adhesives\/"]}]},{"@type":"BreadcrumbList","@id":"https:\/\/www.purhotmelt.com\/nb\/door-manufacture-polyurethane-hotmelt-adhesives\/#breadcrumb","itemListElement":[{"@type":"ListItem","position":1,"name":"Home","item":"https:\/\/www.purhotmelt.com\/"},{"@type":"ListItem","position":2,"name":"DOOR MANUFACTURE POLYURETHANE HOTMELT ADHESIVES"}]}]}},"_links":{"self":[{"href":"https:\/\/www.purhotmelt.com\/es\/wp-json\/wp\/v2\/pages\/296","targetHints":{"allow":["GET"]}}],"collection":[{"href":"https:\/\/www.purhotmelt.com\/es\/wp-json\/wp\/v2\/pages"}],"about":[{"href":"https:\/\/www.purhotmelt.com\/es\/wp-json\/wp\/v2\/types\/page"}],"author":[{"embeddable":true,"href":"https:\/\/www.purhotmelt.com\/es\/wp-json\/wp\/v2\/users\/1"}],"replies":[{"embeddable":true,"href":"https:\/\/www.purhotmelt.com\/es\/wp-json\/wp\/v2\/comments?post=296"}],"version-history":[{"count":1,"href":"https:\/\/www.purhotmelt.com\/es\/wp-json\/wp\/v2\/pages\/296\/revisions"}],"predecessor-version":[{"id":298,"href":"https:\/\/www.purhotmelt.com\/es\/wp-json\/wp\/v2\/pages\/296\/revisions\/298"}],"wp:attachment":[{"href":"https:\/\/www.purhotmelt.com\/es\/wp-json\/wp\/v2\/media?parent=296"}],"curies":[{"name":"wp","href":"https:\/\/api.w.org\/{rel}","templated":true}]}}