{"id":305,"date":"2021-01-20T22:46:10","date_gmt":"2021-01-20T22:46:10","guid":{"rendered":"https:\/\/www.purhotmelt.com\/?page_id=305"},"modified":"2021-01-20T22:46:11","modified_gmt":"2021-01-20T22:46:11","slug":"psa-melt-glue-manufacturers","status":"publish","type":"page","link":"https:\/\/www.purhotmelt.com\/es\/psa-melt-glue-manufacturers\/","title":{"rendered":"FABRICANTES DE PEGAMENTO FUNDIDO PSA"},"content":{"rendered":"<p> La producci\u00f3n de adhesivos psa termofusibles de alta calidad y estable mantiene bajos los precios de nuestros productos. Debido a la alta eficiencia y confiabilidad de Intercol, los precios de nuestros productos son muy competitivos. Con el equipo de mezcla m\u00e1s moderno, nuestra producci\u00f3n es capaz de producir adhesivos sensibles a la presi\u00f3n de fusi\u00f3n en caliente de alto rendimiento. Por lo general, se basan en caucho termopl\u00e1stico, que se utiliza en: Producci\u00f3n de material de etiquetas Etiquetas autoadhesivas Cintas para autom\u00f3viles Etiquetas sin revestimiento Cintas industriales Industria de la edificaci\u00f3n y la construcci\u00f3n Nuestros adhesivos termofusibles PSA totalmente transparentes y t\u00e9rmicamente estables ofrecen un alto rendimiento en t\u00e9rminos de adhesi\u00f3n y estabilidad t\u00e9rmica . Nos esforzamos por proporcionar soluciones adhesivas espec\u00edficas para el cliente que les permitan trabajar de manera m\u00e1s eficiente. Ya sea que su equipo de recubrimiento por fusi\u00f3n requiera bloques de 1 KG o tambores de fibra, podemos suministrar la mayor\u00eda de los productos en stock. Fabricantes de adhesivos termofusibles PSA En nuestro departamento avanzado de I + D, desarrollamos constantemente nuevos productos e investigamos nuevas materias primas En Intercol, probamos el rendimiento de nuestros adhesivos de acuerdo con los m\u00e9todos de prueba de la industria internacional como FINAT, AFERA \u200b\u200by PSTC.<\/p>","protected":false},"excerpt":{"rendered":"<p>Producing high and stable quality hot melt psa adhesives keeps the prices of our products low. [&hellip;]<\/p>","protected":false},"author":1,"featured_media":0,"parent":0,"menu_order":0,"comment_status":"closed","ping_status":"closed","template":"","meta":{"footnotes":""},"class_list":["post-305","page","type-page","status-publish","hentry"],"yoast_head":"<!-- This site is optimized with the Yoast SEO plugin v17.0 - https:\/\/yoast.com\/wordpress\/plugins\/seo\/ -->\n<title>PSA MELT GLUE MANUFACTURERS - PUR hot melt adhesives<\/title>\n<meta name=\"robots\" content=\"index, follow, max-snippet:-1, max-image-preview:large, max-video-preview:-1\" \/>\n<link rel=\"canonical\" href=\"https:\/\/www.purhotmelt.com\/es\/psa-melt-glue-manufacturers\/\" \/>\n<meta property=\"og:locale\" content=\"es_ES\" \/>\n<meta property=\"og:type\" content=\"article\" \/>\n<meta property=\"og:title\" content=\"PSA MELT GLUE MANUFACTURERS - PUR hot melt adhesives\" \/>\n<meta property=\"og:description\" content=\"Producing high and stable quality hot melt psa adhesives keeps the prices of our products low. [&hellip;]\" \/>\n<meta property=\"og:url\" content=\"https:\/\/www.purhotmelt.com\/es\/psa-melt-glue-manufacturers\/\" \/>\n<meta property=\"og:site_name\" content=\"PUR hot melt adhesives\" \/>\n<meta property=\"article:modified_time\" content=\"2021-01-20T22:46:11+00:00\" \/>\n<meta name=\"twitter:card\" content=\"summary_large_image\" \/>\n<meta name=\"twitter:label1\" content=\"Tiempo de lectura\" \/>\n\t<meta name=\"twitter:data1\" content=\"1 minuto\" \/>\n<script type=\"application\/ld+json\" class=\"yoast-schema-graph\">{\"@context\":\"https:\/\/schema.org\",\"@graph\":[{\"@type\":\"WebSite\",\"@id\":\"https:\/\/www.purhotmelt.com\/#website\",\"url\":\"https:\/\/www.purhotmelt.com\/\",\"name\":\"PUR hot melt adhesives\",\"description\":\"Intercol: Specialist manufacturer\",\"potentialAction\":[{\"@type\":\"SearchAction\",\"target\":{\"@type\":\"EntryPoint\",\"urlTemplate\":\"https:\/\/www.purhotmelt.com\/?s={search_term_string}\"},\"query-input\":\"required name=search_term_string\"}],\"inLanguage\":\"es\"},{\"@type\":\"WebPage\",\"@id\":\"https:\/\/www.purhotmelt.com\/psa-melt-glue-manufacturers\/#webpage\",\"url\":\"https:\/\/www.purhotmelt.com\/psa-melt-glue-manufacturers\/\",\"name\":\"PSA MELT GLUE MANUFACTURERS - PUR hot melt adhesives\",\"isPartOf\":{\"@id\":\"https:\/\/www.purhotmelt.com\/#website\"},\"datePublished\":\"2021-01-20T22:46:10+00:00\",\"dateModified\":\"2021-01-20T22:46:11+00:00\",\"breadcrumb\":{\"@id\":\"https:\/\/www.purhotmelt.com\/psa-melt-glue-manufacturers\/#breadcrumb\"},\"inLanguage\":\"es\",\"potentialAction\":[{\"@type\":\"ReadAction\",\"target\":[\"https:\/\/www.purhotmelt.com\/psa-melt-glue-manufacturers\/\"]}]},{\"@type\":\"BreadcrumbList\",\"@id\":\"https:\/\/www.purhotmelt.com\/psa-melt-glue-manufacturers\/#breadcrumb\",\"itemListElement\":[{\"@type\":\"ListItem\",\"position\":1,\"name\":\"Home\",\"item\":\"https:\/\/www.purhotmelt.com\/\"},{\"@type\":\"ListItem\",\"position\":2,\"name\":\"PSA MELT GLUE MANUFACTURERS\"}]}]}<\/script>\n<!-- \/ Yoast SEO plugin. -->","yoast_head_json":{"title":"FABRICANTES DE PEGAMENTO PSA MELT - Adhesivos termofusibles PUR","robots":{"index":"index","follow":"follow","max-snippet":"max-snippet:-1","max-image-preview":"max-image-preview:large","max-video-preview":"max-video-preview:-1"},"canonical":"https:\/\/www.purhotmelt.com\/es\/psa-melt-glue-manufacturers\/","og_locale":"es_ES","og_type":"article","og_title":"PSA MELT GLUE MANUFACTURERS - PUR hot melt adhesives","og_description":"Producing high and stable quality hot melt psa adhesives keeps the prices of our products low. [&hellip;]","og_url":"https:\/\/www.purhotmelt.com\/es\/psa-melt-glue-manufacturers\/","og_site_name":"PUR hot melt adhesives","article_modified_time":"2021-01-20T22:46:11+00:00","twitter_card":"summary_large_image","twitter_misc":{"Tiempo de lectura":"1 minuto"},"schema":{"@context":"https:\/\/schema.org","@graph":[{"@type":"WebSite","@id":"https:\/\/www.purhotmelt.com\/#website","url":"https:\/\/www.purhotmelt.com\/","name":"Adhesivos termofusibles PUR","description":"Intercol: fabricante especialista","potentialAction":[{"@type":"SearchAction","target":{"@type":"EntryPoint","urlTemplate":"https:\/\/www.purhotmelt.com\/?s={search_term_string}"},"query-input":"required name=search_term_string"}],"inLanguage":"es"},{"@type":"WebPage","@id":"https:\/\/www.purhotmelt.com\/psa-melt-glue-manufacturers\/#webpage","url":"https:\/\/www.purhotmelt.com\/psa-melt-glue-manufacturers\/","name":"FABRICANTES DE PEGAMENTO PSA MELT - Adhesivos termofusibles PUR","isPartOf":{"@id":"https:\/\/www.purhotmelt.com\/#website"},"datePublished":"2021-01-20T22:46:10+00:00","dateModified":"2021-01-20T22:46:11+00:00","breadcrumb":{"@id":"https:\/\/www.purhotmelt.com\/psa-melt-glue-manufacturers\/#breadcrumb"},"inLanguage":"es","potentialAction":[{"@type":"ReadAction","target":["https:\/\/www.purhotmelt.com\/psa-melt-glue-manufacturers\/"]}]},{"@type":"BreadcrumbList","@id":"https:\/\/www.purhotmelt.com\/psa-melt-glue-manufacturers\/#breadcrumb","itemListElement":[{"@type":"ListItem","position":1,"name":"Home","item":"https:\/\/www.purhotmelt.com\/"},{"@type":"ListItem","position":2,"name":"PSA MELT GLUE MANUFACTURERS"}]}]}},"_links":{"self":[{"href":"https:\/\/www.purhotmelt.com\/es\/wp-json\/wp\/v2\/pages\/305","targetHints":{"allow":["GET"]}}],"collection":[{"href":"https:\/\/www.purhotmelt.com\/es\/wp-json\/wp\/v2\/pages"}],"about":[{"href":"https:\/\/www.purhotmelt.com\/es\/wp-json\/wp\/v2\/types\/page"}],"author":[{"embeddable":true,"href":"https:\/\/www.purhotmelt.com\/es\/wp-json\/wp\/v2\/users\/1"}],"replies":[{"embeddable":true,"href":"https:\/\/www.purhotmelt.com\/es\/wp-json\/wp\/v2\/comments?post=305"}],"version-history":[{"count":1,"href":"https:\/\/www.purhotmelt.com\/es\/wp-json\/wp\/v2\/pages\/305\/revisions"}],"predecessor-version":[{"id":307,"href":"https:\/\/www.purhotmelt.com\/es\/wp-json\/wp\/v2\/pages\/305\/revisions\/307"}],"wp:attachment":[{"href":"https:\/\/www.purhotmelt.com\/es\/wp-json\/wp\/v2\/media?parent=305"}],"curies":[{"name":"wp","href":"https:\/\/api.w.org\/{rel}","templated":true}]}}