{"id":324,"date":"2021-01-21T12:50:23","date_gmt":"2021-01-21T12:50:23","guid":{"rendered":"https:\/\/www.purhotmelt.com\/?page_id=324"},"modified":"2021-09-07T21:15:18","modified_gmt":"2021-09-07T21:15:18","slug":"textiles","status":"publish","type":"page","link":"https:\/\/www.purhotmelt.com\/es\/textiles\/","title":{"rendered":"Textiles"},"content":{"rendered":"<h2 class=\"wp-block-heading\">Laminaci\u00f3n de colchones, esponjas y otras espumas<\/h2>\n\n\n\n<p>Nuestros adhesivos satisfacen la demanda de tiempos de punzonado m\u00e1s r\u00e1pidos y continuos. Los adhesivos termofusibles reactivos de poliuretano est\u00e1n ganando importancia debido a su r\u00e1pido tiempo de fraguado. <\/p>\n\n\n\n<figure class=\"wp-block-image size-large\"><img loading=\"lazy\" decoding=\"async\" width=\"683\" height=\"513\" src=\"https:\/\/www.purhotmelt.com\/wp-content\/uploads\/2021\/01\/Textile-hot-melt-adhesives.jpg\" alt=\"Adhesivos termofusibles textiles\" class=\"wp-image-325\" srcset=\"https:\/\/www.purhotmelt.com\/wp-content\/uploads\/2021\/01\/Textile-hot-melt-adhesives.jpg 683w, https:\/\/www.purhotmelt.com\/wp-content\/uploads\/2021\/01\/Textile-hot-melt-adhesives-300x225.jpg 300w, https:\/\/www.purhotmelt.com\/wp-content\/uploads\/2021\/01\/Textile-hot-melt-adhesives-16x12.jpg 16w\" sizes=\"auto, (max-width: 683px) 100vw, 683px\" \/><figcaption>Adhesivos termofusibles textiles<\/figcaption><\/figure>\n\n\n\n<h2 class=\"wp-block-heading\">Laminaci\u00f3n textil para aplicaciones automotrices<\/h2>\n\n\n\n<p>La laminaci\u00f3n de tejidos para automoci\u00f3n incluye una amplia gama de aplicaciones como coches, autobuses, trenes, camiones, motos, caravanas, etc. Los tejidos con nuestros adhesivos se utilizan para asientos, techos, alfombras o puertas. Los textiles se pueden laminar con muchos tipos diferentes de tejidos.<br><br>Los adhesivos termofusibles PUR cumplen con los m\u00e1s altos requisitos de calidad. Fuerte para durar y r\u00e1pido para producir eficiente, irreversible, con alta resistencia a la humedad y temperaturas extremas de fr\u00edo y calor. La resistencia a los rayos UV es un est\u00e1ndar en esta \u00e1rea de aplicaci\u00f3n.<\/p>\n\n\n\n<h2 class=\"wp-block-heading\">Laminados de esponja, Limpieza de textiles<\/h2>\n\n\n\n<p>Los tejidos de limpieza se ven en todas partes, desde aplicaciones dom\u00e9sticas hasta aplicaciones industriales. La limpieza es cada vez m\u00e1s importante en nuestro medio ambiente. Las esponjas nos permiten eliminar la suciedad que otro tipo de tejidos no podr\u00edan hacer.<\/p>\n\n\n\n<h2 class=\"wp-block-heading\">Adhesivos de poliuretano monocomponente<\/h2>\n\n\n\n<p>Este tipo de adhesivo proporciona una uni\u00f3n flexible y r\u00e1pida, y en poco tiempo para un proceso de corte r\u00e1pido y limpio.<\/p>\n\n\n\n<h2 class=\"wp-block-heading\">Adhesivos termofusibles PUR<\/h2>\n\n\n\n<p>Este tipo de adhesivo proporciona una uni\u00f3n flexible y extremadamente r\u00e1pida, y un tiempo muy corto para un proceso de corte r\u00e1pido y limpio. Los adhesivos de fusi\u00f3n en caliente PUR tienen la mayor resistencia a la temperatura y la humedad en comparaci\u00f3n con la mayor\u00eda de los otros adhesivos.<\/p>","protected":false},"excerpt":{"rendered":"<p>Lamination of mattresses, sponges and other foams Our adhesives meet the demand for continuous faster punching [&hellip;]<\/p>","protected":false},"author":1,"featured_media":0,"parent":0,"menu_order":0,"comment_status":"closed","ping_status":"closed","template":"template-full-width.php","meta":{"footnotes":""},"class_list":["post-324","page","type-page","status-publish","hentry"],"yoast_head":"<!-- This site is optimized with the Yoast SEO plugin v17.0 - https:\/\/yoast.com\/wordpress\/plugins\/seo\/ -->\n<title>Textiles - PUR hot melt adhesives<\/title>\n<meta name=\"robots\" content=\"index, follow, max-snippet:-1, max-image-preview:large, max-video-preview:-1\" \/>\n<link rel=\"canonical\" href=\"https:\/\/www.purhotmelt.com\/es\/textiles\/\" \/>\n<meta property=\"og:locale\" content=\"es_ES\" \/>\n<meta property=\"og:type\" content=\"article\" \/>\n<meta property=\"og:title\" content=\"Textiles - PUR hot melt adhesives\" \/>\n<meta property=\"og:description\" content=\"Lamination of mattresses, sponges and other foams Our adhesives meet the demand for continuous faster punching [&hellip;]\" \/>\n<meta property=\"og:url\" content=\"https:\/\/www.purhotmelt.com\/es\/textiles\/\" \/>\n<meta property=\"og:site_name\" content=\"PUR hot melt adhesives\" \/>\n<meta property=\"article:modified_time\" content=\"2021-09-07T21:15:18+00:00\" \/>\n<meta property=\"og:image\" content=\"https:\/\/www.purhotmelt.com\/wp-content\/uploads\/2021\/01\/Textile-hot-melt-adhesives.jpg\" \/>\n<meta name=\"twitter:card\" content=\"summary_large_image\" \/>\n<meta name=\"twitter:label1\" content=\"Tiempo de lectura\" \/>\n\t<meta name=\"twitter:data1\" content=\"2 minutos\" \/>\n<script type=\"application\/ld+json\" class=\"yoast-schema-graph\">{\"@context\":\"https:\/\/schema.org\",\"@graph\":[{\"@type\":\"WebSite\",\"@id\":\"https:\/\/www.purhotmelt.com\/#website\",\"url\":\"https:\/\/www.purhotmelt.com\/\",\"name\":\"PUR hot melt adhesives\",\"description\":\"Intercol: Specialist manufacturer\",\"potentialAction\":[{\"@type\":\"SearchAction\",\"target\":{\"@type\":\"EntryPoint\",\"urlTemplate\":\"https:\/\/www.purhotmelt.com\/?s={search_term_string}\"},\"query-input\":\"required name=search_term_string\"}],\"inLanguage\":\"es\"},{\"@type\":\"ImageObject\",\"@id\":\"https:\/\/www.purhotmelt.com\/textiles\/#primaryimage\",\"inLanguage\":\"es\",\"url\":\"https:\/\/www.purhotmelt.com\/wp-content\/uploads\/2021\/01\/Textile-hot-melt-adhesives.jpg\",\"contentUrl\":\"https:\/\/www.purhotmelt.com\/wp-content\/uploads\/2021\/01\/Textile-hot-melt-adhesives.jpg\",\"width\":683,\"height\":513,\"caption\":\"Textile hot melt adhesives\"},{\"@type\":\"WebPage\",\"@id\":\"https:\/\/www.purhotmelt.com\/textiles\/#webpage\",\"url\":\"https:\/\/www.purhotmelt.com\/textiles\/\",\"name\":\"Textiles - PUR hot melt adhesives\",\"isPartOf\":{\"@id\":\"https:\/\/www.purhotmelt.com\/#website\"},\"primaryImageOfPage\":{\"@id\":\"https:\/\/www.purhotmelt.com\/textiles\/#primaryimage\"},\"datePublished\":\"2021-01-21T12:50:23+00:00\",\"dateModified\":\"2021-09-07T21:15:18+00:00\",\"breadcrumb\":{\"@id\":\"https:\/\/www.purhotmelt.com\/textiles\/#breadcrumb\"},\"inLanguage\":\"es\",\"potentialAction\":[{\"@type\":\"ReadAction\",\"target\":[\"https:\/\/www.purhotmelt.com\/textiles\/\"]}]},{\"@type\":\"BreadcrumbList\",\"@id\":\"https:\/\/www.purhotmelt.com\/textiles\/#breadcrumb\",\"itemListElement\":[{\"@type\":\"ListItem\",\"position\":1,\"name\":\"Home\",\"item\":\"https:\/\/www.purhotmelt.com\/\"},{\"@type\":\"ListItem\",\"position\":2,\"name\":\"Textiles\"}]}]}<\/script>\n<!-- \/ Yoast SEO plugin. -->","yoast_head_json":{"title":"Textiles - adhesivos termofusibles PUR","robots":{"index":"index","follow":"follow","max-snippet":"max-snippet:-1","max-image-preview":"max-image-preview:large","max-video-preview":"max-video-preview:-1"},"canonical":"https:\/\/www.purhotmelt.com\/es\/textiles\/","og_locale":"es_ES","og_type":"article","og_title":"Textiles - PUR hot melt adhesives","og_description":"Lamination of mattresses, sponges and other foams Our adhesives meet the demand for continuous faster punching [&hellip;]","og_url":"https:\/\/www.purhotmelt.com\/es\/textiles\/","og_site_name":"PUR hot melt adhesives","article_modified_time":"2021-09-07T21:15:18+00:00","og_image":[{"url":"https:\/\/www.purhotmelt.com\/wp-content\/uploads\/2021\/01\/Textile-hot-melt-adhesives.jpg"}],"twitter_card":"summary_large_image","twitter_misc":{"Tiempo de lectura":"2 minutos"},"schema":{"@context":"https:\/\/schema.org","@graph":[{"@type":"WebSite","@id":"https:\/\/www.purhotmelt.com\/#website","url":"https:\/\/www.purhotmelt.com\/","name":"Adhesivos termofusibles PUR","description":"Intercol: fabricante especialista","potentialAction":[{"@type":"SearchAction","target":{"@type":"EntryPoint","urlTemplate":"https:\/\/www.purhotmelt.com\/?s={search_term_string}"},"query-input":"required name=search_term_string"}],"inLanguage":"es"},{"@type":"ImageObject","@id":"https:\/\/www.purhotmelt.com\/textiles\/#primaryimage","inLanguage":"es","url":"https:\/\/www.purhotmelt.com\/wp-content\/uploads\/2021\/01\/Textile-hot-melt-adhesives.jpg","contentUrl":"https:\/\/www.purhotmelt.com\/wp-content\/uploads\/2021\/01\/Textile-hot-melt-adhesives.jpg","width":683,"height":513,"caption":"Textile hot melt adhesives"},{"@type":"WebPage","@id":"https:\/\/www.purhotmelt.com\/textiles\/#webpage","url":"https:\/\/www.purhotmelt.com\/textiles\/","name":"Textiles - adhesivos termofusibles PUR","isPartOf":{"@id":"https:\/\/www.purhotmelt.com\/#website"},"primaryImageOfPage":{"@id":"https:\/\/www.purhotmelt.com\/textiles\/#primaryimage"},"datePublished":"2021-01-21T12:50:23+00:00","dateModified":"2021-09-07T21:15:18+00:00","breadcrumb":{"@id":"https:\/\/www.purhotmelt.com\/textiles\/#breadcrumb"},"inLanguage":"es","potentialAction":[{"@type":"ReadAction","target":["https:\/\/www.purhotmelt.com\/textiles\/"]}]},{"@type":"BreadcrumbList","@id":"https:\/\/www.purhotmelt.com\/textiles\/#breadcrumb","itemListElement":[{"@type":"ListItem","position":1,"name":"Home","item":"https:\/\/www.purhotmelt.com\/"},{"@type":"ListItem","position":2,"name":"Textiles"}]}]}},"_links":{"self":[{"href":"https:\/\/www.purhotmelt.com\/es\/wp-json\/wp\/v2\/pages\/324","targetHints":{"allow":["GET"]}}],"collection":[{"href":"https:\/\/www.purhotmelt.com\/es\/wp-json\/wp\/v2\/pages"}],"about":[{"href":"https:\/\/www.purhotmelt.com\/es\/wp-json\/wp\/v2\/types\/page"}],"author":[{"embeddable":true,"href":"https:\/\/www.purhotmelt.com\/es\/wp-json\/wp\/v2\/users\/1"}],"replies":[{"embeddable":true,"href":"https:\/\/www.purhotmelt.com\/es\/wp-json\/wp\/v2\/comments?post=324"}],"version-history":[{"count":2,"href":"https:\/\/www.purhotmelt.com\/es\/wp-json\/wp\/v2\/pages\/324\/revisions"}],"predecessor-version":[{"id":372,"href":"https:\/\/www.purhotmelt.com\/es\/wp-json\/wp\/v2\/pages\/324\/revisions\/372"}],"wp:attachment":[{"href":"https:\/\/www.purhotmelt.com\/es\/wp-json\/wp\/v2\/media?parent=324"}],"curies":[{"name":"wp","href":"https:\/\/api.w.org\/{rel}","templated":true}]}}