{"id":332,"date":"2021-01-21T14:40:45","date_gmt":"2021-01-21T14:40:45","guid":{"rendered":"https:\/\/www.purhotmelt.com\/?page_id=332"},"modified":"2021-09-07T21:15:52","modified_gmt":"2021-09-07T21:15:52","slug":"special-pur-hot-melt-developments","status":"publish","type":"page","link":"https:\/\/www.purhotmelt.com\/es\/special-pur-hot-melt-developments\/","title":{"rendered":"Desarrollos especiales de termofusibles PUR"},"content":{"rendered":"<p>Nos gusta servir aplicaciones especiales y, por lo tanto, desarrollamos calidades especiales para todas las aplicaciones &#039;est\u00e1ndar&#039; como carpinter\u00eda, textiles y encuadernaci\u00f3n. Siempre que sea necesario un mayor desarrollo, nos gustar\u00eda ayudar con la ingenier\u00eda de su adhesivo especial, ya tenemos adhesivos termofusibles PUR disponibles que<\/p>\n\n\n\n<ul class=\"wp-block-list\"><li>Proporciona una mayor fuerza de uni\u00f3n a, por ejemplo, PE y otros pl\u00e1sticos<\/li><li>Tienen poco encordado en m\u00e1quinas de funcionamiento r\u00e1pido.<\/li><li>Bajo encordado en aplicadores de ruedas<\/li><li>Corte limpio de productos pegados<ul><li>Espuma laminada<\/li><li>Pegado de lomo (libros)<\/li><li>Laminaciones de PE<\/li><\/ul><\/li><\/ul>\n\n\n\n<blockquote class=\"wp-block-quote is-layout-flow wp-block-quote-is-layout-flow\"><p>como podemos ayudarte?<\/p><\/blockquote>\n\n\n\n<figure class=\"wp-block-image size-large\"><img loading=\"lazy\" decoding=\"async\" width=\"1024\" height=\"923\" src=\"https:\/\/www.purhotmelt.com\/wp-content\/uploads\/2021\/01\/Special-PUR-hot-melt-1024x923.png\" alt=\"Aplicaciones especiales de fusi\u00f3n en caliente de PUR\" class=\"wp-image-334\" srcset=\"https:\/\/www.purhotmelt.com\/wp-content\/uploads\/2021\/01\/Special-PUR-hot-melt-1024x923.png 1024w, https:\/\/www.purhotmelt.com\/wp-content\/uploads\/2021\/01\/Special-PUR-hot-melt-300x270.png 300w, https:\/\/www.purhotmelt.com\/wp-content\/uploads\/2021\/01\/Special-PUR-hot-melt-768x692.png 768w, https:\/\/www.purhotmelt.com\/wp-content\/uploads\/2021\/01\/Special-PUR-hot-melt-13x12.png 13w, https:\/\/www.purhotmelt.com\/wp-content\/uploads\/2021\/01\/Special-PUR-hot-melt.png 1377w\" sizes=\"auto, (max-width: 1024px) 100vw, 1024px\" \/><figcaption>Aplicaciones especiales de fusi\u00f3n en caliente de PUR<\/figcaption><\/figure>","protected":false},"excerpt":{"rendered":"<p>We like to serve special applications, and therefore developed special grades for all &#8216;standard&#8217; applications like [&hellip;]<\/p>","protected":false},"author":1,"featured_media":0,"parent":0,"menu_order":0,"comment_status":"closed","ping_status":"closed","template":"template-full-width.php","meta":{"footnotes":""},"class_list":["post-332","page","type-page","status-publish","hentry"],"yoast_head":"<!-- This site is optimized with the Yoast SEO plugin v17.0 - https:\/\/yoast.com\/wordpress\/plugins\/seo\/ -->\n<title>Special PUR hot melt developments - PUR hot melt adhesives<\/title>\n<meta name=\"robots\" content=\"index, follow, max-snippet:-1, max-image-preview:large, max-video-preview:-1\" \/>\n<link rel=\"canonical\" href=\"https:\/\/www.purhotmelt.com\/es\/special-pur-hot-melt-developments\/\" \/>\n<meta property=\"og:locale\" content=\"es_ES\" \/>\n<meta property=\"og:type\" content=\"article\" \/>\n<meta property=\"og:title\" content=\"Special PUR hot melt developments - PUR hot melt adhesives\" \/>\n<meta property=\"og:description\" content=\"We like to serve special applications, and therefore developed special grades for all &#8216;standard&#8217; applications like [&hellip;]\" \/>\n<meta property=\"og:url\" content=\"https:\/\/www.purhotmelt.com\/es\/special-pur-hot-melt-developments\/\" \/>\n<meta property=\"og:site_name\" content=\"PUR hot melt adhesives\" \/>\n<meta property=\"article:modified_time\" content=\"2021-09-07T21:15:52+00:00\" \/>\n<meta property=\"og:image\" content=\"https:\/\/www.purhotmelt.com\/wp-content\/uploads\/2021\/01\/Special-PUR-hot-melt-1024x923.png\" \/>\n<meta name=\"twitter:card\" content=\"summary_large_image\" \/>\n<meta name=\"twitter:label1\" content=\"Tiempo de lectura\" \/>\n\t<meta name=\"twitter:data1\" content=\"1 minuto\" \/>\n<script type=\"application\/ld+json\" class=\"yoast-schema-graph\">{\"@context\":\"https:\/\/schema.org\",\"@graph\":[{\"@type\":\"WebSite\",\"@id\":\"https:\/\/www.purhotmelt.com\/#website\",\"url\":\"https:\/\/www.purhotmelt.com\/\",\"name\":\"PUR hot melt adhesives\",\"description\":\"Intercol: Specialist manufacturer\",\"potentialAction\":[{\"@type\":\"SearchAction\",\"target\":{\"@type\":\"EntryPoint\",\"urlTemplate\":\"https:\/\/www.purhotmelt.com\/?s={search_term_string}\"},\"query-input\":\"required name=search_term_string\"}],\"inLanguage\":\"es\"},{\"@type\":\"ImageObject\",\"@id\":\"https:\/\/www.purhotmelt.com\/special-pur-hot-melt-developments\/#primaryimage\",\"inLanguage\":\"es\",\"url\":\"https:\/\/www.purhotmelt.com\/wp-content\/uploads\/2021\/01\/Special-PUR-hot-melt.png\",\"contentUrl\":\"https:\/\/www.purhotmelt.com\/wp-content\/uploads\/2021\/01\/Special-PUR-hot-melt.png\",\"width\":1377,\"height\":1241,\"caption\":\"Special-PUR-hot-melt aplications\"},{\"@type\":\"WebPage\",\"@id\":\"https:\/\/www.purhotmelt.com\/special-pur-hot-melt-developments\/#webpage\",\"url\":\"https:\/\/www.purhotmelt.com\/special-pur-hot-melt-developments\/\",\"name\":\"Special PUR hot melt developments - PUR hot melt adhesives\",\"isPartOf\":{\"@id\":\"https:\/\/www.purhotmelt.com\/#website\"},\"primaryImageOfPage\":{\"@id\":\"https:\/\/www.purhotmelt.com\/special-pur-hot-melt-developments\/#primaryimage\"},\"datePublished\":\"2021-01-21T14:40:45+00:00\",\"dateModified\":\"2021-09-07T21:15:52+00:00\",\"breadcrumb\":{\"@id\":\"https:\/\/www.purhotmelt.com\/special-pur-hot-melt-developments\/#breadcrumb\"},\"inLanguage\":\"es\",\"potentialAction\":[{\"@type\":\"ReadAction\",\"target\":[\"https:\/\/www.purhotmelt.com\/special-pur-hot-melt-developments\/\"]}]},{\"@type\":\"BreadcrumbList\",\"@id\":\"https:\/\/www.purhotmelt.com\/special-pur-hot-melt-developments\/#breadcrumb\",\"itemListElement\":[{\"@type\":\"ListItem\",\"position\":1,\"name\":\"Home\",\"item\":\"https:\/\/www.purhotmelt.com\/\"},{\"@type\":\"ListItem\",\"position\":2,\"name\":\"Special PUR hot melt developments\"}]}]}<\/script>\n<!-- \/ Yoast SEO plugin. -->","yoast_head_json":{"title":"Desarrollos especiales de termofusibles PUR - adhesivos termofusibles PUR","robots":{"index":"index","follow":"follow","max-snippet":"max-snippet:-1","max-image-preview":"max-image-preview:large","max-video-preview":"max-video-preview:-1"},"canonical":"https:\/\/www.purhotmelt.com\/es\/special-pur-hot-melt-developments\/","og_locale":"es_ES","og_type":"article","og_title":"Special PUR hot melt developments - PUR hot melt adhesives","og_description":"We like to serve special applications, and therefore developed special grades for all &#8216;standard&#8217; applications like [&hellip;]","og_url":"https:\/\/www.purhotmelt.com\/es\/special-pur-hot-melt-developments\/","og_site_name":"PUR hot melt adhesives","article_modified_time":"2021-09-07T21:15:52+00:00","og_image":[{"url":"https:\/\/www.purhotmelt.com\/wp-content\/uploads\/2021\/01\/Special-PUR-hot-melt-1024x923.png"}],"twitter_card":"summary_large_image","twitter_misc":{"Tiempo de lectura":"1 minuto"},"schema":{"@context":"https:\/\/schema.org","@graph":[{"@type":"WebSite","@id":"https:\/\/www.purhotmelt.com\/#website","url":"https:\/\/www.purhotmelt.com\/","name":"Adhesivos termofusibles PUR","description":"Intercol: fabricante especialista","potentialAction":[{"@type":"SearchAction","target":{"@type":"EntryPoint","urlTemplate":"https:\/\/www.purhotmelt.com\/?s={search_term_string}"},"query-input":"required name=search_term_string"}],"inLanguage":"es"},{"@type":"ImageObject","@id":"https:\/\/www.purhotmelt.com\/special-pur-hot-melt-developments\/#primaryimage","inLanguage":"es","url":"https:\/\/www.purhotmelt.com\/wp-content\/uploads\/2021\/01\/Special-PUR-hot-melt.png","contentUrl":"https:\/\/www.purhotmelt.com\/wp-content\/uploads\/2021\/01\/Special-PUR-hot-melt.png","width":1377,"height":1241,"caption":"Special-PUR-hot-melt aplications"},{"@type":"WebPage","@id":"https:\/\/www.purhotmelt.com\/special-pur-hot-melt-developments\/#webpage","url":"https:\/\/www.purhotmelt.com\/special-pur-hot-melt-developments\/","name":"Desarrollos especiales de termofusibles PUR - adhesivos termofusibles PUR","isPartOf":{"@id":"https:\/\/www.purhotmelt.com\/#website"},"primaryImageOfPage":{"@id":"https:\/\/www.purhotmelt.com\/special-pur-hot-melt-developments\/#primaryimage"},"datePublished":"2021-01-21T14:40:45+00:00","dateModified":"2021-09-07T21:15:52+00:00","breadcrumb":{"@id":"https:\/\/www.purhotmelt.com\/special-pur-hot-melt-developments\/#breadcrumb"},"inLanguage":"es","potentialAction":[{"@type":"ReadAction","target":["https:\/\/www.purhotmelt.com\/special-pur-hot-melt-developments\/"]}]},{"@type":"BreadcrumbList","@id":"https:\/\/www.purhotmelt.com\/special-pur-hot-melt-developments\/#breadcrumb","itemListElement":[{"@type":"ListItem","position":1,"name":"Home","item":"https:\/\/www.purhotmelt.com\/"},{"@type":"ListItem","position":2,"name":"Special PUR hot melt developments"}]}]}},"_links":{"self":[{"href":"https:\/\/www.purhotmelt.com\/es\/wp-json\/wp\/v2\/pages\/332","targetHints":{"allow":["GET"]}}],"collection":[{"href":"https:\/\/www.purhotmelt.com\/es\/wp-json\/wp\/v2\/pages"}],"about":[{"href":"https:\/\/www.purhotmelt.com\/es\/wp-json\/wp\/v2\/types\/page"}],"author":[{"embeddable":true,"href":"https:\/\/www.purhotmelt.com\/es\/wp-json\/wp\/v2\/users\/1"}],"replies":[{"embeddable":true,"href":"https:\/\/www.purhotmelt.com\/es\/wp-json\/wp\/v2\/comments?post=332"}],"version-history":[{"count":1,"href":"https:\/\/www.purhotmelt.com\/es\/wp-json\/wp\/v2\/pages\/332\/revisions"}],"predecessor-version":[{"id":336,"href":"https:\/\/www.purhotmelt.com\/es\/wp-json\/wp\/v2\/pages\/332\/revisions\/336"}],"wp:attachment":[{"href":"https:\/\/www.purhotmelt.com\/es\/wp-json\/wp\/v2\/media?parent=332"}],"curies":[{"name":"wp","href":"https:\/\/api.w.org\/{rel}","templated":true}]}}