{"id":338,"date":"2021-01-21T17:03:52","date_gmt":"2021-01-21T17:03:52","guid":{"rendered":"https:\/\/www.purhotmelt.com\/?page_id=338"},"modified":"2021-01-23T16:33:17","modified_gmt":"2021-01-23T16:33:17","slug":"profile-wrapping-wood","status":"publish","type":"page","link":"https:\/\/www.purhotmelt.com\/es\/profile-wrapping-wood\/","title":{"rendered":"Envoltura de perfil"},"content":{"rendered":"<p>Las aplicaciones de envoltura de perfiles muestran requisitos cada vez mayores para procesos de fabricaci\u00f3n m\u00e1s eficientes y r\u00e1pidos, as\u00ed como adhesivos de uni\u00f3n m\u00e1s fuertes. Hoy en d\u00eda una multitud de sustratos, como la madera<br>Los materiales a base de pl\u00e1stico, los pl\u00e1sticos y el metal se envuelven con una gran variedad de l\u00e1minas. Los perfiles sirven para muchas aplicaciones diferentes, tales como:<\/p>\n\n\n\n<ul class=\"wp-block-list\"><li>Interior general para hogar y oficinas.<\/li><li>Mobiliario de cocina y hogar <\/li><li>Electrodom\u00e9sticos y comercios<\/li><li>Herrajes y pavimentos en construcci\u00f3n naval y caravanas<\/li><li>Exhibiciones de exposiciones<\/li><\/ul>\n\n\n\n<h2 class=\"wp-block-heading\">\u00bfCu\u00e1ndo utilizar PUR Hot melt?<\/h2>\n\n\n\n<p>Los termofusibles PUR se utilizan, por ejemplo, cuando los productos deben cumplir requisitos especiales en cuanto a resistencia a la humedad, al fr\u00edo y al calor. Los termofusibles PUR proporcionan principalmente una adhesi\u00f3n m\u00e1s fuerte. Los termofusibles PUR son adhesivos de alta eficacia para requisitos de uni\u00f3n exigentes. Los termofusibles PUR son ahora los adhesivos est\u00e1ndar para perfiles met\u00e1licos y para l\u00e1minas de pl\u00e1stico dif\u00edciles de unir. A\u00fan as\u00ed, regularmente se introducen nuevas materias primas para desarrollar adhesivos a\u00fan mejores. Esto permite que varias industrias aumenten continuamente la velocidad de procesamiento y los niveles de automatizaci\u00f3n.<\/p>\n\n\n\n<p><\/p>","protected":false},"excerpt":{"rendered":"<p>Profile wrapping applications show continuously increasing requirements for more efficient, faster manufacturing processes as well as [&hellip;]<\/p>","protected":false},"author":1,"featured_media":0,"parent":0,"menu_order":0,"comment_status":"closed","ping_status":"closed","template":"","meta":{"footnotes":""},"class_list":["post-338","page","type-page","status-publish","hentry"],"yoast_head":"<!-- This site is optimized with the Yoast SEO plugin v17.0 - https:\/\/yoast.com\/wordpress\/plugins\/seo\/ -->\n<title>Profile wrapping - PUR hot melt adhesives<\/title>\n<meta name=\"robots\" content=\"index, follow, max-snippet:-1, max-image-preview:large, max-video-preview:-1\" \/>\n<link rel=\"canonical\" href=\"https:\/\/www.purhotmelt.com\/es\/profile-wrapping-wood\/\" \/>\n<meta property=\"og:locale\" content=\"es_ES\" \/>\n<meta property=\"og:type\" content=\"article\" \/>\n<meta property=\"og:title\" content=\"Profile wrapping - PUR hot melt adhesives\" \/>\n<meta property=\"og:description\" content=\"Profile wrapping applications show continuously increasing requirements for more efficient, faster manufacturing processes as well as [&hellip;]\" \/>\n<meta property=\"og:url\" content=\"https:\/\/www.purhotmelt.com\/es\/profile-wrapping-wood\/\" \/>\n<meta property=\"og:site_name\" content=\"PUR hot melt adhesives\" \/>\n<meta property=\"article:modified_time\" content=\"2021-01-23T16:33:17+00:00\" \/>\n<meta name=\"twitter:card\" content=\"summary_large_image\" \/>\n<meta name=\"twitter:label1\" content=\"Tiempo de lectura\" \/>\n\t<meta name=\"twitter:data1\" content=\"1 minuto\" \/>\n<script type=\"application\/ld+json\" class=\"yoast-schema-graph\">{\"@context\":\"https:\/\/schema.org\",\"@graph\":[{\"@type\":\"WebSite\",\"@id\":\"https:\/\/www.purhotmelt.com\/#website\",\"url\":\"https:\/\/www.purhotmelt.com\/\",\"name\":\"PUR hot melt adhesives\",\"description\":\"Intercol: Specialist manufacturer\",\"potentialAction\":[{\"@type\":\"SearchAction\",\"target\":{\"@type\":\"EntryPoint\",\"urlTemplate\":\"https:\/\/www.purhotmelt.com\/?s={search_term_string}\"},\"query-input\":\"required name=search_term_string\"}],\"inLanguage\":\"es\"},{\"@type\":\"WebPage\",\"@id\":\"https:\/\/www.purhotmelt.com\/fr\/profile-wrapping-wood\/#webpage\",\"url\":\"https:\/\/www.purhotmelt.com\/fr\/profile-wrapping-wood\/\",\"name\":\"Profile wrapping - PUR hot melt adhesives\",\"isPartOf\":{\"@id\":\"https:\/\/www.purhotmelt.com\/#website\"},\"datePublished\":\"2021-01-21T17:03:52+00:00\",\"dateModified\":\"2021-01-23T16:33:17+00:00\",\"breadcrumb\":{\"@id\":\"https:\/\/www.purhotmelt.com\/fr\/profile-wrapping-wood\/#breadcrumb\"},\"inLanguage\":\"es\",\"potentialAction\":[{\"@type\":\"ReadAction\",\"target\":[\"https:\/\/www.purhotmelt.com\/fr\/profile-wrapping-wood\/\"]}]},{\"@type\":\"BreadcrumbList\",\"@id\":\"https:\/\/www.purhotmelt.com\/fr\/profile-wrapping-wood\/#breadcrumb\",\"itemListElement\":[{\"@type\":\"ListItem\",\"position\":1,\"name\":\"Home\",\"item\":\"https:\/\/www.purhotmelt.com\/\"},{\"@type\":\"ListItem\",\"position\":2,\"name\":\"Profile wrapping\"}]}]}<\/script>\n<!-- \/ Yoast SEO plugin. -->","yoast_head_json":{"title":"Envoltura de perfiles - adhesivos termofusibles PUR","robots":{"index":"index","follow":"follow","max-snippet":"max-snippet:-1","max-image-preview":"max-image-preview:large","max-video-preview":"max-video-preview:-1"},"canonical":"https:\/\/www.purhotmelt.com\/es\/profile-wrapping-wood\/","og_locale":"es_ES","og_type":"article","og_title":"Profile wrapping - PUR hot melt adhesives","og_description":"Profile wrapping applications show continuously increasing requirements for more efficient, faster manufacturing processes as well as [&hellip;]","og_url":"https:\/\/www.purhotmelt.com\/es\/profile-wrapping-wood\/","og_site_name":"PUR hot melt adhesives","article_modified_time":"2021-01-23T16:33:17+00:00","twitter_card":"summary_large_image","twitter_misc":{"Tiempo de lectura":"1 minuto"},"schema":{"@context":"https:\/\/schema.org","@graph":[{"@type":"WebSite","@id":"https:\/\/www.purhotmelt.com\/#website","url":"https:\/\/www.purhotmelt.com\/","name":"Adhesivos termofusibles PUR","description":"Intercol: fabricante especialista","potentialAction":[{"@type":"SearchAction","target":{"@type":"EntryPoint","urlTemplate":"https:\/\/www.purhotmelt.com\/?s={search_term_string}"},"query-input":"required name=search_term_string"}],"inLanguage":"es"},{"@type":"WebPage","@id":"https:\/\/www.purhotmelt.com\/fr\/profile-wrapping-wood\/#webpage","url":"https:\/\/www.purhotmelt.com\/fr\/profile-wrapping-wood\/","name":"Envoltura de perfiles - adhesivos termofusibles PUR","isPartOf":{"@id":"https:\/\/www.purhotmelt.com\/#website"},"datePublished":"2021-01-21T17:03:52+00:00","dateModified":"2021-01-23T16:33:17+00:00","breadcrumb":{"@id":"https:\/\/www.purhotmelt.com\/fr\/profile-wrapping-wood\/#breadcrumb"},"inLanguage":"es","potentialAction":[{"@type":"ReadAction","target":["https:\/\/www.purhotmelt.com\/fr\/profile-wrapping-wood\/"]}]},{"@type":"BreadcrumbList","@id":"https:\/\/www.purhotmelt.com\/fr\/profile-wrapping-wood\/#breadcrumb","itemListElement":[{"@type":"ListItem","position":1,"name":"Home","item":"https:\/\/www.purhotmelt.com\/"},{"@type":"ListItem","position":2,"name":"Profile wrapping"}]}]}},"_links":{"self":[{"href":"https:\/\/www.purhotmelt.com\/es\/wp-json\/wp\/v2\/pages\/338","targetHints":{"allow":["GET"]}}],"collection":[{"href":"https:\/\/www.purhotmelt.com\/es\/wp-json\/wp\/v2\/pages"}],"about":[{"href":"https:\/\/www.purhotmelt.com\/es\/wp-json\/wp\/v2\/types\/page"}],"author":[{"embeddable":true,"href":"https:\/\/www.purhotmelt.com\/es\/wp-json\/wp\/v2\/users\/1"}],"replies":[{"embeddable":true,"href":"https:\/\/www.purhotmelt.com\/es\/wp-json\/wp\/v2\/comments?post=338"}],"version-history":[{"count":3,"href":"https:\/\/www.purhotmelt.com\/es\/wp-json\/wp\/v2\/pages\/338\/revisions"}],"predecessor-version":[{"id":348,"href":"https:\/\/www.purhotmelt.com\/es\/wp-json\/wp\/v2\/pages\/338\/revisions\/348"}],"wp:attachment":[{"href":"https:\/\/www.purhotmelt.com\/es\/wp-json\/wp\/v2\/media?parent=338"}],"curies":[{"name":"wp","href":"https:\/\/api.w.org\/{rel}","templated":true}]}}