{"id":355,"date":"2021-03-30T20:09:06","date_gmt":"2021-03-30T20:09:06","guid":{"rendered":"https:\/\/www.purhotmelt.com\/?page_id=355"},"modified":"2021-03-30T20:09:36","modified_gmt":"2021-03-30T20:09:36","slug":"adhesive-pricing","status":"publish","type":"page","link":"https:\/\/www.purhotmelt.com\/es\/adhesive-pricing\/","title":{"rendered":"Precios de adhesivos"},"content":{"rendered":"<p>Las materias primas utilizadas en la fabricaci\u00f3n de adhesivos, contin\u00faan experimentando importantes movimientos de precios. Como resultado, el negocio de adhesivos para embalaje se ve afectado por aumentos de precios:<br>\u2022 Adhesivos termofusibles<br>\u2022 Adhesivos l\u00edquidos<br>\u2022 Recubrimientos y adhesivos de poliuretano<\/p>\n\n\n\n<h2 class=\"wp-block-heading\">Muchas industrias se ven afectadas<\/h2>\n\n\n\n<p>Las industrias afectadas incluyen el corrugado, el laminado, el enrollado de tubos, la extrusi\u00f3n, la carpinter\u00eda, la encuadernaci\u00f3n y el embalaje.<br>Intercol trabaja diligentemente para negociar precios favorables y estables de materias primas de nuestros proveedores de materias primas para nuestros adhesivos. Sin embargo, las condiciones del mercado han hecho imposible mantener los niveles de precios actuales. Cuando tenga preguntas espec\u00edficas, comun\u00edquese con nosotros. Seguimos agradecidos por su negocio y su continuo apoyo.<\/p>","protected":false},"excerpt":{"rendered":"<p>Raw materials used in the manufacture of adhesives, continue to see significant price movements. As a [&hellip;]<\/p>","protected":false},"author":1,"featured_media":0,"parent":0,"menu_order":0,"comment_status":"closed","ping_status":"closed","template":"","meta":{"footnotes":""},"class_list":["post-355","page","type-page","status-publish","hentry"],"yoast_head":"<!-- This site is optimized with the Yoast SEO plugin v17.0 - https:\/\/yoast.com\/wordpress\/plugins\/seo\/ -->\n<title>Adhesive pricing - PUR hot melt adhesives<\/title>\n<meta name=\"robots\" content=\"index, follow, max-snippet:-1, max-image-preview:large, max-video-preview:-1\" \/>\n<link rel=\"canonical\" href=\"https:\/\/www.purhotmelt.com\/es\/adhesive-pricing\/\" \/>\n<meta property=\"og:locale\" content=\"es_ES\" \/>\n<meta property=\"og:type\" content=\"article\" \/>\n<meta property=\"og:title\" content=\"Adhesive pricing - PUR hot melt adhesives\" \/>\n<meta property=\"og:description\" content=\"Raw materials used in the manufacture of adhesives, continue to see significant price movements. As a [&hellip;]\" \/>\n<meta property=\"og:url\" content=\"https:\/\/www.purhotmelt.com\/es\/adhesive-pricing\/\" \/>\n<meta property=\"og:site_name\" content=\"PUR hot melt adhesives\" \/>\n<meta property=\"article:modified_time\" content=\"2021-03-30T20:09:36+00:00\" \/>\n<meta name=\"twitter:card\" content=\"summary_large_image\" \/>\n<script type=\"application\/ld+json\" class=\"yoast-schema-graph\">{\"@context\":\"https:\/\/schema.org\",\"@graph\":[{\"@type\":\"WebSite\",\"@id\":\"https:\/\/www.purhotmelt.com\/#website\",\"url\":\"https:\/\/www.purhotmelt.com\/\",\"name\":\"PUR hot melt adhesives\",\"description\":\"Intercol: Specialist manufacturer\",\"potentialAction\":[{\"@type\":\"SearchAction\",\"target\":{\"@type\":\"EntryPoint\",\"urlTemplate\":\"https:\/\/www.purhotmelt.com\/?s={search_term_string}\"},\"query-input\":\"required name=search_term_string\"}],\"inLanguage\":\"es\"},{\"@type\":\"WebPage\",\"@id\":\"https:\/\/www.purhotmelt.com\/de\/adhesive-pricing\/#webpage\",\"url\":\"https:\/\/www.purhotmelt.com\/de\/adhesive-pricing\/\",\"name\":\"Adhesive pricing - PUR hot melt adhesives\",\"isPartOf\":{\"@id\":\"https:\/\/www.purhotmelt.com\/#website\"},\"datePublished\":\"2021-03-30T20:09:06+00:00\",\"dateModified\":\"2021-03-30T20:09:36+00:00\",\"breadcrumb\":{\"@id\":\"https:\/\/www.purhotmelt.com\/de\/adhesive-pricing\/#breadcrumb\"},\"inLanguage\":\"es\",\"potentialAction\":[{\"@type\":\"ReadAction\",\"target\":[\"https:\/\/www.purhotmelt.com\/de\/adhesive-pricing\/\"]}]},{\"@type\":\"BreadcrumbList\",\"@id\":\"https:\/\/www.purhotmelt.com\/de\/adhesive-pricing\/#breadcrumb\",\"itemListElement\":[{\"@type\":\"ListItem\",\"position\":1,\"name\":\"Home\",\"item\":\"https:\/\/www.purhotmelt.com\/\"},{\"@type\":\"ListItem\",\"position\":2,\"name\":\"Adhesive pricing\"}]}]}<\/script>\n<!-- \/ Yoast SEO plugin. -->","yoast_head_json":{"title":"Precios de adhesivos - adhesivos termofusibles PUR","robots":{"index":"index","follow":"follow","max-snippet":"max-snippet:-1","max-image-preview":"max-image-preview:large","max-video-preview":"max-video-preview:-1"},"canonical":"https:\/\/www.purhotmelt.com\/es\/adhesive-pricing\/","og_locale":"es_ES","og_type":"article","og_title":"Adhesive pricing - PUR hot melt adhesives","og_description":"Raw materials used in the manufacture of adhesives, continue to see significant price movements. As a [&hellip;]","og_url":"https:\/\/www.purhotmelt.com\/es\/adhesive-pricing\/","og_site_name":"PUR hot melt adhesives","article_modified_time":"2021-03-30T20:09:36+00:00","twitter_card":"summary_large_image","schema":{"@context":"https:\/\/schema.org","@graph":[{"@type":"WebSite","@id":"https:\/\/www.purhotmelt.com\/#website","url":"https:\/\/www.purhotmelt.com\/","name":"Adhesivos termofusibles PUR","description":"Intercol: fabricante especialista","potentialAction":[{"@type":"SearchAction","target":{"@type":"EntryPoint","urlTemplate":"https:\/\/www.purhotmelt.com\/?s={search_term_string}"},"query-input":"required name=search_term_string"}],"inLanguage":"es"},{"@type":"WebPage","@id":"https:\/\/www.purhotmelt.com\/de\/adhesive-pricing\/#webpage","url":"https:\/\/www.purhotmelt.com\/de\/adhesive-pricing\/","name":"Precios de adhesivos - adhesivos termofusibles PUR","isPartOf":{"@id":"https:\/\/www.purhotmelt.com\/#website"},"datePublished":"2021-03-30T20:09:06+00:00","dateModified":"2021-03-30T20:09:36+00:00","breadcrumb":{"@id":"https:\/\/www.purhotmelt.com\/de\/adhesive-pricing\/#breadcrumb"},"inLanguage":"es","potentialAction":[{"@type":"ReadAction","target":["https:\/\/www.purhotmelt.com\/de\/adhesive-pricing\/"]}]},{"@type":"BreadcrumbList","@id":"https:\/\/www.purhotmelt.com\/de\/adhesive-pricing\/#breadcrumb","itemListElement":[{"@type":"ListItem","position":1,"name":"Home","item":"https:\/\/www.purhotmelt.com\/"},{"@type":"ListItem","position":2,"name":"Adhesive pricing"}]}]}},"_links":{"self":[{"href":"https:\/\/www.purhotmelt.com\/es\/wp-json\/wp\/v2\/pages\/355","targetHints":{"allow":["GET"]}}],"collection":[{"href":"https:\/\/www.purhotmelt.com\/es\/wp-json\/wp\/v2\/pages"}],"about":[{"href":"https:\/\/www.purhotmelt.com\/es\/wp-json\/wp\/v2\/types\/page"}],"author":[{"embeddable":true,"href":"https:\/\/www.purhotmelt.com\/es\/wp-json\/wp\/v2\/users\/1"}],"replies":[{"embeddable":true,"href":"https:\/\/www.purhotmelt.com\/es\/wp-json\/wp\/v2\/comments?post=355"}],"version-history":[{"count":3,"href":"https:\/\/www.purhotmelt.com\/es\/wp-json\/wp\/v2\/pages\/355\/revisions"}],"predecessor-version":[{"id":379,"href":"https:\/\/www.purhotmelt.com\/es\/wp-json\/wp\/v2\/pages\/355\/revisions\/379"}],"wp:attachment":[{"href":"https:\/\/www.purhotmelt.com\/es\/wp-json\/wp\/v2\/media?parent=355"}],"curies":[{"name":"wp","href":"https:\/\/api.w.org\/{rel}","templated":true}]}}