{"id":362,"date":"2021-08-19T11:40:27","date_gmt":"2021-08-19T11:40:27","guid":{"rendered":"https:\/\/www.purhotmelt.com\/?page_id=362"},"modified":"2021-08-19T11:40:28","modified_gmt":"2021-08-19T11:40:28","slug":"sustainable-textile-lamination","status":"publish","type":"page","link":"https:\/\/www.purhotmelt.com\/es\/sustainable-textile-lamination\/","title":{"rendered":"Laminaci\u00f3n textil sostenible"},"content":{"rendered":"<p><\/p>\n\n\n\n<p>Intercol presenta la \u00faltima incorporaci\u00f3n a su familia de productos termofusibles PUR, un adhesivo termofusible de poliuretano reactivo para laminado textil.<\/p>\n\n\n\n<h2 class=\"wp-block-heading\">Materiales renovables<\/h2>\n\n\n\n<p>Para nuestros procesos de fabricaci\u00f3n, solo se utilizan materias primas de alto rendimiento que se han optimizado para formular adhesivos, incluidas algunas materias primas renovables. Nuestro nuevo adhesivo termofusible PUR est\u00e1 desarrollado para laminar textiles en la industria automotriz. Tambi\u00e9n hay una nueva gama de adhesivos termofusibles sostenibles.<\/p>\n\n\n\n\n\n<p><\/p>\n\n\n\n<h2 class=\"wp-block-heading\">Sensaci\u00f3n suave y lavable<\/h2>\n\n\n\n<p>El nuevo adhesivo termofusible puro cumple con los m\u00e1s altos requisitos de resistencia al lavado y tacto suave del textil, su temperatura de procesamiento es de entre 105 y 145 \u00b0 C. Se puede integrar f\u00e1cilmente en procesos existentes.<\/p>\n\n\n\n<p>Se puede utilizar para operaciones de uni\u00f3n en la fabricaci\u00f3n de colchones y fundas de tapicer\u00eda, aplicaciones automotrices, textiles m\u00e9dicos, ropa protectora, textiles de construcci\u00f3n y edificaci\u00f3n, materiales abrasivos, textiles de limpieza, geotextiles y pr\u00e1cticamente todas las aplicaciones de laminado textil establecidas. <\/p>\n\n\n\n<h2 class=\"wp-block-heading\">Reducir el uso de materiales f\u00f3siles<\/h2>\n\n\n\n<p>Debido a las materias primas renovables en su formulaci\u00f3n adhesiva, es de especial inter\u00e9s para los fabricantes que quieran reducir el uso de materias primas f\u00f3siles en los procesos de fabricaci\u00f3n. Con las tecnolog\u00edas actuales, este es un proceso paso a paso. Para ser completamente biobasados y biodegradables, otras tecnolog\u00edas adhesivas, como <a href=\"http:\/\/adhesive.intercol.eu\/en\/producten-2\/koudlijmen\/zetmeel\/index.html\">almid\u00f3n<\/a>, puede ser interesante echarle un vistazo.<\/p>\n\n\n\n<p><\/p>","protected":false},"excerpt":{"rendered":"<p>Intercol is presenting the latest addition to its PUR hot melt product family, it is an [&hellip;]<\/p>","protected":false},"author":1,"featured_media":0,"parent":0,"menu_order":0,"comment_status":"closed","ping_status":"closed","template":"","meta":{"footnotes":""},"class_list":["post-362","page","type-page","status-publish","hentry"],"yoast_head":"<!-- This site is optimized with the Yoast SEO plugin v17.0 - https:\/\/yoast.com\/wordpress\/plugins\/seo\/ -->\n<title>Sustainable Textile Lamination - PUR hot melt adhesives<\/title>\n<meta name=\"robots\" content=\"index, follow, max-snippet:-1, max-image-preview:large, max-video-preview:-1\" \/>\n<link rel=\"canonical\" href=\"https:\/\/www.purhotmelt.com\/es\/sustainable-textile-lamination\/\" \/>\n<meta property=\"og:locale\" content=\"es_ES\" \/>\n<meta property=\"og:type\" content=\"article\" \/>\n<meta property=\"og:title\" content=\"Sustainable Textile Lamination - PUR hot melt adhesives\" \/>\n<meta property=\"og:description\" content=\"Intercol is presenting the latest addition to its PUR hot melt product family, it is an [&hellip;]\" \/>\n<meta property=\"og:url\" content=\"https:\/\/www.purhotmelt.com\/es\/sustainable-textile-lamination\/\" \/>\n<meta property=\"og:site_name\" content=\"PUR hot melt adhesives\" \/>\n<meta property=\"article:modified_time\" content=\"2021-08-19T11:40:28+00:00\" \/>\n<meta name=\"twitter:card\" content=\"summary_large_image\" \/>\n<meta name=\"twitter:label1\" content=\"Tiempo de lectura\" \/>\n\t<meta name=\"twitter:data1\" content=\"1 minuto\" \/>\n<script type=\"application\/ld+json\" class=\"yoast-schema-graph\">{\"@context\":\"https:\/\/schema.org\",\"@graph\":[{\"@type\":\"WebSite\",\"@id\":\"https:\/\/www.purhotmelt.com\/#website\",\"url\":\"https:\/\/www.purhotmelt.com\/\",\"name\":\"PUR hot melt adhesives\",\"description\":\"Intercol: Specialist manufacturer\",\"potentialAction\":[{\"@type\":\"SearchAction\",\"target\":{\"@type\":\"EntryPoint\",\"urlTemplate\":\"https:\/\/www.purhotmelt.com\/?s={search_term_string}\"},\"query-input\":\"required name=search_term_string\"}],\"inLanguage\":\"es\"},{\"@type\":\"WebPage\",\"@id\":\"https:\/\/www.purhotmelt.com\/sustainable-textile-lamination\/#webpage\",\"url\":\"https:\/\/www.purhotmelt.com\/sustainable-textile-lamination\/\",\"name\":\"Sustainable Textile Lamination - PUR hot melt adhesives\",\"isPartOf\":{\"@id\":\"https:\/\/www.purhotmelt.com\/#website\"},\"datePublished\":\"2021-08-19T11:40:27+00:00\",\"dateModified\":\"2021-08-19T11:40:28+00:00\",\"breadcrumb\":{\"@id\":\"https:\/\/www.purhotmelt.com\/sustainable-textile-lamination\/#breadcrumb\"},\"inLanguage\":\"es\",\"potentialAction\":[{\"@type\":\"ReadAction\",\"target\":[\"https:\/\/www.purhotmelt.com\/sustainable-textile-lamination\/\"]}]},{\"@type\":\"BreadcrumbList\",\"@id\":\"https:\/\/www.purhotmelt.com\/sustainable-textile-lamination\/#breadcrumb\",\"itemListElement\":[{\"@type\":\"ListItem\",\"position\":1,\"name\":\"Home\",\"item\":\"https:\/\/www.purhotmelt.com\/\"},{\"@type\":\"ListItem\",\"position\":2,\"name\":\"Sustainable Textile Lamination\"}]}]}<\/script>\n<!-- \/ Yoast SEO plugin. -->","yoast_head_json":{"title":"Laminaci\u00f3n textil sostenible: adhesivos termofusibles PUR","robots":{"index":"index","follow":"follow","max-snippet":"max-snippet:-1","max-image-preview":"max-image-preview:large","max-video-preview":"max-video-preview:-1"},"canonical":"https:\/\/www.purhotmelt.com\/es\/sustainable-textile-lamination\/","og_locale":"es_ES","og_type":"article","og_title":"Sustainable Textile Lamination - PUR hot melt adhesives","og_description":"Intercol is presenting the latest addition to its PUR hot melt product family, it is an [&hellip;]","og_url":"https:\/\/www.purhotmelt.com\/es\/sustainable-textile-lamination\/","og_site_name":"PUR hot melt adhesives","article_modified_time":"2021-08-19T11:40:28+00:00","twitter_card":"summary_large_image","twitter_misc":{"Tiempo de lectura":"1 minuto"},"schema":{"@context":"https:\/\/schema.org","@graph":[{"@type":"WebSite","@id":"https:\/\/www.purhotmelt.com\/#website","url":"https:\/\/www.purhotmelt.com\/","name":"Adhesivos termofusibles PUR","description":"Intercol: fabricante especialista","potentialAction":[{"@type":"SearchAction","target":{"@type":"EntryPoint","urlTemplate":"https:\/\/www.purhotmelt.com\/?s={search_term_string}"},"query-input":"required name=search_term_string"}],"inLanguage":"es"},{"@type":"WebPage","@id":"https:\/\/www.purhotmelt.com\/sustainable-textile-lamination\/#webpage","url":"https:\/\/www.purhotmelt.com\/sustainable-textile-lamination\/","name":"Laminaci\u00f3n textil sostenible: adhesivos termofusibles PUR","isPartOf":{"@id":"https:\/\/www.purhotmelt.com\/#website"},"datePublished":"2021-08-19T11:40:27+00:00","dateModified":"2021-08-19T11:40:28+00:00","breadcrumb":{"@id":"https:\/\/www.purhotmelt.com\/sustainable-textile-lamination\/#breadcrumb"},"inLanguage":"es","potentialAction":[{"@type":"ReadAction","target":["https:\/\/www.purhotmelt.com\/sustainable-textile-lamination\/"]}]},{"@type":"BreadcrumbList","@id":"https:\/\/www.purhotmelt.com\/sustainable-textile-lamination\/#breadcrumb","itemListElement":[{"@type":"ListItem","position":1,"name":"Home","item":"https:\/\/www.purhotmelt.com\/"},{"@type":"ListItem","position":2,"name":"Sustainable Textile Lamination"}]}]}},"_links":{"self":[{"href":"https:\/\/www.purhotmelt.com\/es\/wp-json\/wp\/v2\/pages\/362","targetHints":{"allow":["GET"]}}],"collection":[{"href":"https:\/\/www.purhotmelt.com\/es\/wp-json\/wp\/v2\/pages"}],"about":[{"href":"https:\/\/www.purhotmelt.com\/es\/wp-json\/wp\/v2\/types\/page"}],"author":[{"embeddable":true,"href":"https:\/\/www.purhotmelt.com\/es\/wp-json\/wp\/v2\/users\/1"}],"replies":[{"embeddable":true,"href":"https:\/\/www.purhotmelt.com\/es\/wp-json\/wp\/v2\/comments?post=362"}],"version-history":[{"count":1,"href":"https:\/\/www.purhotmelt.com\/es\/wp-json\/wp\/v2\/pages\/362\/revisions"}],"predecessor-version":[{"id":364,"href":"https:\/\/www.purhotmelt.com\/es\/wp-json\/wp\/v2\/pages\/362\/revisions\/364"}],"wp:attachment":[{"href":"https:\/\/www.purhotmelt.com\/es\/wp-json\/wp\/v2\/media?parent=362"}],"curies":[{"name":"wp","href":"https:\/\/api.w.org\/{rel}","templated":true}]}}