{"id":38,"date":"2020-11-12T10:43:47","date_gmt":"2020-11-12T10:43:47","guid":{"rendered":"https:\/\/www.purhotmelt.com\/?page_id=38"},"modified":"2020-11-12T10:43:48","modified_gmt":"2020-11-12T10:43:48","slug":"hot-melt-for-textile-lamination","status":"publish","type":"page","link":"https:\/\/www.purhotmelt.com\/es\/hot-melt-for-textile-lamination\/","title":{"rendered":"Hot melt para laminaci\u00f3n textil"},"content":{"rendered":"<p>Intercol ha desarrollado una amplia cartera de productos de adhesivos termofusibles de poliuretano para cubrir diferentes aplicaciones de laminaci\u00f3n. Una amplia variedad de adhesivos para unir todos los sustratos posibles, desde tejidos de algod\u00f3n, poli\u00e9steres y poliamidas hasta membranas de PVC, PUR o poli\u00e9ster, pasando por fibras de alta tecnolog\u00eda, donde estamos en contacto con diversas empresas de I + D + i. Estos adhesivos se pueden aplicar con m\u00e9todos de aplicaci\u00f3n convencionales como boquilla ranurada, rodillo, pantalla o spray. Nuestros adhesivos termofusibles PUR est\u00e1n hechos para industrias como la industria automotriz, textiles m\u00e9dicos, protecci\u00f3n y ropa industrial, ropa deportiva, textiles de tapicer\u00eda, ropa \u00edntima, textiles de moda, etc.<\/p>\r\n\r\n\r\n\r\n<figure class=\"wp-block-embed-youtube wp-block-embed is-type-video is-provider-youtube wp-embed-aspect-16-9 wp-has-aspect-ratio\"><div class=\"wp-block-embed__wrapper\">\r\n<iframe loading=\"lazy\" title=\"Adhesivo de laminaci\u00f3n de paneles de fusi\u00f3n en caliente PUR\" width=\"680\" height=\"383\" src=\"https:\/\/www.youtube.com\/embed\/v-sqcG5-01s?feature=oembed\" frameborder=\"0\" allow=\"accelerometer; autoplay; clipboard-write; encrypted-media; gyroscope; picture-in-picture\" allowfullscreen><\/iframe>\r\n<\/div><figcaption>Ejemplo de laminaci\u00f3n termofusible PUR<\/figcaption><\/figure>","protected":false},"excerpt":{"rendered":"<p>Intercol has developed an extensive product portfolio of polyurethane hot melt adhesives to cover different lamination [&hellip;]<\/p>","protected":false},"author":1,"featured_media":0,"parent":0,"menu_order":0,"comment_status":"closed","ping_status":"closed","template":"","meta":{"footnotes":""},"class_list":["post-38","page","type-page","status-publish","hentry"],"yoast_head":"<!-- This site is optimized with the Yoast SEO plugin v17.0 - https:\/\/yoast.com\/wordpress\/plugins\/seo\/ -->\n<title>Hot melt for textile lamination - PUR hot melt adhesives<\/title>\n<meta name=\"robots\" content=\"index, follow, max-snippet:-1, max-image-preview:large, max-video-preview:-1\" \/>\n<link rel=\"canonical\" href=\"https:\/\/www.purhotmelt.com\/es\/hot-melt-for-textile-lamination\/\" \/>\n<meta property=\"og:locale\" content=\"es_ES\" \/>\n<meta property=\"og:type\" content=\"article\" \/>\n<meta property=\"og:title\" content=\"Hot melt for textile lamination - PUR hot melt adhesives\" \/>\n<meta property=\"og:description\" content=\"Intercol has developed an extensive product portfolio of polyurethane hot melt adhesives to cover different lamination [&hellip;]\" \/>\n<meta property=\"og:url\" content=\"https:\/\/www.purhotmelt.com\/es\/hot-melt-for-textile-lamination\/\" \/>\n<meta property=\"og:site_name\" content=\"PUR hot melt adhesives\" \/>\n<meta property=\"article:modified_time\" content=\"2020-11-12T10:43:48+00:00\" \/>\n<meta name=\"twitter:card\" content=\"summary_large_image\" \/>\n<meta name=\"twitter:label1\" content=\"Tiempo de lectura\" \/>\n\t<meta name=\"twitter:data1\" content=\"1 minuto\" \/>\n<script type=\"application\/ld+json\" class=\"yoast-schema-graph\">{\"@context\":\"https:\/\/schema.org\",\"@graph\":[{\"@type\":\"WebSite\",\"@id\":\"https:\/\/www.purhotmelt.com\/#website\",\"url\":\"https:\/\/www.purhotmelt.com\/\",\"name\":\"PUR hot melt adhesives\",\"description\":\"Intercol: Specialist manufacturer\",\"potentialAction\":[{\"@type\":\"SearchAction\",\"target\":{\"@type\":\"EntryPoint\",\"urlTemplate\":\"https:\/\/www.purhotmelt.com\/?s={search_term_string}\"},\"query-input\":\"required name=search_term_string\"}],\"inLanguage\":\"es\"},{\"@type\":\"WebPage\",\"@id\":\"https:\/\/www.purhotmelt.com\/de\/hot-melt-for-textile-lamination\/#webpage\",\"url\":\"https:\/\/www.purhotmelt.com\/de\/hot-melt-for-textile-lamination\/\",\"name\":\"Hot melt for textile lamination - PUR hot melt adhesives\",\"isPartOf\":{\"@id\":\"https:\/\/www.purhotmelt.com\/#website\"},\"datePublished\":\"2020-11-12T10:43:47+00:00\",\"dateModified\":\"2020-11-12T10:43:48+00:00\",\"breadcrumb\":{\"@id\":\"https:\/\/www.purhotmelt.com\/de\/hot-melt-for-textile-lamination\/#breadcrumb\"},\"inLanguage\":\"es\",\"potentialAction\":[{\"@type\":\"ReadAction\",\"target\":[\"https:\/\/www.purhotmelt.com\/de\/hot-melt-for-textile-lamination\/\"]}]},{\"@type\":\"BreadcrumbList\",\"@id\":\"https:\/\/www.purhotmelt.com\/de\/hot-melt-for-textile-lamination\/#breadcrumb\",\"itemListElement\":[{\"@type\":\"ListItem\",\"position\":1,\"name\":\"Home\",\"item\":\"https:\/\/www.purhotmelt.com\/\"},{\"@type\":\"ListItem\",\"position\":2,\"name\":\"Hot melt for textile lamination\"}]}]}<\/script>\n<!-- \/ Yoast SEO plugin. -->","yoast_head_json":{"title":"Hot melt for textile lamination - PUR hot melt adhesives","robots":{"index":"index","follow":"follow","max-snippet":"max-snippet:-1","max-image-preview":"max-image-preview:large","max-video-preview":"max-video-preview:-1"},"canonical":"https:\/\/www.purhotmelt.com\/es\/hot-melt-for-textile-lamination\/","og_locale":"es_ES","og_type":"article","og_title":"Hot melt for textile lamination - PUR hot melt adhesives","og_description":"Intercol has developed an extensive product portfolio of polyurethane hot melt adhesives to cover different lamination [&hellip;]","og_url":"https:\/\/www.purhotmelt.com\/es\/hot-melt-for-textile-lamination\/","og_site_name":"PUR hot melt adhesives","article_modified_time":"2020-11-12T10:43:48+00:00","twitter_card":"summary_large_image","twitter_misc":{"Tiempo de lectura":"1 minuto"},"schema":{"@context":"https:\/\/schema.org","@graph":[{"@type":"WebSite","@id":"https:\/\/www.purhotmelt.com\/#website","url":"https:\/\/www.purhotmelt.com\/","name":"Adhesivos termofusibles PUR","description":"Intercol: fabricante especialista","potentialAction":[{"@type":"SearchAction","target":{"@type":"EntryPoint","urlTemplate":"https:\/\/www.purhotmelt.com\/?s={search_term_string}"},"query-input":"required name=search_term_string"}],"inLanguage":"es"},{"@type":"WebPage","@id":"https:\/\/www.purhotmelt.com\/de\/hot-melt-for-textile-lamination\/#webpage","url":"https:\/\/www.purhotmelt.com\/de\/hot-melt-for-textile-lamination\/","name":"Hot melt for textile lamination - PUR hot melt adhesives","isPartOf":{"@id":"https:\/\/www.purhotmelt.com\/#website"},"datePublished":"2020-11-12T10:43:47+00:00","dateModified":"2020-11-12T10:43:48+00:00","breadcrumb":{"@id":"https:\/\/www.purhotmelt.com\/de\/hot-melt-for-textile-lamination\/#breadcrumb"},"inLanguage":"es","potentialAction":[{"@type":"ReadAction","target":["https:\/\/www.purhotmelt.com\/de\/hot-melt-for-textile-lamination\/"]}]},{"@type":"BreadcrumbList","@id":"https:\/\/www.purhotmelt.com\/de\/hot-melt-for-textile-lamination\/#breadcrumb","itemListElement":[{"@type":"ListItem","position":1,"name":"Home","item":"https:\/\/www.purhotmelt.com\/"},{"@type":"ListItem","position":2,"name":"Hot melt for textile lamination"}]}]}},"_links":{"self":[{"href":"https:\/\/www.purhotmelt.com\/es\/wp-json\/wp\/v2\/pages\/38","targetHints":{"allow":["GET"]}}],"collection":[{"href":"https:\/\/www.purhotmelt.com\/es\/wp-json\/wp\/v2\/pages"}],"about":[{"href":"https:\/\/www.purhotmelt.com\/es\/wp-json\/wp\/v2\/types\/page"}],"author":[{"embeddable":true,"href":"https:\/\/www.purhotmelt.com\/es\/wp-json\/wp\/v2\/users\/1"}],"replies":[{"embeddable":true,"href":"https:\/\/www.purhotmelt.com\/es\/wp-json\/wp\/v2\/comments?post=38"}],"version-history":[{"count":1,"href":"https:\/\/www.purhotmelt.com\/es\/wp-json\/wp\/v2\/pages\/38\/revisions"}],"predecessor-version":[{"id":40,"href":"https:\/\/www.purhotmelt.com\/es\/wp-json\/wp\/v2\/pages\/38\/revisions\/40"}],"wp:attachment":[{"href":"https:\/\/www.purhotmelt.com\/es\/wp-json\/wp\/v2\/media?parent=38"}],"curies":[{"name":"wp","href":"https:\/\/api.w.org\/{rel}","templated":true}]}}