{"id":381,"date":"2021-10-05T21:35:09","date_gmt":"2021-10-05T21:35:09","guid":{"rendered":"https:\/\/www.purhotmelt.com\/?page_id=381"},"modified":"2021-10-05T21:35:10","modified_gmt":"2021-10-05T21:35:10","slug":"micro-emission-polyurethane-hotmelt-for-textile-lamination","status":"publish","type":"page","link":"https:\/\/www.purhotmelt.com\/es\/micro-emission-polyurethane-hotmelt-for-textile-lamination\/","title":{"rendered":"Hotmelt de poliuretano de microemisi\u00f3n para laminaci\u00f3n textil"},"content":{"rendered":"<p>Intercol tiene un hotmelt de poliuretano de micro emisi\u00f3n para laminaci\u00f3n textil. Este adhesivo es pionero y mejora las condiciones de seguridad en los entornos de trabajo. Los adhesivos termofusibles PUR de microemisi\u00f3n tienen niveles de MDI inferiores a 0,1%. Incluso est\u00e1 \u201csin etiquetas\u201d y no tiene s\u00edmbolos de peligro en el empaque.<\/p>\n\n\n\n<p><\/p>","protected":false},"excerpt":{"rendered":"<p>Intercol has a micro emission polyurethane\u00a0hotmelt for\u00a0textile lamination.\u00a0This adhesive is groundbreaking and improve the safety conditions [&hellip;]<\/p>","protected":false},"author":1,"featured_media":0,"parent":0,"menu_order":0,"comment_status":"closed","ping_status":"closed","template":"","meta":{"footnotes":""},"class_list":["post-381","page","type-page","status-publish","hentry"],"yoast_head":"<!-- This site is optimized with the Yoast SEO plugin v17.0 - https:\/\/yoast.com\/wordpress\/plugins\/seo\/ -->\n<title>Micro emission polyurethane\u00a0hotmelt for\u00a0textile lamination - PUR hot melt adhesives<\/title>\n<meta name=\"robots\" content=\"index, follow, max-snippet:-1, max-image-preview:large, max-video-preview:-1\" \/>\n<link rel=\"canonical\" href=\"https:\/\/www.purhotmelt.com\/es\/micro-emission-polyurethane-hotmelt-for-textile-lamination\/\" \/>\n<meta property=\"og:locale\" content=\"es_ES\" \/>\n<meta property=\"og:type\" content=\"article\" \/>\n<meta property=\"og:title\" content=\"Micro emission polyurethane\u00a0hotmelt for\u00a0textile lamination - PUR hot melt adhesives\" \/>\n<meta property=\"og:description\" content=\"Intercol has a micro emission polyurethane\u00a0hotmelt for\u00a0textile lamination.\u00a0This adhesive is groundbreaking and improve the safety conditions [&hellip;]\" \/>\n<meta property=\"og:url\" content=\"https:\/\/www.purhotmelt.com\/es\/micro-emission-polyurethane-hotmelt-for-textile-lamination\/\" \/>\n<meta property=\"og:site_name\" content=\"PUR hot melt adhesives\" \/>\n<meta property=\"article:modified_time\" content=\"2021-10-05T21:35:10+00:00\" \/>\n<meta name=\"twitter:card\" content=\"summary_large_image\" \/>\n<meta name=\"twitter:label1\" content=\"Tiempo de lectura\" \/>\n\t<meta name=\"twitter:data1\" content=\"1 minuto\" \/>\n<script type=\"application\/ld+json\" class=\"yoast-schema-graph\">{\"@context\":\"https:\/\/schema.org\",\"@graph\":[{\"@type\":\"WebSite\",\"@id\":\"https:\/\/www.purhotmelt.com\/#website\",\"url\":\"https:\/\/www.purhotmelt.com\/\",\"name\":\"PUR hot melt adhesives\",\"description\":\"Intercol: Specialist manufacturer\",\"potentialAction\":[{\"@type\":\"SearchAction\",\"target\":{\"@type\":\"EntryPoint\",\"urlTemplate\":\"https:\/\/www.purhotmelt.com\/?s={search_term_string}\"},\"query-input\":\"required name=search_term_string\"}],\"inLanguage\":\"es\"},{\"@type\":\"WebPage\",\"@id\":\"https:\/\/www.purhotmelt.com\/micro-emission-polyurethane-hotmelt-for-textile-lamination\/#webpage\",\"url\":\"https:\/\/www.purhotmelt.com\/micro-emission-polyurethane-hotmelt-for-textile-lamination\/\",\"name\":\"Micro emission polyurethane\\u00a0hotmelt for\\u00a0textile lamination - PUR hot melt adhesives\",\"isPartOf\":{\"@id\":\"https:\/\/www.purhotmelt.com\/#website\"},\"datePublished\":\"2021-10-05T21:35:09+00:00\",\"dateModified\":\"2021-10-05T21:35:10+00:00\",\"breadcrumb\":{\"@id\":\"https:\/\/www.purhotmelt.com\/micro-emission-polyurethane-hotmelt-for-textile-lamination\/#breadcrumb\"},\"inLanguage\":\"es\",\"potentialAction\":[{\"@type\":\"ReadAction\",\"target\":[\"https:\/\/www.purhotmelt.com\/micro-emission-polyurethane-hotmelt-for-textile-lamination\/\"]}]},{\"@type\":\"BreadcrumbList\",\"@id\":\"https:\/\/www.purhotmelt.com\/micro-emission-polyurethane-hotmelt-for-textile-lamination\/#breadcrumb\",\"itemListElement\":[{\"@type\":\"ListItem\",\"position\":1,\"name\":\"Home\",\"item\":\"https:\/\/www.purhotmelt.com\/\"},{\"@type\":\"ListItem\",\"position\":2,\"name\":\"Micro emission polyurethane\\u00a0hotmelt for\\u00a0textile lamination\"}]}]}<\/script>\n<!-- \/ Yoast SEO plugin. -->","yoast_head_json":{"title":"Hotmelt de poliuretano de microemisi\u00f3n para laminaci\u00f3n textil - adhesivos termofusibles PUR","robots":{"index":"index","follow":"follow","max-snippet":"max-snippet:-1","max-image-preview":"max-image-preview:large","max-video-preview":"max-video-preview:-1"},"canonical":"https:\/\/www.purhotmelt.com\/es\/micro-emission-polyurethane-hotmelt-for-textile-lamination\/","og_locale":"es_ES","og_type":"article","og_title":"Micro emission polyurethane\u00a0hotmelt for\u00a0textile lamination - PUR hot melt adhesives","og_description":"Intercol has a micro emission polyurethane\u00a0hotmelt for\u00a0textile lamination.\u00a0This adhesive is groundbreaking and improve the safety conditions [&hellip;]","og_url":"https:\/\/www.purhotmelt.com\/es\/micro-emission-polyurethane-hotmelt-for-textile-lamination\/","og_site_name":"PUR hot melt adhesives","article_modified_time":"2021-10-05T21:35:10+00:00","twitter_card":"summary_large_image","twitter_misc":{"Tiempo de lectura":"1 minuto"},"schema":{"@context":"https:\/\/schema.org","@graph":[{"@type":"WebSite","@id":"https:\/\/www.purhotmelt.com\/#website","url":"https:\/\/www.purhotmelt.com\/","name":"Adhesivos termofusibles PUR","description":"Intercol: fabricante especialista","potentialAction":[{"@type":"SearchAction","target":{"@type":"EntryPoint","urlTemplate":"https:\/\/www.purhotmelt.com\/?s={search_term_string}"},"query-input":"required name=search_term_string"}],"inLanguage":"es"},{"@type":"WebPage","@id":"https:\/\/www.purhotmelt.com\/micro-emission-polyurethane-hotmelt-for-textile-lamination\/#webpage","url":"https:\/\/www.purhotmelt.com\/micro-emission-polyurethane-hotmelt-for-textile-lamination\/","name":"Hotmelt de poliuretano de microemisi\u00f3n para laminaci\u00f3n textil - adhesivos termofusibles PUR","isPartOf":{"@id":"https:\/\/www.purhotmelt.com\/#website"},"datePublished":"2021-10-05T21:35:09+00:00","dateModified":"2021-10-05T21:35:10+00:00","breadcrumb":{"@id":"https:\/\/www.purhotmelt.com\/micro-emission-polyurethane-hotmelt-for-textile-lamination\/#breadcrumb"},"inLanguage":"es","potentialAction":[{"@type":"ReadAction","target":["https:\/\/www.purhotmelt.com\/micro-emission-polyurethane-hotmelt-for-textile-lamination\/"]}]},{"@type":"BreadcrumbList","@id":"https:\/\/www.purhotmelt.com\/micro-emission-polyurethane-hotmelt-for-textile-lamination\/#breadcrumb","itemListElement":[{"@type":"ListItem","position":1,"name":"Home","item":"https:\/\/www.purhotmelt.com\/"},{"@type":"ListItem","position":2,"name":"Micro emission polyurethane\u00a0hotmelt for\u00a0textile lamination"}]}]}},"_links":{"self":[{"href":"https:\/\/www.purhotmelt.com\/es\/wp-json\/wp\/v2\/pages\/381","targetHints":{"allow":["GET"]}}],"collection":[{"href":"https:\/\/www.purhotmelt.com\/es\/wp-json\/wp\/v2\/pages"}],"about":[{"href":"https:\/\/www.purhotmelt.com\/es\/wp-json\/wp\/v2\/types\/page"}],"author":[{"embeddable":true,"href":"https:\/\/www.purhotmelt.com\/es\/wp-json\/wp\/v2\/users\/1"}],"replies":[{"embeddable":true,"href":"https:\/\/www.purhotmelt.com\/es\/wp-json\/wp\/v2\/comments?post=381"}],"version-history":[{"count":1,"href":"https:\/\/www.purhotmelt.com\/es\/wp-json\/wp\/v2\/pages\/381\/revisions"}],"predecessor-version":[{"id":383,"href":"https:\/\/www.purhotmelt.com\/es\/wp-json\/wp\/v2\/pages\/381\/revisions\/383"}],"wp:attachment":[{"href":"https:\/\/www.purhotmelt.com\/es\/wp-json\/wp\/v2\/media?parent=381"}],"curies":[{"name":"wp","href":"https:\/\/api.w.org\/{rel}","templated":true}]}}