{"id":70,"date":"2021-01-20T15:39:45","date_gmt":"2021-01-20T15:39:45","guid":{"rendered":"https:\/\/www.purhotmelt.com\/?page_id=70"},"modified":"2021-01-20T15:39:45","modified_gmt":"2021-01-20T15:39:45","slug":"foam-lamination","status":"publish","type":"page","link":"https:\/\/www.purhotmelt.com\/es\/foam-lamination\/","title":{"rendered":"Laminaci\u00f3n de espuma"},"content":{"rendered":"<p>Intercol tiene soluciones adhesivas est\u00e1ndar para:<\/p>\n\n\n\n<h3 class=\"wp-block-heading\"><\/h3>\n\n\n\n<ul class=\"wp-block-list\"><li>Cojines<\/li><li>Colchones<\/li><li>Alfombrillas atl\u00e9ticas<\/li><li>Materiales de aislamiento<\/li><li>Cajas de equipos<\/li><li>Montaje de carga personalizado<\/li><\/ul>\n\n\n\n<h1 class=\"wp-block-heading\">Adhesivos para colchones<\/h1>\n\n\n\n<p><strong>Nuestros adhesivos termofusibles se utilizan en todo el mundo en la fabricaci\u00f3n de colchones. Nuestros adhesivos termofusibles para uni\u00f3n de telas y espumas est\u00e1n reemplazando a los adhesivos tradicionales a base de solventes. Tambi\u00e9n se utilizan ampliamente en la producci\u00f3n de asientos, tapizados y muebles para autom\u00f3viles, adem\u00e1s de colchones.<\/strong><\/p>\n\n\n\n<p>Los adhesivos termofusibles de Intercol para colchones funcionan de forma limpia y est\u00e1n dise\u00f1ados para ofrecer la m\u00e1xima eficiencia de producci\u00f3n.<\/p>\n\n\n\n<p>Los fabricantes de colchones buscan cada vez m\u00e1s mejorar sus productos y hacerlos m\u00e1s seguros, c\u00f3modos y duraderos. Nuestros adhesivos son adecuados para casi todos los requisitos durante la construcci\u00f3n de colchones y la uni\u00f3n de capas de espuma.<\/p>\n\n\n\n<p>Nuestra gama incluye adhesivos termofusibles PUR, APAO, EVA, PO, PSA y semi-sensibles a la presi\u00f3n para una uni\u00f3n eficaz entre espumas. Estos grados se pueden utilizar en la construcci\u00f3n de colchones y en el punto de tableros de anuncios, donde se requiere una alta adherencia y un largo tiempo abierto. Algunos grados tambi\u00e9n se pueden usar para aplicaciones de pegamento lateral.<\/p>\n\n\n\n<p><\/p>\n\n\n\n<h2 class=\"wp-block-heading\">Ventajas del termofusible relacionadas con los adhesivos con base disolvente<\/h2>\n\n\n\n<p>Los adhesivos termofusibles son adhesivos respetuosos con el medio ambiente, ya que no son t\u00f3xicos, no producen humo y pr\u00e1cticamente no tienen olores. Los adhesivos hotmelt son seguros de manipular y ayudan a reducir los costos de fabricaci\u00f3n al eliminar la necesidad de instalar y ejecutar costosos sistemas de recuperaci\u00f3n de emisiones.<\/p>\n\n\n\n<figure class=\"wp-block-image size-large\"><img loading=\"lazy\" decoding=\"async\" width=\"603\" height=\"492\" src=\"https:\/\/www.purhotmelt.com\/wp-content\/uploads\/2021\/01\/foam-hot-melt-adhesives.jpg\" alt=\"Adhesivos termofusibles de espuma\" class=\"wp-image-72\" srcset=\"https:\/\/www.purhotmelt.com\/wp-content\/uploads\/2021\/01\/foam-hot-melt-adhesives.jpg 603w, https:\/\/www.purhotmelt.com\/wp-content\/uploads\/2021\/01\/foam-hot-melt-adhesives-300x245.jpg 300w\" sizes=\"auto, (max-width: 603px) 100vw, 603px\" \/><figcaption>Adhesivos termofusibles de espuma<\/figcaption><\/figure>","protected":false},"excerpt":{"rendered":"<p>Intercol has standard adhesive solutions for: Cushions Mattresses Athletic Mats Insulation materials Equipment Cases Custom Freight [&hellip;]<\/p>","protected":false},"author":1,"featured_media":0,"parent":0,"menu_order":0,"comment_status":"closed","ping_status":"closed","template":"","meta":{"footnotes":""},"class_list":["post-70","page","type-page","status-publish","hentry"],"yoast_head":"<!-- This site is optimized with the Yoast SEO plugin v17.0 - https:\/\/yoast.com\/wordpress\/plugins\/seo\/ -->\n<title>Foam lamination - PUR hot melt adhesives<\/title>\n<meta name=\"robots\" content=\"index, follow, max-snippet:-1, max-image-preview:large, max-video-preview:-1\" \/>\n<link rel=\"canonical\" href=\"https:\/\/www.purhotmelt.com\/es\/foam-lamination\/\" \/>\n<meta property=\"og:locale\" content=\"es_ES\" \/>\n<meta property=\"og:type\" content=\"article\" \/>\n<meta property=\"og:title\" content=\"Foam lamination - PUR hot melt adhesives\" \/>\n<meta property=\"og:description\" content=\"Intercol has standard adhesive solutions for: Cushions Mattresses Athletic Mats Insulation materials Equipment Cases Custom Freight [&hellip;]\" \/>\n<meta property=\"og:url\" content=\"https:\/\/www.purhotmelt.com\/es\/foam-lamination\/\" \/>\n<meta property=\"og:site_name\" content=\"PUR hot melt adhesives\" \/>\n<meta property=\"og:image\" content=\"https:\/\/www.purhotmelt.com\/wp-content\/uploads\/2021\/01\/foam-hot-melt-adhesives.jpg\" \/>\n<meta name=\"twitter:card\" content=\"summary_large_image\" \/>\n<meta name=\"twitter:label1\" content=\"Tiempo de lectura\" \/>\n\t<meta name=\"twitter:data1\" content=\"1 minuto\" \/>\n<script type=\"application\/ld+json\" class=\"yoast-schema-graph\">{\"@context\":\"https:\/\/schema.org\",\"@graph\":[{\"@type\":\"WebSite\",\"@id\":\"https:\/\/www.purhotmelt.com\/#website\",\"url\":\"https:\/\/www.purhotmelt.com\/\",\"name\":\"PUR hot melt adhesives\",\"description\":\"Intercol: Specialist manufacturer\",\"potentialAction\":[{\"@type\":\"SearchAction\",\"target\":{\"@type\":\"EntryPoint\",\"urlTemplate\":\"https:\/\/www.purhotmelt.com\/?s={search_term_string}\"},\"query-input\":\"required name=search_term_string\"}],\"inLanguage\":\"es\"},{\"@type\":\"ImageObject\",\"@id\":\"https:\/\/www.purhotmelt.com\/foam-lamination\/#primaryimage\",\"inLanguage\":\"es\",\"url\":\"https:\/\/www.purhotmelt.com\/wp-content\/uploads\/2021\/01\/foam-hot-melt-adhesives.jpg\",\"contentUrl\":\"https:\/\/www.purhotmelt.com\/wp-content\/uploads\/2021\/01\/foam-hot-melt-adhesives.jpg\",\"width\":603,\"height\":492,\"caption\":\"Foam hot melt adhesives\"},{\"@type\":\"WebPage\",\"@id\":\"https:\/\/www.purhotmelt.com\/foam-lamination\/#webpage\",\"url\":\"https:\/\/www.purhotmelt.com\/foam-lamination\/\",\"name\":\"Foam lamination - PUR hot melt adhesives\",\"isPartOf\":{\"@id\":\"https:\/\/www.purhotmelt.com\/#website\"},\"primaryImageOfPage\":{\"@id\":\"https:\/\/www.purhotmelt.com\/foam-lamination\/#primaryimage\"},\"datePublished\":\"2021-01-20T15:39:45+00:00\",\"dateModified\":\"2021-01-20T15:39:45+00:00\",\"breadcrumb\":{\"@id\":\"https:\/\/www.purhotmelt.com\/foam-lamination\/#breadcrumb\"},\"inLanguage\":\"es\",\"potentialAction\":[{\"@type\":\"ReadAction\",\"target\":[\"https:\/\/www.purhotmelt.com\/foam-lamination\/\"]}]},{\"@type\":\"BreadcrumbList\",\"@id\":\"https:\/\/www.purhotmelt.com\/foam-lamination\/#breadcrumb\",\"itemListElement\":[{\"@type\":\"ListItem\",\"position\":1,\"name\":\"Home\",\"item\":\"https:\/\/www.purhotmelt.com\/\"},{\"@type\":\"ListItem\",\"position\":2,\"name\":\"Foam lamination\"}]}]}<\/script>\n<!-- \/ Yoast SEO plugin. -->","yoast_head_json":{"title":"Laminaci\u00f3n de espuma - adhesivos termofusibles PUR","robots":{"index":"index","follow":"follow","max-snippet":"max-snippet:-1","max-image-preview":"max-image-preview:large","max-video-preview":"max-video-preview:-1"},"canonical":"https:\/\/www.purhotmelt.com\/es\/foam-lamination\/","og_locale":"es_ES","og_type":"article","og_title":"Foam lamination - PUR hot melt adhesives","og_description":"Intercol has standard adhesive solutions for: Cushions Mattresses Athletic Mats Insulation materials Equipment Cases Custom Freight [&hellip;]","og_url":"https:\/\/www.purhotmelt.com\/es\/foam-lamination\/","og_site_name":"PUR hot melt adhesives","og_image":[{"url":"https:\/\/www.purhotmelt.com\/wp-content\/uploads\/2021\/01\/foam-hot-melt-adhesives.jpg"}],"twitter_card":"summary_large_image","twitter_misc":{"Tiempo de lectura":"1 minuto"},"schema":{"@context":"https:\/\/schema.org","@graph":[{"@type":"WebSite","@id":"https:\/\/www.purhotmelt.com\/#website","url":"https:\/\/www.purhotmelt.com\/","name":"Adhesivos termofusibles PUR","description":"Intercol: fabricante especialista","potentialAction":[{"@type":"SearchAction","target":{"@type":"EntryPoint","urlTemplate":"https:\/\/www.purhotmelt.com\/?s={search_term_string}"},"query-input":"required name=search_term_string"}],"inLanguage":"es"},{"@type":"ImageObject","@id":"https:\/\/www.purhotmelt.com\/foam-lamination\/#primaryimage","inLanguage":"es","url":"https:\/\/www.purhotmelt.com\/wp-content\/uploads\/2021\/01\/foam-hot-melt-adhesives.jpg","contentUrl":"https:\/\/www.purhotmelt.com\/wp-content\/uploads\/2021\/01\/foam-hot-melt-adhesives.jpg","width":603,"height":492,"caption":"Foam hot melt adhesives"},{"@type":"WebPage","@id":"https:\/\/www.purhotmelt.com\/foam-lamination\/#webpage","url":"https:\/\/www.purhotmelt.com\/foam-lamination\/","name":"Laminaci\u00f3n de espuma - adhesivos termofusibles PUR","isPartOf":{"@id":"https:\/\/www.purhotmelt.com\/#website"},"primaryImageOfPage":{"@id":"https:\/\/www.purhotmelt.com\/foam-lamination\/#primaryimage"},"datePublished":"2021-01-20T15:39:45+00:00","dateModified":"2021-01-20T15:39:45+00:00","breadcrumb":{"@id":"https:\/\/www.purhotmelt.com\/foam-lamination\/#breadcrumb"},"inLanguage":"es","potentialAction":[{"@type":"ReadAction","target":["https:\/\/www.purhotmelt.com\/foam-lamination\/"]}]},{"@type":"BreadcrumbList","@id":"https:\/\/www.purhotmelt.com\/foam-lamination\/#breadcrumb","itemListElement":[{"@type":"ListItem","position":1,"name":"Home","item":"https:\/\/www.purhotmelt.com\/"},{"@type":"ListItem","position":2,"name":"Foam lamination"}]}]}},"_links":{"self":[{"href":"https:\/\/www.purhotmelt.com\/es\/wp-json\/wp\/v2\/pages\/70","targetHints":{"allow":["GET"]}}],"collection":[{"href":"https:\/\/www.purhotmelt.com\/es\/wp-json\/wp\/v2\/pages"}],"about":[{"href":"https:\/\/www.purhotmelt.com\/es\/wp-json\/wp\/v2\/types\/page"}],"author":[{"embeddable":true,"href":"https:\/\/www.purhotmelt.com\/es\/wp-json\/wp\/v2\/users\/1"}],"replies":[{"embeddable":true,"href":"https:\/\/www.purhotmelt.com\/es\/wp-json\/wp\/v2\/comments?post=70"}],"version-history":[{"count":2,"href":"https:\/\/www.purhotmelt.com\/es\/wp-json\/wp\/v2\/pages\/70\/revisions"}],"predecessor-version":[{"id":74,"href":"https:\/\/www.purhotmelt.com\/es\/wp-json\/wp\/v2\/pages\/70\/revisions\/74"}],"wp:attachment":[{"href":"https:\/\/www.purhotmelt.com\/es\/wp-json\/wp\/v2\/media?parent=70"}],"curies":[{"name":"wp","href":"https:\/\/api.w.org\/{rel}","templated":true}]}}