{"id":78,"date":"2021-01-20T21:12:45","date_gmt":"2021-01-20T21:12:45","guid":{"rendered":"https:\/\/www.purhotmelt.com\/?page_id=78"},"modified":"2021-01-20T21:12:46","modified_gmt":"2021-01-20T21:12:46","slug":"pur-adhesive-for-furniture-building","status":"publish","type":"page","link":"https:\/\/www.purhotmelt.com\/es\/pur-adhesive-for-furniture-building\/","title":{"rendered":"ADHESIVO PUR PARA LA CONSTRUCCI\u00d3N DE MUEBLES"},"content":{"rendered":"<p>El termofusible PUR es la primera opci\u00f3n siempre que se requiera la m\u00e1xima fuerza de uni\u00f3n y el procesamiento de producci\u00f3n m\u00e1s eficiente. El termofusible PUR se utiliza para producir muebles y elementos de construcci\u00f3n para uso interior o exterior. Los adhesivos termofusibles PUR son resistentes a la humedad, el fr\u00edo, el calor, as\u00ed como a los productos qu\u00edmicos y muchos disolventes. El termofusible PUR no contiene humedad, los sustratos no se hinchan debido al agua. No hay un proceso de secado, sino un proceso de enfriamiento y curado. Los adhesivos de fusi\u00f3n en caliente PUR se adhieren a muchos sustratos, incluidas las superficies de alto brillo.<\/p>\n\n\n\n<ul class=\"wp-block-list\"><li>Franja de borde<\/li><li>Laminaci\u00f3n plana<\/li><li>Envoltura de perfil<\/li><li>Sellado de bordes<\/li><li>Ensamblaje de madera<\/li><\/ul>","protected":false},"excerpt":{"rendered":"<p>PUR hot melt is the first choice whenever maximum bond strength and most efficient production processing [&hellip;]<\/p>","protected":false},"author":1,"featured_media":0,"parent":0,"menu_order":0,"comment_status":"closed","ping_status":"closed","template":"","meta":{"footnotes":""},"class_list":["post-78","page","type-page","status-publish","hentry"],"yoast_head":"<!-- This site is optimized with the Yoast SEO plugin v17.0 - https:\/\/yoast.com\/wordpress\/plugins\/seo\/ -->\n<title>PUR ADHESIVE FOR FURNITURE BUILDING - PUR hot melt adhesives<\/title>\n<meta name=\"robots\" content=\"index, follow, max-snippet:-1, max-image-preview:large, max-video-preview:-1\" \/>\n<link rel=\"canonical\" href=\"https:\/\/www.purhotmelt.com\/es\/pur-adhesive-for-furniture-building\/\" \/>\n<meta property=\"og:locale\" content=\"es_ES\" \/>\n<meta property=\"og:type\" content=\"article\" \/>\n<meta property=\"og:title\" content=\"PUR ADHESIVE FOR FURNITURE BUILDING - PUR hot melt adhesives\" \/>\n<meta property=\"og:description\" content=\"PUR hot melt is the first choice whenever maximum bond strength and most efficient production processing [&hellip;]\" \/>\n<meta property=\"og:url\" content=\"https:\/\/www.purhotmelt.com\/es\/pur-adhesive-for-furniture-building\/\" \/>\n<meta property=\"og:site_name\" content=\"PUR hot melt adhesives\" \/>\n<meta property=\"article:modified_time\" content=\"2021-01-20T21:12:46+00:00\" \/>\n<meta name=\"twitter:card\" content=\"summary_large_image\" \/>\n<script type=\"application\/ld+json\" class=\"yoast-schema-graph\">{\"@context\":\"https:\/\/schema.org\",\"@graph\":[{\"@type\":\"WebSite\",\"@id\":\"https:\/\/www.purhotmelt.com\/#website\",\"url\":\"https:\/\/www.purhotmelt.com\/\",\"name\":\"PUR hot melt adhesives\",\"description\":\"Intercol: Specialist manufacturer\",\"potentialAction\":[{\"@type\":\"SearchAction\",\"target\":{\"@type\":\"EntryPoint\",\"urlTemplate\":\"https:\/\/www.purhotmelt.com\/?s={search_term_string}\"},\"query-input\":\"required name=search_term_string\"}],\"inLanguage\":\"es\"},{\"@type\":\"WebPage\",\"@id\":\"https:\/\/www.purhotmelt.com\/nb\/pur-adhesive-for-furniture-building\/#webpage\",\"url\":\"https:\/\/www.purhotmelt.com\/nb\/pur-adhesive-for-furniture-building\/\",\"name\":\"PUR ADHESIVE FOR FURNITURE BUILDING - PUR hot melt adhesives\",\"isPartOf\":{\"@id\":\"https:\/\/www.purhotmelt.com\/#website\"},\"datePublished\":\"2021-01-20T21:12:45+00:00\",\"dateModified\":\"2021-01-20T21:12:46+00:00\",\"breadcrumb\":{\"@id\":\"https:\/\/www.purhotmelt.com\/nb\/pur-adhesive-for-furniture-building\/#breadcrumb\"},\"inLanguage\":\"es\",\"potentialAction\":[{\"@type\":\"ReadAction\",\"target\":[\"https:\/\/www.purhotmelt.com\/nb\/pur-adhesive-for-furniture-building\/\"]}]},{\"@type\":\"BreadcrumbList\",\"@id\":\"https:\/\/www.purhotmelt.com\/nb\/pur-adhesive-for-furniture-building\/#breadcrumb\",\"itemListElement\":[{\"@type\":\"ListItem\",\"position\":1,\"name\":\"Home\",\"item\":\"https:\/\/www.purhotmelt.com\/\"},{\"@type\":\"ListItem\",\"position\":2,\"name\":\"PUR ADHESIVE FOR FURNITURE BUILDING\"}]}]}<\/script>\n<!-- \/ Yoast SEO plugin. -->","yoast_head_json":{"title":"ADHESIVO PUR PARA LA CONSTRUCCI\u00d3N DE MUEBLES - Adhesivos termofusibles PUR","robots":{"index":"index","follow":"follow","max-snippet":"max-snippet:-1","max-image-preview":"max-image-preview:large","max-video-preview":"max-video-preview:-1"},"canonical":"https:\/\/www.purhotmelt.com\/es\/pur-adhesive-for-furniture-building\/","og_locale":"es_ES","og_type":"article","og_title":"PUR ADHESIVE FOR FURNITURE BUILDING - PUR hot melt adhesives","og_description":"PUR hot melt is the first choice whenever maximum bond strength and most efficient production processing [&hellip;]","og_url":"https:\/\/www.purhotmelt.com\/es\/pur-adhesive-for-furniture-building\/","og_site_name":"PUR hot melt adhesives","article_modified_time":"2021-01-20T21:12:46+00:00","twitter_card":"summary_large_image","schema":{"@context":"https:\/\/schema.org","@graph":[{"@type":"WebSite","@id":"https:\/\/www.purhotmelt.com\/#website","url":"https:\/\/www.purhotmelt.com\/","name":"Adhesivos termofusibles PUR","description":"Intercol: fabricante especialista","potentialAction":[{"@type":"SearchAction","target":{"@type":"EntryPoint","urlTemplate":"https:\/\/www.purhotmelt.com\/?s={search_term_string}"},"query-input":"required name=search_term_string"}],"inLanguage":"es"},{"@type":"WebPage","@id":"https:\/\/www.purhotmelt.com\/nb\/pur-adhesive-for-furniture-building\/#webpage","url":"https:\/\/www.purhotmelt.com\/nb\/pur-adhesive-for-furniture-building\/","name":"ADHESIVO PUR PARA LA CONSTRUCCI\u00d3N DE MUEBLES - Adhesivos termofusibles PUR","isPartOf":{"@id":"https:\/\/www.purhotmelt.com\/#website"},"datePublished":"2021-01-20T21:12:45+00:00","dateModified":"2021-01-20T21:12:46+00:00","breadcrumb":{"@id":"https:\/\/www.purhotmelt.com\/nb\/pur-adhesive-for-furniture-building\/#breadcrumb"},"inLanguage":"es","potentialAction":[{"@type":"ReadAction","target":["https:\/\/www.purhotmelt.com\/nb\/pur-adhesive-for-furniture-building\/"]}]},{"@type":"BreadcrumbList","@id":"https:\/\/www.purhotmelt.com\/nb\/pur-adhesive-for-furniture-building\/#breadcrumb","itemListElement":[{"@type":"ListItem","position":1,"name":"Home","item":"https:\/\/www.purhotmelt.com\/"},{"@type":"ListItem","position":2,"name":"PUR ADHESIVE FOR FURNITURE BUILDING"}]}]}},"_links":{"self":[{"href":"https:\/\/www.purhotmelt.com\/es\/wp-json\/wp\/v2\/pages\/78","targetHints":{"allow":["GET"]}}],"collection":[{"href":"https:\/\/www.purhotmelt.com\/es\/wp-json\/wp\/v2\/pages"}],"about":[{"href":"https:\/\/www.purhotmelt.com\/es\/wp-json\/wp\/v2\/types\/page"}],"author":[{"embeddable":true,"href":"https:\/\/www.purhotmelt.com\/es\/wp-json\/wp\/v2\/users\/1"}],"replies":[{"embeddable":true,"href":"https:\/\/www.purhotmelt.com\/es\/wp-json\/wp\/v2\/comments?post=78"}],"version-history":[{"count":1,"href":"https:\/\/www.purhotmelt.com\/es\/wp-json\/wp\/v2\/pages\/78\/revisions"}],"predecessor-version":[{"id":80,"href":"https:\/\/www.purhotmelt.com\/es\/wp-json\/wp\/v2\/pages\/78\/revisions\/80"}],"wp:attachment":[{"href":"https:\/\/www.purhotmelt.com\/es\/wp-json\/wp\/v2\/media?parent=78"}],"curies":[{"name":"wp","href":"https:\/\/api.w.org\/{rel}","templated":true}]}}