{"id":81,"date":"2021-01-20T21:15:04","date_gmt":"2021-01-20T21:15:04","guid":{"rendered":"https:\/\/www.purhotmelt.com\/?page_id=81"},"modified":"2021-01-20T21:15:07","modified_gmt":"2021-01-20T21:15:07","slug":"pur-hotmelt-adhesive-panels","status":"publish","type":"page","link":"https:\/\/www.purhotmelt.com\/es\/pur-hotmelt-adhesive-panels\/","title":{"rendered":"ADHESIVO PUR HOTMELT - PANELES"},"content":{"rendered":"<p> Nuestras ahdesis de fusi\u00f3n en caliente de panel pur son adhesivos de curado r\u00e1pido, flexibles y sin solventes. Este tipo de termofusible es un PUR de un componente para unir materiales de paneles aislados. <\/p>\n\n\n\n<h2 class=\"wp-block-heading\">LAMINACI\u00d3N PLANA <\/h2>\n\n\n\n<p>Los adhesivos termofusibles PUR de laminaci\u00f3n plana se utilizan para laminar capas o l\u00e1minas a un panel. Puede ser madera, cart\u00f3n ondulado, espuma aislante, metal o pl\u00e1stico. <\/p>\n\n\n\n<h2 class=\"wp-block-heading\">ADHESIVOS LIBRES DE DISOLVENTES<\/h2>\n\n\n\n<p> Los termofusibles de poliuretano proporcionan un impacto ambiental reducido en comparaci\u00f3n con los adhesivos a base de solventes. <\/p>\n\n\n\n<h2 class=\"wp-block-heading\">RESISTENCIA A LA TEMPERATURA<\/h2>\n\n\n\n<p> Generalmente, los termofusibles de poliuretano son resistentes a temperaturas de hasta + 120\u02daC durante per\u00edodos prolongados. <\/p>\n\n\n\n<h2 class=\"wp-block-heading\">RESISTENCIA QU\u00cdMICA <\/h2>\n\n\n\n<p>A varios \u00e1cidos, algunos disolventes, limpiadores, agentes humectantes, plastificantes, diesel, gasolina y bases fuertes.<\/p>","protected":false},"excerpt":{"rendered":"<p>Our panel pur hot melt ahdesises are fast curing, flexible, solvent free adhesives. This type of [&hellip;]<\/p>","protected":false},"author":1,"featured_media":0,"parent":0,"menu_order":0,"comment_status":"closed","ping_status":"closed","template":"","meta":{"footnotes":""},"class_list":["post-81","page","type-page","status-publish","hentry"],"yoast_head":"<!-- This site is optimized with the Yoast SEO plugin v17.0 - https:\/\/yoast.com\/wordpress\/plugins\/seo\/ -->\n<title>PUR HOTMELT ADHESIVE \u2013 PANELS - PUR hot melt adhesives<\/title>\n<meta name=\"robots\" content=\"index, follow, max-snippet:-1, max-image-preview:large, max-video-preview:-1\" \/>\n<link rel=\"canonical\" href=\"https:\/\/www.purhotmelt.com\/es\/pur-hotmelt-adhesive-panels\/\" \/>\n<meta property=\"og:locale\" content=\"es_ES\" \/>\n<meta property=\"og:type\" content=\"article\" \/>\n<meta property=\"og:title\" content=\"PUR HOTMELT ADHESIVE \u2013 PANELS - PUR hot melt adhesives\" \/>\n<meta property=\"og:description\" content=\"Our panel pur hot melt ahdesises are fast curing, flexible, solvent free adhesives. This type of [&hellip;]\" \/>\n<meta property=\"og:url\" content=\"https:\/\/www.purhotmelt.com\/es\/pur-hotmelt-adhesive-panels\/\" \/>\n<meta property=\"og:site_name\" content=\"PUR hot melt adhesives\" \/>\n<meta property=\"article:modified_time\" content=\"2021-01-20T21:15:07+00:00\" \/>\n<meta name=\"twitter:card\" content=\"summary_large_image\" \/>\n<meta name=\"twitter:label1\" content=\"Tiempo de lectura\" \/>\n\t<meta name=\"twitter:data1\" content=\"1 minuto\" \/>\n<script type=\"application\/ld+json\" class=\"yoast-schema-graph\">{\"@context\":\"https:\/\/schema.org\",\"@graph\":[{\"@type\":\"WebSite\",\"@id\":\"https:\/\/www.purhotmelt.com\/#website\",\"url\":\"https:\/\/www.purhotmelt.com\/\",\"name\":\"PUR hot melt adhesives\",\"description\":\"Intercol: Specialist manufacturer\",\"potentialAction\":[{\"@type\":\"SearchAction\",\"target\":{\"@type\":\"EntryPoint\",\"urlTemplate\":\"https:\/\/www.purhotmelt.com\/?s={search_term_string}\"},\"query-input\":\"required name=search_term_string\"}],\"inLanguage\":\"es\"},{\"@type\":\"WebPage\",\"@id\":\"https:\/\/www.purhotmelt.com\/es\/pur-hotmelt-adhesive-panels\/#webpage\",\"url\":\"https:\/\/www.purhotmelt.com\/es\/pur-hotmelt-adhesive-panels\/\",\"name\":\"PUR HOTMELT ADHESIVE \\u2013 PANELS - PUR hot melt adhesives\",\"isPartOf\":{\"@id\":\"https:\/\/www.purhotmelt.com\/#website\"},\"datePublished\":\"2021-01-20T21:15:04+00:00\",\"dateModified\":\"2021-01-20T21:15:07+00:00\",\"breadcrumb\":{\"@id\":\"https:\/\/www.purhotmelt.com\/es\/pur-hotmelt-adhesive-panels\/#breadcrumb\"},\"inLanguage\":\"es\",\"potentialAction\":[{\"@type\":\"ReadAction\",\"target\":[\"https:\/\/www.purhotmelt.com\/es\/pur-hotmelt-adhesive-panels\/\"]}]},{\"@type\":\"BreadcrumbList\",\"@id\":\"https:\/\/www.purhotmelt.com\/es\/pur-hotmelt-adhesive-panels\/#breadcrumb\",\"itemListElement\":[{\"@type\":\"ListItem\",\"position\":1,\"name\":\"Home\",\"item\":\"https:\/\/www.purhotmelt.com\/\"},{\"@type\":\"ListItem\",\"position\":2,\"name\":\"PUR HOTMELT ADHESIVE \\u2013 PANELS\"}]}]}<\/script>\n<!-- \/ Yoast SEO plugin. -->","yoast_head_json":{"title":"ADHESIVO PUR HOTMELT - PANELES - Adhesivos termofusibles PUR","robots":{"index":"index","follow":"follow","max-snippet":"max-snippet:-1","max-image-preview":"max-image-preview:large","max-video-preview":"max-video-preview:-1"},"canonical":"https:\/\/www.purhotmelt.com\/es\/pur-hotmelt-adhesive-panels\/","og_locale":"es_ES","og_type":"article","og_title":"PUR HOTMELT ADHESIVE \u2013 PANELS - PUR hot melt adhesives","og_description":"Our panel pur hot melt ahdesises are fast curing, flexible, solvent free adhesives. This type of [&hellip;]","og_url":"https:\/\/www.purhotmelt.com\/es\/pur-hotmelt-adhesive-panels\/","og_site_name":"PUR hot melt adhesives","article_modified_time":"2021-01-20T21:15:07+00:00","twitter_card":"summary_large_image","twitter_misc":{"Tiempo de lectura":"1 minuto"},"schema":{"@context":"https:\/\/schema.org","@graph":[{"@type":"WebSite","@id":"https:\/\/www.purhotmelt.com\/#website","url":"https:\/\/www.purhotmelt.com\/","name":"Adhesivos termofusibles PUR","description":"Intercol: fabricante especialista","potentialAction":[{"@type":"SearchAction","target":{"@type":"EntryPoint","urlTemplate":"https:\/\/www.purhotmelt.com\/?s={search_term_string}"},"query-input":"required name=search_term_string"}],"inLanguage":"es"},{"@type":"WebPage","@id":"https:\/\/www.purhotmelt.com\/es\/pur-hotmelt-adhesive-panels\/#webpage","url":"https:\/\/www.purhotmelt.com\/es\/pur-hotmelt-adhesive-panels\/","name":"ADHESIVO PUR HOTMELT - PANELES - Adhesivos termofusibles PUR","isPartOf":{"@id":"https:\/\/www.purhotmelt.com\/#website"},"datePublished":"2021-01-20T21:15:04+00:00","dateModified":"2021-01-20T21:15:07+00:00","breadcrumb":{"@id":"https:\/\/www.purhotmelt.com\/es\/pur-hotmelt-adhesive-panels\/#breadcrumb"},"inLanguage":"es","potentialAction":[{"@type":"ReadAction","target":["https:\/\/www.purhotmelt.com\/es\/pur-hotmelt-adhesive-panels\/"]}]},{"@type":"BreadcrumbList","@id":"https:\/\/www.purhotmelt.com\/es\/pur-hotmelt-adhesive-panels\/#breadcrumb","itemListElement":[{"@type":"ListItem","position":1,"name":"Home","item":"https:\/\/www.purhotmelt.com\/"},{"@type":"ListItem","position":2,"name":"PUR HOTMELT ADHESIVE \u2013 PANELS"}]}]}},"_links":{"self":[{"href":"https:\/\/www.purhotmelt.com\/es\/wp-json\/wp\/v2\/pages\/81","targetHints":{"allow":["GET"]}}],"collection":[{"href":"https:\/\/www.purhotmelt.com\/es\/wp-json\/wp\/v2\/pages"}],"about":[{"href":"https:\/\/www.purhotmelt.com\/es\/wp-json\/wp\/v2\/types\/page"}],"author":[{"embeddable":true,"href":"https:\/\/www.purhotmelt.com\/es\/wp-json\/wp\/v2\/users\/1"}],"replies":[{"embeddable":true,"href":"https:\/\/www.purhotmelt.com\/es\/wp-json\/wp\/v2\/comments?post=81"}],"version-history":[{"count":1,"href":"https:\/\/www.purhotmelt.com\/es\/wp-json\/wp\/v2\/pages\/81\/revisions"}],"predecessor-version":[{"id":83,"href":"https:\/\/www.purhotmelt.com\/es\/wp-json\/wp\/v2\/pages\/81\/revisions\/83"}],"wp:attachment":[{"href":"https:\/\/www.purhotmelt.com\/es\/wp-json\/wp\/v2\/media?parent=81"}],"curies":[{"name":"wp","href":"https:\/\/api.w.org\/{rel}","templated":true}]}}