{"id":84,"date":"2021-01-20T21:17:02","date_gmt":"2021-01-20T21:17:02","guid":{"rendered":"https:\/\/www.purhotmelt.com\/?page_id=84"},"modified":"2021-01-20T21:17:03","modified_gmt":"2021-01-20T21:17:03","slug":"polyolefin-hot-melt-adhesive-for-flat-lamination","status":"publish","type":"page","link":"https:\/\/www.purhotmelt.com\/es\/polyolefin-hot-melt-adhesive-for-flat-lamination\/","title":{"rendered":"ADHESIVO DE POLIOLEFINA HOT MELT PARA LAMINACI\u00d3N PLANA"},"content":{"rendered":"<p> Intercol utiliza materias primas de alta calidad, adhesivos dise\u00f1ados para aplicaciones dedicadas y procesos de fabricaci\u00f3n avanzados para producir soluciones adhesivas de fusi\u00f3n en caliente para carpinter\u00eda de alto rendimiento que permiten a nuestros clientes ejecutar procesos de producci\u00f3n m\u00e1s eficientes. <\/p>\n\n\n\n<h2 class=\"wp-block-heading\">LIMPIO Y SIN HUMOS <\/h2>\n\n\n\n<p>Nuestros adhesivos termofusibles f\u00e1ciles de usar se utilizan en aplicaciones tales como prerrevestimiento de perfiles de laminaci\u00f3n plana, envoltura de cantos, uni\u00f3n de espuma de formaci\u00f3n suave, ranurado en V y se env\u00edan a todo el mundo. La revolucionaria gama de poliolefinas blancas de adhesivos termofusibles se puede utilizar con pr\u00e1cticamente todas las m\u00e1quinas para trabajar la madera y ofrece una adhesi\u00f3n superior a sustratos como PVC, HPL, melamina, chapa de madera, melamina y otros materiales como MDF y aglomerado. <\/p>\n\n\n\n<h2 class=\"wp-block-heading\">PRECOATING HOT MELTS <\/h2>\n\n\n\n<p>Se ha formulado una gama especial de adhesivos termofusibles para carpinter\u00eda para aplicaciones de prerrecubrimiento con papeles impregnados de melamina, enchapados, bordes de HPL y PVC. Al usar calor, la pel\u00edcula adhesiva se reactivar\u00e1. <\/p>\n\n\n\n<h2 class=\"wp-block-heading\">ENVOLTURA DE PERFIL<\/h2>\n\n\n\n<p> Los adhesivos de envoltura de perfiles de Intercol han sido dise\u00f1ados para dar una uni\u00f3n fuerte a chapas de madera, l\u00e1minas de papel, PVC y laminados de alta presi\u00f3n. Estos adhesivos permiten a los fabricantes de puertas y marcos de puertas producir perfiles de curado y lacado m\u00e1s r\u00e1pidos y eficientes. <\/p>\n\n\n\n<h2 class=\"wp-block-heading\">FRANJA DE BORDE<\/h2>\n\n\n\n<p> Nuestra gama de adhesivos de fusi\u00f3n en caliente de poliolefina para cantos han demostrado que soportan temperaturas de 100 \u00b0 C durante hasta tres d\u00edas sin deslaminarse. \u00bfEst\u00e1 interesado en un producto? Solicite una muestra para: Recubrimiento previo Ranurado en V, laminado superior y ensamblaje general Envoltura de perfiles Formado suave Borde de cantos Uni\u00f3n de espuma<\/p>","protected":false},"excerpt":{"rendered":"<p>Intercol uses high quality raw materials, dedicated application engineered adhesives and advanced manufacturing processes to produce [&hellip;]<\/p>","protected":false},"author":1,"featured_media":0,"parent":0,"menu_order":0,"comment_status":"closed","ping_status":"closed","template":"","meta":{"footnotes":""},"class_list":["post-84","page","type-page","status-publish","hentry"],"yoast_head":"<!-- This site is optimized with the Yoast SEO plugin v17.0 - https:\/\/yoast.com\/wordpress\/plugins\/seo\/ -->\n<title>POLYOLEFIN HOT MELT ADHESIVE FOR FLAT LAMINATION - PUR hot melt adhesives<\/title>\n<meta name=\"robots\" content=\"index, follow, max-snippet:-1, max-image-preview:large, max-video-preview:-1\" \/>\n<link rel=\"canonical\" href=\"https:\/\/www.purhotmelt.com\/es\/polyolefin-hot-melt-adhesive-for-flat-lamination\/\" \/>\n<meta property=\"og:locale\" content=\"es_ES\" \/>\n<meta property=\"og:type\" content=\"article\" \/>\n<meta property=\"og:title\" content=\"POLYOLEFIN HOT MELT ADHESIVE FOR FLAT LAMINATION - PUR hot melt adhesives\" \/>\n<meta property=\"og:description\" content=\"Intercol uses high quality raw materials, dedicated application engineered adhesives and advanced manufacturing processes to produce [&hellip;]\" \/>\n<meta property=\"og:url\" content=\"https:\/\/www.purhotmelt.com\/es\/polyolefin-hot-melt-adhesive-for-flat-lamination\/\" \/>\n<meta property=\"og:site_name\" content=\"PUR hot melt adhesives\" \/>\n<meta property=\"article:modified_time\" content=\"2021-01-20T21:17:03+00:00\" \/>\n<meta name=\"twitter:card\" content=\"summary_large_image\" \/>\n<meta name=\"twitter:label1\" content=\"Tiempo de lectura\" \/>\n\t<meta name=\"twitter:data1\" content=\"1 minuto\" \/>\n<script type=\"application\/ld+json\" class=\"yoast-schema-graph\">{\"@context\":\"https:\/\/schema.org\",\"@graph\":[{\"@type\":\"WebSite\",\"@id\":\"https:\/\/www.purhotmelt.com\/#website\",\"url\":\"https:\/\/www.purhotmelt.com\/\",\"name\":\"PUR hot melt adhesives\",\"description\":\"Intercol: Specialist manufacturer\",\"potentialAction\":[{\"@type\":\"SearchAction\",\"target\":{\"@type\":\"EntryPoint\",\"urlTemplate\":\"https:\/\/www.purhotmelt.com\/?s={search_term_string}\"},\"query-input\":\"required name=search_term_string\"}],\"inLanguage\":\"es\"},{\"@type\":\"WebPage\",\"@id\":\"https:\/\/www.purhotmelt.com\/es\/polyolefin-hot-melt-adhesive-for-flat-lamination\/#webpage\",\"url\":\"https:\/\/www.purhotmelt.com\/es\/polyolefin-hot-melt-adhesive-for-flat-lamination\/\",\"name\":\"POLYOLEFIN HOT MELT ADHESIVE FOR FLAT LAMINATION - PUR hot melt adhesives\",\"isPartOf\":{\"@id\":\"https:\/\/www.purhotmelt.com\/#website\"},\"datePublished\":\"2021-01-20T21:17:02+00:00\",\"dateModified\":\"2021-01-20T21:17:03+00:00\",\"breadcrumb\":{\"@id\":\"https:\/\/www.purhotmelt.com\/es\/polyolefin-hot-melt-adhesive-for-flat-lamination\/#breadcrumb\"},\"inLanguage\":\"es\",\"potentialAction\":[{\"@type\":\"ReadAction\",\"target\":[\"https:\/\/www.purhotmelt.com\/es\/polyolefin-hot-melt-adhesive-for-flat-lamination\/\"]}]},{\"@type\":\"BreadcrumbList\",\"@id\":\"https:\/\/www.purhotmelt.com\/es\/polyolefin-hot-melt-adhesive-for-flat-lamination\/#breadcrumb\",\"itemListElement\":[{\"@type\":\"ListItem\",\"position\":1,\"name\":\"Home\",\"item\":\"https:\/\/www.purhotmelt.com\/\"},{\"@type\":\"ListItem\",\"position\":2,\"name\":\"POLYOLEFIN HOT MELT ADHESIVE FOR FLAT LAMINATION\"}]}]}<\/script>\n<!-- \/ Yoast SEO plugin. -->","yoast_head_json":{"title":"ADHESIVO DE POLIOLEFINA HOT MELT PARA LAMINACI\u00d3N PLANA - Adhesivos PUR hot melt","robots":{"index":"index","follow":"follow","max-snippet":"max-snippet:-1","max-image-preview":"max-image-preview:large","max-video-preview":"max-video-preview:-1"},"canonical":"https:\/\/www.purhotmelt.com\/es\/polyolefin-hot-melt-adhesive-for-flat-lamination\/","og_locale":"es_ES","og_type":"article","og_title":"POLYOLEFIN HOT MELT ADHESIVE FOR FLAT LAMINATION - PUR hot melt adhesives","og_description":"Intercol uses high quality raw materials, dedicated application engineered adhesives and advanced manufacturing processes to produce [&hellip;]","og_url":"https:\/\/www.purhotmelt.com\/es\/polyolefin-hot-melt-adhesive-for-flat-lamination\/","og_site_name":"PUR hot melt adhesives","article_modified_time":"2021-01-20T21:17:03+00:00","twitter_card":"summary_large_image","twitter_misc":{"Tiempo de lectura":"1 minuto"},"schema":{"@context":"https:\/\/schema.org","@graph":[{"@type":"WebSite","@id":"https:\/\/www.purhotmelt.com\/#website","url":"https:\/\/www.purhotmelt.com\/","name":"Adhesivos termofusibles PUR","description":"Intercol: fabricante especialista","potentialAction":[{"@type":"SearchAction","target":{"@type":"EntryPoint","urlTemplate":"https:\/\/www.purhotmelt.com\/?s={search_term_string}"},"query-input":"required name=search_term_string"}],"inLanguage":"es"},{"@type":"WebPage","@id":"https:\/\/www.purhotmelt.com\/es\/polyolefin-hot-melt-adhesive-for-flat-lamination\/#webpage","url":"https:\/\/www.purhotmelt.com\/es\/polyolefin-hot-melt-adhesive-for-flat-lamination\/","name":"ADHESIVO DE POLIOLEFINA HOT MELT PARA LAMINACI\u00d3N PLANA - Adhesivos PUR hot melt","isPartOf":{"@id":"https:\/\/www.purhotmelt.com\/#website"},"datePublished":"2021-01-20T21:17:02+00:00","dateModified":"2021-01-20T21:17:03+00:00","breadcrumb":{"@id":"https:\/\/www.purhotmelt.com\/es\/polyolefin-hot-melt-adhesive-for-flat-lamination\/#breadcrumb"},"inLanguage":"es","potentialAction":[{"@type":"ReadAction","target":["https:\/\/www.purhotmelt.com\/es\/polyolefin-hot-melt-adhesive-for-flat-lamination\/"]}]},{"@type":"BreadcrumbList","@id":"https:\/\/www.purhotmelt.com\/es\/polyolefin-hot-melt-adhesive-for-flat-lamination\/#breadcrumb","itemListElement":[{"@type":"ListItem","position":1,"name":"Home","item":"https:\/\/www.purhotmelt.com\/"},{"@type":"ListItem","position":2,"name":"POLYOLEFIN HOT MELT ADHESIVE FOR FLAT LAMINATION"}]}]}},"_links":{"self":[{"href":"https:\/\/www.purhotmelt.com\/es\/wp-json\/wp\/v2\/pages\/84","targetHints":{"allow":["GET"]}}],"collection":[{"href":"https:\/\/www.purhotmelt.com\/es\/wp-json\/wp\/v2\/pages"}],"about":[{"href":"https:\/\/www.purhotmelt.com\/es\/wp-json\/wp\/v2\/types\/page"}],"author":[{"embeddable":true,"href":"https:\/\/www.purhotmelt.com\/es\/wp-json\/wp\/v2\/users\/1"}],"replies":[{"embeddable":true,"href":"https:\/\/www.purhotmelt.com\/es\/wp-json\/wp\/v2\/comments?post=84"}],"version-history":[{"count":1,"href":"https:\/\/www.purhotmelt.com\/es\/wp-json\/wp\/v2\/pages\/84\/revisions"}],"predecessor-version":[{"id":86,"href":"https:\/\/www.purhotmelt.com\/es\/wp-json\/wp\/v2\/pages\/84\/revisions\/86"}],"wp:attachment":[{"href":"https:\/\/www.purhotmelt.com\/es\/wp-json\/wp\/v2\/media?parent=84"}],"curies":[{"name":"wp","href":"https:\/\/api.w.org\/{rel}","templated":true}]}}