{"id":87,"date":"2021-01-20T21:18:36","date_gmt":"2021-01-20T21:18:36","guid":{"rendered":"https:\/\/www.purhotmelt.com\/?page_id=87"},"modified":"2021-01-22T07:28:27","modified_gmt":"2021-01-22T07:28:27","slug":"87-2","status":"publish","type":"page","link":"https:\/\/www.purhotmelt.com\/es\/87-2\/","title":{"rendered":"PRECIO ADHESIVO HOT MELT"},"content":{"rendered":"<p>El precio de los adhesivos termofusibles puede comenzar tan bajo como 2,00 euros por kg, para grados de EVA simples, baratos y a granel. Cuando se requieren adhesivos termofusibles m\u00e1s sofisticados, el precio aumentar\u00e1 r\u00e1pidamente. Sin embargo, muchos procesos de producci\u00f3n se beneficiar\u00e1n de tener el adhesivo termofusible adecuado y m\u00e1s costoso que proporcione fallas de 0,00%, incluso en entornos desafiantes como entornos tropicales y congelados, y con sustratos recubiertos y laminados.<\/p>\n\n\n\n<h2 class=\"wp-block-heading\">ADHESIVOS DE FUSI\u00d3N EN CALIENTE A BASE DE EVA ACETATO DE ETILENO VINILO<\/h2>\n\n\n\n<p>Los adhesivos EVA est\u00e1ndar son termofusibles de color amarillo claro que proporcionan un tiempo abierto de medio a largo y un fraguado r\u00e1pido, por lo que necesitan tiempos de compresi\u00f3n bajos de aproximadamente 1 segundo. Los adhesivos de fusi\u00f3n en caliente EVA se utilizan com\u00fanmente para unir cajas corrugadas y envolventes, cartones plegables impresos, bandejas de alimentos y para la producci\u00f3n de bolsas de papel. En particular para aplicaciones de envasado de alimentos.<\/p>\n\n\n\n<p>Algunos grados especiales que a menudo comprometen la adherencia a las superficies recubiertas, se pueden usar donde se necesita una alta resistencia al calor.<\/p>\n\n\n\n<p>Los adhesivos de fraguado muy r\u00e1pido tambi\u00e9n proporcionan un tiempo abierto m\u00e1s corto. Los termofusibles a baja temperatura de aplicaci\u00f3n no proporcionar\u00e1n una buena resistencia a las altas temperaturas.<\/p>\n\n\n\n<h2 class=\"wp-block-heading\">ADHESIVOS DE POLIOLEFINA HOT MELT<\/h2>\n\n\n\n<p>El adhesivo termofusible de poliolefina tiende a ser m\u00e1s caro en precio por KG, pero la densidad es menor, por lo que el primer ahorro se basa en m\u00e1s volumen por el mismo precio. Por encima de eso, los termofusibles de poliolefina en general proporcionan una uni\u00f3n m\u00e1s fuerte y, por lo tanto, reducen el consumo de adhesivo. La mayor\u00eda de los termofusibles de poliolefina son muy termoestables, lo que alarga la vida \u00fatil del equipo de encolado de termofusibles y reduce los costos de mantenimiento y el tiempo de inactividad.<\/p>","protected":false},"excerpt":{"rendered":"<p>The price of&nbsp;hot melt adhesives&nbsp;can start as low as 2,00 euro per Kg, for simple, cheap, [&hellip;]<\/p>","protected":false},"author":1,"featured_media":0,"parent":0,"menu_order":0,"comment_status":"closed","ping_status":"closed","template":"","meta":{"footnotes":""},"class_list":["post-87","page","type-page","status-publish","hentry"],"yoast_head":"<!-- This site is optimized with the Yoast SEO plugin v17.0 - https:\/\/yoast.com\/wordpress\/plugins\/seo\/ -->\n<title>HOT MELT ADHESIVE PRICE - PUR hot melt adhesives<\/title>\n<meta name=\"robots\" content=\"index, follow, max-snippet:-1, max-image-preview:large, max-video-preview:-1\" \/>\n<link rel=\"canonical\" href=\"https:\/\/www.purhotmelt.com\/es\/87-2\/\" \/>\n<meta property=\"og:locale\" content=\"es_ES\" \/>\n<meta property=\"og:type\" content=\"article\" \/>\n<meta property=\"og:title\" content=\"HOT MELT ADHESIVE PRICE - PUR hot melt adhesives\" \/>\n<meta property=\"og:description\" content=\"The price of&nbsp;hot melt adhesives&nbsp;can start as low as 2,00 euro per Kg, for simple, cheap, [&hellip;]\" \/>\n<meta property=\"og:url\" content=\"https:\/\/www.purhotmelt.com\/es\/87-2\/\" \/>\n<meta property=\"og:site_name\" content=\"PUR hot melt adhesives\" \/>\n<meta property=\"article:modified_time\" content=\"2021-01-22T07:28:27+00:00\" \/>\n<meta name=\"twitter:card\" content=\"summary_large_image\" \/>\n<meta name=\"twitter:label1\" content=\"Tiempo de lectura\" \/>\n\t<meta name=\"twitter:data1\" content=\"1 minuto\" \/>\n<script type=\"application\/ld+json\" class=\"yoast-schema-graph\">{\"@context\":\"https:\/\/schema.org\",\"@graph\":[{\"@type\":\"WebSite\",\"@id\":\"https:\/\/www.purhotmelt.com\/#website\",\"url\":\"https:\/\/www.purhotmelt.com\/\",\"name\":\"PUR hot melt adhesives\",\"description\":\"Intercol: Specialist manufacturer\",\"potentialAction\":[{\"@type\":\"SearchAction\",\"target\":{\"@type\":\"EntryPoint\",\"urlTemplate\":\"https:\/\/www.purhotmelt.com\/?s={search_term_string}\"},\"query-input\":\"required name=search_term_string\"}],\"inLanguage\":\"es\"},{\"@type\":\"WebPage\",\"@id\":\"https:\/\/www.purhotmelt.com\/nl\/87-2\/#webpage\",\"url\":\"https:\/\/www.purhotmelt.com\/nl\/87-2\/\",\"name\":\"HOT MELT ADHESIVE PRICE - PUR hot melt adhesives\",\"isPartOf\":{\"@id\":\"https:\/\/www.purhotmelt.com\/#website\"},\"datePublished\":\"2021-01-20T21:18:36+00:00\",\"dateModified\":\"2021-01-22T07:28:27+00:00\",\"breadcrumb\":{\"@id\":\"https:\/\/www.purhotmelt.com\/nl\/87-2\/#breadcrumb\"},\"inLanguage\":\"es\",\"potentialAction\":[{\"@type\":\"ReadAction\",\"target\":[\"https:\/\/www.purhotmelt.com\/nl\/87-2\/\"]}]},{\"@type\":\"BreadcrumbList\",\"@id\":\"https:\/\/www.purhotmelt.com\/nl\/87-2\/#breadcrumb\",\"itemListElement\":[{\"@type\":\"ListItem\",\"position\":1,\"name\":\"Home\",\"item\":\"https:\/\/www.purhotmelt.com\/\"},{\"@type\":\"ListItem\",\"position\":2,\"name\":\"HOT MELT ADHESIVE PRICE\"}]}]}<\/script>\n<!-- \/ Yoast SEO plugin. -->","yoast_head_json":{"title":"PRECIO DEL ADHESIVO HOT MELT - Adhesivos hot melt PUR","robots":{"index":"index","follow":"follow","max-snippet":"max-snippet:-1","max-image-preview":"max-image-preview:large","max-video-preview":"max-video-preview:-1"},"canonical":"https:\/\/www.purhotmelt.com\/es\/87-2\/","og_locale":"es_ES","og_type":"article","og_title":"HOT MELT ADHESIVE PRICE - PUR hot melt adhesives","og_description":"The price of&nbsp;hot melt adhesives&nbsp;can start as low as 2,00 euro per Kg, for simple, cheap, [&hellip;]","og_url":"https:\/\/www.purhotmelt.com\/es\/87-2\/","og_site_name":"PUR hot melt adhesives","article_modified_time":"2021-01-22T07:28:27+00:00","twitter_card":"summary_large_image","twitter_misc":{"Tiempo de lectura":"1 minuto"},"schema":{"@context":"https:\/\/schema.org","@graph":[{"@type":"WebSite","@id":"https:\/\/www.purhotmelt.com\/#website","url":"https:\/\/www.purhotmelt.com\/","name":"Adhesivos termofusibles PUR","description":"Intercol: fabricante especialista","potentialAction":[{"@type":"SearchAction","target":{"@type":"EntryPoint","urlTemplate":"https:\/\/www.purhotmelt.com\/?s={search_term_string}"},"query-input":"required name=search_term_string"}],"inLanguage":"es"},{"@type":"WebPage","@id":"https:\/\/www.purhotmelt.com\/nl\/87-2\/#webpage","url":"https:\/\/www.purhotmelt.com\/nl\/87-2\/","name":"PRECIO DEL ADHESIVO HOT MELT - Adhesivos hot melt PUR","isPartOf":{"@id":"https:\/\/www.purhotmelt.com\/#website"},"datePublished":"2021-01-20T21:18:36+00:00","dateModified":"2021-01-22T07:28:27+00:00","breadcrumb":{"@id":"https:\/\/www.purhotmelt.com\/nl\/87-2\/#breadcrumb"},"inLanguage":"es","potentialAction":[{"@type":"ReadAction","target":["https:\/\/www.purhotmelt.com\/nl\/87-2\/"]}]},{"@type":"BreadcrumbList","@id":"https:\/\/www.purhotmelt.com\/nl\/87-2\/#breadcrumb","itemListElement":[{"@type":"ListItem","position":1,"name":"Home","item":"https:\/\/www.purhotmelt.com\/"},{"@type":"ListItem","position":2,"name":"HOT MELT ADHESIVE PRICE"}]}]}},"_links":{"self":[{"href":"https:\/\/www.purhotmelt.com\/es\/wp-json\/wp\/v2\/pages\/87","targetHints":{"allow":["GET"]}}],"collection":[{"href":"https:\/\/www.purhotmelt.com\/es\/wp-json\/wp\/v2\/pages"}],"about":[{"href":"https:\/\/www.purhotmelt.com\/es\/wp-json\/wp\/v2\/types\/page"}],"author":[{"embeddable":true,"href":"https:\/\/www.purhotmelt.com\/es\/wp-json\/wp\/v2\/users\/1"}],"replies":[{"embeddable":true,"href":"https:\/\/www.purhotmelt.com\/es\/wp-json\/wp\/v2\/comments?post=87"}],"version-history":[{"count":2,"href":"https:\/\/www.purhotmelt.com\/es\/wp-json\/wp\/v2\/pages\/87\/revisions"}],"predecessor-version":[{"id":343,"href":"https:\/\/www.purhotmelt.com\/es\/wp-json\/wp\/v2\/pages\/87\/revisions\/343"}],"wp:attachment":[{"href":"https:\/\/www.purhotmelt.com\/es\/wp-json\/wp\/v2\/media?parent=87"}],"curies":[{"name":"wp","href":"https:\/\/api.w.org\/{rel}","templated":true}]}}