{"id":120,"date":"2021-01-20T21:31:32","date_gmt":"2021-01-20T21:31:32","guid":{"rendered":"https:\/\/www.purhotmelt.com\/?page_id=120"},"modified":"2021-01-20T21:31:34","modified_gmt":"2021-01-20T21:31:34","slug":"antislip-and-adhesive-coating-2","status":"publish","type":"page","link":"https:\/\/www.purhotmelt.com\/fr\/antislip-and-adhesive-coating-2\/","title":{"rendered":"REV\u00caTEMENT ANTID\u00c9RAPANT ET ADH\u00c9SIF"},"content":{"rendered":"<h1 class=\"wp-block-heading\"><\/h1>\n\n\n\n<p>Les adh\u00e9sifs pour rev\u00eatements textiles, tels que les dispersions \u00e0 base d&#039;eau et les adh\u00e9sifs thermofusibles, peuvent r\u00e9soudre de nombreux d\u00e9fis o\u00f9 les mat\u00e9riaux doivent \u00eatre flexibles, l\u00e9gers et durables avec des fonctionnalit\u00e9s sp\u00e9cifiques.<\/p>\n\n\n\n<p>Les produits de rev\u00eatement textile \u00e0 dispersion et thermofusible peuvent \u00eatre formul\u00e9s pour r\u00e9sister \u00e0 l&#039;exposition aux UV, \u00e0 la chaleur, au feu, au vieillissement et aux contraintes m\u00e9caniques. Les adh\u00e9sifs peuvent \u00eatre utilis\u00e9s \u00e0 la fois comme rev\u00eatement et comme adh\u00e9sif pour les propri\u00e9t\u00e9s de protection et d&#039;isolation. De nombreux textiles techniques reposent sur une liaison solide pour cr\u00e9er des \u00e9quipements de protection, des couvertures de soudage et des panneaux isolants.<\/p>\n\n\n\n<h2 class=\"wp-block-heading\">TEXTILES TECHNIQUES<\/h2>\n\n\n\n<p>La demande croissante de fibres techniques et de textiles, plus de solutions sont trouv\u00e9es avec l&#039;utilisation d&#039;adh\u00e9sifs sp\u00e9cialis\u00e9s. Des biens de consommation aux applications techniques et industrielles. Les d\u00e9veloppeurs R&amp;D, les concepteurs de produits et les fabricants sont constamment \u00e0 la recherche de nouveaux textiles innovants et performants.<\/p>\n\n\n\n<p>Les adh\u00e9sifs thermofusibles PUR sont souvent sp\u00e9cifiquement formul\u00e9s pour r\u00e9pondre aux caract\u00e9ristiques requises \u00e0 la fois des substrats et des processus, permettant des solutions optimis\u00e9es pour faire adh\u00e9rer les textiles \u00e0 d&#039;autres substrats. Nous aidons \u00e0 fournir les meilleures fonctions possibles pour chaque application sp\u00e9cifique, telles que:<\/p>\n\n\n\n<ul class=\"wp-block-list\"><li>Am\u00e9liorations de la r\u00e9sistance \u00e0 la traction et \u00e0 la d\u00e9chirure<\/li><li>Exigences de r\u00e9sistance thermique, au feu et aux UV<\/li><li>Am\u00e9liore la r\u00e9sistance \u00e0 l&#039;abrasion<\/li><li>Performances et durabilit\u00e9 \u00e0 haut vieillissement<\/li><li>Liaisons \u00e9tanches<\/li><li>Applications antid\u00e9rapantes<\/li><\/ul>","protected":false},"excerpt":{"rendered":"<p>Textile coating adhesives, such as waterbased dispersions and hot melt adhesives, can solve many challenges where [&hellip;]<\/p>","protected":false},"author":1,"featured_media":0,"parent":0,"menu_order":0,"comment_status":"closed","ping_status":"closed","template":"","meta":{"footnotes":""},"class_list":["post-120","page","type-page","status-publish","hentry"],"yoast_head":"<!-- This site is optimized with the Yoast SEO plugin v17.0 - https:\/\/yoast.com\/wordpress\/plugins\/seo\/ -->\n<title>ANTISLIP AND ADHESIVE COATING - PUR hot melt adhesives<\/title>\n<meta name=\"robots\" content=\"index, follow, max-snippet:-1, max-image-preview:large, max-video-preview:-1\" \/>\n<link rel=\"canonical\" href=\"https:\/\/www.purhotmelt.com\/fr\/antislip-and-adhesive-coating-2\/\" \/>\n<meta property=\"og:locale\" content=\"fr_FR\" \/>\n<meta property=\"og:type\" content=\"article\" \/>\n<meta property=\"og:title\" content=\"ANTISLIP AND ADHESIVE COATING - PUR hot melt adhesives\" \/>\n<meta property=\"og:description\" content=\"Textile coating adhesives, such as waterbased dispersions and hot melt adhesives, can solve many challenges where [&hellip;]\" \/>\n<meta property=\"og:url\" content=\"https:\/\/www.purhotmelt.com\/fr\/antislip-and-adhesive-coating-2\/\" \/>\n<meta property=\"og:site_name\" content=\"PUR hot melt adhesives\" \/>\n<meta property=\"article:modified_time\" content=\"2021-01-20T21:31:34+00:00\" \/>\n<meta name=\"twitter:card\" content=\"summary_large_image\" \/>\n<meta name=\"twitter:label1\" content=\"Dur\u00e9e de lecture est.\" \/>\n\t<meta name=\"twitter:data1\" content=\"1 minute\" \/>\n<script type=\"application\/ld+json\" class=\"yoast-schema-graph\">{\"@context\":\"https:\/\/schema.org\",\"@graph\":[{\"@type\":\"WebSite\",\"@id\":\"https:\/\/www.purhotmelt.com\/#website\",\"url\":\"https:\/\/www.purhotmelt.com\/\",\"name\":\"PUR hot melt adhesives\",\"description\":\"Intercol: Specialist manufacturer\",\"potentialAction\":[{\"@type\":\"SearchAction\",\"target\":{\"@type\":\"EntryPoint\",\"urlTemplate\":\"https:\/\/www.purhotmelt.com\/?s={search_term_string}\"},\"query-input\":\"required name=search_term_string\"}],\"inLanguage\":\"fr-BE\"},{\"@type\":\"WebPage\",\"@id\":\"https:\/\/www.purhotmelt.com\/nb\/antislip-and-adhesive-coating-2\/#webpage\",\"url\":\"https:\/\/www.purhotmelt.com\/nb\/antislip-and-adhesive-coating-2\/\",\"name\":\"ANTISLIP AND ADHESIVE COATING - PUR hot melt adhesives\",\"isPartOf\":{\"@id\":\"https:\/\/www.purhotmelt.com\/#website\"},\"datePublished\":\"2021-01-20T21:31:32+00:00\",\"dateModified\":\"2021-01-20T21:31:34+00:00\",\"breadcrumb\":{\"@id\":\"https:\/\/www.purhotmelt.com\/nb\/antislip-and-adhesive-coating-2\/#breadcrumb\"},\"inLanguage\":\"fr-BE\",\"potentialAction\":[{\"@type\":\"ReadAction\",\"target\":[\"https:\/\/www.purhotmelt.com\/nb\/antislip-and-adhesive-coating-2\/\"]}]},{\"@type\":\"BreadcrumbList\",\"@id\":\"https:\/\/www.purhotmelt.com\/nb\/antislip-and-adhesive-coating-2\/#breadcrumb\",\"itemListElement\":[{\"@type\":\"ListItem\",\"position\":1,\"name\":\"Home\",\"item\":\"https:\/\/www.purhotmelt.com\/\"},{\"@type\":\"ListItem\",\"position\":2,\"name\":\"ANTISLIP AND ADHESIVE COATING\"}]}]}<\/script>\n<!-- \/ Yoast SEO plugin. -->","yoast_head_json":{"title":"REV\u00caTEMENT ANTID\u00c9RAPANT ET ADH\u00c9SIF - Adh\u00e9sifs thermofusibles PUR","robots":{"index":"index","follow":"follow","max-snippet":"max-snippet:-1","max-image-preview":"max-image-preview:large","max-video-preview":"max-video-preview:-1"},"canonical":"https:\/\/www.purhotmelt.com\/fr\/antislip-and-adhesive-coating-2\/","og_locale":"fr_FR","og_type":"article","og_title":"ANTISLIP AND ADHESIVE COATING - PUR hot melt adhesives","og_description":"Textile coating adhesives, such as waterbased dispersions and hot melt adhesives, can solve many challenges where [&hellip;]","og_url":"https:\/\/www.purhotmelt.com\/fr\/antislip-and-adhesive-coating-2\/","og_site_name":"PUR hot melt adhesives","article_modified_time":"2021-01-20T21:31:34+00:00","twitter_card":"summary_large_image","twitter_misc":{"Dur\u00e9e de lecture est.":"1 minute"},"schema":{"@context":"https:\/\/schema.org","@graph":[{"@type":"WebSite","@id":"https:\/\/www.purhotmelt.com\/#website","url":"https:\/\/www.purhotmelt.com\/","name":"Adh\u00e9sifs thermofusibles PUR","description":"Intercol: fabricant sp\u00e9cialis\u00e9","potentialAction":[{"@type":"SearchAction","target":{"@type":"EntryPoint","urlTemplate":"https:\/\/www.purhotmelt.com\/?s={search_term_string}"},"query-input":"required name=search_term_string"}],"inLanguage":"fr-BE"},{"@type":"WebPage","@id":"https:\/\/www.purhotmelt.com\/nb\/antislip-and-adhesive-coating-2\/#webpage","url":"https:\/\/www.purhotmelt.com\/nb\/antislip-and-adhesive-coating-2\/","name":"REV\u00caTEMENT ANTID\u00c9RAPANT ET ADH\u00c9SIF - Adh\u00e9sifs thermofusibles PUR","isPartOf":{"@id":"https:\/\/www.purhotmelt.com\/#website"},"datePublished":"2021-01-20T21:31:32+00:00","dateModified":"2021-01-20T21:31:34+00:00","breadcrumb":{"@id":"https:\/\/www.purhotmelt.com\/nb\/antislip-and-adhesive-coating-2\/#breadcrumb"},"inLanguage":"fr-BE","potentialAction":[{"@type":"ReadAction","target":["https:\/\/www.purhotmelt.com\/nb\/antislip-and-adhesive-coating-2\/"]}]},{"@type":"BreadcrumbList","@id":"https:\/\/www.purhotmelt.com\/nb\/antislip-and-adhesive-coating-2\/#breadcrumb","itemListElement":[{"@type":"ListItem","position":1,"name":"Home","item":"https:\/\/www.purhotmelt.com\/"},{"@type":"ListItem","position":2,"name":"ANTISLIP AND ADHESIVE COATING"}]}]}},"_links":{"self":[{"href":"https:\/\/www.purhotmelt.com\/fr\/wp-json\/wp\/v2\/pages\/120","targetHints":{"allow":["GET"]}}],"collection":[{"href":"https:\/\/www.purhotmelt.com\/fr\/wp-json\/wp\/v2\/pages"}],"about":[{"href":"https:\/\/www.purhotmelt.com\/fr\/wp-json\/wp\/v2\/types\/page"}],"author":[{"embeddable":true,"href":"https:\/\/www.purhotmelt.com\/fr\/wp-json\/wp\/v2\/users\/1"}],"replies":[{"embeddable":true,"href":"https:\/\/www.purhotmelt.com\/fr\/wp-json\/wp\/v2\/comments?post=120"}],"version-history":[{"count":1,"href":"https:\/\/www.purhotmelt.com\/fr\/wp-json\/wp\/v2\/pages\/120\/revisions"}],"predecessor-version":[{"id":122,"href":"https:\/\/www.purhotmelt.com\/fr\/wp-json\/wp\/v2\/pages\/120\/revisions\/122"}],"wp:attachment":[{"href":"https:\/\/www.purhotmelt.com\/fr\/wp-json\/wp\/v2\/media?parent=120"}],"curies":[{"name":"wp","href":"https:\/\/api.w.org\/{rel}","templated":true}]}}