{"id":144,"date":"2021-01-20T21:39:25","date_gmt":"2021-01-20T21:39:25","guid":{"rendered":"https:\/\/www.purhotmelt.com\/?page_id=144"},"modified":"2021-01-20T21:39:26","modified_gmt":"2021-01-20T21:39:26","slug":"product-assembly-psa-hot-melts-pressure-sensitive-adhesives-2","status":"publish","type":"page","link":"https:\/\/www.purhotmelt.com\/fr\/product-assembly-psa-hot-melts-pressure-sensitive-adhesives-2\/","title":{"rendered":"ASSEMBLAGE DU PRODUIT PSA HOT MELTS (ADH\u00c9SIFS SENSIBLES \u00c0 LA PRESSION)"},"content":{"rendered":"<h1 class=\"wp-block-heading\"><\/h1>\n\n\n\n<figure class=\"wp-block-table\"><table><tbody><tr><td>Les adh\u00e9sifs sensibles \u00e0 la pression sont souvent utilis\u00e9s \u00e0 des fins d&#039;assemblage de produits, pour assembler des produits qui doivent rester en place pendant la production et soutenir la conception et la structure des produits pendant leur dur\u00e9e de vie. L&#039;utilisation d&#039;adh\u00e9sifs thermofusibles constitue la m\u00e9thode de production la plus efficace par rapport au soudage, au boulonnage ou \u00e0 la reliure. Quelques caract\u00e9ristiques g\u00e9n\u00e9rales du thermofusible :<br>ApplicationsEHM 9014 est un adh\u00e9sif thermofusible haute performance sensible \u00e0 la pression qui a \u00e9t\u00e9 formul\u00e9 pour les \u00e9tiquettes auto-adh\u00e9sives permanentes appliqu\u00e9es \u00e0 la machineCaract\u00e9ristiques sp\u00e9cialesEHM 9014 PSA hotmelt a une bonne adh\u00e9rence au papier et au papier d&#039;\u00e9tiquettes en plastique et ne laisse aucune tache r\u00e9siduelle au papier d&#039;\u00e9tiquettes. Il est formul\u00e9 pour donner une d\u00e9coupe nette \u00e0 des vitesses de ligne \u00e9lev\u00e9es. EHM 9014 donne une adh\u00e9rence permanente des \u00e9tiquettes \u00e0 une large gamme de mat\u00e9riaux de conteneurs. Son tack \u00e9lev\u00e9 permet un bon rep\u00e9rage des \u00e9tiquettes sur le conteneur De nombreux produits sont disponibles en stock chez Intercol, et notre d\u00e9lai de livraison est court. En raison de notre planification efficace de la production et de nos grandes installations de production. En raison de l&#039;upskaling dans de grands m\u00e9langeurs, jusqu&#039;\u00e0 20MT, o\u00f9 nous commen\u00e7ons \u00e0 partir de 100Litres.<\/td><\/tr><\/tbody><\/table><\/figure>\n\n\n\n<p>FICHE TECHNIQUE Colle thermofusible Pressen EHM 9014<strong>TDS\/ EHM 9014M\u00e9thodes de testValeur typiqueRolling Ball TackPSTC-64mmLoop tackFTM 918 N \u2013 18gsm180\u00b0 T-Peel.QA413P9 N\/25mm \u2013 18gsmR\u00e9sistance \u00e0 la chaleurSAFT75\u00b0C \u2013 18gsmCouleurVisualPale AmberViscosity\u00b0BAQA1018500 cP102 cP<\/strong><\/p>\n\n\n\n<h3 class=\"wp-block-heading\"><\/h3>","protected":false},"excerpt":{"rendered":"<p>Pressure sensitive adhesives are often used for product assembly purposes,&nbsp;to assemble products which has to remain [&hellip;]<\/p>","protected":false},"author":1,"featured_media":0,"parent":0,"menu_order":0,"comment_status":"closed","ping_status":"closed","template":"","meta":{"footnotes":""},"class_list":["post-144","page","type-page","status-publish","hentry"],"yoast_head":"<!-- This site is optimized with the Yoast SEO plugin v17.0 - https:\/\/yoast.com\/wordpress\/plugins\/seo\/ -->\n<title>PRODUCT ASSEMBLY PSA HOT MELTS (PRESSURE SENSITIVE ADHESIVES) - PUR hot melt adhesives<\/title>\n<meta name=\"robots\" content=\"index, follow, max-snippet:-1, max-image-preview:large, max-video-preview:-1\" \/>\n<link rel=\"canonical\" href=\"https:\/\/www.purhotmelt.com\/fr\/product-assembly-psa-hot-melts-pressure-sensitive-adhesives-2\/\" \/>\n<meta property=\"og:locale\" content=\"fr_FR\" \/>\n<meta property=\"og:type\" content=\"article\" \/>\n<meta property=\"og:title\" content=\"PRODUCT ASSEMBLY PSA HOT MELTS (PRESSURE SENSITIVE ADHESIVES) - PUR hot melt adhesives\" \/>\n<meta property=\"og:description\" content=\"Pressure sensitive adhesives are often used for product assembly purposes,&nbsp;to assemble products which has to remain [&hellip;]\" \/>\n<meta property=\"og:url\" content=\"https:\/\/www.purhotmelt.com\/fr\/product-assembly-psa-hot-melts-pressure-sensitive-adhesives-2\/\" \/>\n<meta property=\"og:site_name\" content=\"PUR hot melt adhesives\" \/>\n<meta property=\"article:modified_time\" content=\"2021-01-20T21:39:26+00:00\" \/>\n<meta name=\"twitter:card\" content=\"summary_large_image\" \/>\n<meta name=\"twitter:label1\" content=\"Dur\u00e9e de lecture est.\" \/>\n\t<meta name=\"twitter:data1\" content=\"1 minute\" \/>\n<script type=\"application\/ld+json\" class=\"yoast-schema-graph\">{\"@context\":\"https:\/\/schema.org\",\"@graph\":[{\"@type\":\"WebSite\",\"@id\":\"https:\/\/www.purhotmelt.com\/#website\",\"url\":\"https:\/\/www.purhotmelt.com\/\",\"name\":\"PUR hot melt adhesives\",\"description\":\"Intercol: Specialist manufacturer\",\"potentialAction\":[{\"@type\":\"SearchAction\",\"target\":{\"@type\":\"EntryPoint\",\"urlTemplate\":\"https:\/\/www.purhotmelt.com\/?s={search_term_string}\"},\"query-input\":\"required name=search_term_string\"}],\"inLanguage\":\"fr-BE\"},{\"@type\":\"WebPage\",\"@id\":\"https:\/\/www.purhotmelt.com\/product-assembly-psa-hot-melts-pressure-sensitive-adhesives-2\/#webpage\",\"url\":\"https:\/\/www.purhotmelt.com\/product-assembly-psa-hot-melts-pressure-sensitive-adhesives-2\/\",\"name\":\"PRODUCT ASSEMBLY PSA HOT MELTS (PRESSURE SENSITIVE ADHESIVES) - PUR hot melt adhesives\",\"isPartOf\":{\"@id\":\"https:\/\/www.purhotmelt.com\/#website\"},\"datePublished\":\"2021-01-20T21:39:25+00:00\",\"dateModified\":\"2021-01-20T21:39:26+00:00\",\"breadcrumb\":{\"@id\":\"https:\/\/www.purhotmelt.com\/product-assembly-psa-hot-melts-pressure-sensitive-adhesives-2\/#breadcrumb\"},\"inLanguage\":\"fr-BE\",\"potentialAction\":[{\"@type\":\"ReadAction\",\"target\":[\"https:\/\/www.purhotmelt.com\/product-assembly-psa-hot-melts-pressure-sensitive-adhesives-2\/\"]}]},{\"@type\":\"BreadcrumbList\",\"@id\":\"https:\/\/www.purhotmelt.com\/product-assembly-psa-hot-melts-pressure-sensitive-adhesives-2\/#breadcrumb\",\"itemListElement\":[{\"@type\":\"ListItem\",\"position\":1,\"name\":\"Home\",\"item\":\"https:\/\/www.purhotmelt.com\/\"},{\"@type\":\"ListItem\",\"position\":2,\"name\":\"PRODUCT ASSEMBLY PSA HOT MELTS (PRESSURE SENSITIVE ADHESIVES)\"}]}]}<\/script>\n<!-- \/ Yoast SEO plugin. -->","yoast_head_json":{"title":"ASSEMBLAGE DE PRODUITS PSA HOT MELTS (ADH\u00c9SIFS SENSIBLES \u00c0 LA PRESSION) - Adh\u00e9sifs thermofusibles PUR","robots":{"index":"index","follow":"follow","max-snippet":"max-snippet:-1","max-image-preview":"max-image-preview:large","max-video-preview":"max-video-preview:-1"},"canonical":"https:\/\/www.purhotmelt.com\/fr\/product-assembly-psa-hot-melts-pressure-sensitive-adhesives-2\/","og_locale":"fr_FR","og_type":"article","og_title":"PRODUCT ASSEMBLY PSA HOT MELTS (PRESSURE SENSITIVE ADHESIVES) - PUR hot melt adhesives","og_description":"Pressure sensitive adhesives are often used for product assembly purposes,&nbsp;to assemble products which has to remain [&hellip;]","og_url":"https:\/\/www.purhotmelt.com\/fr\/product-assembly-psa-hot-melts-pressure-sensitive-adhesives-2\/","og_site_name":"PUR hot melt adhesives","article_modified_time":"2021-01-20T21:39:26+00:00","twitter_card":"summary_large_image","twitter_misc":{"Dur\u00e9e de lecture est.":"1 minute"},"schema":{"@context":"https:\/\/schema.org","@graph":[{"@type":"WebSite","@id":"https:\/\/www.purhotmelt.com\/#website","url":"https:\/\/www.purhotmelt.com\/","name":"Adh\u00e9sifs thermofusibles PUR","description":"Intercol: fabricant sp\u00e9cialis\u00e9","potentialAction":[{"@type":"SearchAction","target":{"@type":"EntryPoint","urlTemplate":"https:\/\/www.purhotmelt.com\/?s={search_term_string}"},"query-input":"required name=search_term_string"}],"inLanguage":"fr-BE"},{"@type":"WebPage","@id":"https:\/\/www.purhotmelt.com\/product-assembly-psa-hot-melts-pressure-sensitive-adhesives-2\/#webpage","url":"https:\/\/www.purhotmelt.com\/product-assembly-psa-hot-melts-pressure-sensitive-adhesives-2\/","name":"ASSEMBLAGE DE PRODUITS PSA HOT MELTS (ADH\u00c9SIFS SENSIBLES \u00c0 LA PRESSION) - Adh\u00e9sifs thermofusibles PUR","isPartOf":{"@id":"https:\/\/www.purhotmelt.com\/#website"},"datePublished":"2021-01-20T21:39:25+00:00","dateModified":"2021-01-20T21:39:26+00:00","breadcrumb":{"@id":"https:\/\/www.purhotmelt.com\/product-assembly-psa-hot-melts-pressure-sensitive-adhesives-2\/#breadcrumb"},"inLanguage":"fr-BE","potentialAction":[{"@type":"ReadAction","target":["https:\/\/www.purhotmelt.com\/product-assembly-psa-hot-melts-pressure-sensitive-adhesives-2\/"]}]},{"@type":"BreadcrumbList","@id":"https:\/\/www.purhotmelt.com\/product-assembly-psa-hot-melts-pressure-sensitive-adhesives-2\/#breadcrumb","itemListElement":[{"@type":"ListItem","position":1,"name":"Home","item":"https:\/\/www.purhotmelt.com\/"},{"@type":"ListItem","position":2,"name":"PRODUCT ASSEMBLY PSA HOT MELTS (PRESSURE SENSITIVE ADHESIVES)"}]}]}},"_links":{"self":[{"href":"https:\/\/www.purhotmelt.com\/fr\/wp-json\/wp\/v2\/pages\/144","targetHints":{"allow":["GET"]}}],"collection":[{"href":"https:\/\/www.purhotmelt.com\/fr\/wp-json\/wp\/v2\/pages"}],"about":[{"href":"https:\/\/www.purhotmelt.com\/fr\/wp-json\/wp\/v2\/types\/page"}],"author":[{"embeddable":true,"href":"https:\/\/www.purhotmelt.com\/fr\/wp-json\/wp\/v2\/users\/1"}],"replies":[{"embeddable":true,"href":"https:\/\/www.purhotmelt.com\/fr\/wp-json\/wp\/v2\/comments?post=144"}],"version-history":[{"count":1,"href":"https:\/\/www.purhotmelt.com\/fr\/wp-json\/wp\/v2\/pages\/144\/revisions"}],"predecessor-version":[{"id":146,"href":"https:\/\/www.purhotmelt.com\/fr\/wp-json\/wp\/v2\/pages\/144\/revisions\/146"}],"wp:attachment":[{"href":"https:\/\/www.purhotmelt.com\/fr\/wp-json\/wp\/v2\/media?parent=144"}],"curies":[{"name":"wp","href":"https:\/\/api.w.org\/{rel}","templated":true}]}}