{"id":16,"date":"2020-10-02T14:57:57","date_gmt":"2020-10-02T14:57:57","guid":{"rendered":"https:\/\/www.purhotmelt.com\/?page_id=16"},"modified":"2020-10-02T14:57:57","modified_gmt":"2020-10-02T14:57:57","slug":"pur-hot-melt-for-textiles","status":"publish","type":"page","link":"https:\/\/www.purhotmelt.com\/fr\/pur-hot-melt-for-textiles\/","title":{"rendered":"Thermofusible pur pour textiles"},"content":{"rendered":"<p>Intercol propose une gamme innovante de divers adh\u00e9sifs thermofusibles PUR pour textiles. Stick non r\u00e9siduel, tr\u00e8s visqueux, adh\u00e9rent fort et \/ ou r\u00e9sistant aux UV, nous pouvons d\u00e9velopper et fournir le meilleur adh\u00e9sif pour votre application. Nos adh\u00e9sifs thermofusibles PUR collent des substrats tels que les mousses, le coton et les textiles synth\u00e9tiques, les films, les membranes, les non-tiss\u00e9s tiss\u00e9s<\/p>\r\n\r\n\r\n\r\n<p><strong>Nous desservons plusieurs applications industrielles telles que:<\/strong><\/p>\r\n\r\n\r\n\r\n<ul class=\"wp-block-list\"><li>Chaussures techniques, de travail et de sport<\/li><li>V\u00eatements et v\u00eatements intimes<\/li><li>V\u00eatements de travail<\/li><li>Automobile<\/li><li>Sport et loisirs, militaire<\/li><li>Tapisserie<\/li><li>M\u00e9dical<\/li><li>Isolation<\/li><\/ul>\r\n\r\n\r\n\r\n<p><\/p>\r\n\r\n\r\n\r\n<p>Exigences sp\u00e9ciales que nous pouvons int\u00e9grer dans les produits::<\/p>\r\n\r\n\r\n\r\n<ul class=\"wp-block-list\"><li>St\u00e9rilisation<\/li><li>Tr\u00e8s haute stabilit\u00e9 \u00e0 l&#039;hydrolyse avec d&#039;excellentes propri\u00e9t\u00e9s d&#039;adh\u00e9rence<\/li><li>Haute respirabilit\u00e9<\/li><li>Retandance de la flamme<\/li><li>Haute r\u00e9sistance aux cycles thermiques<\/li><li>Doux au toucher<\/li><li>Traitement convivial<\/li><li>Approbation Oeko-Tex Eco Passport<\/li><\/ul>","protected":false},"excerpt":{"rendered":"<p>Intercol has an innovative range of various PUR hot melt adhesives for textiles. Non-residual stick, high [&hellip;]<\/p>","protected":false},"author":1,"featured_media":0,"parent":0,"menu_order":0,"comment_status":"closed","ping_status":"closed","template":"","meta":{"footnotes":""},"class_list":["post-16","page","type-page","status-publish","hentry"],"yoast_head":"<!-- This site is optimized with the Yoast SEO plugin v17.0 - https:\/\/yoast.com\/wordpress\/plugins\/seo\/ -->\n<title>Pur hot melt for textiles - PUR hot melt adhesives<\/title>\n<meta name=\"robots\" content=\"index, follow, max-snippet:-1, max-image-preview:large, max-video-preview:-1\" \/>\n<link rel=\"canonical\" href=\"https:\/\/www.purhotmelt.com\/fr\/pur-hot-melt-for-textiles\/\" \/>\n<meta property=\"og:locale\" content=\"fr_FR\" \/>\n<meta property=\"og:type\" content=\"article\" \/>\n<meta property=\"og:title\" content=\"Pur hot melt for textiles - PUR hot melt adhesives\" \/>\n<meta property=\"og:description\" content=\"Intercol has an innovative range of various PUR hot melt adhesives for textiles. Non-residual stick, high [&hellip;]\" \/>\n<meta property=\"og:url\" content=\"https:\/\/www.purhotmelt.com\/fr\/pur-hot-melt-for-textiles\/\" \/>\n<meta property=\"og:site_name\" content=\"PUR hot melt adhesives\" \/>\n<meta name=\"twitter:card\" content=\"summary_large_image\" \/>\n<script type=\"application\/ld+json\" class=\"yoast-schema-graph\">{\"@context\":\"https:\/\/schema.org\",\"@graph\":[{\"@type\":\"WebSite\",\"@id\":\"https:\/\/www.purhotmelt.com\/#website\",\"url\":\"https:\/\/www.purhotmelt.com\/\",\"name\":\"PUR hot melt adhesives\",\"description\":\"Intercol: Specialist manufacturer\",\"potentialAction\":[{\"@type\":\"SearchAction\",\"target\":{\"@type\":\"EntryPoint\",\"urlTemplate\":\"https:\/\/www.purhotmelt.com\/?s={search_term_string}\"},\"query-input\":\"required name=search_term_string\"}],\"inLanguage\":\"fr-BE\"},{\"@type\":\"WebPage\",\"@id\":\"https:\/\/www.purhotmelt.com\/fr\/pur-hot-melt-for-textiles\/#webpage\",\"url\":\"https:\/\/www.purhotmelt.com\/fr\/pur-hot-melt-for-textiles\/\",\"name\":\"Pur hot melt for textiles - PUR hot melt adhesives\",\"isPartOf\":{\"@id\":\"https:\/\/www.purhotmelt.com\/#website\"},\"datePublished\":\"2020-10-02T14:57:57+00:00\",\"dateModified\":\"2020-10-02T14:57:57+00:00\",\"breadcrumb\":{\"@id\":\"https:\/\/www.purhotmelt.com\/fr\/pur-hot-melt-for-textiles\/#breadcrumb\"},\"inLanguage\":\"fr-BE\",\"potentialAction\":[{\"@type\":\"ReadAction\",\"target\":[\"https:\/\/www.purhotmelt.com\/fr\/pur-hot-melt-for-textiles\/\"]}]},{\"@type\":\"BreadcrumbList\",\"@id\":\"https:\/\/www.purhotmelt.com\/fr\/pur-hot-melt-for-textiles\/#breadcrumb\",\"itemListElement\":[{\"@type\":\"ListItem\",\"position\":1,\"name\":\"Home\",\"item\":\"https:\/\/www.purhotmelt.com\/\"},{\"@type\":\"ListItem\",\"position\":2,\"name\":\"Pur hot melt for textiles\"}]}]}<\/script>\n<!-- \/ Yoast SEO plugin. -->","yoast_head_json":{"title":"Thermofusible Pur pour textiles - Adh\u00e9sifs thermofusibles PUR","robots":{"index":"index","follow":"follow","max-snippet":"max-snippet:-1","max-image-preview":"max-image-preview:large","max-video-preview":"max-video-preview:-1"},"canonical":"https:\/\/www.purhotmelt.com\/fr\/pur-hot-melt-for-textiles\/","og_locale":"fr_FR","og_type":"article","og_title":"Pur hot melt for textiles - PUR hot melt adhesives","og_description":"Intercol has an innovative range of various PUR hot melt adhesives for textiles. Non-residual stick, high [&hellip;]","og_url":"https:\/\/www.purhotmelt.com\/fr\/pur-hot-melt-for-textiles\/","og_site_name":"PUR hot melt adhesives","twitter_card":"summary_large_image","schema":{"@context":"https:\/\/schema.org","@graph":[{"@type":"WebSite","@id":"https:\/\/www.purhotmelt.com\/#website","url":"https:\/\/www.purhotmelt.com\/","name":"Adh\u00e9sifs thermofusibles PUR","description":"Intercol: fabricant sp\u00e9cialis\u00e9","potentialAction":[{"@type":"SearchAction","target":{"@type":"EntryPoint","urlTemplate":"https:\/\/www.purhotmelt.com\/?s={search_term_string}"},"query-input":"required name=search_term_string"}],"inLanguage":"fr-BE"},{"@type":"WebPage","@id":"https:\/\/www.purhotmelt.com\/fr\/pur-hot-melt-for-textiles\/#webpage","url":"https:\/\/www.purhotmelt.com\/fr\/pur-hot-melt-for-textiles\/","name":"Thermofusible Pur pour textiles - Adh\u00e9sifs thermofusibles PUR","isPartOf":{"@id":"https:\/\/www.purhotmelt.com\/#website"},"datePublished":"2020-10-02T14:57:57+00:00","dateModified":"2020-10-02T14:57:57+00:00","breadcrumb":{"@id":"https:\/\/www.purhotmelt.com\/fr\/pur-hot-melt-for-textiles\/#breadcrumb"},"inLanguage":"fr-BE","potentialAction":[{"@type":"ReadAction","target":["https:\/\/www.purhotmelt.com\/fr\/pur-hot-melt-for-textiles\/"]}]},{"@type":"BreadcrumbList","@id":"https:\/\/www.purhotmelt.com\/fr\/pur-hot-melt-for-textiles\/#breadcrumb","itemListElement":[{"@type":"ListItem","position":1,"name":"Home","item":"https:\/\/www.purhotmelt.com\/"},{"@type":"ListItem","position":2,"name":"Pur hot melt for textiles"}]}]}},"_links":{"self":[{"href":"https:\/\/www.purhotmelt.com\/fr\/wp-json\/wp\/v2\/pages\/16","targetHints":{"allow":["GET"]}}],"collection":[{"href":"https:\/\/www.purhotmelt.com\/fr\/wp-json\/wp\/v2\/pages"}],"about":[{"href":"https:\/\/www.purhotmelt.com\/fr\/wp-json\/wp\/v2\/types\/page"}],"author":[{"embeddable":true,"href":"https:\/\/www.purhotmelt.com\/fr\/wp-json\/wp\/v2\/users\/1"}],"replies":[{"embeddable":true,"href":"https:\/\/www.purhotmelt.com\/fr\/wp-json\/wp\/v2\/comments?post=16"}],"version-history":[{"count":1,"href":"https:\/\/www.purhotmelt.com\/fr\/wp-json\/wp\/v2\/pages\/16\/revisions"}],"predecessor-version":[{"id":17,"href":"https:\/\/www.purhotmelt.com\/fr\/wp-json\/wp\/v2\/pages\/16\/revisions\/17"}],"wp:attachment":[{"href":"https:\/\/www.purhotmelt.com\/fr\/wp-json\/wp\/v2\/media?parent=16"}],"curies":[{"name":"wp","href":"https:\/\/api.w.org\/{rel}","templated":true}]}}