{"id":163,"date":"2021-01-20T21:46:26","date_gmt":"2021-01-20T21:46:26","guid":{"rendered":"https:\/\/www.purhotmelt.com\/?page_id=163"},"modified":"2021-01-20T21:46:27","modified_gmt":"2021-01-20T21:46:27","slug":"hot-melt-psa-ehm-8936","status":"publish","type":"page","link":"https:\/\/www.purhotmelt.com\/fr\/hot-melt-psa-ehm-8936\/","title":{"rendered":"HOT MELT PSA EHM 8936"},"content":{"rendered":"<h1 class=\"wp-block-heading\"><\/h1>\n\n\n\n<p><\/p>\n\n\n\n<hr class=\"wp-block-separator\"\/>\n\n\n\n<p>Rencontrez l&#039;adh\u00e9sif thermofusible: EHM PSA 8936: Nous avons parl\u00e9 \u00e0 l&#039;un de nos directeurs commerciaux r\u00e9gionaux et lui avons demand\u00e9 quel \u00e9tait son adh\u00e9sif pr\u00e9f\u00e9r\u00e9 et pourquoi.<br>EHM PSA 8936 est un adh\u00e9sif thermofusible adh\u00e9sif sensible \u00e0 la pression con\u00e7u pour donner une excellente adh\u00e9rence sur des surfaces difficiles \u00e0 coller avec une faible \u00e9nergie de surface. Adh\u00e8re aux surfaces polaires et non polaires. EHM PSA 8936 est son pr\u00e9f\u00e9r\u00e9 car \u00ables avantages de l&#039;utilisation de EHM PSA 8936 est qu&#039;il est extr\u00eamement efficace lors de la cr\u00e9ation d&#039;une liaison qui durera. L&#039;EHM PSA 8936 est fortement recommand\u00e9 dans les applications d&#039;adh\u00e9sifs sensibles \u00e0 la pression \u00bb.<\/p>\n\n\n\n<p><strong>Adh\u00e9sifs thermofusibles sensibles \u00e0 la pression<\/strong>\u00a0sont<strong>\u00a0caoutchouc principalement thermoplastique<\/strong>adh\u00e9sifs \u00e0 base. Les adh\u00e9sifs thermofusibles durcissables aux UV sont une solution sp\u00e9ciale qui n&#039;est pratiquement pas utilis\u00e9e. Les adh\u00e9sifs thermofusibles PSA gardent son adh\u00e9rence apr\u00e8s refroidissement, Adh\u00e9sif collant permanent. La liaison adh\u00e9sive s&#039;am\u00e9liorera avec le temps, m\u00eame apr\u00e8s refroidissement \u00e0 temp\u00e9rature ambiante. Sensible \u00e0 la pression implique que la pression de contact est la cl\u00e9 pour cr\u00e9er une liaison entre l&#039;adh\u00e9sif et le substrat joint. Les adh\u00e9sifs thermofusibles sensibles \u00e0 la pression sont utilis\u00e9s dans les processus d&#039;assemblage de fabrication, comme rev\u00eatement sur des rubans auto-adh\u00e9sifs et des \u00e9tiquettes auto-adh\u00e9sives.<\/p>\n\n\n\n<p>Il existe une large gamme d&#039;adh\u00e9sifs thermofusibles PSA disponibles, des adh\u00e9sifs thermofusibles r\u00e9sistants \u00e0 la cong\u00e9lation et \u00e0 haute temp\u00e9rature (High Shear Adhesion Fail Temperature; SAFT).<\/p>","protected":false},"excerpt":{"rendered":"<p>Meet The hot melt Adhesive: EHM PSA 8936: We spoke to one of our Area Sales [&hellip;]<\/p>","protected":false},"author":1,"featured_media":0,"parent":0,"menu_order":0,"comment_status":"closed","ping_status":"closed","template":"","meta":{"footnotes":""},"class_list":["post-163","page","type-page","status-publish","hentry"],"yoast_head":"<!-- This site is optimized with the Yoast SEO plugin v17.0 - https:\/\/yoast.com\/wordpress\/plugins\/seo\/ -->\n<title>HOT MELT PSA EHM 8936 - PUR hot melt adhesives<\/title>\n<meta name=\"robots\" content=\"index, follow, max-snippet:-1, max-image-preview:large, max-video-preview:-1\" \/>\n<link rel=\"canonical\" href=\"https:\/\/www.purhotmelt.com\/fr\/hot-melt-psa-ehm-8936\/\" \/>\n<meta property=\"og:locale\" content=\"fr_FR\" \/>\n<meta property=\"og:type\" content=\"article\" \/>\n<meta property=\"og:title\" content=\"HOT MELT PSA EHM 8936 - PUR hot melt adhesives\" \/>\n<meta property=\"og:description\" content=\"Meet The hot melt Adhesive: EHM PSA 8936: We spoke to one of our Area Sales [&hellip;]\" \/>\n<meta property=\"og:url\" content=\"https:\/\/www.purhotmelt.com\/fr\/hot-melt-psa-ehm-8936\/\" \/>\n<meta property=\"og:site_name\" content=\"PUR hot melt adhesives\" \/>\n<meta property=\"article:modified_time\" content=\"2021-01-20T21:46:27+00:00\" \/>\n<meta name=\"twitter:card\" content=\"summary_large_image\" \/>\n<meta name=\"twitter:label1\" content=\"Dur\u00e9e de lecture est.\" \/>\n\t<meta name=\"twitter:data1\" content=\"1 minute\" \/>\n<script type=\"application\/ld+json\" class=\"yoast-schema-graph\">{\"@context\":\"https:\/\/schema.org\",\"@graph\":[{\"@type\":\"WebSite\",\"@id\":\"https:\/\/www.purhotmelt.com\/#website\",\"url\":\"https:\/\/www.purhotmelt.com\/\",\"name\":\"PUR hot melt adhesives\",\"description\":\"Intercol: Specialist manufacturer\",\"potentialAction\":[{\"@type\":\"SearchAction\",\"target\":{\"@type\":\"EntryPoint\",\"urlTemplate\":\"https:\/\/www.purhotmelt.com\/?s={search_term_string}\"},\"query-input\":\"required name=search_term_string\"}],\"inLanguage\":\"fr-BE\"},{\"@type\":\"WebPage\",\"@id\":\"https:\/\/www.purhotmelt.com\/de\/hot-melt-psa-ehm-8936\/#webpage\",\"url\":\"https:\/\/www.purhotmelt.com\/de\/hot-melt-psa-ehm-8936\/\",\"name\":\"HOT MELT PSA EHM 8936 - PUR hot melt adhesives\",\"isPartOf\":{\"@id\":\"https:\/\/www.purhotmelt.com\/#website\"},\"datePublished\":\"2021-01-20T21:46:26+00:00\",\"dateModified\":\"2021-01-20T21:46:27+00:00\",\"breadcrumb\":{\"@id\":\"https:\/\/www.purhotmelt.com\/de\/hot-melt-psa-ehm-8936\/#breadcrumb\"},\"inLanguage\":\"fr-BE\",\"potentialAction\":[{\"@type\":\"ReadAction\",\"target\":[\"https:\/\/www.purhotmelt.com\/de\/hot-melt-psa-ehm-8936\/\"]}]},{\"@type\":\"BreadcrumbList\",\"@id\":\"https:\/\/www.purhotmelt.com\/de\/hot-melt-psa-ehm-8936\/#breadcrumb\",\"itemListElement\":[{\"@type\":\"ListItem\",\"position\":1,\"name\":\"Home\",\"item\":\"https:\/\/www.purhotmelt.com\/\"},{\"@type\":\"ListItem\",\"position\":2,\"name\":\"HOT MELT PSA EHM 8936\"}]}]}<\/script>\n<!-- \/ Yoast SEO plugin. -->","yoast_head_json":{"title":"HOT MELT PSA EHM 8936 - Adh\u00e9sifs thermofusibles PUR","robots":{"index":"index","follow":"follow","max-snippet":"max-snippet:-1","max-image-preview":"max-image-preview:large","max-video-preview":"max-video-preview:-1"},"canonical":"https:\/\/www.purhotmelt.com\/fr\/hot-melt-psa-ehm-8936\/","og_locale":"fr_FR","og_type":"article","og_title":"HOT MELT PSA EHM 8936 - PUR hot melt adhesives","og_description":"Meet The hot melt Adhesive: EHM PSA 8936: We spoke to one of our Area Sales [&hellip;]","og_url":"https:\/\/www.purhotmelt.com\/fr\/hot-melt-psa-ehm-8936\/","og_site_name":"PUR hot melt adhesives","article_modified_time":"2021-01-20T21:46:27+00:00","twitter_card":"summary_large_image","twitter_misc":{"Dur\u00e9e de lecture est.":"1 minute"},"schema":{"@context":"https:\/\/schema.org","@graph":[{"@type":"WebSite","@id":"https:\/\/www.purhotmelt.com\/#website","url":"https:\/\/www.purhotmelt.com\/","name":"Adh\u00e9sifs thermofusibles PUR","description":"Intercol: fabricant sp\u00e9cialis\u00e9","potentialAction":[{"@type":"SearchAction","target":{"@type":"EntryPoint","urlTemplate":"https:\/\/www.purhotmelt.com\/?s={search_term_string}"},"query-input":"required name=search_term_string"}],"inLanguage":"fr-BE"},{"@type":"WebPage","@id":"https:\/\/www.purhotmelt.com\/de\/hot-melt-psa-ehm-8936\/#webpage","url":"https:\/\/www.purhotmelt.com\/de\/hot-melt-psa-ehm-8936\/","name":"HOT MELT PSA EHM 8936 - Adh\u00e9sifs thermofusibles PUR","isPartOf":{"@id":"https:\/\/www.purhotmelt.com\/#website"},"datePublished":"2021-01-20T21:46:26+00:00","dateModified":"2021-01-20T21:46:27+00:00","breadcrumb":{"@id":"https:\/\/www.purhotmelt.com\/de\/hot-melt-psa-ehm-8936\/#breadcrumb"},"inLanguage":"fr-BE","potentialAction":[{"@type":"ReadAction","target":["https:\/\/www.purhotmelt.com\/de\/hot-melt-psa-ehm-8936\/"]}]},{"@type":"BreadcrumbList","@id":"https:\/\/www.purhotmelt.com\/de\/hot-melt-psa-ehm-8936\/#breadcrumb","itemListElement":[{"@type":"ListItem","position":1,"name":"Home","item":"https:\/\/www.purhotmelt.com\/"},{"@type":"ListItem","position":2,"name":"HOT MELT PSA EHM 8936"}]}]}},"_links":{"self":[{"href":"https:\/\/www.purhotmelt.com\/fr\/wp-json\/wp\/v2\/pages\/163","targetHints":{"allow":["GET"]}}],"collection":[{"href":"https:\/\/www.purhotmelt.com\/fr\/wp-json\/wp\/v2\/pages"}],"about":[{"href":"https:\/\/www.purhotmelt.com\/fr\/wp-json\/wp\/v2\/types\/page"}],"author":[{"embeddable":true,"href":"https:\/\/www.purhotmelt.com\/fr\/wp-json\/wp\/v2\/users\/1"}],"replies":[{"embeddable":true,"href":"https:\/\/www.purhotmelt.com\/fr\/wp-json\/wp\/v2\/comments?post=163"}],"version-history":[{"count":1,"href":"https:\/\/www.purhotmelt.com\/fr\/wp-json\/wp\/v2\/pages\/163\/revisions"}],"predecessor-version":[{"id":165,"href":"https:\/\/www.purhotmelt.com\/fr\/wp-json\/wp\/v2\/pages\/163\/revisions\/165"}],"wp:attachment":[{"href":"https:\/\/www.purhotmelt.com\/fr\/wp-json\/wp\/v2\/media?parent=163"}],"curies":[{"name":"wp","href":"https:\/\/api.w.org\/{rel}","templated":true}]}}