{"id":166,"date":"2021-01-20T21:47:38","date_gmt":"2021-01-20T21:47:38","guid":{"rendered":"https:\/\/www.purhotmelt.com\/?page_id=166"},"modified":"2021-01-20T21:47:39","modified_gmt":"2021-01-20T21:47:39","slug":"polyolefin-hot-melt-adhesive-for-flat-lamination-2","status":"publish","type":"page","link":"https:\/\/www.purhotmelt.com\/fr\/polyolefin-hot-melt-adhesive-for-flat-lamination-2\/","title":{"rendered":"ADH\u00c9SIF POLYOL\u00c9FINE FONDU \u00c0 CHAUD POUR LA LAMINATION \u00c0 PLAT"},"content":{"rendered":"<h1 class=\"wp-block-heading\"><\/h1>\n\n\n\n<p>Intercol utilise des mati\u00e8res premi\u00e8res de haute qualit\u00e9, des adh\u00e9sifs con\u00e7us pour des applications d\u00e9di\u00e9es et des processus de fabrication avanc\u00e9s pour produire de hautes performances&nbsp;<strong>solutions adh\u00e9sives thermofusibles pour le travail du bois<\/strong>&nbsp;qui permettent \u00e0 nos clients d&#039;ex\u00e9cuter des processus de production plus efficaces.<\/p>\n\n\n\n<h2 class=\"wp-block-heading\">PROPRE ET SANS FUM\u00c9ES<\/h2>\n\n\n\n<p>Nos adh\u00e9sifs thermofusibles conviviaux sont utilis\u00e9s dans des applications telles que<\/p>\n\n\n\n<ul class=\"wp-block-list\"><li>pr\u00e9-enduction<\/li><li>stratification \u00e0 plat<\/li><li>emballage de profil<\/li><li>bande de chant,<\/li><li>softforming<\/li><li>collage de mousse,<\/li><li>Rainurage en V&nbsp;<\/li><\/ul>\n\n\n\n<p>et sont exp\u00e9di\u00e9s dans le monde entier. La gamme r\u00e9volutionnaire d&#039;adh\u00e9sifs thermofusibles en polyol\u00e9fine blanche peut \u00eatre utilis\u00e9e avec pratiquement toutes les machines \u00e0 bois et offre une adh\u00e9rence sup\u00e9rieure aux substrats comme le PVC, le HPL, la m\u00e9lamine, le placage de bois, la m\u00e9lamine et d&#039;autres mat\u00e9riaux comme le MDF et les panneaux de particules.<\/p>\n\n\n\n<h2 class=\"wp-block-heading\">PR\u00c9-REV\u00caTEMENT DES MELTS CHAUDS<\/h2>\n\n\n\n<p>Une gamme sp\u00e9ciale d&#039;adh\u00e9sifs thermofusibles pour le travail du bois a \u00e9t\u00e9 formul\u00e9e pour les applications de pr\u00e9-rev\u00eatement avec des papiers impr\u00e9gn\u00e9s de m\u00e9lamine, des placages, des bordures en HPL et en PVC. En utilisant la chaleur, le film adh\u00e9sif sera r\u00e9activ\u00e9.<\/p>\n\n\n\n<h2 class=\"wp-block-heading\">EMBALLAGE DE PROFIL<\/h2>\n\n\n\n<p>Les adh\u00e9sifs d&#039;emballage de profil d&#039;Intercol ont \u00e9t\u00e9 con\u00e7us pour donner une forte adh\u00e9rence au placage de bois, aux feuilles de papier, au PVC et aux stratifi\u00e9s haute pression. Ces adh\u00e9sifs permettent aux fabricants de portes et de cadres de portes de produire des profil\u00e9s de vernis et de durcissement plus rapides et plus efficaces.<\/p>\n\n\n\n<h2 class=\"wp-block-heading\">BORDURE<\/h2>\n\n\n\n<p>Notre gammePolyol\u00e9fine thermofusible&nbsp;<strong>adh\u00e9sifs pour bandes de chant<\/strong>&nbsp;ont fait leurs preuves pour r\u00e9sister \u00e0 des temp\u00e9ratures de 100 \u00b0 C jusqu&#039;\u00e0 trois jours sans se d\u00e9laminer,<\/p>\n\n\n\n<p>\u00cates-vous int\u00e9ress\u00e9 par un produit? Demandez un \u00e9chantillon pour:<\/p>\n\n\n\n<ul class=\"wp-block-list\"><li>Pr\u00e9-enduction<\/li><li>Rainurage en V, laminage sup\u00e9rieur et assemblage g\u00e9n\u00e9ral<\/li><li>Emballage de profil<\/li><li>Softforming<\/li><li>Bande de chant<\/li><li>Collage de mousse<\/li><\/ul>","protected":false},"excerpt":{"rendered":"<p>Intercol uses high quality raw materials, dedicated application engineered adhesives and advanced manufacturing processes to produce [&hellip;]<\/p>","protected":false},"author":1,"featured_media":0,"parent":0,"menu_order":0,"comment_status":"closed","ping_status":"closed","template":"","meta":{"footnotes":""},"class_list":["post-166","page","type-page","status-publish","hentry"],"yoast_head":"<!-- This site is optimized with the Yoast SEO plugin v17.0 - https:\/\/yoast.com\/wordpress\/plugins\/seo\/ -->\n<title>POLYOLEFIN HOT MELT ADHESIVE FOR FLAT LAMINATION - PUR hot melt adhesives<\/title>\n<meta name=\"robots\" content=\"index, follow, max-snippet:-1, max-image-preview:large, max-video-preview:-1\" \/>\n<link rel=\"canonical\" href=\"https:\/\/www.purhotmelt.com\/fr\/polyolefin-hot-melt-adhesive-for-flat-lamination-2\/\" \/>\n<meta property=\"og:locale\" content=\"fr_FR\" \/>\n<meta property=\"og:type\" content=\"article\" \/>\n<meta property=\"og:title\" content=\"POLYOLEFIN HOT MELT ADHESIVE FOR FLAT LAMINATION - PUR hot melt adhesives\" \/>\n<meta property=\"og:description\" content=\"Intercol uses high quality raw materials, dedicated application engineered adhesives and advanced manufacturing processes to produce [&hellip;]\" \/>\n<meta property=\"og:url\" content=\"https:\/\/www.purhotmelt.com\/fr\/polyolefin-hot-melt-adhesive-for-flat-lamination-2\/\" \/>\n<meta property=\"og:site_name\" content=\"PUR hot melt adhesives\" \/>\n<meta property=\"article:modified_time\" content=\"2021-01-20T21:47:39+00:00\" \/>\n<meta name=\"twitter:card\" content=\"summary_large_image\" \/>\n<meta name=\"twitter:label1\" content=\"Dur\u00e9e de lecture est.\" \/>\n\t<meta name=\"twitter:data1\" content=\"1 minute\" \/>\n<script type=\"application\/ld+json\" class=\"yoast-schema-graph\">{\"@context\":\"https:\/\/schema.org\",\"@graph\":[{\"@type\":\"WebSite\",\"@id\":\"https:\/\/www.purhotmelt.com\/#website\",\"url\":\"https:\/\/www.purhotmelt.com\/\",\"name\":\"PUR hot melt adhesives\",\"description\":\"Intercol: Specialist manufacturer\",\"potentialAction\":[{\"@type\":\"SearchAction\",\"target\":{\"@type\":\"EntryPoint\",\"urlTemplate\":\"https:\/\/www.purhotmelt.com\/?s={search_term_string}\"},\"query-input\":\"required name=search_term_string\"}],\"inLanguage\":\"fr-BE\"},{\"@type\":\"WebPage\",\"@id\":\"https:\/\/www.purhotmelt.com\/polyolefin-hot-melt-adhesive-for-flat-lamination-2\/#webpage\",\"url\":\"https:\/\/www.purhotmelt.com\/polyolefin-hot-melt-adhesive-for-flat-lamination-2\/\",\"name\":\"POLYOLEFIN HOT MELT ADHESIVE FOR FLAT LAMINATION - PUR hot melt adhesives\",\"isPartOf\":{\"@id\":\"https:\/\/www.purhotmelt.com\/#website\"},\"datePublished\":\"2021-01-20T21:47:38+00:00\",\"dateModified\":\"2021-01-20T21:47:39+00:00\",\"breadcrumb\":{\"@id\":\"https:\/\/www.purhotmelt.com\/polyolefin-hot-melt-adhesive-for-flat-lamination-2\/#breadcrumb\"},\"inLanguage\":\"fr-BE\",\"potentialAction\":[{\"@type\":\"ReadAction\",\"target\":[\"https:\/\/www.purhotmelt.com\/polyolefin-hot-melt-adhesive-for-flat-lamination-2\/\"]}]},{\"@type\":\"BreadcrumbList\",\"@id\":\"https:\/\/www.purhotmelt.com\/polyolefin-hot-melt-adhesive-for-flat-lamination-2\/#breadcrumb\",\"itemListElement\":[{\"@type\":\"ListItem\",\"position\":1,\"name\":\"Home\",\"item\":\"https:\/\/www.purhotmelt.com\/\"},{\"@type\":\"ListItem\",\"position\":2,\"name\":\"POLYOLEFIN HOT MELT ADHESIVE FOR FLAT LAMINATION\"}]}]}<\/script>\n<!-- \/ Yoast SEO plugin. -->","yoast_head_json":{"title":"ADH\u00c9SIF HOT MELT POLYOLEFIN POUR LAMINATION \u00c0 PLAT - Adh\u00e9sifs thermofusibles PUR","robots":{"index":"index","follow":"follow","max-snippet":"max-snippet:-1","max-image-preview":"max-image-preview:large","max-video-preview":"max-video-preview:-1"},"canonical":"https:\/\/www.purhotmelt.com\/fr\/polyolefin-hot-melt-adhesive-for-flat-lamination-2\/","og_locale":"fr_FR","og_type":"article","og_title":"POLYOLEFIN HOT MELT ADHESIVE FOR FLAT LAMINATION - PUR hot melt adhesives","og_description":"Intercol uses high quality raw materials, dedicated application engineered adhesives and advanced manufacturing processes to produce [&hellip;]","og_url":"https:\/\/www.purhotmelt.com\/fr\/polyolefin-hot-melt-adhesive-for-flat-lamination-2\/","og_site_name":"PUR hot melt adhesives","article_modified_time":"2021-01-20T21:47:39+00:00","twitter_card":"summary_large_image","twitter_misc":{"Dur\u00e9e de lecture est.":"1 minute"},"schema":{"@context":"https:\/\/schema.org","@graph":[{"@type":"WebSite","@id":"https:\/\/www.purhotmelt.com\/#website","url":"https:\/\/www.purhotmelt.com\/","name":"Adh\u00e9sifs thermofusibles PUR","description":"Intercol: fabricant sp\u00e9cialis\u00e9","potentialAction":[{"@type":"SearchAction","target":{"@type":"EntryPoint","urlTemplate":"https:\/\/www.purhotmelt.com\/?s={search_term_string}"},"query-input":"required name=search_term_string"}],"inLanguage":"fr-BE"},{"@type":"WebPage","@id":"https:\/\/www.purhotmelt.com\/polyolefin-hot-melt-adhesive-for-flat-lamination-2\/#webpage","url":"https:\/\/www.purhotmelt.com\/polyolefin-hot-melt-adhesive-for-flat-lamination-2\/","name":"ADH\u00c9SIF HOT MELT POLYOLEFIN POUR LAMINATION \u00c0 PLAT - Adh\u00e9sifs thermofusibles PUR","isPartOf":{"@id":"https:\/\/www.purhotmelt.com\/#website"},"datePublished":"2021-01-20T21:47:38+00:00","dateModified":"2021-01-20T21:47:39+00:00","breadcrumb":{"@id":"https:\/\/www.purhotmelt.com\/polyolefin-hot-melt-adhesive-for-flat-lamination-2\/#breadcrumb"},"inLanguage":"fr-BE","potentialAction":[{"@type":"ReadAction","target":["https:\/\/www.purhotmelt.com\/polyolefin-hot-melt-adhesive-for-flat-lamination-2\/"]}]},{"@type":"BreadcrumbList","@id":"https:\/\/www.purhotmelt.com\/polyolefin-hot-melt-adhesive-for-flat-lamination-2\/#breadcrumb","itemListElement":[{"@type":"ListItem","position":1,"name":"Home","item":"https:\/\/www.purhotmelt.com\/"},{"@type":"ListItem","position":2,"name":"POLYOLEFIN HOT MELT ADHESIVE FOR FLAT LAMINATION"}]}]}},"_links":{"self":[{"href":"https:\/\/www.purhotmelt.com\/fr\/wp-json\/wp\/v2\/pages\/166","targetHints":{"allow":["GET"]}}],"collection":[{"href":"https:\/\/www.purhotmelt.com\/fr\/wp-json\/wp\/v2\/pages"}],"about":[{"href":"https:\/\/www.purhotmelt.com\/fr\/wp-json\/wp\/v2\/types\/page"}],"author":[{"embeddable":true,"href":"https:\/\/www.purhotmelt.com\/fr\/wp-json\/wp\/v2\/users\/1"}],"replies":[{"embeddable":true,"href":"https:\/\/www.purhotmelt.com\/fr\/wp-json\/wp\/v2\/comments?post=166"}],"version-history":[{"count":1,"href":"https:\/\/www.purhotmelt.com\/fr\/wp-json\/wp\/v2\/pages\/166\/revisions"}],"predecessor-version":[{"id":168,"href":"https:\/\/www.purhotmelt.com\/fr\/wp-json\/wp\/v2\/pages\/166\/revisions\/168"}],"wp:attachment":[{"href":"https:\/\/www.purhotmelt.com\/fr\/wp-json\/wp\/v2\/media?parent=166"}],"curies":[{"name":"wp","href":"https:\/\/api.w.org\/{rel}","templated":true}]}}