{"id":221,"date":"2021-01-20T22:10:46","date_gmt":"2021-01-20T22:10:46","guid":{"rendered":"https:\/\/www.purhotmelt.com\/?page_id=221"},"modified":"2021-01-20T22:10:47","modified_gmt":"2021-01-20T22:10:47","slug":"insect-trap-adhesives-manufacturer","status":"publish","type":"page","link":"https:\/\/www.purhotmelt.com\/fr\/insect-trap-adhesives-manufacturer\/","title":{"rendered":"FABRICANT D&#039;ADH\u00c9SIFS \u00c0 INSECTES TRAP"},"content":{"rendered":"<h1 class=\"wp-block-heading\"><\/h1>\n\n\n\n<p><\/p>\n\n\n\n<h3 class=\"wp-block-heading\">PI\u00c8GE ADH\u00c9SIF POUR MOUCON DES CHAMPIGNONS<\/h3>\n\n\n\n<p>Les mouches des champignons sont les plus observ\u00e9es \u00e0 l&#039;int\u00e9rieur, par exemple dans les serres, notre adh\u00e9sif peut faire face \u00e0 des circonstances o\u00f9 l&#039;humidit\u00e9, la temp\u00e9rature et l&#039;humidit\u00e9 sont \u00e9lev\u00e9es. Les moucherons adultes peuvent \u00eatre captur\u00e9s avec des feuilles recouvertes d&#039;un adh\u00e9sif en b\u00e2ton. L&#039;adh\u00e9sif peut \u00e9galement attraper des mouches ressemblant \u00e0 des moustiques.<\/p>\n\n\n\n<figure class=\"wp-block-image\"><img decoding=\"async\" src=\"https:\/\/www.purhotmelt.com\/wp-content\/uploads\/2019\/01\/insect-trap-adhesive-manufacturer.html\" alt=\"\" class=\"wp-image-415\"\/><\/figure>\n\n\n\n<h3 class=\"wp-block-heading\">PUCERONS<\/h3>\n\n\n\n<p>Ces insectes li\u00e9s aux poux seront attrap\u00e9s par notre b\u00e2ton, les adh\u00e9sifs psa.<\/p>\n\n\n\n<h3 class=\"wp-block-heading\">THRIPS<\/h3>\n\n\n\n<p>De plus, ces minuscules insectes volants, d&#039;environ 1 mm de long, longs et fins, sont vus et attrap\u00e9s par notre colle dans une serre.<\/p>\n\n\n\n<h2 class=\"wp-block-heading\">NOS ADH\u00c9SIFS SONT UTILIS\u00c9S POUR ENDUIRE LES FEUILLES POUR LES PI\u00c8GES ADH\u00c9SIFS COLLECTEURS D&#039;INSECTES<\/h2>\n\n\n\n<p>Nos adh\u00e9sifs pour pi\u00e8ges \u00e0 insectes sont utilis\u00e9s pour produire des pi\u00e8ges \u00e0 insectes, en attrapant les insectes avant qu&#039;ils ne mangent les fruits et les plantes. Nos adh\u00e9sifs sont non dangereux, conformes \u00e0 la port\u00e9e et s\u00fbrs \u00e0 utiliser. Nos adh\u00e9sifs sont donc connus comme des solutions de lutte antiparasitaire sans produits chimiques.<\/p>\n\n\n\n<p>Le pi\u00e8ge fonctionne en attirant les insectes volants vers les cartes et les feuilles jaune vif. L&#039;adh\u00e9sif lui-m\u00eame est une colle qui ne s\u00e8che pas. Il est utilis\u00e9 contre de nombreux insectes volants, notamment ; mouche verte, champignon, mouche noire, thrips, aleurode, pucerons et moucherons.<\/p>\n\n\n\n<p>-L&#039;adh\u00e9sif peut \u00eatre fabriqu\u00e9 avec des mati\u00e8res premi\u00e8res biod\u00e9gradables \u00e0 des fins de jardinage biologique<\/p>\n\n\n\n<p>-Adh\u00e9sif r\u00e9sistant \u00e0 la lumi\u00e8re UV; dure plus de 6 mois en serre<\/p>\n\n\n\n<p>-Couche adh\u00e9sive facile \u00e0 peler et \u00e0 \u00e9pisser.<\/p>\n\n\n\n<ul class=\"wp-block-list\"><li>Comparez et achetez facilement des adh\u00e9sifs thermofusibles<\/li><li>Thermofusible PSA \u00e0 base de PIB polyisobut\u00e8ne \u2192<\/li><\/ul>","protected":false},"excerpt":{"rendered":"<p>FUNGUS GNATS ADHESIVE TRAP Fungus gnats are a most seen indoors in e.g. glasshouses, our adhesive [&hellip;]<\/p>","protected":false},"author":1,"featured_media":0,"parent":0,"menu_order":0,"comment_status":"closed","ping_status":"closed","template":"","meta":{"footnotes":""},"class_list":["post-221","page","type-page","status-publish","hentry"],"yoast_head":"<!-- This site is optimized with the Yoast SEO plugin v17.0 - https:\/\/yoast.com\/wordpress\/plugins\/seo\/ -->\n<title>INSECT TRAP ADHESIVES MANUFACTURER - PUR hot melt adhesives<\/title>\n<meta name=\"robots\" content=\"index, follow, max-snippet:-1, max-image-preview:large, max-video-preview:-1\" \/>\n<link rel=\"canonical\" href=\"https:\/\/www.purhotmelt.com\/fr\/insect-trap-adhesives-manufacturer\/\" \/>\n<meta property=\"og:locale\" content=\"fr_FR\" \/>\n<meta property=\"og:type\" content=\"article\" \/>\n<meta property=\"og:title\" content=\"INSECT TRAP ADHESIVES MANUFACTURER - PUR hot melt adhesives\" \/>\n<meta property=\"og:description\" content=\"FUNGUS GNATS ADHESIVE TRAP Fungus gnats are a most seen indoors in e.g. glasshouses, our adhesive [&hellip;]\" \/>\n<meta property=\"og:url\" content=\"https:\/\/www.purhotmelt.com\/fr\/insect-trap-adhesives-manufacturer\/\" \/>\n<meta property=\"og:site_name\" content=\"PUR hot melt adhesives\" \/>\n<meta property=\"article:modified_time\" content=\"2021-01-20T22:10:47+00:00\" \/>\n<meta property=\"og:image\" content=\"https:\/\/www.purhotmelt.com\/wp-content\/uploads\/2019\/01\/insect-trap-adhesive-manufacturer.html\" \/>\n<meta name=\"twitter:card\" content=\"summary_large_image\" \/>\n<meta name=\"twitter:label1\" content=\"Dur\u00e9e de lecture est.\" \/>\n\t<meta name=\"twitter:data1\" content=\"1 minute\" \/>\n<script type=\"application\/ld+json\" class=\"yoast-schema-graph\">{\"@context\":\"https:\/\/schema.org\",\"@graph\":[{\"@type\":\"WebSite\",\"@id\":\"https:\/\/www.purhotmelt.com\/#website\",\"url\":\"https:\/\/www.purhotmelt.com\/\",\"name\":\"PUR hot melt adhesives\",\"description\":\"Intercol: Specialist manufacturer\",\"potentialAction\":[{\"@type\":\"SearchAction\",\"target\":{\"@type\":\"EntryPoint\",\"urlTemplate\":\"https:\/\/www.purhotmelt.com\/?s={search_term_string}\"},\"query-input\":\"required name=search_term_string\"}],\"inLanguage\":\"fr-BE\"},{\"@type\":\"ImageObject\",\"@id\":\"https:\/\/www.purhotmelt.com\/es\/insect-trap-adhesives-manufacturer\/#primaryimage\",\"inLanguage\":\"fr-BE\",\"url\":\"https:\/\/www.purhotmelt.com\/wp-content\/uploads\/2019\/01\/insect-trap-adhesive-manufacturer.html\",\"contentUrl\":\"https:\/\/www.purhotmelt.com\/wp-content\/uploads\/2019\/01\/insect-trap-adhesive-manufacturer.html\"},{\"@type\":\"WebPage\",\"@id\":\"https:\/\/www.purhotmelt.com\/es\/insect-trap-adhesives-manufacturer\/#webpage\",\"url\":\"https:\/\/www.purhotmelt.com\/es\/insect-trap-adhesives-manufacturer\/\",\"name\":\"INSECT TRAP ADHESIVES MANUFACTURER - PUR hot melt adhesives\",\"isPartOf\":{\"@id\":\"https:\/\/www.purhotmelt.com\/#website\"},\"primaryImageOfPage\":{\"@id\":\"https:\/\/www.purhotmelt.com\/es\/insect-trap-adhesives-manufacturer\/#primaryimage\"},\"datePublished\":\"2021-01-20T22:10:46+00:00\",\"dateModified\":\"2021-01-20T22:10:47+00:00\",\"breadcrumb\":{\"@id\":\"https:\/\/www.purhotmelt.com\/es\/insect-trap-adhesives-manufacturer\/#breadcrumb\"},\"inLanguage\":\"fr-BE\",\"potentialAction\":[{\"@type\":\"ReadAction\",\"target\":[\"https:\/\/www.purhotmelt.com\/es\/insect-trap-adhesives-manufacturer\/\"]}]},{\"@type\":\"BreadcrumbList\",\"@id\":\"https:\/\/www.purhotmelt.com\/es\/insect-trap-adhesives-manufacturer\/#breadcrumb\",\"itemListElement\":[{\"@type\":\"ListItem\",\"position\":1,\"name\":\"Home\",\"item\":\"https:\/\/www.purhotmelt.com\/\"},{\"@type\":\"ListItem\",\"position\":2,\"name\":\"INSECT TRAP ADHESIVES MANUFACTURER\"}]}]}<\/script>\n<!-- \/ Yoast SEO plugin. -->","yoast_head_json":{"title":"FABRICANT D&#039;ADH\u00c9SIFS PI\u00c8GE \u00c0 INSECTES - Adh\u00e9sifs thermofusibles PUR","robots":{"index":"index","follow":"follow","max-snippet":"max-snippet:-1","max-image-preview":"max-image-preview:large","max-video-preview":"max-video-preview:-1"},"canonical":"https:\/\/www.purhotmelt.com\/fr\/insect-trap-adhesives-manufacturer\/","og_locale":"fr_FR","og_type":"article","og_title":"INSECT TRAP ADHESIVES MANUFACTURER - PUR hot melt adhesives","og_description":"FUNGUS GNATS ADHESIVE TRAP Fungus gnats are a most seen indoors in e.g. glasshouses, our adhesive [&hellip;]","og_url":"https:\/\/www.purhotmelt.com\/fr\/insect-trap-adhesives-manufacturer\/","og_site_name":"PUR hot melt adhesives","article_modified_time":"2021-01-20T22:10:47+00:00","og_image":[{"url":"https:\/\/www.purhotmelt.com\/wp-content\/uploads\/2019\/01\/insect-trap-adhesive-manufacturer.html"}],"twitter_card":"summary_large_image","twitter_misc":{"Dur\u00e9e de lecture est.":"1 minute"},"schema":{"@context":"https:\/\/schema.org","@graph":[{"@type":"WebSite","@id":"https:\/\/www.purhotmelt.com\/#website","url":"https:\/\/www.purhotmelt.com\/","name":"Adh\u00e9sifs thermofusibles PUR","description":"Intercol: fabricant sp\u00e9cialis\u00e9","potentialAction":[{"@type":"SearchAction","target":{"@type":"EntryPoint","urlTemplate":"https:\/\/www.purhotmelt.com\/?s={search_term_string}"},"query-input":"required name=search_term_string"}],"inLanguage":"fr-BE"},{"@type":"ImageObject","@id":"https:\/\/www.purhotmelt.com\/es\/insect-trap-adhesives-manufacturer\/#primaryimage","inLanguage":"fr-BE","url":"https:\/\/www.purhotmelt.com\/wp-content\/uploads\/2019\/01\/insect-trap-adhesive-manufacturer.html","contentUrl":"https:\/\/www.purhotmelt.com\/wp-content\/uploads\/2019\/01\/insect-trap-adhesive-manufacturer.html"},{"@type":"WebPage","@id":"https:\/\/www.purhotmelt.com\/es\/insect-trap-adhesives-manufacturer\/#webpage","url":"https:\/\/www.purhotmelt.com\/es\/insect-trap-adhesives-manufacturer\/","name":"FABRICANT D&#039;ADH\u00c9SIFS PI\u00c8GE \u00c0 INSECTES - Adh\u00e9sifs thermofusibles PUR","isPartOf":{"@id":"https:\/\/www.purhotmelt.com\/#website"},"primaryImageOfPage":{"@id":"https:\/\/www.purhotmelt.com\/es\/insect-trap-adhesives-manufacturer\/#primaryimage"},"datePublished":"2021-01-20T22:10:46+00:00","dateModified":"2021-01-20T22:10:47+00:00","breadcrumb":{"@id":"https:\/\/www.purhotmelt.com\/es\/insect-trap-adhesives-manufacturer\/#breadcrumb"},"inLanguage":"fr-BE","potentialAction":[{"@type":"ReadAction","target":["https:\/\/www.purhotmelt.com\/es\/insect-trap-adhesives-manufacturer\/"]}]},{"@type":"BreadcrumbList","@id":"https:\/\/www.purhotmelt.com\/es\/insect-trap-adhesives-manufacturer\/#breadcrumb","itemListElement":[{"@type":"ListItem","position":1,"name":"Home","item":"https:\/\/www.purhotmelt.com\/"},{"@type":"ListItem","position":2,"name":"INSECT TRAP ADHESIVES MANUFACTURER"}]}]}},"_links":{"self":[{"href":"https:\/\/www.purhotmelt.com\/fr\/wp-json\/wp\/v2\/pages\/221","targetHints":{"allow":["GET"]}}],"collection":[{"href":"https:\/\/www.purhotmelt.com\/fr\/wp-json\/wp\/v2\/pages"}],"about":[{"href":"https:\/\/www.purhotmelt.com\/fr\/wp-json\/wp\/v2\/types\/page"}],"author":[{"embeddable":true,"href":"https:\/\/www.purhotmelt.com\/fr\/wp-json\/wp\/v2\/users\/1"}],"replies":[{"embeddable":true,"href":"https:\/\/www.purhotmelt.com\/fr\/wp-json\/wp\/v2\/comments?post=221"}],"version-history":[{"count":1,"href":"https:\/\/www.purhotmelt.com\/fr\/wp-json\/wp\/v2\/pages\/221\/revisions"}],"predecessor-version":[{"id":223,"href":"https:\/\/www.purhotmelt.com\/fr\/wp-json\/wp\/v2\/pages\/221\/revisions\/223"}],"wp:attachment":[{"href":"https:\/\/www.purhotmelt.com\/fr\/wp-json\/wp\/v2\/media?parent=221"}],"curies":[{"name":"wp","href":"https:\/\/api.w.org\/{rel}","templated":true}]}}