{"id":224,"date":"2021-01-20T22:12:14","date_gmt":"2021-01-20T22:12:14","guid":{"rendered":"https:\/\/www.purhotmelt.com\/?page_id=224"},"modified":"2021-01-20T22:12:16","modified_gmt":"2021-01-20T22:12:16","slug":"polyisobutene-pib-based-psa-hot-melt","status":"publish","type":"page","link":"https:\/\/www.purhotmelt.com\/fr\/polyisobutene-pib-based-psa-hot-melt\/","title":{"rendered":"MELT \u00c0 CHAUD PSA \u00c0 BASE DE POLYISOBUT\u00c8NE PIB"},"content":{"rendered":"<h1 class=\"wp-block-heading\"><\/h1>\n\n\n\n<p>Les PIB sont utilis\u00e9s comme l&#039;une des substances de base dans la production d&#039;adh\u00e9sifs thermofusibles sensibles \u00e0 la pression. Les autres mati\u00e8res premi\u00e8res de base sont les \u00e9lastom\u00e8res et les polym\u00e8res synth\u00e9tiques \u00e0 base d&#039;isobutyl\u00e8ne fournissent d&#039;autres sp\u00e9cifications et domaines d&#039;application. En tant que fabricant d&#039;adh\u00e9sifs respectueux de l&#039;environnement, nous visons \u00e0 travailler avec des ingr\u00e9dients sans danger pour les aliments. Des formulations sp\u00e9cifiques peuvent \u00eatre faites pour r\u00e9pondre aux exigences \u00e9lev\u00e9es de stabilit\u00e9 \u00e0 l&#039;oxydation. Les PIB dans ce cas sont conviviaux pour les appareils cutan\u00e9s et sont donc un composant dans les domaines m\u00e9dicaux tels que les rubans adh\u00e9sifs chirurgicaux et les syst\u00e8mes transdermiques.<\/p>\n\n\n\n<p>Plus d&#039;informations sur<\/p>\n\n\n\n<ul class=\"wp-block-list\"><li>Produits d&#039;hygi\u00e8ne et m\u00e9dicaux<\/li><li>Adh\u00e9sifs thermofusibles PSA<\/li><li>Adh\u00e9sifs pour pi\u00e8ges \u00e0 insectes<\/li><\/ul>\n\n\n\n<h2 class=\"wp-block-heading\">FORMULATION TYPIQUE DU HOT MELT PSA<\/h2>\n\n\n\n<p>Un exemple de formulation thermofusible PSA est bas\u00e9 sur un<\/p>\n\n\n\n<ul class=\"wp-block-list\"><li>Copolym\u00e8re d&#039;isobutyl\u00e8ne et d&#039;isopr\u00e8ne<\/li><li>R\u00e9sine tackifiante<\/li><li>Cire microcristalline (microwax)<\/li><li>Antioxydant<\/li><\/ul>\n\n\n\n<h2 class=\"wp-block-heading\">ADH\u00c9SIF POUR APPLICATIONS DE COLLAGE<\/h2>\n\n\n\n<p>Les adh\u00e9sifs thermofusibles acc\u00e9l\u00e8rent les processus de fabrication complexes d&#039;aujourd&#039;hui. L&#039;application la plus courante est l&#039;emballage de nombreux autres domaines d&#039;application divers sont les applications d&#039;assemblage de produits tels que les produits blancs et l&#039;automobile, le laminage, le travail du bois, les mat\u00e9riaux isolants, la reliure, l&#039;assemblage de c\u00e2bles. Chaque jour, de nouveaux domaines d&#039;application sont d\u00e9couverts.<\/p>\n\n\n\n<p>Les adh\u00e9sifs thermofusibles \u00e9tant des solides 100%, ne contenant ni solvants ni eau, les adh\u00e9sifs thermofusibles peuvent \u00e9galement se lier \u00e0 des substrats non poreux. Combin\u00e9 avec une force de liaison rapide et excellente. Dans certaines applications, moins d&#039;un deuxi\u00e8me temps de compression est n\u00e9cessaire. La colle thermofusible doit \u00eatre chauff\u00e9e, en g\u00e9n\u00e9ral \u00e0 environ 160\u00b0C. \u00c0 cette temp\u00e9rature d&#039;application, il est capable d&#039;adh\u00e9rer au substrat et de cr\u00e9er une liaison rapide et solide. Les liaisons thermofusibles peuvent \u00eatre plus solides et plus l\u00e9g\u00e8res que les applications traditionnelles de clouage, de soudage et de vissage, car les substrats ne sont pas endommag\u00e9s et par laminage \u00e0 plat par exemple, la zone d&#039;adh\u00e9rence est grande.<\/p>\n\n\n\n<p><strong>Hot Melt Granules, pastilles et prills.<\/strong><\/p>\n\n\n\n<p>Les adh\u00e9sifs thermofusibles en granul\u00e9s sont les plus courants. La plupart d&#039;entre eux sont \u00e0 base d&#039;EVA et de polyol\u00e9fine. D&#039;autres qualit\u00e9s, telles que les adh\u00e9sifs fugitifs et les adh\u00e9sifs sensibles \u00e0 la pression (PSA) sont pour la plupart fournies en blocs de 0,5 \u00e0 1,0 KG ou en f\u00fbts de 200L. Les colles polyur\u00e9thanes sont toujours vendues en f\u00fbts, de 2,5 \u00e0 200L<\/p>","protected":false},"excerpt":{"rendered":"<p>PIB are used as one of the basic substance in the production of pressure-sensitive hot melt [&hellip;]<\/p>","protected":false},"author":1,"featured_media":0,"parent":0,"menu_order":0,"comment_status":"closed","ping_status":"closed","template":"","meta":{"footnotes":""},"class_list":["post-224","page","type-page","status-publish","hentry"],"yoast_head":"<!-- This site is optimized with the Yoast SEO plugin v17.0 - https:\/\/yoast.com\/wordpress\/plugins\/seo\/ -->\n<title>POLYISOBUTENE PIB BASED PSA HOT MELT - PUR hot melt adhesives<\/title>\n<meta name=\"robots\" content=\"index, follow, max-snippet:-1, max-image-preview:large, max-video-preview:-1\" \/>\n<link rel=\"canonical\" href=\"https:\/\/www.purhotmelt.com\/fr\/polyisobutene-pib-based-psa-hot-melt\/\" \/>\n<meta property=\"og:locale\" content=\"fr_FR\" \/>\n<meta property=\"og:type\" content=\"article\" \/>\n<meta property=\"og:title\" content=\"POLYISOBUTENE PIB BASED PSA HOT MELT - PUR hot melt adhesives\" \/>\n<meta property=\"og:description\" content=\"PIB are used as one of the basic substance in the production of pressure-sensitive hot melt [&hellip;]\" \/>\n<meta property=\"og:url\" content=\"https:\/\/www.purhotmelt.com\/fr\/polyisobutene-pib-based-psa-hot-melt\/\" \/>\n<meta property=\"og:site_name\" content=\"PUR hot melt adhesives\" \/>\n<meta property=\"article:modified_time\" content=\"2021-01-20T22:12:16+00:00\" \/>\n<meta name=\"twitter:card\" content=\"summary_large_image\" \/>\n<meta name=\"twitter:label1\" content=\"Dur\u00e9e de lecture est.\" \/>\n\t<meta name=\"twitter:data1\" content=\"2 minutes\" \/>\n<script type=\"application\/ld+json\" class=\"yoast-schema-graph\">{\"@context\":\"https:\/\/schema.org\",\"@graph\":[{\"@type\":\"WebSite\",\"@id\":\"https:\/\/www.purhotmelt.com\/#website\",\"url\":\"https:\/\/www.purhotmelt.com\/\",\"name\":\"PUR hot melt adhesives\",\"description\":\"Intercol: Specialist manufacturer\",\"potentialAction\":[{\"@type\":\"SearchAction\",\"target\":{\"@type\":\"EntryPoint\",\"urlTemplate\":\"https:\/\/www.purhotmelt.com\/?s={search_term_string}\"},\"query-input\":\"required name=search_term_string\"}],\"inLanguage\":\"fr-BE\"},{\"@type\":\"WebPage\",\"@id\":\"https:\/\/www.purhotmelt.com\/polyisobutene-pib-based-psa-hot-melt\/#webpage\",\"url\":\"https:\/\/www.purhotmelt.com\/polyisobutene-pib-based-psa-hot-melt\/\",\"name\":\"POLYISOBUTENE PIB BASED PSA HOT MELT - PUR hot melt adhesives\",\"isPartOf\":{\"@id\":\"https:\/\/www.purhotmelt.com\/#website\"},\"datePublished\":\"2021-01-20T22:12:14+00:00\",\"dateModified\":\"2021-01-20T22:12:16+00:00\",\"breadcrumb\":{\"@id\":\"https:\/\/www.purhotmelt.com\/polyisobutene-pib-based-psa-hot-melt\/#breadcrumb\"},\"inLanguage\":\"fr-BE\",\"potentialAction\":[{\"@type\":\"ReadAction\",\"target\":[\"https:\/\/www.purhotmelt.com\/polyisobutene-pib-based-psa-hot-melt\/\"]}]},{\"@type\":\"BreadcrumbList\",\"@id\":\"https:\/\/www.purhotmelt.com\/polyisobutene-pib-based-psa-hot-melt\/#breadcrumb\",\"itemListElement\":[{\"@type\":\"ListItem\",\"position\":1,\"name\":\"Home\",\"item\":\"https:\/\/www.purhotmelt.com\/\"},{\"@type\":\"ListItem\",\"position\":2,\"name\":\"POLYISOBUTENE PIB BASED PSA HOT MELT\"}]}]}<\/script>\n<!-- \/ Yoast SEO plugin. -->","yoast_head_json":{"title":"POLYISOBUTENE PIB BASED PSA HOT MELT - Adh\u00e9sifs thermofusibles PUR","robots":{"index":"index","follow":"follow","max-snippet":"max-snippet:-1","max-image-preview":"max-image-preview:large","max-video-preview":"max-video-preview:-1"},"canonical":"https:\/\/www.purhotmelt.com\/fr\/polyisobutene-pib-based-psa-hot-melt\/","og_locale":"fr_FR","og_type":"article","og_title":"POLYISOBUTENE PIB BASED PSA HOT MELT - PUR hot melt adhesives","og_description":"PIB are used as one of the basic substance in the production of pressure-sensitive hot melt [&hellip;]","og_url":"https:\/\/www.purhotmelt.com\/fr\/polyisobutene-pib-based-psa-hot-melt\/","og_site_name":"PUR hot melt adhesives","article_modified_time":"2021-01-20T22:12:16+00:00","twitter_card":"summary_large_image","twitter_misc":{"Dur\u00e9e de lecture est.":"2 minutes"},"schema":{"@context":"https:\/\/schema.org","@graph":[{"@type":"WebSite","@id":"https:\/\/www.purhotmelt.com\/#website","url":"https:\/\/www.purhotmelt.com\/","name":"Adh\u00e9sifs thermofusibles PUR","description":"Intercol: fabricant sp\u00e9cialis\u00e9","potentialAction":[{"@type":"SearchAction","target":{"@type":"EntryPoint","urlTemplate":"https:\/\/www.purhotmelt.com\/?s={search_term_string}"},"query-input":"required name=search_term_string"}],"inLanguage":"fr-BE"},{"@type":"WebPage","@id":"https:\/\/www.purhotmelt.com\/polyisobutene-pib-based-psa-hot-melt\/#webpage","url":"https:\/\/www.purhotmelt.com\/polyisobutene-pib-based-psa-hot-melt\/","name":"POLYISOBUTENE PIB BASED PSA HOT MELT - Adh\u00e9sifs thermofusibles PUR","isPartOf":{"@id":"https:\/\/www.purhotmelt.com\/#website"},"datePublished":"2021-01-20T22:12:14+00:00","dateModified":"2021-01-20T22:12:16+00:00","breadcrumb":{"@id":"https:\/\/www.purhotmelt.com\/polyisobutene-pib-based-psa-hot-melt\/#breadcrumb"},"inLanguage":"fr-BE","potentialAction":[{"@type":"ReadAction","target":["https:\/\/www.purhotmelt.com\/polyisobutene-pib-based-psa-hot-melt\/"]}]},{"@type":"BreadcrumbList","@id":"https:\/\/www.purhotmelt.com\/polyisobutene-pib-based-psa-hot-melt\/#breadcrumb","itemListElement":[{"@type":"ListItem","position":1,"name":"Home","item":"https:\/\/www.purhotmelt.com\/"},{"@type":"ListItem","position":2,"name":"POLYISOBUTENE PIB BASED PSA HOT MELT"}]}]}},"_links":{"self":[{"href":"https:\/\/www.purhotmelt.com\/fr\/wp-json\/wp\/v2\/pages\/224","targetHints":{"allow":["GET"]}}],"collection":[{"href":"https:\/\/www.purhotmelt.com\/fr\/wp-json\/wp\/v2\/pages"}],"about":[{"href":"https:\/\/www.purhotmelt.com\/fr\/wp-json\/wp\/v2\/types\/page"}],"author":[{"embeddable":true,"href":"https:\/\/www.purhotmelt.com\/fr\/wp-json\/wp\/v2\/users\/1"}],"replies":[{"embeddable":true,"href":"https:\/\/www.purhotmelt.com\/fr\/wp-json\/wp\/v2\/comments?post=224"}],"version-history":[{"count":1,"href":"https:\/\/www.purhotmelt.com\/fr\/wp-json\/wp\/v2\/pages\/224\/revisions"}],"predecessor-version":[{"id":226,"href":"https:\/\/www.purhotmelt.com\/fr\/wp-json\/wp\/v2\/pages\/224\/revisions\/226"}],"wp:attachment":[{"href":"https:\/\/www.purhotmelt.com\/fr\/wp-json\/wp\/v2\/media?parent=224"}],"curies":[{"name":"wp","href":"https:\/\/api.w.org\/{rel}","templated":true}]}}