{"id":23,"date":"2020-10-02T16:27:23","date_gmt":"2020-10-02T16:27:23","guid":{"rendered":"https:\/\/www.purhotmelt.com\/?page_id=23"},"modified":"2020-10-02T16:27:24","modified_gmt":"2020-10-02T16:27:24","slug":"reactive-hot-melt-adhesives","status":"publish","type":"page","link":"https:\/\/www.purhotmelt.com\/fr\/reactive-hot-melt-adhesives\/","title":{"rendered":"Adh\u00e9sifs thermofusibles r\u00e9actifs"},"content":{"rendered":"<p>Les adh\u00e9sifs thermofusibles r\u00e9actifs sont chauff\u00e9s pour fondre et devenir fluides. Lorsqu&#039;ils sont fluides, ces adh\u00e9sifs sont appliqu\u00e9s \u00e0 l&#039;\u00e9tat fondu par des buses ou des rouleaux. Lorsque l&#039;adh\u00e9sif thermofusible refroidit, il augmente sa r\u00e9sistance initiale en se solidifiant. Apr\u00e8s le refroidissement rapide, les mol\u00e9cules d&#039;eau de l&#039;environnement d\u00e9clenchent une r\u00e9action chimique \u00e9galement connue sous le nom de r\u00e9ticulation. Apr\u00e8s r\u00e9ticulation compl\u00e8te, les adh\u00e9sifs thermofusibles PUR r\u00e9actifs fournissent une liaison plus solide que les adh\u00e9sifs thermofusibles thermoplastiques. Ces adh\u00e9sifs PUR offrent une r\u00e9sistance sup\u00e9rieure \u00e0 l&#039;humidit\u00e9, \u00e0 la chaleur et aux produits chimiques. PUR hotmelt \u00e9tablit \u00e9galement des liaisons chimiques avec des partenaires r\u00e9actifs appropri\u00e9s sur le substrat, ce qui am\u00e9liore l&#039;adh\u00e9rence sur de nombreuses surfaces.<\/p>","protected":false},"excerpt":{"rendered":"<p>Reactive hot melt adhesives are heated to melt and become fluid. When fluid these adhesives are [&hellip;]<\/p>","protected":false},"author":1,"featured_media":0,"parent":0,"menu_order":0,"comment_status":"closed","ping_status":"closed","template":"","meta":{"footnotes":""},"class_list":["post-23","page","type-page","status-publish","hentry"],"yoast_head":"<!-- This site is optimized with the Yoast SEO plugin v17.0 - https:\/\/yoast.com\/wordpress\/plugins\/seo\/ -->\n<title>Reactive hot melt adhesives - PUR hot melt adhesives<\/title>\n<meta name=\"robots\" content=\"index, follow, max-snippet:-1, max-image-preview:large, max-video-preview:-1\" \/>\n<link rel=\"canonical\" href=\"https:\/\/www.purhotmelt.com\/fr\/reactive-hot-melt-adhesives\/\" \/>\n<meta property=\"og:locale\" content=\"fr_FR\" \/>\n<meta property=\"og:type\" content=\"article\" \/>\n<meta property=\"og:title\" content=\"Reactive hot melt adhesives - PUR hot melt adhesives\" \/>\n<meta property=\"og:description\" content=\"Reactive hot melt adhesives are heated to melt and become fluid. When fluid these adhesives are [&hellip;]\" \/>\n<meta property=\"og:url\" content=\"https:\/\/www.purhotmelt.com\/fr\/reactive-hot-melt-adhesives\/\" \/>\n<meta property=\"og:site_name\" content=\"PUR hot melt adhesives\" \/>\n<meta property=\"article:modified_time\" content=\"2020-10-02T16:27:24+00:00\" \/>\n<meta name=\"twitter:card\" content=\"summary_large_image\" \/>\n<meta name=\"twitter:label1\" content=\"Dur\u00e9e de lecture est.\" \/>\n\t<meta name=\"twitter:data1\" content=\"1 minute\" \/>\n<script type=\"application\/ld+json\" class=\"yoast-schema-graph\">{\"@context\":\"https:\/\/schema.org\",\"@graph\":[{\"@type\":\"WebSite\",\"@id\":\"https:\/\/www.purhotmelt.com\/#website\",\"url\":\"https:\/\/www.purhotmelt.com\/\",\"name\":\"PUR hot melt adhesives\",\"description\":\"Intercol: Specialist manufacturer\",\"potentialAction\":[{\"@type\":\"SearchAction\",\"target\":{\"@type\":\"EntryPoint\",\"urlTemplate\":\"https:\/\/www.purhotmelt.com\/?s={search_term_string}\"},\"query-input\":\"required name=search_term_string\"}],\"inLanguage\":\"fr-BE\"},{\"@type\":\"WebPage\",\"@id\":\"https:\/\/www.purhotmelt.com\/nb\/reactive-hot-melt-adhesives\/#webpage\",\"url\":\"https:\/\/www.purhotmelt.com\/nb\/reactive-hot-melt-adhesives\/\",\"name\":\"Reactive hot melt adhesives - PUR hot melt adhesives\",\"isPartOf\":{\"@id\":\"https:\/\/www.purhotmelt.com\/#website\"},\"datePublished\":\"2020-10-02T16:27:23+00:00\",\"dateModified\":\"2020-10-02T16:27:24+00:00\",\"breadcrumb\":{\"@id\":\"https:\/\/www.purhotmelt.com\/nb\/reactive-hot-melt-adhesives\/#breadcrumb\"},\"inLanguage\":\"fr-BE\",\"potentialAction\":[{\"@type\":\"ReadAction\",\"target\":[\"https:\/\/www.purhotmelt.com\/nb\/reactive-hot-melt-adhesives\/\"]}]},{\"@type\":\"BreadcrumbList\",\"@id\":\"https:\/\/www.purhotmelt.com\/nb\/reactive-hot-melt-adhesives\/#breadcrumb\",\"itemListElement\":[{\"@type\":\"ListItem\",\"position\":1,\"name\":\"Home\",\"item\":\"https:\/\/www.purhotmelt.com\/\"},{\"@type\":\"ListItem\",\"position\":2,\"name\":\"Reactive hot melt adhesives\"}]}]}<\/script>\n<!-- \/ Yoast SEO plugin. -->","yoast_head_json":{"title":"Adh\u00e9sifs thermofusibles r\u00e9actifs - Adh\u00e9sifs thermofusibles PUR","robots":{"index":"index","follow":"follow","max-snippet":"max-snippet:-1","max-image-preview":"max-image-preview:large","max-video-preview":"max-video-preview:-1"},"canonical":"https:\/\/www.purhotmelt.com\/fr\/reactive-hot-melt-adhesives\/","og_locale":"fr_FR","og_type":"article","og_title":"Reactive hot melt adhesives - PUR hot melt adhesives","og_description":"Reactive hot melt adhesives are heated to melt and become fluid. When fluid these adhesives are [&hellip;]","og_url":"https:\/\/www.purhotmelt.com\/fr\/reactive-hot-melt-adhesives\/","og_site_name":"PUR hot melt adhesives","article_modified_time":"2020-10-02T16:27:24+00:00","twitter_card":"summary_large_image","twitter_misc":{"Dur\u00e9e de lecture est.":"1 minute"},"schema":{"@context":"https:\/\/schema.org","@graph":[{"@type":"WebSite","@id":"https:\/\/www.purhotmelt.com\/#website","url":"https:\/\/www.purhotmelt.com\/","name":"Adh\u00e9sifs thermofusibles PUR","description":"Intercol: fabricant sp\u00e9cialis\u00e9","potentialAction":[{"@type":"SearchAction","target":{"@type":"EntryPoint","urlTemplate":"https:\/\/www.purhotmelt.com\/?s={search_term_string}"},"query-input":"required name=search_term_string"}],"inLanguage":"fr-BE"},{"@type":"WebPage","@id":"https:\/\/www.purhotmelt.com\/nb\/reactive-hot-melt-adhesives\/#webpage","url":"https:\/\/www.purhotmelt.com\/nb\/reactive-hot-melt-adhesives\/","name":"Adh\u00e9sifs thermofusibles r\u00e9actifs - Adh\u00e9sifs thermofusibles PUR","isPartOf":{"@id":"https:\/\/www.purhotmelt.com\/#website"},"datePublished":"2020-10-02T16:27:23+00:00","dateModified":"2020-10-02T16:27:24+00:00","breadcrumb":{"@id":"https:\/\/www.purhotmelt.com\/nb\/reactive-hot-melt-adhesives\/#breadcrumb"},"inLanguage":"fr-BE","potentialAction":[{"@type":"ReadAction","target":["https:\/\/www.purhotmelt.com\/nb\/reactive-hot-melt-adhesives\/"]}]},{"@type":"BreadcrumbList","@id":"https:\/\/www.purhotmelt.com\/nb\/reactive-hot-melt-adhesives\/#breadcrumb","itemListElement":[{"@type":"ListItem","position":1,"name":"Home","item":"https:\/\/www.purhotmelt.com\/"},{"@type":"ListItem","position":2,"name":"Reactive hot melt adhesives"}]}]}},"_links":{"self":[{"href":"https:\/\/www.purhotmelt.com\/fr\/wp-json\/wp\/v2\/pages\/23","targetHints":{"allow":["GET"]}}],"collection":[{"href":"https:\/\/www.purhotmelt.com\/fr\/wp-json\/wp\/v2\/pages"}],"about":[{"href":"https:\/\/www.purhotmelt.com\/fr\/wp-json\/wp\/v2\/types\/page"}],"author":[{"embeddable":true,"href":"https:\/\/www.purhotmelt.com\/fr\/wp-json\/wp\/v2\/users\/1"}],"replies":[{"embeddable":true,"href":"https:\/\/www.purhotmelt.com\/fr\/wp-json\/wp\/v2\/comments?post=23"}],"version-history":[{"count":1,"href":"https:\/\/www.purhotmelt.com\/fr\/wp-json\/wp\/v2\/pages\/23\/revisions"}],"predecessor-version":[{"id":25,"href":"https:\/\/www.purhotmelt.com\/fr\/wp-json\/wp\/v2\/pages\/23\/revisions\/25"}],"wp:attachment":[{"href":"https:\/\/www.purhotmelt.com\/fr\/wp-json\/wp\/v2\/media?parent=23"}],"curies":[{"name":"wp","href":"https:\/\/api.w.org\/{rel}","templated":true}]}}