{"id":230,"date":"2021-01-20T22:14:15","date_gmt":"2021-01-20T22:14:15","guid":{"rendered":"https:\/\/www.purhotmelt.com\/?page_id=230"},"modified":"2021-01-20T22:14:16","modified_gmt":"2021-01-20T22:14:16","slug":"paper-and-packaging-hot-melt-adhesives","status":"publish","type":"page","link":"https:\/\/www.purhotmelt.com\/fr\/paper-and-packaging-hot-melt-adhesives\/","title":{"rendered":"PAPIER ET EMBALLAGE ADH\u00c9SIFS \u00c0 CHAUD"},"content":{"rendered":"<p>La gamme d&#039;adh\u00e9sifs thermofusibles d&#039;Intercol est cibl\u00e9e sur des applications sp\u00e9ciales telles que le scellage de carton, l&#039;\u00e9tiquetage de bouteilles, la fixation de paille, la fabrication de sacs en papier, l&#039;assemblage de sacs, etc. Par une innovation continue, Intercol d\u00e9veloppe de nouvelles qualit\u00e9s qui rendent les processus de production de nos clients de plus en plus efficaces. Nos colles thermofusibles blanches \u00e0 base d&#039;EVA et de polyol\u00e9fine m\u00e9talloc\u00e8ne (mPO) offrent des avantages tels que moins de temps d&#039;arr\u00eat, moins et moins d&#039;entretien, pas de fum\u00e9es, certification de s\u00e9curit\u00e9 alimentaire et fonctionnement sans probl\u00e8me. Nous proposons \u00e9galement une gamme de b\u00e2tons de colle thermofusible pour la mise en route, la R&amp;D ou les r\u00e9parations manuelles. En offrant des adh\u00e9sifs thermofusibles \u00e0 faible odeur, sans carbonisation, sans g\u00e9lification, sans filage, \u00e0 faible densit\u00e9 et \u00e0 force d&#039;adh\u00e9rence \u00e9lev\u00e9e, une large temp\u00e9rature environnementale, nos adh\u00e9sifs thermofusibles sont l&#039;une des qualit\u00e9s les plus polyvalentes qui peuvent r\u00e9duire les co\u00fbts et cr\u00e9er une meilleure efficacit\u00e9 pour les clients.<\/p>\n\n\n\n<p>Notre gamme thermofusible White EVA et Pololefine a port\u00e9 les performances des adh\u00e9sifs thermofusibles pour les emballages de fin de ligne \u00e0 un niveau \u00e9lev\u00e9. Techniquement avanc\u00e9s et extr\u00eamement polyvalents, les adh\u00e9sifs d&#039;emballage thermofusibles en polyol\u00e9fine peuvent \u00eatre utilis\u00e9s avec presque toutes les machines d&#039;emballage, qualit\u00e9s de carton et formats d&#039;emballage.<\/p>\n\n\n\n<p>Notre gamme d&#039;adh\u00e9sifs thermofusibles sp\u00e9cialement d\u00e9velopp\u00e9s pour une utilisation dans la fabrication de bo\u00eetiers exigeants non standard est \u00e9galement tr\u00e8s large. Nous proposons plus de 500 grades d&#039;emballage thermofusible, 150 grades sont disponibles en stock. Pour les exigences \u00e9lev\u00e9es en surg\u00e9lation (EHM 5114), r\u00e9sistance \u00e0 haute temp\u00e9rature (EHM 9244), basse temp\u00e9rature d&#039;application (EHM 5116), pas de cordage (EHM 5108) ou r\u00e9glage extr\u00eamement rapide (0,1 seconde, EHM 5084), nous r\u00e9solvons les probl\u00e8mes les plus exigeants applications pour fonctionner parfaitement. Que vous serviez des applications de scellage de cartons ou de formation de plateaux. Pour les emballages de soins de sant\u00e9 et pharmaceutiques, nous proposons des certificats de qualit\u00e9 essentiels pour garantir la liaison et l&#039;inviolabilit\u00e9. De plus, ces adh\u00e9sifs thermofusibles offrent une construction et une r\u00e9sistance d&#039;\u00e9tanch\u00e9it\u00e9 suppl\u00e9mentaires.<\/p>","protected":false},"excerpt":{"rendered":"<p>Intercol\u2019s range of\u00a0hot melt adhesives\u00a0is targeted on special applications such as\u00a0carto sealing, bottle labeling, straw attachment, [&hellip;]<\/p>","protected":false},"author":1,"featured_media":0,"parent":0,"menu_order":0,"comment_status":"closed","ping_status":"closed","template":"","meta":{"footnotes":""},"class_list":["post-230","page","type-page","status-publish","hentry"],"yoast_head":"<!-- This site is optimized with the Yoast SEO plugin v17.0 - https:\/\/yoast.com\/wordpress\/plugins\/seo\/ -->\n<title>PAPER AND PACKAGING HOT MELT ADHESIVES - PUR hot melt adhesives<\/title>\n<meta name=\"robots\" content=\"index, follow, max-snippet:-1, max-image-preview:large, max-video-preview:-1\" \/>\n<link rel=\"canonical\" href=\"https:\/\/www.purhotmelt.com\/fr\/paper-and-packaging-hot-melt-adhesives\/\" \/>\n<meta property=\"og:locale\" content=\"fr_FR\" \/>\n<meta property=\"og:type\" content=\"article\" \/>\n<meta property=\"og:title\" content=\"PAPER AND PACKAGING HOT MELT ADHESIVES - PUR hot melt adhesives\" \/>\n<meta property=\"og:description\" content=\"Intercol\u2019s range of\u00a0hot melt adhesives\u00a0is targeted on special applications such as\u00a0carto sealing, bottle labeling, straw attachment, [&hellip;]\" \/>\n<meta property=\"og:url\" content=\"https:\/\/www.purhotmelt.com\/fr\/paper-and-packaging-hot-melt-adhesives\/\" \/>\n<meta property=\"og:site_name\" content=\"PUR hot melt adhesives\" \/>\n<meta property=\"article:modified_time\" content=\"2021-01-20T22:14:16+00:00\" \/>\n<meta name=\"twitter:card\" content=\"summary_large_image\" \/>\n<meta name=\"twitter:label1\" content=\"Dur\u00e9e de lecture est.\" \/>\n\t<meta name=\"twitter:data1\" content=\"1 minute\" \/>\n<script type=\"application\/ld+json\" class=\"yoast-schema-graph\">{\"@context\":\"https:\/\/schema.org\",\"@graph\":[{\"@type\":\"WebSite\",\"@id\":\"https:\/\/www.purhotmelt.com\/#website\",\"url\":\"https:\/\/www.purhotmelt.com\/\",\"name\":\"PUR hot melt adhesives\",\"description\":\"Intercol: Specialist manufacturer\",\"potentialAction\":[{\"@type\":\"SearchAction\",\"target\":{\"@type\":\"EntryPoint\",\"urlTemplate\":\"https:\/\/www.purhotmelt.com\/?s={search_term_string}\"},\"query-input\":\"required name=search_term_string\"}],\"inLanguage\":\"fr-BE\"},{\"@type\":\"WebPage\",\"@id\":\"https:\/\/www.purhotmelt.com\/nl\/paper-and-packaging-hot-melt-adhesives\/#webpage\",\"url\":\"https:\/\/www.purhotmelt.com\/nl\/paper-and-packaging-hot-melt-adhesives\/\",\"name\":\"PAPER AND PACKAGING HOT MELT ADHESIVES - PUR hot melt adhesives\",\"isPartOf\":{\"@id\":\"https:\/\/www.purhotmelt.com\/#website\"},\"datePublished\":\"2021-01-20T22:14:15+00:00\",\"dateModified\":\"2021-01-20T22:14:16+00:00\",\"breadcrumb\":{\"@id\":\"https:\/\/www.purhotmelt.com\/nl\/paper-and-packaging-hot-melt-adhesives\/#breadcrumb\"},\"inLanguage\":\"fr-BE\",\"potentialAction\":[{\"@type\":\"ReadAction\",\"target\":[\"https:\/\/www.purhotmelt.com\/nl\/paper-and-packaging-hot-melt-adhesives\/\"]}]},{\"@type\":\"BreadcrumbList\",\"@id\":\"https:\/\/www.purhotmelt.com\/nl\/paper-and-packaging-hot-melt-adhesives\/#breadcrumb\",\"itemListElement\":[{\"@type\":\"ListItem\",\"position\":1,\"name\":\"Home\",\"item\":\"https:\/\/www.purhotmelt.com\/\"},{\"@type\":\"ListItem\",\"position\":2,\"name\":\"PAPER AND PACKAGING HOT MELT ADHESIVES\"}]}]}<\/script>\n<!-- \/ Yoast SEO plugin. -->","yoast_head_json":{"title":"ADH\u00c9SIFS HOT MELT POUR PAPIER ET EMBALLAGES - Adh\u00e9sifs thermofusibles PUR","robots":{"index":"index","follow":"follow","max-snippet":"max-snippet:-1","max-image-preview":"max-image-preview:large","max-video-preview":"max-video-preview:-1"},"canonical":"https:\/\/www.purhotmelt.com\/fr\/paper-and-packaging-hot-melt-adhesives\/","og_locale":"fr_FR","og_type":"article","og_title":"PAPER AND PACKAGING HOT MELT ADHESIVES - PUR hot melt adhesives","og_description":"Intercol\u2019s range of\u00a0hot melt adhesives\u00a0is targeted on special applications such as\u00a0carto sealing, bottle labeling, straw attachment, [&hellip;]","og_url":"https:\/\/www.purhotmelt.com\/fr\/paper-and-packaging-hot-melt-adhesives\/","og_site_name":"PUR hot melt adhesives","article_modified_time":"2021-01-20T22:14:16+00:00","twitter_card":"summary_large_image","twitter_misc":{"Dur\u00e9e de lecture est.":"1 minute"},"schema":{"@context":"https:\/\/schema.org","@graph":[{"@type":"WebSite","@id":"https:\/\/www.purhotmelt.com\/#website","url":"https:\/\/www.purhotmelt.com\/","name":"Adh\u00e9sifs thermofusibles PUR","description":"Intercol: fabricant sp\u00e9cialis\u00e9","potentialAction":[{"@type":"SearchAction","target":{"@type":"EntryPoint","urlTemplate":"https:\/\/www.purhotmelt.com\/?s={search_term_string}"},"query-input":"required name=search_term_string"}],"inLanguage":"fr-BE"},{"@type":"WebPage","@id":"https:\/\/www.purhotmelt.com\/nl\/paper-and-packaging-hot-melt-adhesives\/#webpage","url":"https:\/\/www.purhotmelt.com\/nl\/paper-and-packaging-hot-melt-adhesives\/","name":"ADH\u00c9SIFS HOT MELT POUR PAPIER ET EMBALLAGES - Adh\u00e9sifs thermofusibles PUR","isPartOf":{"@id":"https:\/\/www.purhotmelt.com\/#website"},"datePublished":"2021-01-20T22:14:15+00:00","dateModified":"2021-01-20T22:14:16+00:00","breadcrumb":{"@id":"https:\/\/www.purhotmelt.com\/nl\/paper-and-packaging-hot-melt-adhesives\/#breadcrumb"},"inLanguage":"fr-BE","potentialAction":[{"@type":"ReadAction","target":["https:\/\/www.purhotmelt.com\/nl\/paper-and-packaging-hot-melt-adhesives\/"]}]},{"@type":"BreadcrumbList","@id":"https:\/\/www.purhotmelt.com\/nl\/paper-and-packaging-hot-melt-adhesives\/#breadcrumb","itemListElement":[{"@type":"ListItem","position":1,"name":"Home","item":"https:\/\/www.purhotmelt.com\/"},{"@type":"ListItem","position":2,"name":"PAPER AND PACKAGING HOT MELT ADHESIVES"}]}]}},"_links":{"self":[{"href":"https:\/\/www.purhotmelt.com\/fr\/wp-json\/wp\/v2\/pages\/230","targetHints":{"allow":["GET"]}}],"collection":[{"href":"https:\/\/www.purhotmelt.com\/fr\/wp-json\/wp\/v2\/pages"}],"about":[{"href":"https:\/\/www.purhotmelt.com\/fr\/wp-json\/wp\/v2\/types\/page"}],"author":[{"embeddable":true,"href":"https:\/\/www.purhotmelt.com\/fr\/wp-json\/wp\/v2\/users\/1"}],"replies":[{"embeddable":true,"href":"https:\/\/www.purhotmelt.com\/fr\/wp-json\/wp\/v2\/comments?post=230"}],"version-history":[{"count":1,"href":"https:\/\/www.purhotmelt.com\/fr\/wp-json\/wp\/v2\/pages\/230\/revisions"}],"predecessor-version":[{"id":232,"href":"https:\/\/www.purhotmelt.com\/fr\/wp-json\/wp\/v2\/pages\/230\/revisions\/232"}],"wp:attachment":[{"href":"https:\/\/www.purhotmelt.com\/fr\/wp-json\/wp\/v2\/media?parent=230"}],"curies":[{"name":"wp","href":"https:\/\/api.w.org\/{rel}","templated":true}]}}