{"id":242,"date":"2021-01-20T22:20:17","date_gmt":"2021-01-20T22:20:17","guid":{"rendered":"https:\/\/www.purhotmelt.com\/?page_id=242"},"modified":"2021-01-20T22:20:18","modified_gmt":"2021-01-20T22:20:18","slug":"toll-blending-processing-by-intercol","status":"publish","type":"page","link":"https:\/\/www.purhotmelt.com\/fr\/toll-blending-processing-by-intercol\/","title":{"rendered":"TOLL BLENDING, TRAITEMENT PAR INTERCOL"},"content":{"rendered":"<h1 class=\"wp-block-heading\"><\/h1>\n\n\n\n<p>Intercol est capable de m\u00e9langer divers produits dans sa production. En particulier les produits \u00e0 base d&#039;eau et d&#039;autres avec une temp\u00e9rature jusqu&#039;\u00e0 100\u00b0C. Avec nos m\u00e9langeurs de 100Litres \u00e0 20.000 litres, nous pouvons fabriquer efficacement.<\/p>\n\n\n\n<p>Gr\u00e2ce \u00e0 notre syst\u00e8me de qualit\u00e9 int\u00e9gr\u00e9 et \u00e0 notre assistance R&amp;D \u00e9tendue, nous pouvons aider d&#039;autres entreprises \u00e0 construire et \u00e0 se concentrer sur leurs propres produits et ventes. Notre R&amp;D est exp\u00e9riment\u00e9e pour optimiser les produits pour l&#039;exp\u00e9rience client et d&#039;un point de vue \u00e9conomique.<\/p>\n\n\n\n<h3 class=\"wp-block-heading\">&nbsp;M\u00c9LANGE ET M\u00c9LANGE<\/h3>\n\n\n\n<ul class=\"wp-block-list\"><li>m\u00e9lange de dextrine, de PVOH ou d&#039;autres produits en poudre\u00a0;<\/li><li>dilution et m\u00e9lange de poudres dans l&#039;eau;<\/li><li>m\u00e9lange de dispersions de polym\u00e8res;<\/li><li>Tous \u00e0 base d&#039;eau et dispersions<\/li><li>Toutes les r\u00e9sines, cires et polym\u00e8res \u00e0 base d&#039;eau<\/li><\/ul>\n\n\n\n<h3 class=\"wp-block-heading\">EMBALLAGE ET STOCKAGE&nbsp;<\/h3>\n\n\n\n<ul class=\"wp-block-list\"><li>approvisionnement en camion citerne de 23 tonnes<\/li><li>1 mt IBC<\/li><li>F\u00fbts PE de 200 kg<\/li><\/ul>\n\n\n\n<p>Ou tout emballage sp\u00e9cifi\u00e9 par le client. Le r\u00e9seau d&#039;Intercol pour les entreprises d&#039;emballage et de remplissage est en mesure de r\u00e9pondre \u00e0 pratiquement tous vos besoins<\/p>","protected":false},"excerpt":{"rendered":"<p>Intercol is able to blend various products in it\u2019s production. Especially waterbased and other products with [&hellip;]<\/p>","protected":false},"author":1,"featured_media":0,"parent":0,"menu_order":0,"comment_status":"closed","ping_status":"closed","template":"","meta":{"footnotes":""},"class_list":["post-242","page","type-page","status-publish","hentry"],"yoast_head":"<!-- This site is optimized with the Yoast SEO plugin v17.0 - https:\/\/yoast.com\/wordpress\/plugins\/seo\/ -->\n<title>TOLL BLENDING, PROCESSING BY INTERCOL - PUR hot melt adhesives<\/title>\n<meta name=\"robots\" content=\"index, follow, max-snippet:-1, max-image-preview:large, max-video-preview:-1\" \/>\n<link rel=\"canonical\" href=\"https:\/\/www.purhotmelt.com\/fr\/toll-blending-processing-by-intercol\/\" \/>\n<meta property=\"og:locale\" content=\"fr_FR\" \/>\n<meta property=\"og:type\" content=\"article\" \/>\n<meta property=\"og:title\" content=\"TOLL BLENDING, PROCESSING BY INTERCOL - PUR hot melt adhesives\" \/>\n<meta property=\"og:description\" content=\"Intercol is able to blend various products in it\u2019s production. Especially waterbased and other products with [&hellip;]\" \/>\n<meta property=\"og:url\" content=\"https:\/\/www.purhotmelt.com\/fr\/toll-blending-processing-by-intercol\/\" \/>\n<meta property=\"og:site_name\" content=\"PUR hot melt adhesives\" \/>\n<meta property=\"article:modified_time\" content=\"2021-01-20T22:20:18+00:00\" \/>\n<meta name=\"twitter:card\" content=\"summary_large_image\" \/>\n<meta name=\"twitter:label1\" content=\"Dur\u00e9e de lecture est.\" \/>\n\t<meta name=\"twitter:data1\" content=\"1 minute\" \/>\n<script type=\"application\/ld+json\" class=\"yoast-schema-graph\">{\"@context\":\"https:\/\/schema.org\",\"@graph\":[{\"@type\":\"WebSite\",\"@id\":\"https:\/\/www.purhotmelt.com\/#website\",\"url\":\"https:\/\/www.purhotmelt.com\/\",\"name\":\"PUR hot melt adhesives\",\"description\":\"Intercol: Specialist manufacturer\",\"potentialAction\":[{\"@type\":\"SearchAction\",\"target\":{\"@type\":\"EntryPoint\",\"urlTemplate\":\"https:\/\/www.purhotmelt.com\/?s={search_term_string}\"},\"query-input\":\"required name=search_term_string\"}],\"inLanguage\":\"fr-BE\"},{\"@type\":\"WebPage\",\"@id\":\"https:\/\/www.purhotmelt.com\/fr\/toll-blending-processing-by-intercol\/#webpage\",\"url\":\"https:\/\/www.purhotmelt.com\/fr\/toll-blending-processing-by-intercol\/\",\"name\":\"TOLL BLENDING, PROCESSING BY INTERCOL - PUR hot melt adhesives\",\"isPartOf\":{\"@id\":\"https:\/\/www.purhotmelt.com\/#website\"},\"datePublished\":\"2021-01-20T22:20:17+00:00\",\"dateModified\":\"2021-01-20T22:20:18+00:00\",\"breadcrumb\":{\"@id\":\"https:\/\/www.purhotmelt.com\/fr\/toll-blending-processing-by-intercol\/#breadcrumb\"},\"inLanguage\":\"fr-BE\",\"potentialAction\":[{\"@type\":\"ReadAction\",\"target\":[\"https:\/\/www.purhotmelt.com\/fr\/toll-blending-processing-by-intercol\/\"]}]},{\"@type\":\"BreadcrumbList\",\"@id\":\"https:\/\/www.purhotmelt.com\/fr\/toll-blending-processing-by-intercol\/#breadcrumb\",\"itemListElement\":[{\"@type\":\"ListItem\",\"position\":1,\"name\":\"Home\",\"item\":\"https:\/\/www.purhotmelt.com\/\"},{\"@type\":\"ListItem\",\"position\":2,\"name\":\"TOLL BLENDING, PROCESSING BY INTERCOL\"}]}]}<\/script>\n<!-- \/ Yoast SEO plugin. -->","yoast_head_json":{"title":"TOLL BLENDING, TRAITEMENT PAR INTERCOL - Adh\u00e9sifs thermofusibles PUR","robots":{"index":"index","follow":"follow","max-snippet":"max-snippet:-1","max-image-preview":"max-image-preview:large","max-video-preview":"max-video-preview:-1"},"canonical":"https:\/\/www.purhotmelt.com\/fr\/toll-blending-processing-by-intercol\/","og_locale":"fr_FR","og_type":"article","og_title":"TOLL BLENDING, PROCESSING BY INTERCOL - PUR hot melt adhesives","og_description":"Intercol is able to blend various products in it\u2019s production. Especially waterbased and other products with [&hellip;]","og_url":"https:\/\/www.purhotmelt.com\/fr\/toll-blending-processing-by-intercol\/","og_site_name":"PUR hot melt adhesives","article_modified_time":"2021-01-20T22:20:18+00:00","twitter_card":"summary_large_image","twitter_misc":{"Dur\u00e9e de lecture est.":"1 minute"},"schema":{"@context":"https:\/\/schema.org","@graph":[{"@type":"WebSite","@id":"https:\/\/www.purhotmelt.com\/#website","url":"https:\/\/www.purhotmelt.com\/","name":"Adh\u00e9sifs thermofusibles PUR","description":"Intercol: fabricant sp\u00e9cialis\u00e9","potentialAction":[{"@type":"SearchAction","target":{"@type":"EntryPoint","urlTemplate":"https:\/\/www.purhotmelt.com\/?s={search_term_string}"},"query-input":"required name=search_term_string"}],"inLanguage":"fr-BE"},{"@type":"WebPage","@id":"https:\/\/www.purhotmelt.com\/fr\/toll-blending-processing-by-intercol\/#webpage","url":"https:\/\/www.purhotmelt.com\/fr\/toll-blending-processing-by-intercol\/","name":"TOLL BLENDING, TRAITEMENT PAR INTERCOL - Adh\u00e9sifs thermofusibles PUR","isPartOf":{"@id":"https:\/\/www.purhotmelt.com\/#website"},"datePublished":"2021-01-20T22:20:17+00:00","dateModified":"2021-01-20T22:20:18+00:00","breadcrumb":{"@id":"https:\/\/www.purhotmelt.com\/fr\/toll-blending-processing-by-intercol\/#breadcrumb"},"inLanguage":"fr-BE","potentialAction":[{"@type":"ReadAction","target":["https:\/\/www.purhotmelt.com\/fr\/toll-blending-processing-by-intercol\/"]}]},{"@type":"BreadcrumbList","@id":"https:\/\/www.purhotmelt.com\/fr\/toll-blending-processing-by-intercol\/#breadcrumb","itemListElement":[{"@type":"ListItem","position":1,"name":"Home","item":"https:\/\/www.purhotmelt.com\/"},{"@type":"ListItem","position":2,"name":"TOLL BLENDING, PROCESSING BY INTERCOL"}]}]}},"_links":{"self":[{"href":"https:\/\/www.purhotmelt.com\/fr\/wp-json\/wp\/v2\/pages\/242","targetHints":{"allow":["GET"]}}],"collection":[{"href":"https:\/\/www.purhotmelt.com\/fr\/wp-json\/wp\/v2\/pages"}],"about":[{"href":"https:\/\/www.purhotmelt.com\/fr\/wp-json\/wp\/v2\/types\/page"}],"author":[{"embeddable":true,"href":"https:\/\/www.purhotmelt.com\/fr\/wp-json\/wp\/v2\/users\/1"}],"replies":[{"embeddable":true,"href":"https:\/\/www.purhotmelt.com\/fr\/wp-json\/wp\/v2\/comments?post=242"}],"version-history":[{"count":1,"href":"https:\/\/www.purhotmelt.com\/fr\/wp-json\/wp\/v2\/pages\/242\/revisions"}],"predecessor-version":[{"id":244,"href":"https:\/\/www.purhotmelt.com\/fr\/wp-json\/wp\/v2\/pages\/242\/revisions\/244"}],"wp:attachment":[{"href":"https:\/\/www.purhotmelt.com\/fr\/wp-json\/wp\/v2\/media?parent=242"}],"curies":[{"name":"wp","href":"https:\/\/api.w.org\/{rel}","templated":true}]}}