{"id":245,"date":"2021-01-20T22:21:35","date_gmt":"2021-01-20T22:21:35","guid":{"rendered":"https:\/\/www.purhotmelt.com\/?page_id=245"},"modified":"2021-01-20T22:21:36","modified_gmt":"2021-01-20T22:21:36","slug":"adhesive-range-for-holweg-weber-r26","status":"publish","type":"page","link":"https:\/\/www.purhotmelt.com\/fr\/adhesive-range-for-holweg-weber-r26\/","title":{"rendered":"GAMME DE COLLES POUR HOLWEG WEBER R26"},"content":{"rendered":"<h1 class=\"wp-block-heading\"><\/h1>\n\n\n\n<p>Intercol est un fabricant d&#039;adh\u00e9sifs pour le traitement et le collage de divers papiers et cartons.<\/p>\n\n\n\n<p>Notre gamme d&#039;adh\u00e9sifs comprend une gamme d&#039;\u00e9tiquettes et de sacs en papier hybrides, synth\u00e9tiques et \u00e0 base d&#039;amidon, plats et sacoches, fen\u00eatres coll\u00e9es, adh\u00e9sifs de production.<br>Cette colle sp\u00e9cifique est utilis\u00e9e comme colle \u00e0 joint long pour les sacs de paraffine sur une machine de production de sacs en papier Holweg.<br>Il s&#039;agit des emballages alimentaires (BRC)<br>Mat\u00e9riel d&#039;application d&#039;adh\u00e9sif : syst\u00e8me de pulv\u00e9risation<br>Substrats : papier paraffin\u00e9 ; aucun substrat disponible.<\/p>\n\n\n\n<p>RECHERCHE exigences.<\/p>\n\n\n\n<p>Les tests sont effectu\u00e9s sur du papier paraffin\u00e9, qui est relativement facile \u00e0 coller et \u00e0 adh\u00e9rer. Des tests sur papier fortement paraffin\u00e9 sont \u00e9galement effectu\u00e9s.<\/p>\n\n\n\n<p>COMMENTAIRES ET CONCLUSION<\/p>\n\n\n\n<p>Proposition : 1) K3508<br>2) K1146 pour obtenir la meilleure adh\u00e9rence,<\/p>\n\n\n\n<p>Remarque : AA 612 est un adh\u00e9sif collant puissant ; il sera plus difficile \u00e0 nettoyer et \u00e0 traiter que le K 3508<\/p>\n\n\n\n<p>Les deux sont adapt\u00e9s et autoris\u00e9s par les r\u00e9glementations europ\u00e9ennes et am\u00e9ricaines pour le collage des emballages alimentaires.<\/p>\n\n\n\n<p>Tableau 1 : Aper\u00e7u des valeurs physiques du concurrent et nouvelle proposition<\/p>\n\n\n\n<p>Adh\u00e9sif concurrents<br>VA 557\/3<br>AA 612<\/p>","protected":false},"excerpt":{"rendered":"<p>Intercol is an adhesives manufacturer for the processing and gluing of various&nbsp; paper and Boards. Our [&hellip;]<\/p>","protected":false},"author":1,"featured_media":0,"parent":0,"menu_order":0,"comment_status":"closed","ping_status":"closed","template":"","meta":{"footnotes":""},"class_list":["post-245","page","type-page","status-publish","hentry"],"yoast_head":"<!-- This site is optimized with the Yoast SEO plugin v17.0 - https:\/\/yoast.com\/wordpress\/plugins\/seo\/ -->\n<title>ADHESIVE RANGE FOR HOLWEG WEBER R26 - PUR hot melt adhesives<\/title>\n<meta name=\"robots\" content=\"index, follow, max-snippet:-1, max-image-preview:large, max-video-preview:-1\" \/>\n<link rel=\"canonical\" href=\"https:\/\/www.purhotmelt.com\/fr\/adhesive-range-for-holweg-weber-r26\/\" \/>\n<meta property=\"og:locale\" content=\"fr_FR\" \/>\n<meta property=\"og:type\" content=\"article\" \/>\n<meta property=\"og:title\" content=\"ADHESIVE RANGE FOR HOLWEG WEBER R26 - PUR hot melt adhesives\" \/>\n<meta property=\"og:description\" content=\"Intercol is an adhesives manufacturer for the processing and gluing of various&nbsp; paper and Boards. Our [&hellip;]\" \/>\n<meta property=\"og:url\" content=\"https:\/\/www.purhotmelt.com\/fr\/adhesive-range-for-holweg-weber-r26\/\" \/>\n<meta property=\"og:site_name\" content=\"PUR hot melt adhesives\" \/>\n<meta property=\"article:modified_time\" content=\"2021-01-20T22:21:36+00:00\" \/>\n<meta name=\"twitter:card\" content=\"summary_large_image\" \/>\n<meta name=\"twitter:label1\" content=\"Dur\u00e9e de lecture est.\" \/>\n\t<meta name=\"twitter:data1\" content=\"1 minute\" \/>\n<script type=\"application\/ld+json\" class=\"yoast-schema-graph\">{\"@context\":\"https:\/\/schema.org\",\"@graph\":[{\"@type\":\"WebSite\",\"@id\":\"https:\/\/www.purhotmelt.com\/#website\",\"url\":\"https:\/\/www.purhotmelt.com\/\",\"name\":\"PUR hot melt adhesives\",\"description\":\"Intercol: Specialist manufacturer\",\"potentialAction\":[{\"@type\":\"SearchAction\",\"target\":{\"@type\":\"EntryPoint\",\"urlTemplate\":\"https:\/\/www.purhotmelt.com\/?s={search_term_string}\"},\"query-input\":\"required name=search_term_string\"}],\"inLanguage\":\"fr-BE\"},{\"@type\":\"WebPage\",\"@id\":\"https:\/\/www.purhotmelt.com\/fr\/adhesive-range-for-holweg-weber-r26\/#webpage\",\"url\":\"https:\/\/www.purhotmelt.com\/fr\/adhesive-range-for-holweg-weber-r26\/\",\"name\":\"ADHESIVE RANGE FOR HOLWEG WEBER R26 - PUR hot melt adhesives\",\"isPartOf\":{\"@id\":\"https:\/\/www.purhotmelt.com\/#website\"},\"datePublished\":\"2021-01-20T22:21:35+00:00\",\"dateModified\":\"2021-01-20T22:21:36+00:00\",\"breadcrumb\":{\"@id\":\"https:\/\/www.purhotmelt.com\/fr\/adhesive-range-for-holweg-weber-r26\/#breadcrumb\"},\"inLanguage\":\"fr-BE\",\"potentialAction\":[{\"@type\":\"ReadAction\",\"target\":[\"https:\/\/www.purhotmelt.com\/fr\/adhesive-range-for-holweg-weber-r26\/\"]}]},{\"@type\":\"BreadcrumbList\",\"@id\":\"https:\/\/www.purhotmelt.com\/fr\/adhesive-range-for-holweg-weber-r26\/#breadcrumb\",\"itemListElement\":[{\"@type\":\"ListItem\",\"position\":1,\"name\":\"Home\",\"item\":\"https:\/\/www.purhotmelt.com\/\"},{\"@type\":\"ListItem\",\"position\":2,\"name\":\"ADHESIVE RANGE FOR HOLWEG WEBER R26\"}]}]}<\/script>\n<!-- \/ Yoast SEO plugin. -->","yoast_head_json":{"title":"GAMME ADH\u00c9SIFS POUR HOLWEG WEBER R26 - Adh\u00e9sifs thermofusibles PUR","robots":{"index":"index","follow":"follow","max-snippet":"max-snippet:-1","max-image-preview":"max-image-preview:large","max-video-preview":"max-video-preview:-1"},"canonical":"https:\/\/www.purhotmelt.com\/fr\/adhesive-range-for-holweg-weber-r26\/","og_locale":"fr_FR","og_type":"article","og_title":"ADHESIVE RANGE FOR HOLWEG WEBER R26 - PUR hot melt adhesives","og_description":"Intercol is an adhesives manufacturer for the processing and gluing of various&nbsp; paper and Boards. Our [&hellip;]","og_url":"https:\/\/www.purhotmelt.com\/fr\/adhesive-range-for-holweg-weber-r26\/","og_site_name":"PUR hot melt adhesives","article_modified_time":"2021-01-20T22:21:36+00:00","twitter_card":"summary_large_image","twitter_misc":{"Dur\u00e9e de lecture est.":"1 minute"},"schema":{"@context":"https:\/\/schema.org","@graph":[{"@type":"WebSite","@id":"https:\/\/www.purhotmelt.com\/#website","url":"https:\/\/www.purhotmelt.com\/","name":"Adh\u00e9sifs thermofusibles PUR","description":"Intercol: fabricant sp\u00e9cialis\u00e9","potentialAction":[{"@type":"SearchAction","target":{"@type":"EntryPoint","urlTemplate":"https:\/\/www.purhotmelt.com\/?s={search_term_string}"},"query-input":"required name=search_term_string"}],"inLanguage":"fr-BE"},{"@type":"WebPage","@id":"https:\/\/www.purhotmelt.com\/fr\/adhesive-range-for-holweg-weber-r26\/#webpage","url":"https:\/\/www.purhotmelt.com\/fr\/adhesive-range-for-holweg-weber-r26\/","name":"GAMME ADH\u00c9SIFS POUR HOLWEG WEBER R26 - Adh\u00e9sifs thermofusibles PUR","isPartOf":{"@id":"https:\/\/www.purhotmelt.com\/#website"},"datePublished":"2021-01-20T22:21:35+00:00","dateModified":"2021-01-20T22:21:36+00:00","breadcrumb":{"@id":"https:\/\/www.purhotmelt.com\/fr\/adhesive-range-for-holweg-weber-r26\/#breadcrumb"},"inLanguage":"fr-BE","potentialAction":[{"@type":"ReadAction","target":["https:\/\/www.purhotmelt.com\/fr\/adhesive-range-for-holweg-weber-r26\/"]}]},{"@type":"BreadcrumbList","@id":"https:\/\/www.purhotmelt.com\/fr\/adhesive-range-for-holweg-weber-r26\/#breadcrumb","itemListElement":[{"@type":"ListItem","position":1,"name":"Home","item":"https:\/\/www.purhotmelt.com\/"},{"@type":"ListItem","position":2,"name":"ADHESIVE RANGE FOR HOLWEG WEBER R26"}]}]}},"_links":{"self":[{"href":"https:\/\/www.purhotmelt.com\/fr\/wp-json\/wp\/v2\/pages\/245","targetHints":{"allow":["GET"]}}],"collection":[{"href":"https:\/\/www.purhotmelt.com\/fr\/wp-json\/wp\/v2\/pages"}],"about":[{"href":"https:\/\/www.purhotmelt.com\/fr\/wp-json\/wp\/v2\/types\/page"}],"author":[{"embeddable":true,"href":"https:\/\/www.purhotmelt.com\/fr\/wp-json\/wp\/v2\/users\/1"}],"replies":[{"embeddable":true,"href":"https:\/\/www.purhotmelt.com\/fr\/wp-json\/wp\/v2\/comments?post=245"}],"version-history":[{"count":1,"href":"https:\/\/www.purhotmelt.com\/fr\/wp-json\/wp\/v2\/pages\/245\/revisions"}],"predecessor-version":[{"id":247,"href":"https:\/\/www.purhotmelt.com\/fr\/wp-json\/wp\/v2\/pages\/245\/revisions\/247"}],"wp:attachment":[{"href":"https:\/\/www.purhotmelt.com\/fr\/wp-json\/wp\/v2\/media?parent=245"}],"curies":[{"name":"wp","href":"https:\/\/api.w.org\/{rel}","templated":true}]}}