{"id":257,"date":"2021-01-20T22:26:43","date_gmt":"2021-01-20T22:26:43","guid":{"rendered":"https:\/\/www.purhotmelt.com\/?page_id=257"},"modified":"2021-01-20T22:26:44","modified_gmt":"2021-01-20T22:26:44","slug":"ethylene-vinyl-acetate-copolymer","status":"publish","type":"page","link":"https:\/\/www.purhotmelt.com\/fr\/ethylene-vinyl-acetate-copolymer\/","title":{"rendered":"COPOLYM\u00c8RE D&#039;AC\u00c9TATE DE VINYL\u00c8NE \u00c9THYL\u00c8NE"},"content":{"rendered":"<h1 class=\"wp-block-heading\"><\/h1>\n\n\n\n<p>Intercol est capable de fabriquer et de d\u00e9velopper des m\u00e9langes avec des solutions de copolym\u00e8re d&#039;\u00e9thyl\u00e8ne et d&#039;ac\u00e9tate de vinyle.<\/p>\n\n\n\n<p>Si vous recherchez des exigences sp\u00e9cifiques en mati\u00e8re d&#039;adh\u00e9sifs ou de rev\u00eatements, notre laboratoire peut trouver la solution en fonction des besoins sp\u00e9cifiques du client.<\/p>\n\n\n\n<p>Les copolym\u00e8res PVAc d&#039;Intercol sont principalement des adh\u00e9sifs utilis\u00e9s dans l&#039;emballage, le traitement et la fabrication du textile, la reliure, le collage ou le rev\u00eatement de films plastiques, les thermosoudures ou pour coller des surfaces m\u00e9talliques ou du papier pr\u00e9-enduit. L&#039;EVA \/ PVAc sont disponibles sous forme de poudres dispersibles et de fluides \u00e0 base d&#039;eau et sans solvant. Ces polym\u00e8res sont \u00e9galement utilis\u00e9s dans les enduits et enduits de ciment. Les films EVA sont pour la plupart flexibles, les homopolym\u00e8res ne le sont pas, mais puis-je les rendre flexibles avec des plastifiants (approuv\u00e9s pour les aliments),<\/p>\n\n\n\n<p>Intercol est capable d&#039;adapter les propri\u00e9t\u00e9s de l&#039;\u00e9thyl\u00e8ne ac\u00e9tate de vinyle, principalement \u00e0 l&#039;\u00e9tat fluide, en ajoutant par exemple des promoteurs d&#039;adh\u00e9rence, des tensioactifs, des anti-oxydants, des agents mouillants ou un m\u00e9lange avec d&#039;autres polym\u00e8res. Nous offrons une connaissance approfondie et des ann\u00e9es d&#039;exp\u00e9rience dans une grande vari\u00e9t\u00e9 d&#039;industries.<\/p>\n\n\n\n<p>Les ac\u00e9tates d&#039;\u00e9thyl\u00e8ne et de vinyle sont g\u00e9n\u00e9ralement peu toxiques et s\u00fbrs \u00e0 utiliser dans les applications standard, telles que les appareils \u00e0 base d&#039;eau pour les produits d&#039;emballage alimentaire. Dans ces applications, il s&#039;agit m\u00eame d&#039;un emballage alimentaire approuv\u00e9 par la l\u00e9gislation europ\u00e9enne et am\u00e9ricaine. Il faut toujours consulter les pr\u00e9cautions de s\u00e9curit\u00e9 et les informations fournies dans la FDS (fiche de donn\u00e9es de s\u00e9curit\u00e9) du produit sp\u00e9cifique.<\/p>\n\n\n\n<p>Intercol est l&#039;un des principaux fabricants d&#039;adh\u00e9sifs fluides \u00e9thyl\u00e8ne-ac\u00e9tate de vinyle, pour l&#039;emballage (alimentaire), la transformation du papier, le collage du bois et de nombreuses applications sp\u00e9ciales dans des industries telles que l&#039;assemblage et la construction de produits blancs.<\/p>\n\n\n\n<p>Nous sommes li\u00e9s \u00e0 divers autres fournisseurs de copolym\u00e8res d&#039;ac\u00e9tate, de cette mani\u00e8re Intercol est en mesure de m\u00e9langer et de m\u00e9langer des solutions uniques et sp\u00e9cifiques aux clients.<\/p>\n\n\n\n<p>Il est \u00e9galement possible de faire mousser de l&#039;\u00e9thyl\u00e8ne ac\u00e9tate de vinyle, ou inversement, de le d\u00e9mousser dans votre processus si vous le souhaitez. En fonction de vos besoins, nous pouvons ajouter des solutions moussantes sp\u00e9cifiques, voire des expanseurs mousse sp\u00e9cifiques. Peut-\u00eatre que le remplissage avec par exemple de l&#039;argile est une alternative int\u00e9ressante.<\/p>\n\n\n\n<p>Pour adh\u00e9sifs thermofusibles. le point de fusion de l&#039;\u00e9thyl\u00e8ne ac\u00e9tate de vinyle est une sp\u00e9cification importante, car ceux-ci sont fournis \u00e0 chaud (g\u00e9n\u00e9ralement 120-200 \u00b0 C). Les rev\u00eatements \u00e0 base d&#039;eau peuvent \u00eatre r\u00e9activ\u00e9s par la chaleur apr\u00e8s le s\u00e9chage.<\/p>","protected":false},"excerpt":{"rendered":"<p>Intercol is able to make and develop blends with Ethylene Vinyl Acetate Copolymer solutions. If you [&hellip;]<\/p>","protected":false},"author":1,"featured_media":0,"parent":0,"menu_order":0,"comment_status":"closed","ping_status":"closed","template":"","meta":{"footnotes":""},"class_list":["post-257","page","type-page","status-publish","hentry"],"yoast_head":"<!-- This site is optimized with the Yoast SEO plugin v17.0 - https:\/\/yoast.com\/wordpress\/plugins\/seo\/ -->\n<title>ETHYLENE VINYL ACETATE COPOLYMER - PUR hot melt adhesives<\/title>\n<meta name=\"robots\" content=\"index, follow, max-snippet:-1, max-image-preview:large, max-video-preview:-1\" \/>\n<link rel=\"canonical\" href=\"https:\/\/www.purhotmelt.com\/fr\/ethylene-vinyl-acetate-copolymer\/\" \/>\n<meta property=\"og:locale\" content=\"fr_FR\" \/>\n<meta property=\"og:type\" content=\"article\" \/>\n<meta property=\"og:title\" content=\"ETHYLENE VINYL ACETATE COPOLYMER - PUR hot melt adhesives\" \/>\n<meta property=\"og:description\" content=\"Intercol is able to make and develop blends with Ethylene Vinyl Acetate Copolymer solutions. If you [&hellip;]\" \/>\n<meta property=\"og:url\" content=\"https:\/\/www.purhotmelt.com\/fr\/ethylene-vinyl-acetate-copolymer\/\" \/>\n<meta property=\"og:site_name\" content=\"PUR hot melt adhesives\" \/>\n<meta property=\"article:modified_time\" content=\"2021-01-20T22:26:44+00:00\" \/>\n<meta name=\"twitter:card\" content=\"summary_large_image\" \/>\n<meta name=\"twitter:label1\" content=\"Dur\u00e9e de lecture est.\" \/>\n\t<meta name=\"twitter:data1\" content=\"2 minutes\" \/>\n<script type=\"application\/ld+json\" class=\"yoast-schema-graph\">{\"@context\":\"https:\/\/schema.org\",\"@graph\":[{\"@type\":\"WebSite\",\"@id\":\"https:\/\/www.purhotmelt.com\/#website\",\"url\":\"https:\/\/www.purhotmelt.com\/\",\"name\":\"PUR hot melt adhesives\",\"description\":\"Intercol: Specialist manufacturer\",\"potentialAction\":[{\"@type\":\"SearchAction\",\"target\":{\"@type\":\"EntryPoint\",\"urlTemplate\":\"https:\/\/www.purhotmelt.com\/?s={search_term_string}\"},\"query-input\":\"required name=search_term_string\"}],\"inLanguage\":\"fr-BE\"},{\"@type\":\"WebPage\",\"@id\":\"https:\/\/www.purhotmelt.com\/nl\/ethylene-vinyl-acetate-copolymer\/#webpage\",\"url\":\"https:\/\/www.purhotmelt.com\/nl\/ethylene-vinyl-acetate-copolymer\/\",\"name\":\"ETHYLENE VINYL ACETATE COPOLYMER - PUR hot melt adhesives\",\"isPartOf\":{\"@id\":\"https:\/\/www.purhotmelt.com\/#website\"},\"datePublished\":\"2021-01-20T22:26:43+00:00\",\"dateModified\":\"2021-01-20T22:26:44+00:00\",\"breadcrumb\":{\"@id\":\"https:\/\/www.purhotmelt.com\/nl\/ethylene-vinyl-acetate-copolymer\/#breadcrumb\"},\"inLanguage\":\"fr-BE\",\"potentialAction\":[{\"@type\":\"ReadAction\",\"target\":[\"https:\/\/www.purhotmelt.com\/nl\/ethylene-vinyl-acetate-copolymer\/\"]}]},{\"@type\":\"BreadcrumbList\",\"@id\":\"https:\/\/www.purhotmelt.com\/nl\/ethylene-vinyl-acetate-copolymer\/#breadcrumb\",\"itemListElement\":[{\"@type\":\"ListItem\",\"position\":1,\"name\":\"Home\",\"item\":\"https:\/\/www.purhotmelt.com\/\"},{\"@type\":\"ListItem\",\"position\":2,\"name\":\"ETHYLENE VINYL ACETATE COPOLYMER\"}]}]}<\/script>\n<!-- \/ Yoast SEO plugin. -->","yoast_head_json":{"title":"COPOLYMERE ETHYLENE VINYLE ACETATE - Adh\u00e9sifs thermofusibles PUR","robots":{"index":"index","follow":"follow","max-snippet":"max-snippet:-1","max-image-preview":"max-image-preview:large","max-video-preview":"max-video-preview:-1"},"canonical":"https:\/\/www.purhotmelt.com\/fr\/ethylene-vinyl-acetate-copolymer\/","og_locale":"fr_FR","og_type":"article","og_title":"ETHYLENE VINYL ACETATE COPOLYMER - PUR hot melt adhesives","og_description":"Intercol is able to make and develop blends with Ethylene Vinyl Acetate Copolymer solutions. If you [&hellip;]","og_url":"https:\/\/www.purhotmelt.com\/fr\/ethylene-vinyl-acetate-copolymer\/","og_site_name":"PUR hot melt adhesives","article_modified_time":"2021-01-20T22:26:44+00:00","twitter_card":"summary_large_image","twitter_misc":{"Dur\u00e9e de lecture est.":"2 minutes"},"schema":{"@context":"https:\/\/schema.org","@graph":[{"@type":"WebSite","@id":"https:\/\/www.purhotmelt.com\/#website","url":"https:\/\/www.purhotmelt.com\/","name":"Adh\u00e9sifs thermofusibles PUR","description":"Intercol: fabricant sp\u00e9cialis\u00e9","potentialAction":[{"@type":"SearchAction","target":{"@type":"EntryPoint","urlTemplate":"https:\/\/www.purhotmelt.com\/?s={search_term_string}"},"query-input":"required name=search_term_string"}],"inLanguage":"fr-BE"},{"@type":"WebPage","@id":"https:\/\/www.purhotmelt.com\/nl\/ethylene-vinyl-acetate-copolymer\/#webpage","url":"https:\/\/www.purhotmelt.com\/nl\/ethylene-vinyl-acetate-copolymer\/","name":"COPOLYMERE ETHYLENE VINYLE ACETATE - Adh\u00e9sifs thermofusibles PUR","isPartOf":{"@id":"https:\/\/www.purhotmelt.com\/#website"},"datePublished":"2021-01-20T22:26:43+00:00","dateModified":"2021-01-20T22:26:44+00:00","breadcrumb":{"@id":"https:\/\/www.purhotmelt.com\/nl\/ethylene-vinyl-acetate-copolymer\/#breadcrumb"},"inLanguage":"fr-BE","potentialAction":[{"@type":"ReadAction","target":["https:\/\/www.purhotmelt.com\/nl\/ethylene-vinyl-acetate-copolymer\/"]}]},{"@type":"BreadcrumbList","@id":"https:\/\/www.purhotmelt.com\/nl\/ethylene-vinyl-acetate-copolymer\/#breadcrumb","itemListElement":[{"@type":"ListItem","position":1,"name":"Home","item":"https:\/\/www.purhotmelt.com\/"},{"@type":"ListItem","position":2,"name":"ETHYLENE VINYL ACETATE COPOLYMER"}]}]}},"_links":{"self":[{"href":"https:\/\/www.purhotmelt.com\/fr\/wp-json\/wp\/v2\/pages\/257","targetHints":{"allow":["GET"]}}],"collection":[{"href":"https:\/\/www.purhotmelt.com\/fr\/wp-json\/wp\/v2\/pages"}],"about":[{"href":"https:\/\/www.purhotmelt.com\/fr\/wp-json\/wp\/v2\/types\/page"}],"author":[{"embeddable":true,"href":"https:\/\/www.purhotmelt.com\/fr\/wp-json\/wp\/v2\/users\/1"}],"replies":[{"embeddable":true,"href":"https:\/\/www.purhotmelt.com\/fr\/wp-json\/wp\/v2\/comments?post=257"}],"version-history":[{"count":1,"href":"https:\/\/www.purhotmelt.com\/fr\/wp-json\/wp\/v2\/pages\/257\/revisions"}],"predecessor-version":[{"id":259,"href":"https:\/\/www.purhotmelt.com\/fr\/wp-json\/wp\/v2\/pages\/257\/revisions\/259"}],"wp:attachment":[{"href":"https:\/\/www.purhotmelt.com\/fr\/wp-json\/wp\/v2\/media?parent=257"}],"curies":[{"name":"wp","href":"https:\/\/api.w.org\/{rel}","templated":true}]}}