{"id":263,"date":"2021-01-20T22:29:24","date_gmt":"2021-01-20T22:29:24","guid":{"rendered":"https:\/\/www.purhotmelt.com\/?page_id=263"},"modified":"2021-01-20T22:29:25","modified_gmt":"2021-01-20T22:29:25","slug":"profile-wrapping-pu-hot-melt-adhesive","status":"publish","type":"page","link":"https:\/\/www.purhotmelt.com\/fr\/profile-wrapping-pu-hot-melt-adhesive\/","title":{"rendered":"PROFIL ENVELOPPANT PU ADH\u00c9SIF FONDU \u00c0 CHAUD"},"content":{"rendered":"<h1 class=\"wp-block-heading\"><\/h1>\n\n\n\n<p>Les colles thermoplastiques r\u00e9pondent aux exigences exigeantes de l&#039;industrie du meuble et de l&#039;am\u00e9nagement int\u00e9rieur.<\/p>\n\n\n\n<ul class=\"wp-block-list\"><li>Application rapide,<\/li><li>profils de forme difficile<\/li><li>r\u00e9sistance \u00e0 basse et haute temp\u00e9rature<\/li><li>R\u00e9sistance \u00e0 l&#039;humidit\u00e9<\/li><li>Rev\u00eatement au rouleau, rev\u00eatement par fente, extrusion sans contact ou applications par pulv\u00e9risation<\/li><\/ul>\n\n\n\n<p>Les thermofusibles PU (polyur\u00e9thane) permettent \u00e0 nos clients de l&#039;utiliser pour un plus large \u00e9ventail d&#039;applications\u00a0: \u2022 Non seulement le r\u00e9glage physique, mais aussi la r\u00e9ticulation chimique \u2022 Une r\u00e9sistance \u00e0 la temp\u00e9rature, aux produits chimiques et \u00e0 l&#039;humidit\u00e9 plus \u00e9lev\u00e9e jusqu&#039;\u00e0 140 \u00b0Celsius \u2022 Colle une large gamme de m\u00e9taux et les plastiques, comme le PO, le PE, le PP, le PET, le PS et l&#039;EVA (adh\u00e9sifs thermofusibles \u00e9thyl\u00e8ne-ac\u00e9tate de vinyle et polyol\u00e9fine)\u00a0: \u2022 Les adh\u00e9sifs PU thermofusibles sont \u00e0 base de thermoplastique et de synth\u00e9tiques ou de r\u00e9sines avec un r\u00e9ticulant suppl\u00e9mentaire \u2022 Haute r\u00e9sistance au vert directement apr\u00e8s refroidissement .\u2022 r\u00e9sistance \u00e0 la temp\u00e9rature jusqu&#039;\u00e0 90 \u00b0C (EVA) \/ 120 \u00b0C (PO) \/ 140 \u00b0C (PU)Les colles PU thermofusibles offrent de nombreux avantages par rapport aux colles polyur\u00e9thane \u00e0 base de solvant. Feuilles PE, PP, EVA, PO) aux profil\u00e9s en m\u00e9tal, plastique, bois, mat\u00e9riaux \u00e0 base de bois, PVC et aluminium\u2022 Haute r\u00e9sistance \u00e0 l&#039;adh\u00e9rence verte\u2022 Vitesses de ligne jusqu&#039;\u00e0 70\u00a0m\/min\u2022 Propri\u00e9t\u00e9s PU thermofusible \u00e0 prise tr\u00e8s rapidePuHM501 enrubannage HPL, CPL, thermoplastique et difficile \u00e0 adh\u00e9rer Refeuilles, placages \u00e9pais et papiers\/cartons sur substrats en bois, profil\u00e9s en aluminium, en m\u00e9tal et en PVC\u2022 PUhotmelt \u00e0 usage universel\u2022 Gamme standard d&#039;adh\u00e9sifs eCertifi\u00e9s pour l&#039;emballage de profil\u00e9s de fen\u00eatre selon RAL GZ 716-pour un collage tr\u00e8s durable de mat\u00e9riaux \u00e0 base de bois- papiers d\u00e9coratifs \u00e9pais,Placages int\u00e9rieursTop adh\u00e9sivit\u00e9 \u00e9lev\u00e9eR\u00e9sistance au stockage \u00e0 la chaleur jusqu&#039;\u00e0 160 \u00b0C\u2022 R\u00e9sistance \u00e0 la cong\u00e9lation jusqu&#039;\u00e0 -45 \u00b0C<\/p>","protected":false},"excerpt":{"rendered":"<p>Thermoplastic&nbsp; adhesives meet the&nbsp; challenging requirements of the furniture and interior work industry. Fast application, difficult [&hellip;]<\/p>","protected":false},"author":1,"featured_media":0,"parent":0,"menu_order":0,"comment_status":"closed","ping_status":"closed","template":"","meta":{"footnotes":""},"class_list":["post-263","page","type-page","status-publish","hentry"],"yoast_head":"<!-- This site is optimized with the Yoast SEO plugin v17.0 - https:\/\/yoast.com\/wordpress\/plugins\/seo\/ -->\n<title>PROFILE WRAPPING PU HOT MELT ADHESIVE - PUR hot melt adhesives<\/title>\n<meta name=\"robots\" content=\"index, follow, max-snippet:-1, max-image-preview:large, max-video-preview:-1\" \/>\n<link rel=\"canonical\" href=\"https:\/\/www.purhotmelt.com\/fr\/profile-wrapping-pu-hot-melt-adhesive\/\" \/>\n<meta property=\"og:locale\" content=\"fr_FR\" \/>\n<meta property=\"og:type\" content=\"article\" \/>\n<meta property=\"og:title\" content=\"PROFILE WRAPPING PU HOT MELT ADHESIVE - PUR hot melt adhesives\" \/>\n<meta property=\"og:description\" content=\"Thermoplastic&nbsp; adhesives meet the&nbsp; challenging requirements of the furniture and interior work industry. Fast application, difficult [&hellip;]\" \/>\n<meta property=\"og:url\" content=\"https:\/\/www.purhotmelt.com\/fr\/profile-wrapping-pu-hot-melt-adhesive\/\" \/>\n<meta property=\"og:site_name\" content=\"PUR hot melt adhesives\" \/>\n<meta property=\"article:modified_time\" content=\"2021-01-20T22:29:25+00:00\" \/>\n<meta name=\"twitter:card\" content=\"summary_large_image\" \/>\n<meta name=\"twitter:label1\" content=\"Dur\u00e9e de lecture est.\" \/>\n\t<meta name=\"twitter:data1\" content=\"1 minute\" \/>\n<script type=\"application\/ld+json\" class=\"yoast-schema-graph\">{\"@context\":\"https:\/\/schema.org\",\"@graph\":[{\"@type\":\"WebSite\",\"@id\":\"https:\/\/www.purhotmelt.com\/#website\",\"url\":\"https:\/\/www.purhotmelt.com\/\",\"name\":\"PUR hot melt adhesives\",\"description\":\"Intercol: Specialist manufacturer\",\"potentialAction\":[{\"@type\":\"SearchAction\",\"target\":{\"@type\":\"EntryPoint\",\"urlTemplate\":\"https:\/\/www.purhotmelt.com\/?s={search_term_string}\"},\"query-input\":\"required name=search_term_string\"}],\"inLanguage\":\"fr-BE\"},{\"@type\":\"WebPage\",\"@id\":\"https:\/\/www.purhotmelt.com\/nb\/profile-wrapping-pu-hot-melt-adhesive\/#webpage\",\"url\":\"https:\/\/www.purhotmelt.com\/nb\/profile-wrapping-pu-hot-melt-adhesive\/\",\"name\":\"PROFILE WRAPPING PU HOT MELT ADHESIVE - PUR hot melt adhesives\",\"isPartOf\":{\"@id\":\"https:\/\/www.purhotmelt.com\/#website\"},\"datePublished\":\"2021-01-20T22:29:24+00:00\",\"dateModified\":\"2021-01-20T22:29:25+00:00\",\"breadcrumb\":{\"@id\":\"https:\/\/www.purhotmelt.com\/nb\/profile-wrapping-pu-hot-melt-adhesive\/#breadcrumb\"},\"inLanguage\":\"fr-BE\",\"potentialAction\":[{\"@type\":\"ReadAction\",\"target\":[\"https:\/\/www.purhotmelt.com\/nb\/profile-wrapping-pu-hot-melt-adhesive\/\"]}]},{\"@type\":\"BreadcrumbList\",\"@id\":\"https:\/\/www.purhotmelt.com\/nb\/profile-wrapping-pu-hot-melt-adhesive\/#breadcrumb\",\"itemListElement\":[{\"@type\":\"ListItem\",\"position\":1,\"name\":\"Home\",\"item\":\"https:\/\/www.purhotmelt.com\/\"},{\"@type\":\"ListItem\",\"position\":2,\"name\":\"PROFILE WRAPPING PU HOT MELT ADHESIVE\"}]}]}<\/script>\n<!-- \/ Yoast SEO plugin. -->","yoast_head_json":{"title":"ADH\u00c9SIF HOT MELT PU ENVELOPPANT PROFIL - Adh\u00e9sifs thermofusibles PUR","robots":{"index":"index","follow":"follow","max-snippet":"max-snippet:-1","max-image-preview":"max-image-preview:large","max-video-preview":"max-video-preview:-1"},"canonical":"https:\/\/www.purhotmelt.com\/fr\/profile-wrapping-pu-hot-melt-adhesive\/","og_locale":"fr_FR","og_type":"article","og_title":"PROFILE WRAPPING PU HOT MELT ADHESIVE - PUR hot melt adhesives","og_description":"Thermoplastic&nbsp; adhesives meet the&nbsp; challenging requirements of the furniture and interior work industry. Fast application, difficult [&hellip;]","og_url":"https:\/\/www.purhotmelt.com\/fr\/profile-wrapping-pu-hot-melt-adhesive\/","og_site_name":"PUR hot melt adhesives","article_modified_time":"2021-01-20T22:29:25+00:00","twitter_card":"summary_large_image","twitter_misc":{"Dur\u00e9e de lecture est.":"1 minute"},"schema":{"@context":"https:\/\/schema.org","@graph":[{"@type":"WebSite","@id":"https:\/\/www.purhotmelt.com\/#website","url":"https:\/\/www.purhotmelt.com\/","name":"Adh\u00e9sifs thermofusibles PUR","description":"Intercol: fabricant sp\u00e9cialis\u00e9","potentialAction":[{"@type":"SearchAction","target":{"@type":"EntryPoint","urlTemplate":"https:\/\/www.purhotmelt.com\/?s={search_term_string}"},"query-input":"required name=search_term_string"}],"inLanguage":"fr-BE"},{"@type":"WebPage","@id":"https:\/\/www.purhotmelt.com\/nb\/profile-wrapping-pu-hot-melt-adhesive\/#webpage","url":"https:\/\/www.purhotmelt.com\/nb\/profile-wrapping-pu-hot-melt-adhesive\/","name":"ADH\u00c9SIF HOT MELT PU ENVELOPPANT PROFIL - Adh\u00e9sifs thermofusibles PUR","isPartOf":{"@id":"https:\/\/www.purhotmelt.com\/#website"},"datePublished":"2021-01-20T22:29:24+00:00","dateModified":"2021-01-20T22:29:25+00:00","breadcrumb":{"@id":"https:\/\/www.purhotmelt.com\/nb\/profile-wrapping-pu-hot-melt-adhesive\/#breadcrumb"},"inLanguage":"fr-BE","potentialAction":[{"@type":"ReadAction","target":["https:\/\/www.purhotmelt.com\/nb\/profile-wrapping-pu-hot-melt-adhesive\/"]}]},{"@type":"BreadcrumbList","@id":"https:\/\/www.purhotmelt.com\/nb\/profile-wrapping-pu-hot-melt-adhesive\/#breadcrumb","itemListElement":[{"@type":"ListItem","position":1,"name":"Home","item":"https:\/\/www.purhotmelt.com\/"},{"@type":"ListItem","position":2,"name":"PROFILE WRAPPING PU HOT MELT ADHESIVE"}]}]}},"_links":{"self":[{"href":"https:\/\/www.purhotmelt.com\/fr\/wp-json\/wp\/v2\/pages\/263","targetHints":{"allow":["GET"]}}],"collection":[{"href":"https:\/\/www.purhotmelt.com\/fr\/wp-json\/wp\/v2\/pages"}],"about":[{"href":"https:\/\/www.purhotmelt.com\/fr\/wp-json\/wp\/v2\/types\/page"}],"author":[{"embeddable":true,"href":"https:\/\/www.purhotmelt.com\/fr\/wp-json\/wp\/v2\/users\/1"}],"replies":[{"embeddable":true,"href":"https:\/\/www.purhotmelt.com\/fr\/wp-json\/wp\/v2\/comments?post=263"}],"version-history":[{"count":1,"href":"https:\/\/www.purhotmelt.com\/fr\/wp-json\/wp\/v2\/pages\/263\/revisions"}],"predecessor-version":[{"id":265,"href":"https:\/\/www.purhotmelt.com\/fr\/wp-json\/wp\/v2\/pages\/263\/revisions\/265"}],"wp:attachment":[{"href":"https:\/\/www.purhotmelt.com\/fr\/wp-json\/wp\/v2\/media?parent=263"}],"curies":[{"name":"wp","href":"https:\/\/api.w.org\/{rel}","templated":true}]}}