{"id":266,"date":"2021-01-20T22:30:27","date_gmt":"2021-01-20T22:30:27","guid":{"rendered":"https:\/\/www.purhotmelt.com\/?page_id=266"},"modified":"2021-01-20T22:30:29","modified_gmt":"2021-01-20T22:30:29","slug":"how-to-make-polyurethane-pur-hot-melt","status":"publish","type":"page","link":"https:\/\/www.purhotmelt.com\/fr\/how-to-make-polyurethane-pur-hot-melt\/","title":{"rendered":"Comment fabriquer du POLYURETHANE PUR HOT MELT?"},"content":{"rendered":"<h1 class=\"wp-block-heading\"><\/h1>\n\n\n\n<p>Le thermofusible polyur\u00e9thane r\u00e9actif (PUR) est une combinaison entre un adh\u00e9sif PU et un adh\u00e9sif thermofusible. La combinaison d&#039;une prise tr\u00e8s rapide en raison du refroidissement rapide et du durcissement ult\u00e9rieur des polym\u00e8res PU fournit une liaison solide et durable. En tant qu&#039;adh\u00e9sif thermofusible typique, cet adh\u00e9sif est solide avant l&#039;application et distribu\u00e9 avec un syst\u00e8me thermofusible PUR sp\u00e9cifique. Le thermofusible PUR durcit au contact de l&#039;humidit\u00e9 de l&#039;air et forme une liaison constructive qui ne peut pas ne pas refondre. Normalement, les adh\u00e9sifs thermofusibles thermoplastiques, tels que l&#039;EVA et le PO, refondent \u00e0 chaque fois qu&#039;ils sont chauff\u00e9s. Les adh\u00e9sifs thermofusibles PUR sont disponibles dans des temp\u00e9ratures d&#039;application \u00e0 haute et basse temp\u00e9rature, avec une prise tr\u00e8s rapide ou un temps ouvert long, en fonction des exigences de l&#039;application.<\/p>\n\n\n\n<p>Les adh\u00e9sifs polyur\u00e9thane sont solides et durables, ils sont donc id\u00e9aux pour une grande vari\u00e9t\u00e9 d&#039;applications. Hotmelt PUR est utilis\u00e9 dans le travail du bois, la production de meubles, l&#039;assemblage de mat\u00e9riaux de construction et de nombreuses autres applications qui n\u00e9cessiteraient une liaison constructive avec un temps de prise rapide, r\u00e9duisant ainsi le temps de production n\u00e9cessaire dans les usines. La plupart des adh\u00e9sifs thermofusibles PUR prennent en cinq secondes et doivent durcir pendant 24 \u00e0 72 heures apr\u00e8s.<\/p>\n\n\n\n<p>Finition Menuiserie, moulures et moulures, mat\u00e9riaux de construction, cadres en bois, pierre, argile, assemblage de tiroirs, r\u00e9paration de chaussures, emballage de profil\u00e9s, bandes d&#039;accrochage pour tapis, comptoirs en stratifi\u00e9, cadres de fen\u00eatre, ornements de pelouse en c\u00e9ramique, papier peint \u00e9caill\u00e9, lambris.<\/p>\n\n\n\n<h3 class=\"wp-block-heading\">QUESTIONS FR\u00c9QUEMMENT POS\u00c9ES SUR LES HOT MELTS R\u00c9ACTIFS AU POLYUR\u00c9THANE<\/h3>\n\n\n\n<p><strong>Question : Les adh\u00e9sifs thermofusibles PUR sont-ils plus durables que les thermofusibles thermoplastiques traditionnels ?<\/strong><\/p>\n\n\n\n<p>Les colles thermofusibles en polyur\u00e9thane sont capables de fournir une liaison plus forte que les adh\u00e9sifs thermofusibles traditionnels. Le PUR thermofusible durcit apr\u00e8s avoir cr\u00e9\u00e9 une forte liaison initiale. Ce processus de durcissement est \u00e9galement connu sous le nom de r\u00e9ticulation. Le processus de r\u00e9ticulation cr\u00e9e des liaisons internes (coh\u00e9sion) et des liaisons fortes au substrat (adh\u00e9rence).<\/p>\n\n\n\n<p><strong>Question\u00a0: D&#039;o\u00f9 provient l&#039;humidit\u00e9 de la colle thermofusible PUR pour le durcissement\u00a0?<\/strong><\/p>\n\n\n\n<p>L&#039;humidit\u00e9 est dans l&#039;air et l&#039;objet est coll\u00e9. Normalement, il y a beaucoup d&#039;humidit\u00e9 dans l&#039;air pour continuer \u00e0 durcir le thermofusible PUR, cependant, les influences saisonni\u00e8res peuvent acc\u00e9l\u00e9rer ou ralentir le processus de durcissement.<\/p>\n\n\n\n<p><strong>Question\u00a0: Est-il possible de prolonger la dur\u00e9e de conservation de l&#039;adh\u00e9sif thermofusible PUR\u00a0?<\/strong><\/p>\n\n\n\n<p>Les adh\u00e9sifs thermofusibles PUR sont emball\u00e9s dans un sachet en aluminium, cet emballage doit \u00eatre stock\u00e9 dans un endroit frais et sec. N&#039;exposez pas le thermofusible PUR \u00e0 la pluie, ne le stockez pas \u00e0 l&#039;ext\u00e9rieur et \u00e9vitez le contact avec l&#039;humidit\u00e9. Lors de l&#039;arr\u00eat pour la journ\u00e9e, il peut \u00eatre n\u00e9cessaire de rincer le syst\u00e8me ou de sceller l&#039;ext\u00e9rieur de la buse ou de l&#039;extrudeuse. ATTENTION : Ne touchez pas la buse, l&#039;extrudeuse, la coucheuse ou l&#039;applicateur \u00e0 temp\u00e9rature maximale. Portez toujours des gants de protection contre la chaleur.<\/p>","protected":false},"excerpt":{"rendered":"<p>Polyurethane Reactive (PUR) hot melt is a combination between a PU adhesive and a hot melt [&hellip;]<\/p>","protected":false},"author":1,"featured_media":0,"parent":0,"menu_order":0,"comment_status":"closed","ping_status":"closed","template":"","meta":{"footnotes":""},"class_list":["post-266","page","type-page","status-publish","hentry"],"yoast_head":"<!-- This site is optimized with the Yoast SEO plugin v17.0 - https:\/\/yoast.com\/wordpress\/plugins\/seo\/ -->\n<title>How to make POLYURETHANE PUR HOT MELT? - PUR hot melt adhesives<\/title>\n<meta name=\"robots\" content=\"index, follow, max-snippet:-1, max-image-preview:large, max-video-preview:-1\" \/>\n<link rel=\"canonical\" href=\"https:\/\/www.purhotmelt.com\/fr\/how-to-make-polyurethane-pur-hot-melt\/\" \/>\n<meta property=\"og:locale\" content=\"fr_FR\" \/>\n<meta property=\"og:type\" content=\"article\" \/>\n<meta property=\"og:title\" content=\"How to make POLYURETHANE PUR HOT MELT? - PUR hot melt adhesives\" \/>\n<meta property=\"og:description\" content=\"Polyurethane Reactive (PUR) hot melt is a combination between a PU adhesive and a hot melt [&hellip;]\" \/>\n<meta property=\"og:url\" content=\"https:\/\/www.purhotmelt.com\/fr\/how-to-make-polyurethane-pur-hot-melt\/\" \/>\n<meta property=\"og:site_name\" content=\"PUR hot melt adhesives\" \/>\n<meta property=\"article:modified_time\" content=\"2021-01-20T22:30:29+00:00\" \/>\n<meta name=\"twitter:card\" content=\"summary_large_image\" \/>\n<meta name=\"twitter:label1\" content=\"Dur\u00e9e de lecture est.\" \/>\n\t<meta name=\"twitter:data1\" content=\"2 minutes\" \/>\n<script type=\"application\/ld+json\" class=\"yoast-schema-graph\">{\"@context\":\"https:\/\/schema.org\",\"@graph\":[{\"@type\":\"WebSite\",\"@id\":\"https:\/\/www.purhotmelt.com\/#website\",\"url\":\"https:\/\/www.purhotmelt.com\/\",\"name\":\"PUR hot melt adhesives\",\"description\":\"Intercol: Specialist manufacturer\",\"potentialAction\":[{\"@type\":\"SearchAction\",\"target\":{\"@type\":\"EntryPoint\",\"urlTemplate\":\"https:\/\/www.purhotmelt.com\/?s={search_term_string}\"},\"query-input\":\"required name=search_term_string\"}],\"inLanguage\":\"fr-BE\"},{\"@type\":\"WebPage\",\"@id\":\"https:\/\/www.purhotmelt.com\/how-to-make-polyurethane-pur-hot-melt\/#webpage\",\"url\":\"https:\/\/www.purhotmelt.com\/how-to-make-polyurethane-pur-hot-melt\/\",\"name\":\"How to make POLYURETHANE PUR HOT MELT? - PUR hot melt adhesives\",\"isPartOf\":{\"@id\":\"https:\/\/www.purhotmelt.com\/#website\"},\"datePublished\":\"2021-01-20T22:30:27+00:00\",\"dateModified\":\"2021-01-20T22:30:29+00:00\",\"breadcrumb\":{\"@id\":\"https:\/\/www.purhotmelt.com\/how-to-make-polyurethane-pur-hot-melt\/#breadcrumb\"},\"inLanguage\":\"fr-BE\",\"potentialAction\":[{\"@type\":\"ReadAction\",\"target\":[\"https:\/\/www.purhotmelt.com\/how-to-make-polyurethane-pur-hot-melt\/\"]}]},{\"@type\":\"BreadcrumbList\",\"@id\":\"https:\/\/www.purhotmelt.com\/how-to-make-polyurethane-pur-hot-melt\/#breadcrumb\",\"itemListElement\":[{\"@type\":\"ListItem\",\"position\":1,\"name\":\"Home\",\"item\":\"https:\/\/www.purhotmelt.com\/\"},{\"@type\":\"ListItem\",\"position\":2,\"name\":\"How to make POLYURETHANE PUR HOT MELT?\"}]}]}<\/script>\n<!-- \/ Yoast SEO plugin. -->","yoast_head_json":{"title":"Comment faire du POLYURETHANE PUR HOT MELT ? - Adh\u00e9sifs thermofusibles PUR","robots":{"index":"index","follow":"follow","max-snippet":"max-snippet:-1","max-image-preview":"max-image-preview:large","max-video-preview":"max-video-preview:-1"},"canonical":"https:\/\/www.purhotmelt.com\/fr\/how-to-make-polyurethane-pur-hot-melt\/","og_locale":"fr_FR","og_type":"article","og_title":"How to make POLYURETHANE PUR HOT MELT? - PUR hot melt adhesives","og_description":"Polyurethane Reactive (PUR) hot melt is a combination between a PU adhesive and a hot melt [&hellip;]","og_url":"https:\/\/www.purhotmelt.com\/fr\/how-to-make-polyurethane-pur-hot-melt\/","og_site_name":"PUR hot melt adhesives","article_modified_time":"2021-01-20T22:30:29+00:00","twitter_card":"summary_large_image","twitter_misc":{"Dur\u00e9e de lecture est.":"2 minutes"},"schema":{"@context":"https:\/\/schema.org","@graph":[{"@type":"WebSite","@id":"https:\/\/www.purhotmelt.com\/#website","url":"https:\/\/www.purhotmelt.com\/","name":"Adh\u00e9sifs thermofusibles PUR","description":"Intercol: fabricant sp\u00e9cialis\u00e9","potentialAction":[{"@type":"SearchAction","target":{"@type":"EntryPoint","urlTemplate":"https:\/\/www.purhotmelt.com\/?s={search_term_string}"},"query-input":"required name=search_term_string"}],"inLanguage":"fr-BE"},{"@type":"WebPage","@id":"https:\/\/www.purhotmelt.com\/how-to-make-polyurethane-pur-hot-melt\/#webpage","url":"https:\/\/www.purhotmelt.com\/how-to-make-polyurethane-pur-hot-melt\/","name":"Comment faire du POLYURETHANE PUR HOT MELT ? - Adh\u00e9sifs thermofusibles PUR","isPartOf":{"@id":"https:\/\/www.purhotmelt.com\/#website"},"datePublished":"2021-01-20T22:30:27+00:00","dateModified":"2021-01-20T22:30:29+00:00","breadcrumb":{"@id":"https:\/\/www.purhotmelt.com\/how-to-make-polyurethane-pur-hot-melt\/#breadcrumb"},"inLanguage":"fr-BE","potentialAction":[{"@type":"ReadAction","target":["https:\/\/www.purhotmelt.com\/how-to-make-polyurethane-pur-hot-melt\/"]}]},{"@type":"BreadcrumbList","@id":"https:\/\/www.purhotmelt.com\/how-to-make-polyurethane-pur-hot-melt\/#breadcrumb","itemListElement":[{"@type":"ListItem","position":1,"name":"Home","item":"https:\/\/www.purhotmelt.com\/"},{"@type":"ListItem","position":2,"name":"How to make POLYURETHANE PUR HOT MELT?"}]}]}},"_links":{"self":[{"href":"https:\/\/www.purhotmelt.com\/fr\/wp-json\/wp\/v2\/pages\/266","targetHints":{"allow":["GET"]}}],"collection":[{"href":"https:\/\/www.purhotmelt.com\/fr\/wp-json\/wp\/v2\/pages"}],"about":[{"href":"https:\/\/www.purhotmelt.com\/fr\/wp-json\/wp\/v2\/types\/page"}],"author":[{"embeddable":true,"href":"https:\/\/www.purhotmelt.com\/fr\/wp-json\/wp\/v2\/users\/1"}],"replies":[{"embeddable":true,"href":"https:\/\/www.purhotmelt.com\/fr\/wp-json\/wp\/v2\/comments?post=266"}],"version-history":[{"count":1,"href":"https:\/\/www.purhotmelt.com\/fr\/wp-json\/wp\/v2\/pages\/266\/revisions"}],"predecessor-version":[{"id":268,"href":"https:\/\/www.purhotmelt.com\/fr\/wp-json\/wp\/v2\/pages\/266\/revisions\/268"}],"wp:attachment":[{"href":"https:\/\/www.purhotmelt.com\/fr\/wp-json\/wp\/v2\/media?parent=266"}],"curies":[{"name":"wp","href":"https:\/\/api.w.org\/{rel}","templated":true}]}}