{"id":269,"date":"2021-01-20T22:31:12","date_gmt":"2021-01-20T22:31:12","guid":{"rendered":"https:\/\/www.purhotmelt.com\/?page_id=269"},"modified":"2021-01-20T22:31:13","modified_gmt":"2021-01-20T22:31:13","slug":"hot-melt-for-textile-lamination-2","status":"publish","type":"page","link":"https:\/\/www.purhotmelt.com\/fr\/hot-melt-for-textile-lamination-2\/","title":{"rendered":"MELT \u00c0 CHAUD POUR LA LAMINATION TEXTILE"},"content":{"rendered":"<h1 class=\"wp-block-heading\"><\/h1>\n\n\n\n<p>Intercol a d\u00e9velopp\u00e9 une vaste gamme de produits d&#039;adh\u00e9sifs thermofusibles polyur\u00e9thane pour couvrir diff\u00e9rentes applications de stratification. Une grande vari\u00e9t\u00e9 d&#039;adh\u00e9sifs pour coller tous les substrats possibles, du coton, polyesters et tissus polyamide aux membranes PVC, PUR ou polyester, en passant par les fibres high-tech, o\u00f9 nous sommes en contact avec diverses soci\u00e9t\u00e9s de R&amp;D. Ces adh\u00e9sifs peuvent \u00eatre appliqu\u00e9s avec des m\u00e9thodes d&#039;application conventionnelles telles qu&#039;une buse \u00e0 fente, un rouleau, un tamis ou un spray. Nos adh\u00e9sifs thermofusibles PUR sont con\u00e7us pour des industries telles que l&#039;industrie automobile, les textiles m\u00e9dicaux, la protection et les v\u00eatements industriels, les v\u00eatements de sport, les textiles d&#039;ameublement, les v\u00eatements intimes, les textiles de mode, etc.<\/p>","protected":false},"excerpt":{"rendered":"<p>Intercol has developed an extensive product portfolio of polyurethane hot melt adhesives to cover different lamination [&hellip;]<\/p>","protected":false},"author":1,"featured_media":0,"parent":0,"menu_order":0,"comment_status":"closed","ping_status":"closed","template":"","meta":{"footnotes":""},"class_list":["post-269","page","type-page","status-publish","hentry"],"yoast_head":"<!-- This site is optimized with the Yoast SEO plugin v17.0 - https:\/\/yoast.com\/wordpress\/plugins\/seo\/ -->\n<title>HOT MELT FOR TEXTILE LAMINATION - PUR hot melt adhesives<\/title>\n<meta name=\"robots\" content=\"index, follow, max-snippet:-1, max-image-preview:large, max-video-preview:-1\" \/>\n<link rel=\"canonical\" href=\"https:\/\/www.purhotmelt.com\/fr\/hot-melt-for-textile-lamination-2\/\" \/>\n<meta property=\"og:locale\" content=\"fr_FR\" \/>\n<meta property=\"og:type\" content=\"article\" \/>\n<meta property=\"og:title\" content=\"HOT MELT FOR TEXTILE LAMINATION - PUR hot melt adhesives\" \/>\n<meta property=\"og:description\" content=\"Intercol has developed an extensive product portfolio of polyurethane hot melt adhesives to cover different lamination [&hellip;]\" \/>\n<meta property=\"og:url\" content=\"https:\/\/www.purhotmelt.com\/fr\/hot-melt-for-textile-lamination-2\/\" \/>\n<meta property=\"og:site_name\" content=\"PUR hot melt adhesives\" \/>\n<meta property=\"article:modified_time\" content=\"2021-01-20T22:31:13+00:00\" \/>\n<meta name=\"twitter:card\" content=\"summary_large_image\" \/>\n<script type=\"application\/ld+json\" class=\"yoast-schema-graph\">{\"@context\":\"https:\/\/schema.org\",\"@graph\":[{\"@type\":\"WebSite\",\"@id\":\"https:\/\/www.purhotmelt.com\/#website\",\"url\":\"https:\/\/www.purhotmelt.com\/\",\"name\":\"PUR hot melt adhesives\",\"description\":\"Intercol: Specialist manufacturer\",\"potentialAction\":[{\"@type\":\"SearchAction\",\"target\":{\"@type\":\"EntryPoint\",\"urlTemplate\":\"https:\/\/www.purhotmelt.com\/?s={search_term_string}\"},\"query-input\":\"required name=search_term_string\"}],\"inLanguage\":\"fr-BE\"},{\"@type\":\"WebPage\",\"@id\":\"https:\/\/www.purhotmelt.com\/es\/hot-melt-for-textile-lamination-2\/#webpage\",\"url\":\"https:\/\/www.purhotmelt.com\/es\/hot-melt-for-textile-lamination-2\/\",\"name\":\"HOT MELT FOR TEXTILE LAMINATION - PUR hot melt adhesives\",\"isPartOf\":{\"@id\":\"https:\/\/www.purhotmelt.com\/#website\"},\"datePublished\":\"2021-01-20T22:31:12+00:00\",\"dateModified\":\"2021-01-20T22:31:13+00:00\",\"breadcrumb\":{\"@id\":\"https:\/\/www.purhotmelt.com\/es\/hot-melt-for-textile-lamination-2\/#breadcrumb\"},\"inLanguage\":\"fr-BE\",\"potentialAction\":[{\"@type\":\"ReadAction\",\"target\":[\"https:\/\/www.purhotmelt.com\/es\/hot-melt-for-textile-lamination-2\/\"]}]},{\"@type\":\"BreadcrumbList\",\"@id\":\"https:\/\/www.purhotmelt.com\/es\/hot-melt-for-textile-lamination-2\/#breadcrumb\",\"itemListElement\":[{\"@type\":\"ListItem\",\"position\":1,\"name\":\"Home\",\"item\":\"https:\/\/www.purhotmelt.com\/\"},{\"@type\":\"ListItem\",\"position\":2,\"name\":\"HOT MELT FOR TEXTILE LAMINATION\"}]}]}<\/script>\n<!-- \/ Yoast SEO plugin. -->","yoast_head_json":{"title":"HOT MELT POUR LAMINATION TEXTILE - Adh\u00e9sifs thermofusibles PUR","robots":{"index":"index","follow":"follow","max-snippet":"max-snippet:-1","max-image-preview":"max-image-preview:large","max-video-preview":"max-video-preview:-1"},"canonical":"https:\/\/www.purhotmelt.com\/fr\/hot-melt-for-textile-lamination-2\/","og_locale":"fr_FR","og_type":"article","og_title":"HOT MELT FOR TEXTILE LAMINATION - PUR hot melt adhesives","og_description":"Intercol has developed an extensive product portfolio of polyurethane hot melt adhesives to cover different lamination [&hellip;]","og_url":"https:\/\/www.purhotmelt.com\/fr\/hot-melt-for-textile-lamination-2\/","og_site_name":"PUR hot melt adhesives","article_modified_time":"2021-01-20T22:31:13+00:00","twitter_card":"summary_large_image","schema":{"@context":"https:\/\/schema.org","@graph":[{"@type":"WebSite","@id":"https:\/\/www.purhotmelt.com\/#website","url":"https:\/\/www.purhotmelt.com\/","name":"Adh\u00e9sifs thermofusibles PUR","description":"Intercol: fabricant sp\u00e9cialis\u00e9","potentialAction":[{"@type":"SearchAction","target":{"@type":"EntryPoint","urlTemplate":"https:\/\/www.purhotmelt.com\/?s={search_term_string}"},"query-input":"required name=search_term_string"}],"inLanguage":"fr-BE"},{"@type":"WebPage","@id":"https:\/\/www.purhotmelt.com\/es\/hot-melt-for-textile-lamination-2\/#webpage","url":"https:\/\/www.purhotmelt.com\/es\/hot-melt-for-textile-lamination-2\/","name":"HOT MELT POUR LAMINATION TEXTILE - Adh\u00e9sifs thermofusibles PUR","isPartOf":{"@id":"https:\/\/www.purhotmelt.com\/#website"},"datePublished":"2021-01-20T22:31:12+00:00","dateModified":"2021-01-20T22:31:13+00:00","breadcrumb":{"@id":"https:\/\/www.purhotmelt.com\/es\/hot-melt-for-textile-lamination-2\/#breadcrumb"},"inLanguage":"fr-BE","potentialAction":[{"@type":"ReadAction","target":["https:\/\/www.purhotmelt.com\/es\/hot-melt-for-textile-lamination-2\/"]}]},{"@type":"BreadcrumbList","@id":"https:\/\/www.purhotmelt.com\/es\/hot-melt-for-textile-lamination-2\/#breadcrumb","itemListElement":[{"@type":"ListItem","position":1,"name":"Home","item":"https:\/\/www.purhotmelt.com\/"},{"@type":"ListItem","position":2,"name":"HOT MELT FOR TEXTILE LAMINATION"}]}]}},"_links":{"self":[{"href":"https:\/\/www.purhotmelt.com\/fr\/wp-json\/wp\/v2\/pages\/269","targetHints":{"allow":["GET"]}}],"collection":[{"href":"https:\/\/www.purhotmelt.com\/fr\/wp-json\/wp\/v2\/pages"}],"about":[{"href":"https:\/\/www.purhotmelt.com\/fr\/wp-json\/wp\/v2\/types\/page"}],"author":[{"embeddable":true,"href":"https:\/\/www.purhotmelt.com\/fr\/wp-json\/wp\/v2\/users\/1"}],"replies":[{"embeddable":true,"href":"https:\/\/www.purhotmelt.com\/fr\/wp-json\/wp\/v2\/comments?post=269"}],"version-history":[{"count":1,"href":"https:\/\/www.purhotmelt.com\/fr\/wp-json\/wp\/v2\/pages\/269\/revisions"}],"predecessor-version":[{"id":271,"href":"https:\/\/www.purhotmelt.com\/fr\/wp-json\/wp\/v2\/pages\/269\/revisions\/271"}],"wp:attachment":[{"href":"https:\/\/www.purhotmelt.com\/fr\/wp-json\/wp\/v2\/media?parent=269"}],"curies":[{"name":"wp","href":"https:\/\/api.w.org\/{rel}","templated":true}]}}