{"id":272,"date":"2021-01-20T22:32:19","date_gmt":"2021-01-20T22:32:19","guid":{"rendered":"https:\/\/www.purhotmelt.com\/?page_id=272"},"modified":"2021-01-20T22:32:20","modified_gmt":"2021-01-20T22:32:20","slug":"what-is-pva-poly-vinyl-alcohol-glue","status":"publish","type":"page","link":"https:\/\/www.purhotmelt.com\/fr\/what-is-pva-poly-vinyl-alcohol-glue\/","title":{"rendered":"QU&#039;EST-CE QUE LA COLLE PVA (POLY VINYL-ALCOOL)?"},"content":{"rendered":"<h1 class=\"wp-block-heading\"><\/h1>\n\n\n\n<p>Le PVA, ou colles \u00e0 base d&#039;alcool polyvinylique, sont des adh\u00e9sifs \u00e0 base d&#039;eau. Outre le PVAC (polyac\u00e9tate de vinyle), c&#039;est une solution pour coller des substrats poreux comme les textiles et les fibres de papier. Le s\u00e9chage des colles PVA prend g\u00e9n\u00e9ralement plus de temps que le s\u00e9chage des colles PVAC. Pour le bricolage, dans la plupart des cas&nbsp;<a href=\"https:\/\/www.purhotmelt.com\/what-is-pvac-glue\/index-2.html\">La colle PVAC est<\/a>&nbsp;en faveur de l&#039;utilisation. Le PVA est principalement connu dans l&#039;industrie sous le nom de colle PVOH.<\/p>","protected":false},"excerpt":{"rendered":"<p>PVA, or poly vinyal alcohol glues, are waterbased adhesives. Other than PVAC (poly vinyl Acetate) it [&hellip;]<\/p>","protected":false},"author":1,"featured_media":0,"parent":0,"menu_order":0,"comment_status":"closed","ping_status":"closed","template":"","meta":{"footnotes":""},"class_list":["post-272","page","type-page","status-publish","hentry"],"yoast_head":"<!-- This site is optimized with the Yoast SEO plugin v17.0 - https:\/\/yoast.com\/wordpress\/plugins\/seo\/ -->\n<title>WHAT IS PVA (POLY VINYL-ALCOHOL) GLUE? - PUR hot melt adhesives<\/title>\n<meta name=\"robots\" content=\"index, follow, max-snippet:-1, max-image-preview:large, max-video-preview:-1\" \/>\n<link rel=\"canonical\" href=\"https:\/\/www.purhotmelt.com\/fr\/what-is-pva-poly-vinyl-alcohol-glue\/\" \/>\n<meta property=\"og:locale\" content=\"fr_FR\" \/>\n<meta property=\"og:type\" content=\"article\" \/>\n<meta property=\"og:title\" content=\"WHAT IS PVA (POLY VINYL-ALCOHOL) GLUE? - PUR hot melt adhesives\" \/>\n<meta property=\"og:description\" content=\"PVA, or poly vinyal alcohol glues, are waterbased adhesives. Other than PVAC (poly vinyl Acetate) it [&hellip;]\" \/>\n<meta property=\"og:url\" content=\"https:\/\/www.purhotmelt.com\/fr\/what-is-pva-poly-vinyl-alcohol-glue\/\" \/>\n<meta property=\"og:site_name\" content=\"PUR hot melt adhesives\" \/>\n<meta property=\"article:modified_time\" content=\"2021-01-20T22:32:20+00:00\" \/>\n<meta name=\"twitter:card\" content=\"summary_large_image\" \/>\n<script type=\"application\/ld+json\" class=\"yoast-schema-graph\">{\"@context\":\"https:\/\/schema.org\",\"@graph\":[{\"@type\":\"WebSite\",\"@id\":\"https:\/\/www.purhotmelt.com\/#website\",\"url\":\"https:\/\/www.purhotmelt.com\/\",\"name\":\"PUR hot melt adhesives\",\"description\":\"Intercol: Specialist manufacturer\",\"potentialAction\":[{\"@type\":\"SearchAction\",\"target\":{\"@type\":\"EntryPoint\",\"urlTemplate\":\"https:\/\/www.purhotmelt.com\/?s={search_term_string}\"},\"query-input\":\"required name=search_term_string\"}],\"inLanguage\":\"fr-BE\"},{\"@type\":\"WebPage\",\"@id\":\"https:\/\/www.purhotmelt.com\/nb\/what-is-pva-poly-vinyl-alcohol-glue\/#webpage\",\"url\":\"https:\/\/www.purhotmelt.com\/nb\/what-is-pva-poly-vinyl-alcohol-glue\/\",\"name\":\"WHAT IS PVA (POLY VINYL-ALCOHOL) GLUE? - PUR hot melt adhesives\",\"isPartOf\":{\"@id\":\"https:\/\/www.purhotmelt.com\/#website\"},\"datePublished\":\"2021-01-20T22:32:19+00:00\",\"dateModified\":\"2021-01-20T22:32:20+00:00\",\"breadcrumb\":{\"@id\":\"https:\/\/www.purhotmelt.com\/nb\/what-is-pva-poly-vinyl-alcohol-glue\/#breadcrumb\"},\"inLanguage\":\"fr-BE\",\"potentialAction\":[{\"@type\":\"ReadAction\",\"target\":[\"https:\/\/www.purhotmelt.com\/nb\/what-is-pva-poly-vinyl-alcohol-glue\/\"]}]},{\"@type\":\"BreadcrumbList\",\"@id\":\"https:\/\/www.purhotmelt.com\/nb\/what-is-pva-poly-vinyl-alcohol-glue\/#breadcrumb\",\"itemListElement\":[{\"@type\":\"ListItem\",\"position\":1,\"name\":\"Home\",\"item\":\"https:\/\/www.purhotmelt.com\/\"},{\"@type\":\"ListItem\",\"position\":2,\"name\":\"WHAT IS PVA (POLY VINYL-ALCOHOL) GLUE?\"}]}]}<\/script>\n<!-- \/ Yoast SEO plugin. -->","yoast_head_json":{"title":"QU&#039;EST-CE QUE LA COLLE PVA (POLY VINYL-ALCOOL) ? - Adh\u00e9sifs thermofusibles PUR","robots":{"index":"index","follow":"follow","max-snippet":"max-snippet:-1","max-image-preview":"max-image-preview:large","max-video-preview":"max-video-preview:-1"},"canonical":"https:\/\/www.purhotmelt.com\/fr\/what-is-pva-poly-vinyl-alcohol-glue\/","og_locale":"fr_FR","og_type":"article","og_title":"WHAT IS PVA (POLY VINYL-ALCOHOL) GLUE? - PUR hot melt adhesives","og_description":"PVA, or poly vinyal alcohol glues, are waterbased adhesives. Other than PVAC (poly vinyl Acetate) it [&hellip;]","og_url":"https:\/\/www.purhotmelt.com\/fr\/what-is-pva-poly-vinyl-alcohol-glue\/","og_site_name":"PUR hot melt adhesives","article_modified_time":"2021-01-20T22:32:20+00:00","twitter_card":"summary_large_image","schema":{"@context":"https:\/\/schema.org","@graph":[{"@type":"WebSite","@id":"https:\/\/www.purhotmelt.com\/#website","url":"https:\/\/www.purhotmelt.com\/","name":"Adh\u00e9sifs thermofusibles PUR","description":"Intercol: fabricant sp\u00e9cialis\u00e9","potentialAction":[{"@type":"SearchAction","target":{"@type":"EntryPoint","urlTemplate":"https:\/\/www.purhotmelt.com\/?s={search_term_string}"},"query-input":"required name=search_term_string"}],"inLanguage":"fr-BE"},{"@type":"WebPage","@id":"https:\/\/www.purhotmelt.com\/nb\/what-is-pva-poly-vinyl-alcohol-glue\/#webpage","url":"https:\/\/www.purhotmelt.com\/nb\/what-is-pva-poly-vinyl-alcohol-glue\/","name":"QU&#039;EST-CE QUE LA COLLE PVA (POLY VINYL-ALCOOL) ? - Adh\u00e9sifs thermofusibles PUR","isPartOf":{"@id":"https:\/\/www.purhotmelt.com\/#website"},"datePublished":"2021-01-20T22:32:19+00:00","dateModified":"2021-01-20T22:32:20+00:00","breadcrumb":{"@id":"https:\/\/www.purhotmelt.com\/nb\/what-is-pva-poly-vinyl-alcohol-glue\/#breadcrumb"},"inLanguage":"fr-BE","potentialAction":[{"@type":"ReadAction","target":["https:\/\/www.purhotmelt.com\/nb\/what-is-pva-poly-vinyl-alcohol-glue\/"]}]},{"@type":"BreadcrumbList","@id":"https:\/\/www.purhotmelt.com\/nb\/what-is-pva-poly-vinyl-alcohol-glue\/#breadcrumb","itemListElement":[{"@type":"ListItem","position":1,"name":"Home","item":"https:\/\/www.purhotmelt.com\/"},{"@type":"ListItem","position":2,"name":"WHAT IS PVA (POLY VINYL-ALCOHOL) GLUE?"}]}]}},"_links":{"self":[{"href":"https:\/\/www.purhotmelt.com\/fr\/wp-json\/wp\/v2\/pages\/272","targetHints":{"allow":["GET"]}}],"collection":[{"href":"https:\/\/www.purhotmelt.com\/fr\/wp-json\/wp\/v2\/pages"}],"about":[{"href":"https:\/\/www.purhotmelt.com\/fr\/wp-json\/wp\/v2\/types\/page"}],"author":[{"embeddable":true,"href":"https:\/\/www.purhotmelt.com\/fr\/wp-json\/wp\/v2\/users\/1"}],"replies":[{"embeddable":true,"href":"https:\/\/www.purhotmelt.com\/fr\/wp-json\/wp\/v2\/comments?post=272"}],"version-history":[{"count":1,"href":"https:\/\/www.purhotmelt.com\/fr\/wp-json\/wp\/v2\/pages\/272\/revisions"}],"predecessor-version":[{"id":274,"href":"https:\/\/www.purhotmelt.com\/fr\/wp-json\/wp\/v2\/pages\/272\/revisions\/274"}],"wp:attachment":[{"href":"https:\/\/www.purhotmelt.com\/fr\/wp-json\/wp\/v2\/media?parent=272"}],"curies":[{"name":"wp","href":"https:\/\/api.w.org\/{rel}","templated":true}]}}