{"id":275,"date":"2021-01-20T22:33:33","date_gmt":"2021-01-20T22:33:33","guid":{"rendered":"https:\/\/www.purhotmelt.com\/?page_id=275"},"modified":"2021-01-20T22:33:34","modified_gmt":"2021-01-20T22:33:34","slug":"woodworking-construction-adhesives","status":"publish","type":"page","link":"https:\/\/www.purhotmelt.com\/fr\/woodworking-construction-adhesives\/","title":{"rendered":"ADH\u00c9SIFS POUR LE BOIS ET LA CONSTRUCTION"},"content":{"rendered":"<h1 class=\"wp-block-heading\"><\/h1>\n\n\n\n<hr class=\"wp-block-separator\"\/>\n\n\n\n<p>Pour l&#039;industrie du bois, a des qualit\u00e9s charg\u00e9es et non charg\u00e9es pour les qualit\u00e9s EVA, PO et PUR. Ces colles thermofusibles sont con\u00e7ues \u00e0 des fins sp\u00e9ciales, telles que le placage de chants ou l&#039;emballage de profil\u00e9s. Il existe une gamme d&#039;adh\u00e9sifs thermofusibles adapt\u00e9s aux \u00e9quipements de production \u00e0 basse, moyenne et haute vitesse (haute vitesse\u00a0: plus de 20\u00a0m\/min)&nbsp;<strong>Non<\/strong><\/p>\n\n\n\n<p>Certains de nos adh\u00e9sifs thermofusibles offrent une adh\u00e9rence \u00e0 chaud tr\u00e8s \u00e9lev\u00e9e pour permettre un traitement rapide avec des couteaux et des scies. La densit\u00e9 d\u00e9pend de la quantit\u00e9 de charge utilis\u00e9e. Les grades de polyur\u00e9thane peuvent \u00eatre propos\u00e9s en tant que durcissement rapide et offrant des liaisons extr\u00eamement fortes. D&#039;autres grades \u00e0 prise plus lente offrent une plus grande force d&#039;adh\u00e9rence sur les substrats en plastique.<br>Pour les surfaces difficiles \u00e0 coller, principalement des plastiques comme le PP, des thermofusibles polyol\u00e9fines sont souvent utilis\u00e9s pour produire la qualit\u00e9 souhait\u00e9e.<\/p>\n\n\n\n<p>Intercol dispose de sources uniques pour plusieurs mati\u00e8res premi\u00e8res et donc de solutions uniques pour les processus de production permettant de produire de mani\u00e8re tr\u00e8s efficace dans les domaines de l&#039;emballage de profil\u00e9s, du placage de chant et du formage souple, avec des normes de qualit\u00e9 \u00e9lev\u00e9es, nous sommes en mesure de surpasser les adh\u00e9sifs charg\u00e9s standard. Plus d&#039;avantages sont que ces adh\u00e9sifs sont propres et extr\u00eamement faciles \u00e0 manipuler. Les nouveaux adh\u00e9sifs EVA et polyol\u00e9fine blanc \u00e0 l&#039;eau pour le bois peuvent \u00eatre utilis\u00e9s avec la plupart des machines \u00e0 bois et cr\u00e9ent une forte adh\u00e9rence sur le PVC, le HPL, le bois massif, la m\u00e9lamine, le placage de bois et d&#039;autres mat\u00e9riaux. utilis\u00e9 pour assembler MDF et agglom\u00e9r\u00e9.<br><br>Nos adh\u00e9sifs thermofusibles d&#039;emballage de profil\u00e9s, tels que Waterwhite 301 et 303, fournissent des solutions performantes. Cette gamme d&#039;adh\u00e9sifs thermofusibles \u00e0 usage g\u00e9n\u00e9ral et r\u00e9sistants offre un temps ouvert long. La plupart de ces qualit\u00e9s sont r\u00e9sistantes \u00e0 la chaleur et adh\u00e8rent fortement \u00e0 une large gamme de substrats. La faible viscosit\u00e9, la r\u00e9sistance aux basses temp\u00e9ratures et la solidit\u00e9 rendent ces nouvelles formulations thermofusibles id\u00e9ales pour les applications de rev\u00eatement par fente ou la fixation de mat\u00e9riaux thermosensibles, tels que le PVC.<br><br>Les nouvelles nuances de la s\u00e9rie 300 sont parfaites pour l&#039;assemblage de bandes de chant et le softforming. Lorsque vous avez besoin d&#039;un adh\u00e9sif \u00e0 fusion rapide avec une forte adh\u00e9rence et appliqu\u00e9 sous forme de film mince, ce qui est le plus n\u00e9cessaire pour coller des bords difficiles. D&#039;autres HMA offrent une viscosit\u00e9 \u00e9lev\u00e9e avec un tack fondu \u00e9lev\u00e9, mais peuvent \u00e9galement r\u00e9sister \u00e0 des temp\u00e9ratures de 60\u00b0C \u00e0 70\u00b0C. Pour le collage \u00e0 grande vitesse des machines de placage de chants et de softforming. Les mati\u00e8res premi\u00e8res uniques permettent une bande de chant \u00e0 faible bavure rendant vos produits lisses et propres.<\/p>","protected":false},"excerpt":{"rendered":"<p>For the woodworking industry, has filled and unfilled grades for EVA, PO and PUR grades. These [&hellip;]<\/p>","protected":false},"author":1,"featured_media":0,"parent":0,"menu_order":0,"comment_status":"closed","ping_status":"closed","template":"","meta":{"footnotes":""},"class_list":["post-275","page","type-page","status-publish","hentry"],"yoast_head":"<!-- This site is optimized with the Yoast SEO plugin v17.0 - https:\/\/yoast.com\/wordpress\/plugins\/seo\/ -->\n<title>WOODWORKING &amp; CONSTRUCTION ADHESIVES - PUR hot melt adhesives<\/title>\n<meta name=\"robots\" content=\"index, follow, max-snippet:-1, max-image-preview:large, max-video-preview:-1\" \/>\n<link rel=\"canonical\" href=\"https:\/\/www.purhotmelt.com\/fr\/woodworking-construction-adhesives\/\" \/>\n<meta property=\"og:locale\" content=\"fr_FR\" \/>\n<meta property=\"og:type\" content=\"article\" \/>\n<meta property=\"og:title\" content=\"WOODWORKING &amp; CONSTRUCTION ADHESIVES - PUR hot melt adhesives\" \/>\n<meta property=\"og:description\" content=\"For the woodworking industry, has filled and unfilled grades for EVA, PO and PUR grades. These [&hellip;]\" \/>\n<meta property=\"og:url\" content=\"https:\/\/www.purhotmelt.com\/fr\/woodworking-construction-adhesives\/\" \/>\n<meta property=\"og:site_name\" content=\"PUR hot melt adhesives\" \/>\n<meta property=\"article:modified_time\" content=\"2021-01-20T22:33:34+00:00\" \/>\n<meta name=\"twitter:card\" content=\"summary_large_image\" \/>\n<meta name=\"twitter:label1\" content=\"Dur\u00e9e de lecture est.\" \/>\n\t<meta name=\"twitter:data1\" content=\"2 minutes\" \/>\n<script type=\"application\/ld+json\" class=\"yoast-schema-graph\">{\"@context\":\"https:\/\/schema.org\",\"@graph\":[{\"@type\":\"WebSite\",\"@id\":\"https:\/\/www.purhotmelt.com\/#website\",\"url\":\"https:\/\/www.purhotmelt.com\/\",\"name\":\"PUR hot melt adhesives\",\"description\":\"Intercol: Specialist manufacturer\",\"potentialAction\":[{\"@type\":\"SearchAction\",\"target\":{\"@type\":\"EntryPoint\",\"urlTemplate\":\"https:\/\/www.purhotmelt.com\/?s={search_term_string}\"},\"query-input\":\"required name=search_term_string\"}],\"inLanguage\":\"fr-BE\"},{\"@type\":\"WebPage\",\"@id\":\"https:\/\/www.purhotmelt.com\/nl\/woodworking-construction-adhesives\/#webpage\",\"url\":\"https:\/\/www.purhotmelt.com\/nl\/woodworking-construction-adhesives\/\",\"name\":\"WOODWORKING & CONSTRUCTION ADHESIVES - PUR hot melt adhesives\",\"isPartOf\":{\"@id\":\"https:\/\/www.purhotmelt.com\/#website\"},\"datePublished\":\"2021-01-20T22:33:33+00:00\",\"dateModified\":\"2021-01-20T22:33:34+00:00\",\"breadcrumb\":{\"@id\":\"https:\/\/www.purhotmelt.com\/nl\/woodworking-construction-adhesives\/#breadcrumb\"},\"inLanguage\":\"fr-BE\",\"potentialAction\":[{\"@type\":\"ReadAction\",\"target\":[\"https:\/\/www.purhotmelt.com\/nl\/woodworking-construction-adhesives\/\"]}]},{\"@type\":\"BreadcrumbList\",\"@id\":\"https:\/\/www.purhotmelt.com\/nl\/woodworking-construction-adhesives\/#breadcrumb\",\"itemListElement\":[{\"@type\":\"ListItem\",\"position\":1,\"name\":\"Home\",\"item\":\"https:\/\/www.purhotmelt.com\/\"},{\"@type\":\"ListItem\",\"position\":2,\"name\":\"WOODWORKING &#038; CONSTRUCTION ADHESIVES\"}]}]}<\/script>\n<!-- \/ Yoast SEO plugin. -->","yoast_head_json":{"title":"ADH\u00c9SIFS POUR LE BOIS ET LA CONSTRUCTION - Adh\u00e9sifs thermofusibles PUR","robots":{"index":"index","follow":"follow","max-snippet":"max-snippet:-1","max-image-preview":"max-image-preview:large","max-video-preview":"max-video-preview:-1"},"canonical":"https:\/\/www.purhotmelt.com\/fr\/woodworking-construction-adhesives\/","og_locale":"fr_FR","og_type":"article","og_title":"WOODWORKING & CONSTRUCTION ADHESIVES - PUR hot melt adhesives","og_description":"For the woodworking industry, has filled and unfilled grades for EVA, PO and PUR grades. These [&hellip;]","og_url":"https:\/\/www.purhotmelt.com\/fr\/woodworking-construction-adhesives\/","og_site_name":"PUR hot melt adhesives","article_modified_time":"2021-01-20T22:33:34+00:00","twitter_card":"summary_large_image","twitter_misc":{"Dur\u00e9e de lecture est.":"2 minutes"},"schema":{"@context":"https:\/\/schema.org","@graph":[{"@type":"WebSite","@id":"https:\/\/www.purhotmelt.com\/#website","url":"https:\/\/www.purhotmelt.com\/","name":"Adh\u00e9sifs thermofusibles PUR","description":"Intercol: fabricant sp\u00e9cialis\u00e9","potentialAction":[{"@type":"SearchAction","target":{"@type":"EntryPoint","urlTemplate":"https:\/\/www.purhotmelt.com\/?s={search_term_string}"},"query-input":"required name=search_term_string"}],"inLanguage":"fr-BE"},{"@type":"WebPage","@id":"https:\/\/www.purhotmelt.com\/nl\/woodworking-construction-adhesives\/#webpage","url":"https:\/\/www.purhotmelt.com\/nl\/woodworking-construction-adhesives\/","name":"ADH\u00c9SIFS POUR LE BOIS ET LA CONSTRUCTION - Adh\u00e9sifs thermofusibles PUR","isPartOf":{"@id":"https:\/\/www.purhotmelt.com\/#website"},"datePublished":"2021-01-20T22:33:33+00:00","dateModified":"2021-01-20T22:33:34+00:00","breadcrumb":{"@id":"https:\/\/www.purhotmelt.com\/nl\/woodworking-construction-adhesives\/#breadcrumb"},"inLanguage":"fr-BE","potentialAction":[{"@type":"ReadAction","target":["https:\/\/www.purhotmelt.com\/nl\/woodworking-construction-adhesives\/"]}]},{"@type":"BreadcrumbList","@id":"https:\/\/www.purhotmelt.com\/nl\/woodworking-construction-adhesives\/#breadcrumb","itemListElement":[{"@type":"ListItem","position":1,"name":"Home","item":"https:\/\/www.purhotmelt.com\/"},{"@type":"ListItem","position":2,"name":"WOODWORKING &#038; CONSTRUCTION ADHESIVES"}]}]}},"_links":{"self":[{"href":"https:\/\/www.purhotmelt.com\/fr\/wp-json\/wp\/v2\/pages\/275","targetHints":{"allow":["GET"]}}],"collection":[{"href":"https:\/\/www.purhotmelt.com\/fr\/wp-json\/wp\/v2\/pages"}],"about":[{"href":"https:\/\/www.purhotmelt.com\/fr\/wp-json\/wp\/v2\/types\/page"}],"author":[{"embeddable":true,"href":"https:\/\/www.purhotmelt.com\/fr\/wp-json\/wp\/v2\/users\/1"}],"replies":[{"embeddable":true,"href":"https:\/\/www.purhotmelt.com\/fr\/wp-json\/wp\/v2\/comments?post=275"}],"version-history":[{"count":1,"href":"https:\/\/www.purhotmelt.com\/fr\/wp-json\/wp\/v2\/pages\/275\/revisions"}],"predecessor-version":[{"id":277,"href":"https:\/\/www.purhotmelt.com\/fr\/wp-json\/wp\/v2\/pages\/275\/revisions\/277"}],"wp:attachment":[{"href":"https:\/\/www.purhotmelt.com\/fr\/wp-json\/wp\/v2\/media?parent=275"}],"curies":[{"name":"wp","href":"https:\/\/api.w.org\/{rel}","templated":true}]}}