{"id":281,"date":"2021-01-20T22:35:39","date_gmt":"2021-01-20T22:35:39","guid":{"rendered":"https:\/\/www.purhotmelt.com\/?page_id=281"},"modified":"2021-01-20T22:35:40","modified_gmt":"2021-01-20T22:35:40","slug":"industrial-foam-adhesives","status":"publish","type":"page","link":"https:\/\/www.purhotmelt.com\/fr\/industrial-foam-adhesives\/","title":{"rendered":"ADH\u00c9SIFS MOUSSE INDUSTRIELS"},"content":{"rendered":"<h1 class=\"wp-block-heading\"><\/h1>\n\n\n\n<p>Adh\u00e9sifs Intercol propose une large gamme d&#039;adh\u00e9sifs en mousse utilis\u00e9s dans l&#039;industrie. d\u00e9velopp\u00e9 pour am\u00e9liorer les processus de production.&nbsp;<\/p>\n\n\n\n<p>Comme dans la fabrication et la construction manuelles, des adh\u00e9sifs et des mastics \u00e0 base de solvants sont utilis\u00e9s, les adh\u00e9sifs thermofusibles sont l&#039;alternative de production automatis\u00e9e. Permet une construction rapide, des arr\u00eats et red\u00e9marrages de la machine, des lignes d&#039;assemblage fonctionnant en continu.<\/p>\n\n\n\n<h2 class=\"wp-block-heading\">PRODUCTION AUGMENT\u00c9E, CONCEPTION R\u00c9VOLUTIONNAIRE.<\/h2>\n\n\n\n<p>Les adh\u00e9sifs d&#039;assemblage en mousse sont disponibles dans une gamme de thermofusibles standard et sp\u00e9cialis\u00e9e. Cette gamme sup\u00e9rieure d&#039;adh\u00e9sifs a \u00e9tabli de nouvelles normes en mati\u00e8re d&#039;assemblage de mousses et de produits - r\u00e9pondant aux exigences des concepteurs et des ing\u00e9nieurs impliqu\u00e9s dans la production de produits domestiques, commerciaux et industriels.<\/p>\n\n\n\n<h2 class=\"wp-block-heading\">UNE BONNE AFFAIRE D\u00c9PEND DE BONS PRODUITS.<\/h2>\n\n\n\n<p>Beardow Adams se consacre \u00e0 fournir aux secteurs de la fabrication des thermofusibles uniques, \u00e0 haute adh\u00e9rence et r\u00e9sistants aux temp\u00e9ratures \u00e9lev\u00e9es, avec la capacit\u00e9 de se lier proprement et en toute s\u00e9curit\u00e9 \u00e0 la plupart des mat\u00e9riaux techniques; aider les organisations \u00e0 lancer de nouveaux produits passionnants \u00e0 la pointe de la technologie.<\/p>\n\n\n\n<p>Nos adh\u00e9sifs thermofusibles haute performance r\u00e9pondent \u00e9galement au besoin d&#039;adh\u00e9sifs automobiles pour \u00eatre r\u00e9sistants aux fluctuations de temp\u00e9rature et aux vibrations.<\/p>\n\n\n\n<h2 class=\"wp-block-heading\">UNE MEILLEURE GAMME, QUELLE QUE SOIT LA PRODUCTION.<\/h2>\n\n\n\n<p>Intercol sait que les adh\u00e9sifs thermofusibles permettent aux fabricants d&#039;am\u00e9liorer sensiblement la qualit\u00e9 et l&#039;apparence des produits, car ils peuvent remplacer les m\u00e9thodes d&#039;assemblage alternatives telles que les clous, les vis et autres fixations disgracieuses.<\/p>\n\n\n\n<p>L&#039;industrie automobile utilise notre gamme d&#039;adh\u00e9sifs thermofusibles pour coller la mousse, les composites acoustiques, les assemblages l\u00e9gers, les garnitures, les composants de garniture de toit et divers autres produits de sous-assemblage. Cette gamme d&#039;adh\u00e9sifs thermofusibles offre une long\u00e9vit\u00e9 exceptionnelle, une adh\u00e9rence sup\u00e9rieure \u00e0 une large gamme de m\u00e9taux et de plastiques et la capacit\u00e9 de r\u00e9sister \u00e0 des temp\u00e9ratures aussi \u00e9lev\u00e9es que 180 \u00b0 C.<\/p>\n\n\n\n<h2 class=\"wp-block-heading\">CONSTRUISEZ-LE ET ILS VIENNENT.<\/h2>\n\n\n\n<p>Intercol r\u00e9pond aux besoins des principaux fabricants. Nos adh\u00e9sifs thermofusibles, principalement \u00e0 base de polym\u00e8res comme EVA, PO et PUR, conviennent pour coller presque tous les mat\u00e9riaux sur eux-m\u00eames ou sur d&#039;autres substrats.<\/p>\n\n\n\n<p>La gamme de thermofusibles est disponible dans diff\u00e9rentes tailles d&#039;emballage pour convenir \u00e0 de nombreuses applications et machines d&#039;application. Ceux-ci inclus:<\/p>\n\n\n\n<p>\u2022 Automobile \u2022 Filtres \u2022 Collage de mousse de matelas et ressorts ensach\u00e9s \u2022 Appareils \u00e9lectrom\u00e9nagers et \u00e9lectronique<\/p>\n\n\n\n<p>\u2022 Isolation \u2022 Construction et g\u00e9nie civil<\/p>\n\n\n\n<p>\u2022 Laminage en mousse (sous-couche) \u2022 Joint d&#039;\u00e9tanch\u00e9it\u00e9<\/p>\n\n\n\n<p><strong>Les adh\u00e9sifs n\u00e9cessitent des conseils de sp\u00e9cialistes, avec un tri de plus de 3.000 adh\u00e9sifs thermofusibles diff\u00e9rents, il devrait y avoir un produit r\u00e9pondant \u00e0 vos exigences. Veuillez nous contacter pour une proposition de produit.<\/strong><\/p>","protected":false},"excerpt":{"rendered":"<p>Intercol adhesives offers a wide range of industrial used foam adhesives. developed to enhance production processes.&nbsp; [&hellip;]<\/p>","protected":false},"author":1,"featured_media":0,"parent":0,"menu_order":0,"comment_status":"closed","ping_status":"closed","template":"","meta":{"footnotes":""},"class_list":["post-281","page","type-page","status-publish","hentry"],"yoast_head":"<!-- This site is optimized with the Yoast SEO plugin v17.0 - https:\/\/yoast.com\/wordpress\/plugins\/seo\/ -->\n<title>INDUSTRIAL FOAM ADHESIVES - PUR hot melt adhesives<\/title>\n<meta name=\"robots\" content=\"index, follow, max-snippet:-1, max-image-preview:large, max-video-preview:-1\" \/>\n<link rel=\"canonical\" href=\"https:\/\/www.purhotmelt.com\/fr\/industrial-foam-adhesives\/\" \/>\n<meta property=\"og:locale\" content=\"fr_FR\" \/>\n<meta property=\"og:type\" content=\"article\" \/>\n<meta property=\"og:title\" content=\"INDUSTRIAL FOAM ADHESIVES - PUR hot melt adhesives\" \/>\n<meta property=\"og:description\" content=\"Intercol adhesives offers a wide range of industrial used foam adhesives. developed to enhance production processes.&nbsp; [&hellip;]\" \/>\n<meta property=\"og:url\" content=\"https:\/\/www.purhotmelt.com\/fr\/industrial-foam-adhesives\/\" \/>\n<meta property=\"og:site_name\" content=\"PUR hot melt adhesives\" \/>\n<meta property=\"article:modified_time\" content=\"2021-01-20T22:35:40+00:00\" \/>\n<meta name=\"twitter:card\" content=\"summary_large_image\" \/>\n<meta name=\"twitter:label1\" content=\"Dur\u00e9e de lecture est.\" \/>\n\t<meta name=\"twitter:data1\" content=\"2 minutes\" \/>\n<script type=\"application\/ld+json\" class=\"yoast-schema-graph\">{\"@context\":\"https:\/\/schema.org\",\"@graph\":[{\"@type\":\"WebSite\",\"@id\":\"https:\/\/www.purhotmelt.com\/#website\",\"url\":\"https:\/\/www.purhotmelt.com\/\",\"name\":\"PUR hot melt adhesives\",\"description\":\"Intercol: Specialist manufacturer\",\"potentialAction\":[{\"@type\":\"SearchAction\",\"target\":{\"@type\":\"EntryPoint\",\"urlTemplate\":\"https:\/\/www.purhotmelt.com\/?s={search_term_string}\"},\"query-input\":\"required name=search_term_string\"}],\"inLanguage\":\"fr-BE\"},{\"@type\":\"WebPage\",\"@id\":\"https:\/\/www.purhotmelt.com\/de\/industrial-foam-adhesives\/#webpage\",\"url\":\"https:\/\/www.purhotmelt.com\/de\/industrial-foam-adhesives\/\",\"name\":\"INDUSTRIAL FOAM ADHESIVES - PUR hot melt adhesives\",\"isPartOf\":{\"@id\":\"https:\/\/www.purhotmelt.com\/#website\"},\"datePublished\":\"2021-01-20T22:35:39+00:00\",\"dateModified\":\"2021-01-20T22:35:40+00:00\",\"breadcrumb\":{\"@id\":\"https:\/\/www.purhotmelt.com\/de\/industrial-foam-adhesives\/#breadcrumb\"},\"inLanguage\":\"fr-BE\",\"potentialAction\":[{\"@type\":\"ReadAction\",\"target\":[\"https:\/\/www.purhotmelt.com\/de\/industrial-foam-adhesives\/\"]}]},{\"@type\":\"BreadcrumbList\",\"@id\":\"https:\/\/www.purhotmelt.com\/de\/industrial-foam-adhesives\/#breadcrumb\",\"itemListElement\":[{\"@type\":\"ListItem\",\"position\":1,\"name\":\"Home\",\"item\":\"https:\/\/www.purhotmelt.com\/\"},{\"@type\":\"ListItem\",\"position\":2,\"name\":\"INDUSTRIAL FOAM ADHESIVES\"}]}]}<\/script>\n<!-- \/ Yoast SEO plugin. -->","yoast_head_json":{"title":"ADH\u00c9SIFS MOUSSE INDUSTRIELS - Adh\u00e9sifs thermofusibles PUR","robots":{"index":"index","follow":"follow","max-snippet":"max-snippet:-1","max-image-preview":"max-image-preview:large","max-video-preview":"max-video-preview:-1"},"canonical":"https:\/\/www.purhotmelt.com\/fr\/industrial-foam-adhesives\/","og_locale":"fr_FR","og_type":"article","og_title":"INDUSTRIAL FOAM ADHESIVES - PUR hot melt adhesives","og_description":"Intercol adhesives offers a wide range of industrial used foam adhesives. developed to enhance production processes.&nbsp; [&hellip;]","og_url":"https:\/\/www.purhotmelt.com\/fr\/industrial-foam-adhesives\/","og_site_name":"PUR hot melt adhesives","article_modified_time":"2021-01-20T22:35:40+00:00","twitter_card":"summary_large_image","twitter_misc":{"Dur\u00e9e de lecture est.":"2 minutes"},"schema":{"@context":"https:\/\/schema.org","@graph":[{"@type":"WebSite","@id":"https:\/\/www.purhotmelt.com\/#website","url":"https:\/\/www.purhotmelt.com\/","name":"Adh\u00e9sifs thermofusibles PUR","description":"Intercol: fabricant sp\u00e9cialis\u00e9","potentialAction":[{"@type":"SearchAction","target":{"@type":"EntryPoint","urlTemplate":"https:\/\/www.purhotmelt.com\/?s={search_term_string}"},"query-input":"required name=search_term_string"}],"inLanguage":"fr-BE"},{"@type":"WebPage","@id":"https:\/\/www.purhotmelt.com\/de\/industrial-foam-adhesives\/#webpage","url":"https:\/\/www.purhotmelt.com\/de\/industrial-foam-adhesives\/","name":"ADH\u00c9SIFS MOUSSE INDUSTRIELS - Adh\u00e9sifs thermofusibles PUR","isPartOf":{"@id":"https:\/\/www.purhotmelt.com\/#website"},"datePublished":"2021-01-20T22:35:39+00:00","dateModified":"2021-01-20T22:35:40+00:00","breadcrumb":{"@id":"https:\/\/www.purhotmelt.com\/de\/industrial-foam-adhesives\/#breadcrumb"},"inLanguage":"fr-BE","potentialAction":[{"@type":"ReadAction","target":["https:\/\/www.purhotmelt.com\/de\/industrial-foam-adhesives\/"]}]},{"@type":"BreadcrumbList","@id":"https:\/\/www.purhotmelt.com\/de\/industrial-foam-adhesives\/#breadcrumb","itemListElement":[{"@type":"ListItem","position":1,"name":"Home","item":"https:\/\/www.purhotmelt.com\/"},{"@type":"ListItem","position":2,"name":"INDUSTRIAL FOAM ADHESIVES"}]}]}},"_links":{"self":[{"href":"https:\/\/www.purhotmelt.com\/fr\/wp-json\/wp\/v2\/pages\/281","targetHints":{"allow":["GET"]}}],"collection":[{"href":"https:\/\/www.purhotmelt.com\/fr\/wp-json\/wp\/v2\/pages"}],"about":[{"href":"https:\/\/www.purhotmelt.com\/fr\/wp-json\/wp\/v2\/types\/page"}],"author":[{"embeddable":true,"href":"https:\/\/www.purhotmelt.com\/fr\/wp-json\/wp\/v2\/users\/1"}],"replies":[{"embeddable":true,"href":"https:\/\/www.purhotmelt.com\/fr\/wp-json\/wp\/v2\/comments?post=281"}],"version-history":[{"count":1,"href":"https:\/\/www.purhotmelt.com\/fr\/wp-json\/wp\/v2\/pages\/281\/revisions"}],"predecessor-version":[{"id":283,"href":"https:\/\/www.purhotmelt.com\/fr\/wp-json\/wp\/v2\/pages\/281\/revisions\/283"}],"wp:attachment":[{"href":"https:\/\/www.purhotmelt.com\/fr\/wp-json\/wp\/v2\/media?parent=281"}],"curies":[{"name":"wp","href":"https:\/\/api.w.org\/{rel}","templated":true}]}}