{"id":287,"date":"2021-01-20T22:38:20","date_gmt":"2021-01-20T22:38:20","guid":{"rendered":"https:\/\/www.purhotmelt.com\/?page_id=287"},"modified":"2021-01-20T22:38:21","modified_gmt":"2021-01-20T22:38:21","slug":"pvac-glue-for-flat-bonding","status":"publish","type":"page","link":"https:\/\/www.purhotmelt.com\/fr\/pvac-glue-for-flat-bonding\/","title":{"rendered":"COLLE PVAC POUR COLLAGE PLAT"},"content":{"rendered":"<h1 class=\"wp-block-heading\"><\/h1>\n\n\n\n<hr class=\"wp-block-separator\"\/>\n\n\n\n<p>Les adh\u00e9sifs \u00e0 base d&#039;eau PVAc sont utilis\u00e9s pour le collage de panneaux HPL dans des presses en ligne \u00e0 grande vitesse ou empil\u00e9es, mais aussi pour le doublage de panneaux, le collage de structures et d&#039;assemblages.<\/p>\n\n\n\n<p><strong>PVA \u00e0 base d&#039;eau<\/strong>c les adh\u00e9sifs \u00e0 dispersion, sont principalement con\u00e7us pour une application au rouleau, ils offrent un long temps ouvert pour l&#039;assemblage manuel de grandes surfaces \u00e9galement, ces temps peuvent \u00eatre plus courts avec des adh\u00e9sifs \u00e0 s\u00e9chage rapide pour des lignes d&#039;assemblage courtes et rapides. Les adh\u00e9sifs PVAc sont disponibles dans diff\u00e9rentes classes de durabilit\u00e9 de D2 \u00e0 D4, selon DIN EN 204\/205. Les formulations sp\u00e9ciales d&#039;Intercol pour le collage \u00e0 plat peuvent \u00eatre adapt\u00e9es pour r\u00e9pondre aux normes de protection incendie et soutenir les propri\u00e9t\u00e9s ignifuges.&nbsp;<\/p>\n\n\n\n<p>Les adh\u00e9sifs PVAC sont \u00e9galement utilis\u00e9s dans de nombreux autres collages du bois tels que la production de panneaux de bois multicouches pour les secteurs du bois et de l&#039;ameublement. Il a notamment une application dans les surfaces planes par placage ou papiers d\u00e9coratifs et la production de bois multicouche et de panneaux courbes.<\/p>","protected":false},"excerpt":{"rendered":"<p>PVAc waterbased adhesives are used for bonding HPL panels in inline high-speed or stack presses but [&hellip;]<\/p>","protected":false},"author":1,"featured_media":0,"parent":0,"menu_order":0,"comment_status":"closed","ping_status":"closed","template":"","meta":{"footnotes":""},"class_list":["post-287","page","type-page","status-publish","hentry"],"yoast_head":"<!-- This site is optimized with the Yoast SEO plugin v17.0 - https:\/\/yoast.com\/wordpress\/plugins\/seo\/ -->\n<title>PVAC GLUE FOR FLAT BONDING - PUR hot melt adhesives<\/title>\n<meta name=\"robots\" content=\"index, follow, max-snippet:-1, max-image-preview:large, max-video-preview:-1\" \/>\n<link rel=\"canonical\" href=\"https:\/\/www.purhotmelt.com\/fr\/pvac-glue-for-flat-bonding\/\" \/>\n<meta property=\"og:locale\" content=\"fr_FR\" \/>\n<meta property=\"og:type\" content=\"article\" \/>\n<meta property=\"og:title\" content=\"PVAC GLUE FOR FLAT BONDING - PUR hot melt adhesives\" \/>\n<meta property=\"og:description\" content=\"PVAc waterbased adhesives are used for bonding HPL panels in inline high-speed or stack presses but [&hellip;]\" \/>\n<meta property=\"og:url\" content=\"https:\/\/www.purhotmelt.com\/fr\/pvac-glue-for-flat-bonding\/\" \/>\n<meta property=\"og:site_name\" content=\"PUR hot melt adhesives\" \/>\n<meta property=\"article:modified_time\" content=\"2021-01-20T22:38:21+00:00\" \/>\n<meta name=\"twitter:card\" content=\"summary_large_image\" \/>\n<meta name=\"twitter:label1\" content=\"Dur\u00e9e de lecture est.\" \/>\n\t<meta name=\"twitter:data1\" content=\"1 minute\" \/>\n<script type=\"application\/ld+json\" class=\"yoast-schema-graph\">{\"@context\":\"https:\/\/schema.org\",\"@graph\":[{\"@type\":\"WebSite\",\"@id\":\"https:\/\/www.purhotmelt.com\/#website\",\"url\":\"https:\/\/www.purhotmelt.com\/\",\"name\":\"PUR hot melt adhesives\",\"description\":\"Intercol: Specialist manufacturer\",\"potentialAction\":[{\"@type\":\"SearchAction\",\"target\":{\"@type\":\"EntryPoint\",\"urlTemplate\":\"https:\/\/www.purhotmelt.com\/?s={search_term_string}\"},\"query-input\":\"required name=search_term_string\"}],\"inLanguage\":\"fr-BE\"},{\"@type\":\"WebPage\",\"@id\":\"https:\/\/www.purhotmelt.com\/fr\/pvac-glue-for-flat-bonding\/#webpage\",\"url\":\"https:\/\/www.purhotmelt.com\/fr\/pvac-glue-for-flat-bonding\/\",\"name\":\"PVAC GLUE FOR FLAT BONDING - PUR hot melt adhesives\",\"isPartOf\":{\"@id\":\"https:\/\/www.purhotmelt.com\/#website\"},\"datePublished\":\"2021-01-20T22:38:20+00:00\",\"dateModified\":\"2021-01-20T22:38:21+00:00\",\"breadcrumb\":{\"@id\":\"https:\/\/www.purhotmelt.com\/fr\/pvac-glue-for-flat-bonding\/#breadcrumb\"},\"inLanguage\":\"fr-BE\",\"potentialAction\":[{\"@type\":\"ReadAction\",\"target\":[\"https:\/\/www.purhotmelt.com\/fr\/pvac-glue-for-flat-bonding\/\"]}]},{\"@type\":\"BreadcrumbList\",\"@id\":\"https:\/\/www.purhotmelt.com\/fr\/pvac-glue-for-flat-bonding\/#breadcrumb\",\"itemListElement\":[{\"@type\":\"ListItem\",\"position\":1,\"name\":\"Home\",\"item\":\"https:\/\/www.purhotmelt.com\/\"},{\"@type\":\"ListItem\",\"position\":2,\"name\":\"PVAC GLUE FOR FLAT BONDING\"}]}]}<\/script>\n<!-- \/ Yoast SEO plugin. -->","yoast_head_json":{"title":"COLLE PVAC POUR COLLAGE \u00c0 PLAT - Adh\u00e9sifs thermofusibles PUR","robots":{"index":"index","follow":"follow","max-snippet":"max-snippet:-1","max-image-preview":"max-image-preview:large","max-video-preview":"max-video-preview:-1"},"canonical":"https:\/\/www.purhotmelt.com\/fr\/pvac-glue-for-flat-bonding\/","og_locale":"fr_FR","og_type":"article","og_title":"PVAC GLUE FOR FLAT BONDING - PUR hot melt adhesives","og_description":"PVAc waterbased adhesives are used for bonding HPL panels in inline high-speed or stack presses but [&hellip;]","og_url":"https:\/\/www.purhotmelt.com\/fr\/pvac-glue-for-flat-bonding\/","og_site_name":"PUR hot melt adhesives","article_modified_time":"2021-01-20T22:38:21+00:00","twitter_card":"summary_large_image","twitter_misc":{"Dur\u00e9e de lecture est.":"1 minute"},"schema":{"@context":"https:\/\/schema.org","@graph":[{"@type":"WebSite","@id":"https:\/\/www.purhotmelt.com\/#website","url":"https:\/\/www.purhotmelt.com\/","name":"Adh\u00e9sifs thermofusibles PUR","description":"Intercol: fabricant sp\u00e9cialis\u00e9","potentialAction":[{"@type":"SearchAction","target":{"@type":"EntryPoint","urlTemplate":"https:\/\/www.purhotmelt.com\/?s={search_term_string}"},"query-input":"required name=search_term_string"}],"inLanguage":"fr-BE"},{"@type":"WebPage","@id":"https:\/\/www.purhotmelt.com\/fr\/pvac-glue-for-flat-bonding\/#webpage","url":"https:\/\/www.purhotmelt.com\/fr\/pvac-glue-for-flat-bonding\/","name":"COLLE PVAC POUR COLLAGE \u00c0 PLAT - Adh\u00e9sifs thermofusibles PUR","isPartOf":{"@id":"https:\/\/www.purhotmelt.com\/#website"},"datePublished":"2021-01-20T22:38:20+00:00","dateModified":"2021-01-20T22:38:21+00:00","breadcrumb":{"@id":"https:\/\/www.purhotmelt.com\/fr\/pvac-glue-for-flat-bonding\/#breadcrumb"},"inLanguage":"fr-BE","potentialAction":[{"@type":"ReadAction","target":["https:\/\/www.purhotmelt.com\/fr\/pvac-glue-for-flat-bonding\/"]}]},{"@type":"BreadcrumbList","@id":"https:\/\/www.purhotmelt.com\/fr\/pvac-glue-for-flat-bonding\/#breadcrumb","itemListElement":[{"@type":"ListItem","position":1,"name":"Home","item":"https:\/\/www.purhotmelt.com\/"},{"@type":"ListItem","position":2,"name":"PVAC GLUE FOR FLAT BONDING"}]}]}},"_links":{"self":[{"href":"https:\/\/www.purhotmelt.com\/fr\/wp-json\/wp\/v2\/pages\/287","targetHints":{"allow":["GET"]}}],"collection":[{"href":"https:\/\/www.purhotmelt.com\/fr\/wp-json\/wp\/v2\/pages"}],"about":[{"href":"https:\/\/www.purhotmelt.com\/fr\/wp-json\/wp\/v2\/types\/page"}],"author":[{"embeddable":true,"href":"https:\/\/www.purhotmelt.com\/fr\/wp-json\/wp\/v2\/users\/1"}],"replies":[{"embeddable":true,"href":"https:\/\/www.purhotmelt.com\/fr\/wp-json\/wp\/v2\/comments?post=287"}],"version-history":[{"count":1,"href":"https:\/\/www.purhotmelt.com\/fr\/wp-json\/wp\/v2\/pages\/287\/revisions"}],"predecessor-version":[{"id":289,"href":"https:\/\/www.purhotmelt.com\/fr\/wp-json\/wp\/v2\/pages\/287\/revisions\/289"}],"wp:attachment":[{"href":"https:\/\/www.purhotmelt.com\/fr\/wp-json\/wp\/v2\/media?parent=287"}],"curies":[{"name":"wp","href":"https:\/\/api.w.org\/{rel}","templated":true}]}}