{"id":290,"date":"2021-01-20T22:39:40","date_gmt":"2021-01-20T22:39:40","guid":{"rendered":"https:\/\/www.purhotmelt.com\/?page_id=290"},"modified":"2021-01-20T22:39:41","modified_gmt":"2021-01-20T22:39:41","slug":"buy-hot-melt-glue-guide","status":"publish","type":"page","link":"https:\/\/www.purhotmelt.com\/fr\/buy-hot-melt-glue-guide\/","title":{"rendered":"ACHETER GUIDE DE COLLE FOND\u00c9E \u00c0 CHAUD"},"content":{"rendered":"<h1 class=\"wp-block-heading\"><\/h1>\n\n\n\n<figure class=\"wp-block-image\"><img decoding=\"async\" src=\"https:\/\/www.purhotmelt.com\/wp-content\/uploads\/2018\/12\/hot-melt-adhesive-EVA-PO-PUR-PSA-1024x558.html\" alt=\"\" class=\"wp-image-374\"\/><\/figure>\n\n\n\n<p>Les professionnels savent que le sentiment d&#039;une application fonctionnant parfaitement, le bon \u00e9quipement, la bonne attitude et les bonnes connaissances donnent les meilleurs r\u00e9sultats et la paix dans la production.<\/p>\n\n\n\n<p>Par cons\u00e9quent, des connaissances techniques sp\u00e9cifiques seront mises en \u00e9vidence lors de l&#039;installation et de la maintenance correctes des \u00e9quipements thermofusibles. Une inspection annuelle par un expert fait ressortir de petits d\u00e9tails qui peuvent \u00eatre corrig\u00e9s et r\u00e9solus en temps opportun, \u00e9vitant ainsi beaucoup de mis\u00e8re.<\/p>\n\n\n\n<p>Pourquoi la maintenance? Parce qu&#039;un bon \u00e9quipement de colle ne fonctionne bien qu&#039;avec les bons r\u00e9glages et s&#039;il peut fonctionner correctement sans obstacles. L&#039;\u00e9quipement de colle est mieux ajust\u00e9 lorsque le reste de la cha\u00eene de production induit. Les syst\u00e8mes de colle sont souvent cach\u00e9s dans la machine et invisibles, par exemple, dans le processus d&#039;emballage. Le pliage et le remplissage retiennent le plus l&#039;attention. Tout comme les bons r\u00e9glages, le bon adh\u00e9sif est un param\u00e8tre tr\u00e8s important. Les buses, modules, flexibles, commandes et minuteries appropri\u00e9s contribuent \u00e0 faire fonctionner le syst\u00e8me de mani\u00e8re optimale. Les machines les plus simples ont un \u00e9quipement de colle tr\u00e8s avanc\u00e9 qui semble tr\u00e8s simple au premier abord.<\/p>\n\n\n\n<p>Nous aimerions vous donner quelques conseils importants \u00e0 prendre en compte, ainsi que des conseils de colle pour vous aider \u00e0 trouver la colle thermofusible parfaite.<\/p>\n\n\n\n<h2 class=\"wp-block-heading\"><strong>LES AVANTAGES D&#039;INVESTIR DANS UN SYST\u00c8ME DE COLLE \u00c0 CHAUD<\/strong><\/h2>\n\n\n\n<p>Par rapport \u00e0 de nombreuses autres techniques de fixation, les pistolets \u00e0 colle thermofusible offrent une alternative relativement abordable. Ce qui rend ces syst\u00e8mes de colle encore plus rentables, c&#039;est qu&#039;avec un bon entretien, les syst\u00e8mes de colle thermofusible dureront longtemps, les pi\u00e8ces d&#039;usure d&#039;un syst\u00e8me de collage sont limit\u00e9es et faciles \u00e0 remplacer. Avec une formation de base sur l&#039;utilisation et la s\u00e9curit\u00e9, les syst\u00e8mes de colle pr\u00e9sentent un risque de s\u00e9curit\u00e9 moindre et sont faciles \u00e0 utiliser.<\/p>\n\n\n\n<p>Peut-\u00eatre que la principale raison d&#039;acheter un syst\u00e8me thermofusible est qu&#039;il existe plus d&#039;applications que vous pouvez fournir avec un syst\u00e8me de colle thermofusible, telles que d&#039;autres techniques d&#039;application telles que les mastics, le rubanage, le clouage, l&#039;agrafage et le vissage.<\/p>\n\n\n\n<h2 class=\"wp-block-heading\"><strong>O EST UTILIS\u00c9 L&#039;\u00c9QUIPEMENT HOT MELT?<\/strong><\/h2>\n\n\n\n<p>Maintenant que les avantages sont clairs, vous devez d\u00e9velopper une bonne compr\u00e9hension de l&#039;endroit o\u00f9 ces syst\u00e8mes sont utilis\u00e9s afin que nous puissions d\u00e9velopper des id\u00e9es.<\/p>\n\n\n\n<p>Les syst\u00e8mes de colle thermofusible sont souvent utilis\u00e9s dans l&#039;industrie alimentaire, pour le conditionnement d&#039;un grand nombre de produits. Aussi bien le conditionnement primaire, comme le poisson surgel\u00e9, un g\u00e2teau croquant ou des bonbons, mais aussi le conditionnement secondaire pour les plats cuisin\u00e9s, les soupes et les \u00e9pices. \u00c0 cela s&#039;ajoute l&#039;emballage tertiaire, comme une bo\u00eete en carton ondul\u00e9 qui est coll\u00e9e, par exemple, dans des machines d&#039;emballage ou des ferme-bo\u00eetes (bo\u00eetes pliantes am\u00e9ricaines).<\/p>\n\n\n\n<p>Les adh\u00e9sifs thermofusibles sont \u00e9galement souvent utilis\u00e9s pour les applications d&#039;assemblage avec mousse (industrie du matelas), \u00e9lectronique, clubs de golf, pi\u00e8ces automobiles. Pour l&#039;industrie des mousses, il s&#039;agit souvent de thermofusibles sp\u00e9cifiques avec un temps ouvert long et une temp\u00e9rature d&#039;application relativement basse.<\/p>\n\n\n\n<p>Votre mat\u00e9riau est-il sensible \u00e0 la chaleur? Avez-vous en t\u00eate des adh\u00e9sifs sp\u00e9cifiques tels qu&#039;un thermofusible PSA auto-adh\u00e9sif, du PUR ou du PLA? Avez-vous une forme de colle particuli\u00e8re en t\u00eate, comme une chenille, un tourbillon ou un rev\u00eatement?<\/p>\n\n\n\n<p>Toutes ces consid\u00e9rations aideront \u00e0 faire le bon choix dans l&#039;\u00e9quipement thermofusible. Nous sommes heureux de vous aider \u00e0 faire le bon choix.<\/p>\n\n\n\n<h2 class=\"wp-block-heading\">B\u00c2TONNETS DE COLLE HOT MELT<\/h2>\n\n\n\n<p>Pour les startups, la recherche et la r\u00e9paration des b\u00e2tons thermofusibles peuvent \u00eatre int\u00e9ressantes, en raison du faible co\u00fbt d&#039;investissement et de la facilit\u00e9 de manipulation. Les b\u00e2tonnets thermofusibles sont disponibles en transparent standard, mais aussi avec un temps ouvert prolong\u00e9 et une liaison am\u00e9lior\u00e9e aux substrats en plastique et autres avec une vitesse de prise plus rapide, permettant un temps de compression r\u00e9duit.<\/p>\n\n\n\n<h2 class=\"wp-block-heading\">PRILLS, PERLES ET TAMBOURS DE FUSION \u00c0 CHAUD EN VRAC<\/h2>\n\n\n\n<p>La plupart des adh\u00e9sifs thermofusibles en vrac dans les prills et les perles sont utilis\u00e9s pour les m\u00e9thodes d&#039;emballage et d&#039;assemblage de produits l\u00e9gers. Celles-ci sont disponibles dans une grande vari\u00e9t\u00e9, allant de la prise tr\u00e8s rapide, du temps de compression de 0,5 seconde dans l&#039;industrie de l&#039;emballage, aux liaisons aux substrats en plastique, de l&#039;application de surg\u00e9lation \u00e0 des liaisons r\u00e9sistantes \u00e0 la chaleur \u00e0 plus de 90 degr\u00e9s Celsius. Des exemples d&#039;applications sont les emballages alimentaires, l&#039;assemblage de ressorts ensach\u00e9s dans les matelas, le collage de mousse, le collage et l&#039;assemblage de mat\u00e9riaux isolants, l&#039;\u00e9tiquetage et la reliure. Les bases de mati\u00e8res premi\u00e8res les plus courantes pour les adh\u00e9sifs thermofusibles sont&nbsp;<a href=\"https:\/\/www.purhotmelt.com\/fr\/www.intercol.info\/adhesives\/hot-melt-en-lijm.html\/\">EVA<\/a>&nbsp;et&nbsp;<a href=\"https:\/\/www.purhotmelt.com\/fr\/www.intercol.info\/adhesives\/hot-melt-en-lijm\/212-polyolefin-hot-melt-adhesives.html\/\">POLYOL\u00c9FINE<\/a>.<\/p>\n\n\n\n<h2 class=\"wp-block-heading\">ADH\u00c9SIFS PSA HOT MELT<\/h2>\n\n\n\n<p>Les adh\u00e9sifs thermofusibles PSA sont des adh\u00e9sifs thermofusibles avec un temps ouvert permanent, l&#039;application la plus courante est de produire des rubans auto-adh\u00e9sifs, ceux-ci sont fabriqu\u00e9s en stratifiant une feuille de plastique avec une couche adh\u00e9sive collante. Les adh\u00e9sifs thermofusibles PSA sont \u00e9galement utilis\u00e9s pour diverses autres applications dans l&#039;assemblage de produits, telles que les \u00e9lectrom\u00e9nagers et les pi\u00e8ces automobiles. Outre les rubans auto-adh\u00e9sifs, des \u00e9tiquettes auto-adh\u00e9sives sont souvent fabriqu\u00e9es avec des adh\u00e9sifs thermofusibles. Les adh\u00e9sifs thermofusibles offrent une valeur d&#039;adh\u00e9rence initiale \u00e9lev\u00e9e par rapport aux rev\u00eatements acryliques \u00e0 base d&#039;eau. Des valeurs d&#039;adh\u00e9rence \u00e9lev\u00e9es sont importantes, par exemple pour les applications d&#039;\u00e9tiquetage auto-adh\u00e9sif \u00e0 grande vitesse.<\/p>\n\n\n\n<h2 class=\"wp-block-heading\">ADH\u00c9SIFS PUR \u00c0 CHAUD<\/h2>\n\n\n\n<p>Les adh\u00e9sifs thermofusibles polyur\u00e9thane sont une combinaison d&#039;adh\u00e9sifs polyur\u00e9thane, avec des caract\u00e9ristiques thermofusibles. Les adh\u00e9sifs thermofusibles polyur\u00e9thane sont solides \u00e0 temp\u00e9rature ambiante, mais durcissent lorsqu&#039;ils entrent en contact avec l&#039;humidit\u00e9 de l&#039;air. Par cons\u00e9quent, PUR Hotmelts sera emball\u00e9 dans un emballage herm\u00e9tique sans humidit\u00e9. Dans des conditions standard, le PUR thermofusible commencera \u00e0 durcir directement et finira de durcir apr\u00e8s 24 \u00e0 36 heures. Les thermofusibles PUR doivent \u00eatre appliqu\u00e9s avec un \u00e9quipement sp\u00e9cial thermofusible. Les hotmelts PUR donneront souvent une liaison plus forte, plus durable et durable, ce qui est g\u00e9n\u00e9ralement n\u00e9cessaire dans certaines applications automobiles, mais principalement \u00e0 des fins de construction, telles que la construction int\u00e9rieure, le laminage de panneaux et les buts d\u00e9coratifs.<\/p>","protected":false},"excerpt":{"rendered":"<p>Professionals know that feeling of a perfectly running application, the right equipment, attitude and knowledge give [&hellip;]<\/p>","protected":false},"author":1,"featured_media":0,"parent":0,"menu_order":0,"comment_status":"closed","ping_status":"closed","template":"","meta":{"footnotes":""},"class_list":["post-290","page","type-page","status-publish","hentry"],"yoast_head":"<!-- This site is optimized with the Yoast SEO plugin v17.0 - https:\/\/yoast.com\/wordpress\/plugins\/seo\/ -->\n<title>BUY HOT MELT GLUE GUIDE - PUR hot melt adhesives<\/title>\n<meta name=\"robots\" content=\"index, follow, max-snippet:-1, max-image-preview:large, max-video-preview:-1\" \/>\n<link rel=\"canonical\" href=\"https:\/\/www.purhotmelt.com\/fr\/buy-hot-melt-glue-guide\/\" \/>\n<meta property=\"og:locale\" content=\"fr_FR\" \/>\n<meta property=\"og:type\" content=\"article\" \/>\n<meta property=\"og:title\" content=\"BUY HOT MELT GLUE GUIDE - PUR hot melt adhesives\" \/>\n<meta property=\"og:description\" content=\"Professionals know that feeling of a perfectly running application, the right equipment, attitude and knowledge give [&hellip;]\" \/>\n<meta property=\"og:url\" content=\"https:\/\/www.purhotmelt.com\/fr\/buy-hot-melt-glue-guide\/\" \/>\n<meta property=\"og:site_name\" content=\"PUR hot melt adhesives\" \/>\n<meta property=\"article:modified_time\" content=\"2021-01-20T22:39:41+00:00\" \/>\n<meta property=\"og:image\" content=\"https:\/\/www.purhotmelt.com\/wp-content\/uploads\/2018\/12\/hot-melt-adhesive-EVA-PO-PUR-PSA-1024x558.html\" \/>\n<meta name=\"twitter:card\" content=\"summary_large_image\" \/>\n<meta name=\"twitter:label1\" content=\"Dur\u00e9e de lecture est.\" \/>\n\t<meta name=\"twitter:data1\" content=\"5 minutes\" \/>\n<script type=\"application\/ld+json\" class=\"yoast-schema-graph\">{\"@context\":\"https:\/\/schema.org\",\"@graph\":[{\"@type\":\"WebSite\",\"@id\":\"https:\/\/www.purhotmelt.com\/#website\",\"url\":\"https:\/\/www.purhotmelt.com\/\",\"name\":\"PUR hot melt adhesives\",\"description\":\"Intercol: Specialist manufacturer\",\"potentialAction\":[{\"@type\":\"SearchAction\",\"target\":{\"@type\":\"EntryPoint\",\"urlTemplate\":\"https:\/\/www.purhotmelt.com\/?s={search_term_string}\"},\"query-input\":\"required name=search_term_string\"}],\"inLanguage\":\"fr-BE\"},{\"@type\":\"ImageObject\",\"@id\":\"https:\/\/www.purhotmelt.com\/buy-hot-melt-glue-guide\/#primaryimage\",\"inLanguage\":\"fr-BE\",\"url\":\"https:\/\/www.purhotmelt.com\/wp-content\/uploads\/2018\/12\/hot-melt-adhesive-EVA-PO-PUR-PSA-1024x558.html\",\"contentUrl\":\"https:\/\/www.purhotmelt.com\/wp-content\/uploads\/2018\/12\/hot-melt-adhesive-EVA-PO-PUR-PSA-1024x558.html\"},{\"@type\":\"WebPage\",\"@id\":\"https:\/\/www.purhotmelt.com\/buy-hot-melt-glue-guide\/#webpage\",\"url\":\"https:\/\/www.purhotmelt.com\/buy-hot-melt-glue-guide\/\",\"name\":\"BUY HOT MELT GLUE GUIDE - PUR hot melt adhesives\",\"isPartOf\":{\"@id\":\"https:\/\/www.purhotmelt.com\/#website\"},\"primaryImageOfPage\":{\"@id\":\"https:\/\/www.purhotmelt.com\/buy-hot-melt-glue-guide\/#primaryimage\"},\"datePublished\":\"2021-01-20T22:39:40+00:00\",\"dateModified\":\"2021-01-20T22:39:41+00:00\",\"breadcrumb\":{\"@id\":\"https:\/\/www.purhotmelt.com\/buy-hot-melt-glue-guide\/#breadcrumb\"},\"inLanguage\":\"fr-BE\",\"potentialAction\":[{\"@type\":\"ReadAction\",\"target\":[\"https:\/\/www.purhotmelt.com\/buy-hot-melt-glue-guide\/\"]}]},{\"@type\":\"BreadcrumbList\",\"@id\":\"https:\/\/www.purhotmelt.com\/buy-hot-melt-glue-guide\/#breadcrumb\",\"itemListElement\":[{\"@type\":\"ListItem\",\"position\":1,\"name\":\"Home\",\"item\":\"https:\/\/www.purhotmelt.com\/\"},{\"@type\":\"ListItem\",\"position\":2,\"name\":\"BUY HOT MELT GLUE GUIDE\"}]}]}<\/script>\n<!-- \/ Yoast SEO plugin. -->","yoast_head_json":{"title":"ACHETER GUIDE COLLE HOT MELT - Adh\u00e9sifs thermofusibles PUR","robots":{"index":"index","follow":"follow","max-snippet":"max-snippet:-1","max-image-preview":"max-image-preview:large","max-video-preview":"max-video-preview:-1"},"canonical":"https:\/\/www.purhotmelt.com\/fr\/buy-hot-melt-glue-guide\/","og_locale":"fr_FR","og_type":"article","og_title":"BUY HOT MELT GLUE GUIDE - PUR hot melt adhesives","og_description":"Professionals know that feeling of a perfectly running application, the right equipment, attitude and knowledge give [&hellip;]","og_url":"https:\/\/www.purhotmelt.com\/fr\/buy-hot-melt-glue-guide\/","og_site_name":"PUR hot melt adhesives","article_modified_time":"2021-01-20T22:39:41+00:00","og_image":[{"url":"https:\/\/www.purhotmelt.com\/wp-content\/uploads\/2018\/12\/hot-melt-adhesive-EVA-PO-PUR-PSA-1024x558.html"}],"twitter_card":"summary_large_image","twitter_misc":{"Dur\u00e9e de lecture est.":"5 minutes"},"schema":{"@context":"https:\/\/schema.org","@graph":[{"@type":"WebSite","@id":"https:\/\/www.purhotmelt.com\/#website","url":"https:\/\/www.purhotmelt.com\/","name":"Adh\u00e9sifs thermofusibles PUR","description":"Intercol: fabricant sp\u00e9cialis\u00e9","potentialAction":[{"@type":"SearchAction","target":{"@type":"EntryPoint","urlTemplate":"https:\/\/www.purhotmelt.com\/?s={search_term_string}"},"query-input":"required name=search_term_string"}],"inLanguage":"fr-BE"},{"@type":"ImageObject","@id":"https:\/\/www.purhotmelt.com\/buy-hot-melt-glue-guide\/#primaryimage","inLanguage":"fr-BE","url":"https:\/\/www.purhotmelt.com\/wp-content\/uploads\/2018\/12\/hot-melt-adhesive-EVA-PO-PUR-PSA-1024x558.html","contentUrl":"https:\/\/www.purhotmelt.com\/wp-content\/uploads\/2018\/12\/hot-melt-adhesive-EVA-PO-PUR-PSA-1024x558.html"},{"@type":"WebPage","@id":"https:\/\/www.purhotmelt.com\/buy-hot-melt-glue-guide\/#webpage","url":"https:\/\/www.purhotmelt.com\/buy-hot-melt-glue-guide\/","name":"ACHETER GUIDE COLLE HOT MELT - Adh\u00e9sifs thermofusibles PUR","isPartOf":{"@id":"https:\/\/www.purhotmelt.com\/#website"},"primaryImageOfPage":{"@id":"https:\/\/www.purhotmelt.com\/buy-hot-melt-glue-guide\/#primaryimage"},"datePublished":"2021-01-20T22:39:40+00:00","dateModified":"2021-01-20T22:39:41+00:00","breadcrumb":{"@id":"https:\/\/www.purhotmelt.com\/buy-hot-melt-glue-guide\/#breadcrumb"},"inLanguage":"fr-BE","potentialAction":[{"@type":"ReadAction","target":["https:\/\/www.purhotmelt.com\/buy-hot-melt-glue-guide\/"]}]},{"@type":"BreadcrumbList","@id":"https:\/\/www.purhotmelt.com\/buy-hot-melt-glue-guide\/#breadcrumb","itemListElement":[{"@type":"ListItem","position":1,"name":"Home","item":"https:\/\/www.purhotmelt.com\/"},{"@type":"ListItem","position":2,"name":"BUY HOT MELT GLUE GUIDE"}]}]}},"_links":{"self":[{"href":"https:\/\/www.purhotmelt.com\/fr\/wp-json\/wp\/v2\/pages\/290","targetHints":{"allow":["GET"]}}],"collection":[{"href":"https:\/\/www.purhotmelt.com\/fr\/wp-json\/wp\/v2\/pages"}],"about":[{"href":"https:\/\/www.purhotmelt.com\/fr\/wp-json\/wp\/v2\/types\/page"}],"author":[{"embeddable":true,"href":"https:\/\/www.purhotmelt.com\/fr\/wp-json\/wp\/v2\/users\/1"}],"replies":[{"embeddable":true,"href":"https:\/\/www.purhotmelt.com\/fr\/wp-json\/wp\/v2\/comments?post=290"}],"version-history":[{"count":1,"href":"https:\/\/www.purhotmelt.com\/fr\/wp-json\/wp\/v2\/pages\/290\/revisions"}],"predecessor-version":[{"id":292,"href":"https:\/\/www.purhotmelt.com\/fr\/wp-json\/wp\/v2\/pages\/290\/revisions\/292"}],"wp:attachment":[{"href":"https:\/\/www.purhotmelt.com\/fr\/wp-json\/wp\/v2\/media?parent=290"}],"curies":[{"name":"wp","href":"https:\/\/api.w.org\/{rel}","templated":true}]}}