{"id":293,"date":"2021-01-20T22:41:34","date_gmt":"2021-01-20T22:41:34","guid":{"rendered":"https:\/\/www.purhotmelt.com\/?page_id=293"},"modified":"2021-01-20T22:41:35","modified_gmt":"2021-01-20T22:41:35","slug":"new-hot-melt-adhesives-that-stick","status":"publish","type":"page","link":"https:\/\/www.purhotmelt.com\/fr\/new-hot-melt-adhesives-that-stick\/","title":{"rendered":"NOUVEAUX ADH\u00c9SIFS FONDUS \u00c0 CHAUD ADH\u00c9SIFS"},"content":{"rendered":"<h1 class=\"wp-block-heading\"><\/h1>\n\n\n\n<p>Intercol a \u00e9t\u00e9 actif dans le d\u00e9veloppement de plusieurs march\u00e9s strat\u00e9giquement choisis cette ann\u00e9e, gagnant des parts de march\u00e9 suppl\u00e9mentaires dans les secteurs de l&#039;emballage, de l&#039;automobile, de l&#039;industrie graphique, du bois, de la construction et du textile gr\u00e2ce aux adh\u00e9sifs fiables qu&#039;il fabrique.<\/p>\n\n\n\n<p>En garantissant ses performances stables dans les ann\u00e9es \u00e0 venir, nos adh\u00e9sifs de haute qualit\u00e9 sont d\u00e9velopp\u00e9s au moyen d&#039;une vision verticale du march\u00e9. \u00ab Ce sont des march\u00e9s que nous avons identifi\u00e9s comme \u00e9tant historiquement forts ou ayant une offre de produits unique. Les emballages, les filtres, l&#039;assemblage des produits, les colles thermofusibles en polyur\u00e9thane et l&#039;\u00e9tiquetage \u00e0 base d&#039;eau en sont des exemples \u00bb.<\/p>\n\n\n\n<p>Chaque ann\u00e9e en mars, nous organisons un programme de formation client \u00e0 Ede aux Pays-Bas, destin\u00e9 \u00e0 diff\u00e9rentes industries, qui aide \u00e0 comprendre des deux c\u00f4t\u00e9s, client et fournisseur, les diff\u00e9rents besoins de ces march\u00e9s. Ces formations, cibl\u00e9es sur l&#039;emballage, la transformation, le carton ondul\u00e9, l&#039;\u00e9tiquetage, la reliure et les colles thermofusibles polyur\u00e9thanes ont toujours \u00e9t\u00e9 bien accueillies par le march\u00e9 et portent leurs fruits. Les domaines de croissance les plus importants en 2018 ont \u00e9t\u00e9 les filtres, les doublures ondul\u00e9es, les autocollants (adh\u00e9sifs psa pour rubans et \u00e9tiquettes), les plieuses-colleuses, la construction, le bois, l&#039;assemblage de produits, les adh\u00e9sifs thermofusibles PUR et le segment total de l&#039;emballage.<\/p>\n\n\n\n<p>Depuis 2016, Intercol a la possibilit\u00e9 de fournir des adh\u00e9sifs thermofusibles avec le niveau d&#039;hygi\u00e8ne \u00e9lev\u00e9 du British Retail Consortium (BRC) selon la norme mondiale pour l&#039;emballage et les mat\u00e9riaux d&#039;emballage pour la fabrication d&#039;adh\u00e9sifs thermofusibles pour les applications d&#039;emballage alimentaire et non alimentaire. Avec notre gamme d&#039;adh\u00e9sifs SML \u00e0 base d&#039;eau sans danger pour les aliments, cette reconnaissance s&#039;est av\u00e9r\u00e9e \u00eatre un v\u00e9ritable diff\u00e9renciateur sur le march\u00e9 des adh\u00e9sifs Intercol.<\/p>\n\n\n\n<p>L&#039;assurance des r\u00e9f\u00e9rences de qualit\u00e9 d&#039;Intercol ouvre vraiment des portes, la s\u00e9curit\u00e9 alimentaire, la tra\u00e7abilit\u00e9 et la gouvernance d&#039;entreprise diff\u00e9rencient Intercol en tant que fabricant et fournisseur.<\/p>\n\n\n\n<p>En r\u00e9ponse \u00e0 certains d\u00e9veloppements importants de mati\u00e8res premi\u00e8res, Intercol a d\u00e9velopp\u00e9 cette ann\u00e9e plusieurs nouvelles gammes de produits. Comme les nouveaux grades de polyol\u00e9fines o\u00f9 l&#039;utilisation de PUR hotmelt par exemple est moindre, ou une gamme tr\u00e8s comp\u00e9titive d&#039;adh\u00e9sifs polyol\u00e9fines, et une gamme d&#039;adh\u00e9sifs pour inliners ondul\u00e9s et plieuses-colleuses, qui pr\u00e9sentent de tr\u00e8s bonnes caract\u00e9ristiques de fonctionnement et un prix comp\u00e9titif. Le r\u00e9sultat global est une forte augmentation des ventes avec la nouvelle gamme de colles, qui est d\u00e9sormais unique sur le march\u00e9.<\/p>\n\n\n\n<p>Certaines de ces nouvelles colles peuvent \u00eatre utilis\u00e9es l\u00e0 o\u00f9 vous utiliseriez normalement d&#039;autres technologies adh\u00e9sives sur un adh\u00e9sif thermofusible. Les thermofusibles en polyur\u00e9thane, par exemple, sont utilis\u00e9s pour relier des livres tr\u00e8s glac\u00e9s ou certaines applications de menuiserie. L&#039;am\u00e9lioration peut \u00eatre faite sur les co\u00fbts et l&#039;impact environnemental. Pour certaines applications, nous proposons des alternatives pour nous \u00e9loigner des hotmelts PUR et passer \u00e0 des options plus respectueuses de l&#039;environnement \u00bb, affirme-t-il.<\/p>\n\n\n\n<p>Pour am\u00e9liorer la durabilit\u00e9 et r\u00e9duire les d\u00e9chets d&#039;emballages qui sont l&#039;un des principaux sujets d&#039;actualit\u00e9 des consommateurs, les fabricants d\u00e9terminent leur approche de production. Il existe encore une forte demande d&#039;adh\u00e9sifs enti\u00e8rement biod\u00e9gradables, qui sont disponibles pour certaines qualit\u00e9s \u00e0 base d&#039;eau, mais pour la technologie thermofusible, un tel produit n&#039;a pas encore \u00e9t\u00e9 enti\u00e8rement d\u00e9velopp\u00e9. Mais malgr\u00e9 tout, bien que nos adh\u00e9sifs ne puissent pas r\u00e9pondre 100% \u00e0 ces exigences, nous pouvons travailler vers une offre de produits plus verte :<\/p>\n\n\n\n<ul class=\"wp-block-list\"><li>L&#039;utilisation d&#039;adh\u00e9sifs pour s\u00e9curiser les charges de palettes peut \u00e9liminer le besoin d&#039;emballage de palettes en plastique.<\/li><li>Utilisation d&#039;adh\u00e9sifs thermofusibles au lieu d&#039;adh\u00e9sifs thermofusibles en polyur\u00e9thane<\/li><li>Utilisation d&#039;adh\u00e9sifs \u00e0 base d&#039;eau ou thermofusibles au lieu d&#039;adh\u00e9sifs \u00e0 base de solvant.<\/li><li>Utilisation d&#039;adh\u00e9sifs biosourc\u00e9s et biod\u00e9gradables 100%<\/li><li>R\u00e9duire les d\u00e9chets en optimisant le processus de collage<\/li><li>R\u00e9duire la consommation d&#039;adh\u00e9sif<\/li><\/ul>\n\n\n\n<p>Intercol est un fabricant d&#039;adh\u00e9sifs avec une forte pr\u00e9sence en Europe, il existe de nouvelles lignes de production d&#039;adh\u00e9sifs install\u00e9es pour les adh\u00e9sifs de faible \u00e0 moyenne viscosit\u00e9 principalement pour servir le march\u00e9 de l&#039;emballage.&nbsp;<\/p>\n\n\n\n<p>En 2018, Intercol a d\u00e9velopp\u00e9 sa gamme de produits d&#039;adh\u00e9sifs thermofusibles qui ne se carbonisent pas dans le r\u00e9servoir thermofusible, fonctionnent proprement et peuvent \u00eatre utilis\u00e9s dans une large gamme de vitesses de production. Bas\u00e9es sur la derni\u00e8re technologie Polyol\u00e9fine, ces colles offrent aux utilisateurs un co\u00fbt de possession inf\u00e9rieur pour leurs produits d&#039;emballage et une am\u00e9lioration de la qualit\u00e9.<\/p>","protected":false},"excerpt":{"rendered":"<p>Intercol has been active in developing several strategically-chosen markets this year, gaining extra market share&nbsp; in [&hellip;]<\/p>","protected":false},"author":1,"featured_media":0,"parent":0,"menu_order":0,"comment_status":"closed","ping_status":"closed","template":"","meta":{"footnotes":""},"class_list":["post-293","page","type-page","status-publish","hentry"],"yoast_head":"<!-- This site is optimized with the Yoast SEO plugin v17.0 - https:\/\/yoast.com\/wordpress\/plugins\/seo\/ -->\n<title>NEW HOT MELT ADHESIVES THAT STICK - PUR hot melt adhesives<\/title>\n<meta name=\"robots\" content=\"index, follow, max-snippet:-1, max-image-preview:large, max-video-preview:-1\" \/>\n<link rel=\"canonical\" href=\"https:\/\/www.purhotmelt.com\/fr\/new-hot-melt-adhesives-that-stick\/\" \/>\n<meta property=\"og:locale\" content=\"fr_FR\" \/>\n<meta property=\"og:type\" content=\"article\" \/>\n<meta property=\"og:title\" content=\"NEW HOT MELT ADHESIVES THAT STICK - PUR hot melt adhesives\" \/>\n<meta property=\"og:description\" content=\"Intercol has been active in developing several strategically-chosen markets this year, gaining extra market share&nbsp; in [&hellip;]\" \/>\n<meta property=\"og:url\" content=\"https:\/\/www.purhotmelt.com\/fr\/new-hot-melt-adhesives-that-stick\/\" \/>\n<meta property=\"og:site_name\" content=\"PUR hot melt adhesives\" \/>\n<meta property=\"article:modified_time\" content=\"2021-01-20T22:41:35+00:00\" \/>\n<meta name=\"twitter:card\" content=\"summary_large_image\" \/>\n<meta name=\"twitter:label1\" content=\"Dur\u00e9e de lecture est.\" \/>\n\t<meta name=\"twitter:data1\" content=\"3 minutes\" \/>\n<script type=\"application\/ld+json\" class=\"yoast-schema-graph\">{\"@context\":\"https:\/\/schema.org\",\"@graph\":[{\"@type\":\"WebSite\",\"@id\":\"https:\/\/www.purhotmelt.com\/#website\",\"url\":\"https:\/\/www.purhotmelt.com\/\",\"name\":\"PUR hot melt adhesives\",\"description\":\"Intercol: Specialist manufacturer\",\"potentialAction\":[{\"@type\":\"SearchAction\",\"target\":{\"@type\":\"EntryPoint\",\"urlTemplate\":\"https:\/\/www.purhotmelt.com\/?s={search_term_string}\"},\"query-input\":\"required name=search_term_string\"}],\"inLanguage\":\"fr-BE\"},{\"@type\":\"WebPage\",\"@id\":\"https:\/\/www.purhotmelt.com\/new-hot-melt-adhesives-that-stick\/#webpage\",\"url\":\"https:\/\/www.purhotmelt.com\/new-hot-melt-adhesives-that-stick\/\",\"name\":\"NEW HOT MELT ADHESIVES THAT STICK - PUR hot melt adhesives\",\"isPartOf\":{\"@id\":\"https:\/\/www.purhotmelt.com\/#website\"},\"datePublished\":\"2021-01-20T22:41:34+00:00\",\"dateModified\":\"2021-01-20T22:41:35+00:00\",\"breadcrumb\":{\"@id\":\"https:\/\/www.purhotmelt.com\/new-hot-melt-adhesives-that-stick\/#breadcrumb\"},\"inLanguage\":\"fr-BE\",\"potentialAction\":[{\"@type\":\"ReadAction\",\"target\":[\"https:\/\/www.purhotmelt.com\/new-hot-melt-adhesives-that-stick\/\"]}]},{\"@type\":\"BreadcrumbList\",\"@id\":\"https:\/\/www.purhotmelt.com\/new-hot-melt-adhesives-that-stick\/#breadcrumb\",\"itemListElement\":[{\"@type\":\"ListItem\",\"position\":1,\"name\":\"Home\",\"item\":\"https:\/\/www.purhotmelt.com\/\"},{\"@type\":\"ListItem\",\"position\":2,\"name\":\"NEW HOT MELT ADHESIVES THAT STICK\"}]}]}<\/script>\n<!-- \/ Yoast SEO plugin. -->","yoast_head_json":{"title":"NOUVEAUX ADH\u00c9SIFS HOT MELT QUI COLLENT - Adh\u00e9sifs thermofusibles PUR","robots":{"index":"index","follow":"follow","max-snippet":"max-snippet:-1","max-image-preview":"max-image-preview:large","max-video-preview":"max-video-preview:-1"},"canonical":"https:\/\/www.purhotmelt.com\/fr\/new-hot-melt-adhesives-that-stick\/","og_locale":"fr_FR","og_type":"article","og_title":"NEW HOT MELT ADHESIVES THAT STICK - PUR hot melt adhesives","og_description":"Intercol has been active in developing several strategically-chosen markets this year, gaining extra market share&nbsp; in [&hellip;]","og_url":"https:\/\/www.purhotmelt.com\/fr\/new-hot-melt-adhesives-that-stick\/","og_site_name":"PUR hot melt adhesives","article_modified_time":"2021-01-20T22:41:35+00:00","twitter_card":"summary_large_image","twitter_misc":{"Dur\u00e9e de lecture est.":"3 minutes"},"schema":{"@context":"https:\/\/schema.org","@graph":[{"@type":"WebSite","@id":"https:\/\/www.purhotmelt.com\/#website","url":"https:\/\/www.purhotmelt.com\/","name":"Adh\u00e9sifs thermofusibles PUR","description":"Intercol: fabricant sp\u00e9cialis\u00e9","potentialAction":[{"@type":"SearchAction","target":{"@type":"EntryPoint","urlTemplate":"https:\/\/www.purhotmelt.com\/?s={search_term_string}"},"query-input":"required name=search_term_string"}],"inLanguage":"fr-BE"},{"@type":"WebPage","@id":"https:\/\/www.purhotmelt.com\/new-hot-melt-adhesives-that-stick\/#webpage","url":"https:\/\/www.purhotmelt.com\/new-hot-melt-adhesives-that-stick\/","name":"NOUVEAUX ADH\u00c9SIFS HOT MELT QUI COLLENT - Adh\u00e9sifs thermofusibles PUR","isPartOf":{"@id":"https:\/\/www.purhotmelt.com\/#website"},"datePublished":"2021-01-20T22:41:34+00:00","dateModified":"2021-01-20T22:41:35+00:00","breadcrumb":{"@id":"https:\/\/www.purhotmelt.com\/new-hot-melt-adhesives-that-stick\/#breadcrumb"},"inLanguage":"fr-BE","potentialAction":[{"@type":"ReadAction","target":["https:\/\/www.purhotmelt.com\/new-hot-melt-adhesives-that-stick\/"]}]},{"@type":"BreadcrumbList","@id":"https:\/\/www.purhotmelt.com\/new-hot-melt-adhesives-that-stick\/#breadcrumb","itemListElement":[{"@type":"ListItem","position":1,"name":"Home","item":"https:\/\/www.purhotmelt.com\/"},{"@type":"ListItem","position":2,"name":"NEW HOT MELT ADHESIVES THAT STICK"}]}]}},"_links":{"self":[{"href":"https:\/\/www.purhotmelt.com\/fr\/wp-json\/wp\/v2\/pages\/293","targetHints":{"allow":["GET"]}}],"collection":[{"href":"https:\/\/www.purhotmelt.com\/fr\/wp-json\/wp\/v2\/pages"}],"about":[{"href":"https:\/\/www.purhotmelt.com\/fr\/wp-json\/wp\/v2\/types\/page"}],"author":[{"embeddable":true,"href":"https:\/\/www.purhotmelt.com\/fr\/wp-json\/wp\/v2\/users\/1"}],"replies":[{"embeddable":true,"href":"https:\/\/www.purhotmelt.com\/fr\/wp-json\/wp\/v2\/comments?post=293"}],"version-history":[{"count":1,"href":"https:\/\/www.purhotmelt.com\/fr\/wp-json\/wp\/v2\/pages\/293\/revisions"}],"predecessor-version":[{"id":295,"href":"https:\/\/www.purhotmelt.com\/fr\/wp-json\/wp\/v2\/pages\/293\/revisions\/295"}],"wp:attachment":[{"href":"https:\/\/www.purhotmelt.com\/fr\/wp-json\/wp\/v2\/media?parent=293"}],"curies":[{"name":"wp","href":"https:\/\/api.w.org\/{rel}","templated":true}]}}