{"id":296,"date":"2021-01-20T22:42:49","date_gmt":"2021-01-20T22:42:49","guid":{"rendered":"https:\/\/www.purhotmelt.com\/?page_id=296"},"modified":"2021-01-20T22:42:50","modified_gmt":"2021-01-20T22:42:50","slug":"door-manufacture-polyurethane-hotmelt-adhesives","status":"publish","type":"page","link":"https:\/\/www.purhotmelt.com\/fr\/door-manufacture-polyurethane-hotmelt-adhesives\/","title":{"rendered":"FABRICATION DE PORTES ADH\u00c9SIFS POLYUR\u00c9THANE HOTMELT"},"content":{"rendered":"<h1 class=\"wp-block-heading\"><\/h1>\n\n\n\n<p>Intercol propose des adh\u00e9sifs qui augmentent l&#039;efficacit\u00e9 et r\u00e9pondent aux plus hautes exigences de qualit\u00e9 pour la fabrication de portes. Nos adh\u00e9sifs \u00e0 dispersion, polyur\u00e9thane et thermofusibles sont sans formald\u00e9hyde.<\/p>\n\n\n\n<p>Les adh\u00e9sifs \u00e0 dispersion PVAc d&#039;Intercol sont utilis\u00e9s dans tous les processus de fabrication en continu modernes. Test\u00e9s et approuv\u00e9s par notre laboratoire pour coller du papier d\u00e9cor ou des feuilles thermoplastiques sur les substrats les plus s\u00e9v\u00e8res (m\u00e9tal, bois, plastiques) dans les lignes de laminage \u00e0 cadence rapide, les adh\u00e9sifs pour feuilles d&#039;Intercol offrent une adh\u00e9rence sup\u00e9rieure sur les plastiques, le m\u00e9tal et le bois.<\/p>\n\n\n\n<p>L&#039;efficacit\u00e9 est d&#039;une grande importance lors de la fabrication en s\u00e9rie de panneaux de porte. Les adh\u00e9sifs thermofusibles d&#039;Intercol (polyur\u00e9thane) r\u00e9duisent les temps de pressage. Produire avec des EVA conventionnels, des colles thermofusibles PU ou des colles thermofusibles (PO) polyol\u00e9fines offrent tous leurs avantages sp\u00e9cifiques.<\/p>","protected":false},"excerpt":{"rendered":"<p>Intercol offers adhesives that increase efficiency and meets the highest requirements on quality for door manufacturing. [&hellip;]<\/p>","protected":false},"author":1,"featured_media":0,"parent":0,"menu_order":0,"comment_status":"closed","ping_status":"closed","template":"","meta":{"footnotes":""},"class_list":["post-296","page","type-page","status-publish","hentry"],"yoast_head":"<!-- This site is optimized with the Yoast SEO plugin v17.0 - https:\/\/yoast.com\/wordpress\/plugins\/seo\/ -->\n<title>DOOR MANUFACTURE POLYURETHANE HOTMELT ADHESIVES - PUR hot melt adhesives<\/title>\n<meta name=\"robots\" content=\"index, follow, max-snippet:-1, max-image-preview:large, max-video-preview:-1\" \/>\n<link rel=\"canonical\" href=\"https:\/\/www.purhotmelt.com\/fr\/door-manufacture-polyurethane-hotmelt-adhesives\/\" \/>\n<meta property=\"og:locale\" content=\"fr_FR\" \/>\n<meta property=\"og:type\" content=\"article\" \/>\n<meta property=\"og:title\" content=\"DOOR MANUFACTURE POLYURETHANE HOTMELT ADHESIVES - PUR hot melt adhesives\" \/>\n<meta property=\"og:description\" content=\"Intercol offers adhesives that increase efficiency and meets the highest requirements on quality for door manufacturing. [&hellip;]\" \/>\n<meta property=\"og:url\" content=\"https:\/\/www.purhotmelt.com\/fr\/door-manufacture-polyurethane-hotmelt-adhesives\/\" \/>\n<meta property=\"og:site_name\" content=\"PUR hot melt adhesives\" \/>\n<meta property=\"article:modified_time\" content=\"2021-01-20T22:42:50+00:00\" \/>\n<meta name=\"twitter:card\" content=\"summary_large_image\" \/>\n<meta name=\"twitter:label1\" content=\"Dur\u00e9e de lecture est.\" \/>\n\t<meta name=\"twitter:data1\" content=\"1 minute\" \/>\n<script type=\"application\/ld+json\" class=\"yoast-schema-graph\">{\"@context\":\"https:\/\/schema.org\",\"@graph\":[{\"@type\":\"WebSite\",\"@id\":\"https:\/\/www.purhotmelt.com\/#website\",\"url\":\"https:\/\/www.purhotmelt.com\/\",\"name\":\"PUR hot melt adhesives\",\"description\":\"Intercol: Specialist manufacturer\",\"potentialAction\":[{\"@type\":\"SearchAction\",\"target\":{\"@type\":\"EntryPoint\",\"urlTemplate\":\"https:\/\/www.purhotmelt.com\/?s={search_term_string}\"},\"query-input\":\"required name=search_term_string\"}],\"inLanguage\":\"fr-BE\"},{\"@type\":\"WebPage\",\"@id\":\"https:\/\/www.purhotmelt.com\/nb\/door-manufacture-polyurethane-hotmelt-adhesives\/#webpage\",\"url\":\"https:\/\/www.purhotmelt.com\/nb\/door-manufacture-polyurethane-hotmelt-adhesives\/\",\"name\":\"DOOR MANUFACTURE POLYURETHANE HOTMELT ADHESIVES - PUR hot melt adhesives\",\"isPartOf\":{\"@id\":\"https:\/\/www.purhotmelt.com\/#website\"},\"datePublished\":\"2021-01-20T22:42:49+00:00\",\"dateModified\":\"2021-01-20T22:42:50+00:00\",\"breadcrumb\":{\"@id\":\"https:\/\/www.purhotmelt.com\/nb\/door-manufacture-polyurethane-hotmelt-adhesives\/#breadcrumb\"},\"inLanguage\":\"fr-BE\",\"potentialAction\":[{\"@type\":\"ReadAction\",\"target\":[\"https:\/\/www.purhotmelt.com\/nb\/door-manufacture-polyurethane-hotmelt-adhesives\/\"]}]},{\"@type\":\"BreadcrumbList\",\"@id\":\"https:\/\/www.purhotmelt.com\/nb\/door-manufacture-polyurethane-hotmelt-adhesives\/#breadcrumb\",\"itemListElement\":[{\"@type\":\"ListItem\",\"position\":1,\"name\":\"Home\",\"item\":\"https:\/\/www.purhotmelt.com\/\"},{\"@type\":\"ListItem\",\"position\":2,\"name\":\"DOOR MANUFACTURE POLYURETHANE HOTMELT ADHESIVES\"}]}]}<\/script>\n<!-- \/ Yoast SEO plugin. -->","yoast_head_json":{"title":"ADH\u00c9SIFS HOTMELT POLYUR\u00c9THANE DE FABRICATION DE PORTES - Adh\u00e9sifs thermofusibles PUR","robots":{"index":"index","follow":"follow","max-snippet":"max-snippet:-1","max-image-preview":"max-image-preview:large","max-video-preview":"max-video-preview:-1"},"canonical":"https:\/\/www.purhotmelt.com\/fr\/door-manufacture-polyurethane-hotmelt-adhesives\/","og_locale":"fr_FR","og_type":"article","og_title":"DOOR MANUFACTURE POLYURETHANE HOTMELT ADHESIVES - PUR hot melt adhesives","og_description":"Intercol offers adhesives that increase efficiency and meets the highest requirements on quality for door manufacturing. [&hellip;]","og_url":"https:\/\/www.purhotmelt.com\/fr\/door-manufacture-polyurethane-hotmelt-adhesives\/","og_site_name":"PUR hot melt adhesives","article_modified_time":"2021-01-20T22:42:50+00:00","twitter_card":"summary_large_image","twitter_misc":{"Dur\u00e9e de lecture est.":"1 minute"},"schema":{"@context":"https:\/\/schema.org","@graph":[{"@type":"WebSite","@id":"https:\/\/www.purhotmelt.com\/#website","url":"https:\/\/www.purhotmelt.com\/","name":"Adh\u00e9sifs thermofusibles PUR","description":"Intercol: fabricant sp\u00e9cialis\u00e9","potentialAction":[{"@type":"SearchAction","target":{"@type":"EntryPoint","urlTemplate":"https:\/\/www.purhotmelt.com\/?s={search_term_string}"},"query-input":"required name=search_term_string"}],"inLanguage":"fr-BE"},{"@type":"WebPage","@id":"https:\/\/www.purhotmelt.com\/nb\/door-manufacture-polyurethane-hotmelt-adhesives\/#webpage","url":"https:\/\/www.purhotmelt.com\/nb\/door-manufacture-polyurethane-hotmelt-adhesives\/","name":"ADH\u00c9SIFS HOTMELT POLYUR\u00c9THANE DE FABRICATION DE PORTES - Adh\u00e9sifs thermofusibles PUR","isPartOf":{"@id":"https:\/\/www.purhotmelt.com\/#website"},"datePublished":"2021-01-20T22:42:49+00:00","dateModified":"2021-01-20T22:42:50+00:00","breadcrumb":{"@id":"https:\/\/www.purhotmelt.com\/nb\/door-manufacture-polyurethane-hotmelt-adhesives\/#breadcrumb"},"inLanguage":"fr-BE","potentialAction":[{"@type":"ReadAction","target":["https:\/\/www.purhotmelt.com\/nb\/door-manufacture-polyurethane-hotmelt-adhesives\/"]}]},{"@type":"BreadcrumbList","@id":"https:\/\/www.purhotmelt.com\/nb\/door-manufacture-polyurethane-hotmelt-adhesives\/#breadcrumb","itemListElement":[{"@type":"ListItem","position":1,"name":"Home","item":"https:\/\/www.purhotmelt.com\/"},{"@type":"ListItem","position":2,"name":"DOOR MANUFACTURE POLYURETHANE HOTMELT ADHESIVES"}]}]}},"_links":{"self":[{"href":"https:\/\/www.purhotmelt.com\/fr\/wp-json\/wp\/v2\/pages\/296","targetHints":{"allow":["GET"]}}],"collection":[{"href":"https:\/\/www.purhotmelt.com\/fr\/wp-json\/wp\/v2\/pages"}],"about":[{"href":"https:\/\/www.purhotmelt.com\/fr\/wp-json\/wp\/v2\/types\/page"}],"author":[{"embeddable":true,"href":"https:\/\/www.purhotmelt.com\/fr\/wp-json\/wp\/v2\/users\/1"}],"replies":[{"embeddable":true,"href":"https:\/\/www.purhotmelt.com\/fr\/wp-json\/wp\/v2\/comments?post=296"}],"version-history":[{"count":1,"href":"https:\/\/www.purhotmelt.com\/fr\/wp-json\/wp\/v2\/pages\/296\/revisions"}],"predecessor-version":[{"id":298,"href":"https:\/\/www.purhotmelt.com\/fr\/wp-json\/wp\/v2\/pages\/296\/revisions\/298"}],"wp:attachment":[{"href":"https:\/\/www.purhotmelt.com\/fr\/wp-json\/wp\/v2\/media?parent=296"}],"curies":[{"name":"wp","href":"https:\/\/api.w.org\/{rel}","templated":true}]}}