{"id":305,"date":"2021-01-20T22:46:10","date_gmt":"2021-01-20T22:46:10","guid":{"rendered":"https:\/\/www.purhotmelt.com\/?page_id=305"},"modified":"2021-01-20T22:46:11","modified_gmt":"2021-01-20T22:46:11","slug":"psa-melt-glue-manufacturers","status":"publish","type":"page","link":"https:\/\/www.purhotmelt.com\/fr\/psa-melt-glue-manufacturers\/","title":{"rendered":"FABRICANTS DE COLLE PSA MELT"},"content":{"rendered":"<p> La production d&#039;adh\u00e9sifs thermofusibles PSA de qualit\u00e9 \u00e9lev\u00e9e et stable maintient les prix de nos produits bas. En raison de la haute efficacit\u00e9 et de la fiabilit\u00e9 de l&#039;Intercol, les prix de nos produits sont tr\u00e8s comp\u00e9titifs. Avec les \u00e9quipements de m\u00e9lange les plus modernes, notre production est capable de produire des adh\u00e9sifs thermofusibles sensibles \u00e0 la pression de haute performance. Ceux-ci sont g\u00e9n\u00e9ralement \u00e0 base de caoutchouc thermoplastique, qui est utilis\u00e9 dans: La production de stock d&#039;\u00e9tiquettes \u00c9tiquettes auto-adh\u00e9sives Rubans automobiles \u00c9tiquettes Linerless Rubans industriels Industrie du b\u00e2timent et de la construction Nos adh\u00e9sifs thermofusibles PSA enti\u00e8rement transparents et thermiquement stables offrent des performances \u00e9lev\u00e9es en termes d&#039;adh\u00e9rence et de stabilit\u00e9 thermique . Nous nous effor\u00e7ons de fournir des solutions adh\u00e9sives sp\u00e9cifiques au client qui permettent \u00e0 nos clients de travailler le plus efficacement possible. Que votre \u00e9quipement de rev\u00eatement par fusion n\u00e9cessite des blocs de 1 kg ou des f\u00fbts en fibre, nous pouvons fournir la plupart des produits en stock. Fabricants d&#039;adh\u00e9sifs thermofusibles PSA Dans notre d\u00e9partement R&amp;D avanc\u00e9, nous d\u00e9veloppons constamment de nouveaux produits et recherchons de nouvelles mati\u00e8res premi\u00e8res Chez Intercol, nous testons les performances de nos adh\u00e9sifs conform\u00e9ment aux m\u00e9thodes de test de l&#039;industrie internationale telles que FINAT, AFERA \u200b\u200bet PSTC.<\/p>","protected":false},"excerpt":{"rendered":"<p>Producing high and stable quality hot melt psa adhesives keeps the prices of our products low. [&hellip;]<\/p>","protected":false},"author":1,"featured_media":0,"parent":0,"menu_order":0,"comment_status":"closed","ping_status":"closed","template":"","meta":{"footnotes":""},"class_list":["post-305","page","type-page","status-publish","hentry"],"yoast_head":"<!-- This site is optimized with the Yoast SEO plugin v17.0 - https:\/\/yoast.com\/wordpress\/plugins\/seo\/ -->\n<title>PSA MELT GLUE MANUFACTURERS - PUR hot melt adhesives<\/title>\n<meta name=\"robots\" content=\"index, follow, max-snippet:-1, max-image-preview:large, max-video-preview:-1\" \/>\n<link rel=\"canonical\" href=\"https:\/\/www.purhotmelt.com\/fr\/psa-melt-glue-manufacturers\/\" \/>\n<meta property=\"og:locale\" content=\"fr_FR\" \/>\n<meta property=\"og:type\" content=\"article\" \/>\n<meta property=\"og:title\" content=\"PSA MELT GLUE MANUFACTURERS - PUR hot melt adhesives\" \/>\n<meta property=\"og:description\" content=\"Producing high and stable quality hot melt psa adhesives keeps the prices of our products low. [&hellip;]\" \/>\n<meta property=\"og:url\" content=\"https:\/\/www.purhotmelt.com\/fr\/psa-melt-glue-manufacturers\/\" \/>\n<meta property=\"og:site_name\" content=\"PUR hot melt adhesives\" \/>\n<meta property=\"article:modified_time\" content=\"2021-01-20T22:46:11+00:00\" \/>\n<meta name=\"twitter:card\" content=\"summary_large_image\" \/>\n<meta name=\"twitter:label1\" content=\"Dur\u00e9e de lecture est.\" \/>\n\t<meta name=\"twitter:data1\" content=\"1 minute\" \/>\n<script type=\"application\/ld+json\" class=\"yoast-schema-graph\">{\"@context\":\"https:\/\/schema.org\",\"@graph\":[{\"@type\":\"WebSite\",\"@id\":\"https:\/\/www.purhotmelt.com\/#website\",\"url\":\"https:\/\/www.purhotmelt.com\/\",\"name\":\"PUR hot melt adhesives\",\"description\":\"Intercol: Specialist manufacturer\",\"potentialAction\":[{\"@type\":\"SearchAction\",\"target\":{\"@type\":\"EntryPoint\",\"urlTemplate\":\"https:\/\/www.purhotmelt.com\/?s={search_term_string}\"},\"query-input\":\"required name=search_term_string\"}],\"inLanguage\":\"fr-BE\"},{\"@type\":\"WebPage\",\"@id\":\"https:\/\/www.purhotmelt.com\/psa-melt-glue-manufacturers\/#webpage\",\"url\":\"https:\/\/www.purhotmelt.com\/psa-melt-glue-manufacturers\/\",\"name\":\"PSA MELT GLUE MANUFACTURERS - PUR hot melt adhesives\",\"isPartOf\":{\"@id\":\"https:\/\/www.purhotmelt.com\/#website\"},\"datePublished\":\"2021-01-20T22:46:10+00:00\",\"dateModified\":\"2021-01-20T22:46:11+00:00\",\"breadcrumb\":{\"@id\":\"https:\/\/www.purhotmelt.com\/psa-melt-glue-manufacturers\/#breadcrumb\"},\"inLanguage\":\"fr-BE\",\"potentialAction\":[{\"@type\":\"ReadAction\",\"target\":[\"https:\/\/www.purhotmelt.com\/psa-melt-glue-manufacturers\/\"]}]},{\"@type\":\"BreadcrumbList\",\"@id\":\"https:\/\/www.purhotmelt.com\/psa-melt-glue-manufacturers\/#breadcrumb\",\"itemListElement\":[{\"@type\":\"ListItem\",\"position\":1,\"name\":\"Home\",\"item\":\"https:\/\/www.purhotmelt.com\/\"},{\"@type\":\"ListItem\",\"position\":2,\"name\":\"PSA MELT GLUE MANUFACTURERS\"}]}]}<\/script>\n<!-- \/ Yoast SEO plugin. -->","yoast_head_json":{"title":"PSA MELT GLUE FABRICANTS - Adh\u00e9sifs thermofusibles PUR","robots":{"index":"index","follow":"follow","max-snippet":"max-snippet:-1","max-image-preview":"max-image-preview:large","max-video-preview":"max-video-preview:-1"},"canonical":"https:\/\/www.purhotmelt.com\/fr\/psa-melt-glue-manufacturers\/","og_locale":"fr_FR","og_type":"article","og_title":"PSA MELT GLUE MANUFACTURERS - PUR hot melt adhesives","og_description":"Producing high and stable quality hot melt psa adhesives keeps the prices of our products low. [&hellip;]","og_url":"https:\/\/www.purhotmelt.com\/fr\/psa-melt-glue-manufacturers\/","og_site_name":"PUR hot melt adhesives","article_modified_time":"2021-01-20T22:46:11+00:00","twitter_card":"summary_large_image","twitter_misc":{"Dur\u00e9e de lecture est.":"1 minute"},"schema":{"@context":"https:\/\/schema.org","@graph":[{"@type":"WebSite","@id":"https:\/\/www.purhotmelt.com\/#website","url":"https:\/\/www.purhotmelt.com\/","name":"Adh\u00e9sifs thermofusibles PUR","description":"Intercol: fabricant sp\u00e9cialis\u00e9","potentialAction":[{"@type":"SearchAction","target":{"@type":"EntryPoint","urlTemplate":"https:\/\/www.purhotmelt.com\/?s={search_term_string}"},"query-input":"required name=search_term_string"}],"inLanguage":"fr-BE"},{"@type":"WebPage","@id":"https:\/\/www.purhotmelt.com\/psa-melt-glue-manufacturers\/#webpage","url":"https:\/\/www.purhotmelt.com\/psa-melt-glue-manufacturers\/","name":"PSA MELT GLUE FABRICANTS - Adh\u00e9sifs thermofusibles PUR","isPartOf":{"@id":"https:\/\/www.purhotmelt.com\/#website"},"datePublished":"2021-01-20T22:46:10+00:00","dateModified":"2021-01-20T22:46:11+00:00","breadcrumb":{"@id":"https:\/\/www.purhotmelt.com\/psa-melt-glue-manufacturers\/#breadcrumb"},"inLanguage":"fr-BE","potentialAction":[{"@type":"ReadAction","target":["https:\/\/www.purhotmelt.com\/psa-melt-glue-manufacturers\/"]}]},{"@type":"BreadcrumbList","@id":"https:\/\/www.purhotmelt.com\/psa-melt-glue-manufacturers\/#breadcrumb","itemListElement":[{"@type":"ListItem","position":1,"name":"Home","item":"https:\/\/www.purhotmelt.com\/"},{"@type":"ListItem","position":2,"name":"PSA MELT GLUE MANUFACTURERS"}]}]}},"_links":{"self":[{"href":"https:\/\/www.purhotmelt.com\/fr\/wp-json\/wp\/v2\/pages\/305","targetHints":{"allow":["GET"]}}],"collection":[{"href":"https:\/\/www.purhotmelt.com\/fr\/wp-json\/wp\/v2\/pages"}],"about":[{"href":"https:\/\/www.purhotmelt.com\/fr\/wp-json\/wp\/v2\/types\/page"}],"author":[{"embeddable":true,"href":"https:\/\/www.purhotmelt.com\/fr\/wp-json\/wp\/v2\/users\/1"}],"replies":[{"embeddable":true,"href":"https:\/\/www.purhotmelt.com\/fr\/wp-json\/wp\/v2\/comments?post=305"}],"version-history":[{"count":1,"href":"https:\/\/www.purhotmelt.com\/fr\/wp-json\/wp\/v2\/pages\/305\/revisions"}],"predecessor-version":[{"id":307,"href":"https:\/\/www.purhotmelt.com\/fr\/wp-json\/wp\/v2\/pages\/305\/revisions\/307"}],"wp:attachment":[{"href":"https:\/\/www.purhotmelt.com\/fr\/wp-json\/wp\/v2\/media?parent=305"}],"curies":[{"name":"wp","href":"https:\/\/api.w.org\/{rel}","templated":true}]}}