{"id":317,"date":"2021-01-21T11:07:58","date_gmt":"2021-01-21T11:07:58","guid":{"rendered":"https:\/\/www.purhotmelt.com\/?page_id=317"},"modified":"2021-09-07T21:14:51","modified_gmt":"2021-09-07T21:14:51","slug":"woodworking","status":"publish","type":"page","link":"https:\/\/www.purhotmelt.com\/fr\/woodworking\/","title":{"rendered":"Travail du bois"},"content":{"rendered":"<p>Les thermofusibles PUR cr\u00e9ent une liaison structurelle et durable et peuvent augmenter l&#039;efficacit\u00e9 des lignes de production, car la technologie de fusion \u00e0 chaud permet un traitement rapide des produits. Nous proposons des adh\u00e9sifs standard pour des applications telles que:<\/p>\n\n\n\n<ul class=\"wp-block-list\"><li>Emballage de profil<\/li><li>Bandes de chant<\/li><li>Stratification \u00e0 plat<\/li><li>Technologie 3D<\/li><li>Bois massif<\/li><li>Haute fr\u00e9quence<\/li><\/ul>\n\n\n\n\n\n<h2 class=\"wp-block-heading\">Produits speciaux<\/h2>\n\n\n\n<p>Notre d\u00e9partement R&amp;D a d\u00e9velopp\u00e9 de nombreux produits sp\u00e9ciaux et m\u00eame des nettoyants. Veuillez nous contacter pour l&#039;un de nos produits sp\u00e9ciaux.<\/p>","protected":false},"excerpt":{"rendered":"<p>PUR hotmelts create a structural and durable bond, and can increase the efficiency of production lines, [&hellip;]<\/p>","protected":false},"author":1,"featured_media":0,"parent":0,"menu_order":0,"comment_status":"closed","ping_status":"closed","template":"template-full-width.php","meta":{"footnotes":""},"class_list":["post-317","page","type-page","status-publish","hentry"],"yoast_head":"<!-- This site is optimized with the Yoast SEO plugin v17.0 - https:\/\/yoast.com\/wordpress\/plugins\/seo\/ -->\n<title>Woodworking - PUR hot melt adhesives<\/title>\n<meta name=\"robots\" content=\"index, follow, max-snippet:-1, max-image-preview:large, max-video-preview:-1\" \/>\n<link rel=\"canonical\" href=\"https:\/\/www.purhotmelt.com\/fr\/woodworking\/\" \/>\n<meta property=\"og:locale\" content=\"fr_FR\" \/>\n<meta property=\"og:type\" content=\"article\" \/>\n<meta property=\"og:title\" content=\"Woodworking - PUR hot melt adhesives\" \/>\n<meta property=\"og:description\" content=\"PUR hotmelts create a structural and durable bond, and can increase the efficiency of production lines, [&hellip;]\" \/>\n<meta property=\"og:url\" content=\"https:\/\/www.purhotmelt.com\/fr\/woodworking\/\" \/>\n<meta property=\"og:site_name\" content=\"PUR hot melt adhesives\" \/>\n<meta property=\"article:modified_time\" content=\"2021-09-07T21:14:51+00:00\" \/>\n<meta name=\"twitter:card\" content=\"summary_large_image\" \/>\n<meta name=\"twitter:label1\" content=\"Dur\u00e9e de lecture est.\" \/>\n\t<meta name=\"twitter:data1\" content=\"1 minute\" \/>\n<script type=\"application\/ld+json\" class=\"yoast-schema-graph\">{\"@context\":\"https:\/\/schema.org\",\"@graph\":[{\"@type\":\"WebSite\",\"@id\":\"https:\/\/www.purhotmelt.com\/#website\",\"url\":\"https:\/\/www.purhotmelt.com\/\",\"name\":\"PUR hot melt adhesives\",\"description\":\"Intercol: Specialist manufacturer\",\"potentialAction\":[{\"@type\":\"SearchAction\",\"target\":{\"@type\":\"EntryPoint\",\"urlTemplate\":\"https:\/\/www.purhotmelt.com\/?s={search_term_string}\"},\"query-input\":\"required name=search_term_string\"}],\"inLanguage\":\"fr-BE\"},{\"@type\":\"WebPage\",\"@id\":\"https:\/\/www.purhotmelt.com\/woodworking\/#webpage\",\"url\":\"https:\/\/www.purhotmelt.com\/woodworking\/\",\"name\":\"Woodworking - PUR hot melt adhesives\",\"isPartOf\":{\"@id\":\"https:\/\/www.purhotmelt.com\/#website\"},\"datePublished\":\"2021-01-21T11:07:58+00:00\",\"dateModified\":\"2021-09-07T21:14:51+00:00\",\"breadcrumb\":{\"@id\":\"https:\/\/www.purhotmelt.com\/woodworking\/#breadcrumb\"},\"inLanguage\":\"fr-BE\",\"potentialAction\":[{\"@type\":\"ReadAction\",\"target\":[\"https:\/\/www.purhotmelt.com\/woodworking\/\"]}]},{\"@type\":\"BreadcrumbList\",\"@id\":\"https:\/\/www.purhotmelt.com\/woodworking\/#breadcrumb\",\"itemListElement\":[{\"@type\":\"ListItem\",\"position\":1,\"name\":\"Home\",\"item\":\"https:\/\/www.purhotmelt.com\/\"},{\"@type\":\"ListItem\",\"position\":2,\"name\":\"Woodworking\"}]}]}<\/script>\n<!-- \/ Yoast SEO plugin. -->","yoast_head_json":{"title":"Travail du bois - Adh\u00e9sifs thermofusibles PUR","robots":{"index":"index","follow":"follow","max-snippet":"max-snippet:-1","max-image-preview":"max-image-preview:large","max-video-preview":"max-video-preview:-1"},"canonical":"https:\/\/www.purhotmelt.com\/fr\/woodworking\/","og_locale":"fr_FR","og_type":"article","og_title":"Woodworking - PUR hot melt adhesives","og_description":"PUR hotmelts create a structural and durable bond, and can increase the efficiency of production lines, [&hellip;]","og_url":"https:\/\/www.purhotmelt.com\/fr\/woodworking\/","og_site_name":"PUR hot melt adhesives","article_modified_time":"2021-09-07T21:14:51+00:00","twitter_card":"summary_large_image","twitter_misc":{"Dur\u00e9e de lecture est.":"1 minute"},"schema":{"@context":"https:\/\/schema.org","@graph":[{"@type":"WebSite","@id":"https:\/\/www.purhotmelt.com\/#website","url":"https:\/\/www.purhotmelt.com\/","name":"Adh\u00e9sifs thermofusibles PUR","description":"Intercol: fabricant sp\u00e9cialis\u00e9","potentialAction":[{"@type":"SearchAction","target":{"@type":"EntryPoint","urlTemplate":"https:\/\/www.purhotmelt.com\/?s={search_term_string}"},"query-input":"required name=search_term_string"}],"inLanguage":"fr-BE"},{"@type":"WebPage","@id":"https:\/\/www.purhotmelt.com\/woodworking\/#webpage","url":"https:\/\/www.purhotmelt.com\/woodworking\/","name":"Travail du bois - Adh\u00e9sifs thermofusibles PUR","isPartOf":{"@id":"https:\/\/www.purhotmelt.com\/#website"},"datePublished":"2021-01-21T11:07:58+00:00","dateModified":"2021-09-07T21:14:51+00:00","breadcrumb":{"@id":"https:\/\/www.purhotmelt.com\/woodworking\/#breadcrumb"},"inLanguage":"fr-BE","potentialAction":[{"@type":"ReadAction","target":["https:\/\/www.purhotmelt.com\/woodworking\/"]}]},{"@type":"BreadcrumbList","@id":"https:\/\/www.purhotmelt.com\/woodworking\/#breadcrumb","itemListElement":[{"@type":"ListItem","position":1,"name":"Home","item":"https:\/\/www.purhotmelt.com\/"},{"@type":"ListItem","position":2,"name":"Woodworking"}]}]}},"_links":{"self":[{"href":"https:\/\/www.purhotmelt.com\/fr\/wp-json\/wp\/v2\/pages\/317","targetHints":{"allow":["GET"]}}],"collection":[{"href":"https:\/\/www.purhotmelt.com\/fr\/wp-json\/wp\/v2\/pages"}],"about":[{"href":"https:\/\/www.purhotmelt.com\/fr\/wp-json\/wp\/v2\/types\/page"}],"author":[{"embeddable":true,"href":"https:\/\/www.purhotmelt.com\/fr\/wp-json\/wp\/v2\/users\/1"}],"replies":[{"embeddable":true,"href":"https:\/\/www.purhotmelt.com\/fr\/wp-json\/wp\/v2\/comments?post=317"}],"version-history":[{"count":2,"href":"https:\/\/www.purhotmelt.com\/fr\/wp-json\/wp\/v2\/pages\/317\/revisions"}],"predecessor-version":[{"id":371,"href":"https:\/\/www.purhotmelt.com\/fr\/wp-json\/wp\/v2\/pages\/317\/revisions\/371"}],"wp:attachment":[{"href":"https:\/\/www.purhotmelt.com\/fr\/wp-json\/wp\/v2\/media?parent=317"}],"curies":[{"name":"wp","href":"https:\/\/api.w.org\/{rel}","templated":true}]}}