{"id":332,"date":"2021-01-21T14:40:45","date_gmt":"2021-01-21T14:40:45","guid":{"rendered":"https:\/\/www.purhotmelt.com\/?page_id=332"},"modified":"2021-09-07T21:15:52","modified_gmt":"2021-09-07T21:15:52","slug":"special-pur-hot-melt-developments","status":"publish","type":"page","link":"https:\/\/www.purhotmelt.com\/fr\/special-pur-hot-melt-developments\/","title":{"rendered":"D\u00e9veloppements thermofusibles PUR sp\u00e9ciaux"},"content":{"rendered":"<p>Nous aimons servir des applications sp\u00e9ciales et avons donc d\u00e9velopp\u00e9 des qualit\u00e9s sp\u00e9ciales pour toutes les applications \u00ab\u00a0standard\u00a0\u00bb comme le travail du bois, les textiles et la reliure. Chaque fois qu&#039;il y a un besoin de d\u00e9veloppement ult\u00e9rieur, nous aimerions aider \u00e0 la conception de votre adh\u00e9sif sp\u00e9cial, nous avons d\u00e9j\u00e0 des adh\u00e9sifs thermofusibles PUR disponibles qui<\/p>\n\n\n\n<ul class=\"wp-block-list\"><li>Fournit une force de liaison accrue au PE et \u00e0 d&#039;autres plastiques, par exemple<\/li><li>Est-ce que le cordage est faible sur les machines \u00e0 fonctionnement rapide<\/li><li>Applicateurs \u00e0 faible enfilage sur roues<\/li><li>D\u00e9coupe nette des produits coll\u00e9s<ul><li>Mousse lamin\u00e9e<\/li><li>Collage du dos (livres)<\/li><li>Laminage PE<\/li><\/ul><\/li><\/ul>\n\n\n\n<blockquote class=\"wp-block-quote is-layout-flow wp-block-quote-is-layout-flow\"><p>Comment pouvons-nous vous aider?<\/p><\/blockquote>\n\n\n\n<figure class=\"wp-block-image size-large\"><img loading=\"lazy\" decoding=\"async\" width=\"1024\" height=\"923\" src=\"https:\/\/www.purhotmelt.com\/wp-content\/uploads\/2021\/01\/Special-PUR-hot-melt-1024x923.png\" alt=\"Applications sp\u00e9ciales-PUR-hot-melt\" class=\"wp-image-334\" srcset=\"https:\/\/www.purhotmelt.com\/wp-content\/uploads\/2021\/01\/Special-PUR-hot-melt-1024x923.png 1024w, https:\/\/www.purhotmelt.com\/wp-content\/uploads\/2021\/01\/Special-PUR-hot-melt-300x270.png 300w, https:\/\/www.purhotmelt.com\/wp-content\/uploads\/2021\/01\/Special-PUR-hot-melt-768x692.png 768w, https:\/\/www.purhotmelt.com\/wp-content\/uploads\/2021\/01\/Special-PUR-hot-melt-13x12.png 13w, https:\/\/www.purhotmelt.com\/wp-content\/uploads\/2021\/01\/Special-PUR-hot-melt.png 1377w\" sizes=\"auto, (max-width: 1024px) 100vw, 1024px\" \/><figcaption>Applications sp\u00e9ciales-PUR-hot-melt<\/figcaption><\/figure>","protected":false},"excerpt":{"rendered":"<p>We like to serve special applications, and therefore developed special grades for all &#8216;standard&#8217; applications like [&hellip;]<\/p>","protected":false},"author":1,"featured_media":0,"parent":0,"menu_order":0,"comment_status":"closed","ping_status":"closed","template":"template-full-width.php","meta":{"footnotes":""},"class_list":["post-332","page","type-page","status-publish","hentry"],"yoast_head":"<!-- This site is optimized with the Yoast SEO plugin v17.0 - https:\/\/yoast.com\/wordpress\/plugins\/seo\/ -->\n<title>Special PUR hot melt developments - PUR hot melt adhesives<\/title>\n<meta name=\"robots\" content=\"index, follow, max-snippet:-1, max-image-preview:large, max-video-preview:-1\" \/>\n<link rel=\"canonical\" href=\"https:\/\/www.purhotmelt.com\/fr\/special-pur-hot-melt-developments\/\" \/>\n<meta property=\"og:locale\" content=\"fr_FR\" \/>\n<meta property=\"og:type\" content=\"article\" \/>\n<meta property=\"og:title\" content=\"Special PUR hot melt developments - PUR hot melt adhesives\" \/>\n<meta property=\"og:description\" content=\"We like to serve special applications, and therefore developed special grades for all &#8216;standard&#8217; applications like [&hellip;]\" \/>\n<meta property=\"og:url\" content=\"https:\/\/www.purhotmelt.com\/fr\/special-pur-hot-melt-developments\/\" \/>\n<meta property=\"og:site_name\" content=\"PUR hot melt adhesives\" \/>\n<meta property=\"article:modified_time\" content=\"2021-09-07T21:15:52+00:00\" \/>\n<meta property=\"og:image\" content=\"https:\/\/www.purhotmelt.com\/wp-content\/uploads\/2021\/01\/Special-PUR-hot-melt-1024x923.png\" \/>\n<meta name=\"twitter:card\" content=\"summary_large_image\" \/>\n<meta name=\"twitter:label1\" content=\"Dur\u00e9e de lecture est.\" \/>\n\t<meta name=\"twitter:data1\" content=\"1 minute\" \/>\n<script type=\"application\/ld+json\" class=\"yoast-schema-graph\">{\"@context\":\"https:\/\/schema.org\",\"@graph\":[{\"@type\":\"WebSite\",\"@id\":\"https:\/\/www.purhotmelt.com\/#website\",\"url\":\"https:\/\/www.purhotmelt.com\/\",\"name\":\"PUR hot melt adhesives\",\"description\":\"Intercol: Specialist manufacturer\",\"potentialAction\":[{\"@type\":\"SearchAction\",\"target\":{\"@type\":\"EntryPoint\",\"urlTemplate\":\"https:\/\/www.purhotmelt.com\/?s={search_term_string}\"},\"query-input\":\"required name=search_term_string\"}],\"inLanguage\":\"fr-BE\"},{\"@type\":\"ImageObject\",\"@id\":\"https:\/\/www.purhotmelt.com\/special-pur-hot-melt-developments\/#primaryimage\",\"inLanguage\":\"fr-BE\",\"url\":\"https:\/\/www.purhotmelt.com\/wp-content\/uploads\/2021\/01\/Special-PUR-hot-melt.png\",\"contentUrl\":\"https:\/\/www.purhotmelt.com\/wp-content\/uploads\/2021\/01\/Special-PUR-hot-melt.png\",\"width\":1377,\"height\":1241,\"caption\":\"Special-PUR-hot-melt aplications\"},{\"@type\":\"WebPage\",\"@id\":\"https:\/\/www.purhotmelt.com\/special-pur-hot-melt-developments\/#webpage\",\"url\":\"https:\/\/www.purhotmelt.com\/special-pur-hot-melt-developments\/\",\"name\":\"Special PUR hot melt developments - PUR hot melt adhesives\",\"isPartOf\":{\"@id\":\"https:\/\/www.purhotmelt.com\/#website\"},\"primaryImageOfPage\":{\"@id\":\"https:\/\/www.purhotmelt.com\/special-pur-hot-melt-developments\/#primaryimage\"},\"datePublished\":\"2021-01-21T14:40:45+00:00\",\"dateModified\":\"2021-09-07T21:15:52+00:00\",\"breadcrumb\":{\"@id\":\"https:\/\/www.purhotmelt.com\/special-pur-hot-melt-developments\/#breadcrumb\"},\"inLanguage\":\"fr-BE\",\"potentialAction\":[{\"@type\":\"ReadAction\",\"target\":[\"https:\/\/www.purhotmelt.com\/special-pur-hot-melt-developments\/\"]}]},{\"@type\":\"BreadcrumbList\",\"@id\":\"https:\/\/www.purhotmelt.com\/special-pur-hot-melt-developments\/#breadcrumb\",\"itemListElement\":[{\"@type\":\"ListItem\",\"position\":1,\"name\":\"Home\",\"item\":\"https:\/\/www.purhotmelt.com\/\"},{\"@type\":\"ListItem\",\"position\":2,\"name\":\"Special PUR hot melt developments\"}]}]}<\/script>\n<!-- \/ Yoast SEO plugin. -->","yoast_head_json":{"title":"D\u00e9veloppements sp\u00e9ciaux thermofusibles PUR - Adh\u00e9sifs thermofusibles PUR","robots":{"index":"index","follow":"follow","max-snippet":"max-snippet:-1","max-image-preview":"max-image-preview:large","max-video-preview":"max-video-preview:-1"},"canonical":"https:\/\/www.purhotmelt.com\/fr\/special-pur-hot-melt-developments\/","og_locale":"fr_FR","og_type":"article","og_title":"Special PUR hot melt developments - PUR hot melt adhesives","og_description":"We like to serve special applications, and therefore developed special grades for all &#8216;standard&#8217; applications like [&hellip;]","og_url":"https:\/\/www.purhotmelt.com\/fr\/special-pur-hot-melt-developments\/","og_site_name":"PUR hot melt adhesives","article_modified_time":"2021-09-07T21:15:52+00:00","og_image":[{"url":"https:\/\/www.purhotmelt.com\/wp-content\/uploads\/2021\/01\/Special-PUR-hot-melt-1024x923.png"}],"twitter_card":"summary_large_image","twitter_misc":{"Dur\u00e9e de lecture est.":"1 minute"},"schema":{"@context":"https:\/\/schema.org","@graph":[{"@type":"WebSite","@id":"https:\/\/www.purhotmelt.com\/#website","url":"https:\/\/www.purhotmelt.com\/","name":"Adh\u00e9sifs thermofusibles PUR","description":"Intercol: fabricant sp\u00e9cialis\u00e9","potentialAction":[{"@type":"SearchAction","target":{"@type":"EntryPoint","urlTemplate":"https:\/\/www.purhotmelt.com\/?s={search_term_string}"},"query-input":"required name=search_term_string"}],"inLanguage":"fr-BE"},{"@type":"ImageObject","@id":"https:\/\/www.purhotmelt.com\/special-pur-hot-melt-developments\/#primaryimage","inLanguage":"fr-BE","url":"https:\/\/www.purhotmelt.com\/wp-content\/uploads\/2021\/01\/Special-PUR-hot-melt.png","contentUrl":"https:\/\/www.purhotmelt.com\/wp-content\/uploads\/2021\/01\/Special-PUR-hot-melt.png","width":1377,"height":1241,"caption":"Special-PUR-hot-melt aplications"},{"@type":"WebPage","@id":"https:\/\/www.purhotmelt.com\/special-pur-hot-melt-developments\/#webpage","url":"https:\/\/www.purhotmelt.com\/special-pur-hot-melt-developments\/","name":"D\u00e9veloppements sp\u00e9ciaux thermofusibles PUR - Adh\u00e9sifs thermofusibles PUR","isPartOf":{"@id":"https:\/\/www.purhotmelt.com\/#website"},"primaryImageOfPage":{"@id":"https:\/\/www.purhotmelt.com\/special-pur-hot-melt-developments\/#primaryimage"},"datePublished":"2021-01-21T14:40:45+00:00","dateModified":"2021-09-07T21:15:52+00:00","breadcrumb":{"@id":"https:\/\/www.purhotmelt.com\/special-pur-hot-melt-developments\/#breadcrumb"},"inLanguage":"fr-BE","potentialAction":[{"@type":"ReadAction","target":["https:\/\/www.purhotmelt.com\/special-pur-hot-melt-developments\/"]}]},{"@type":"BreadcrumbList","@id":"https:\/\/www.purhotmelt.com\/special-pur-hot-melt-developments\/#breadcrumb","itemListElement":[{"@type":"ListItem","position":1,"name":"Home","item":"https:\/\/www.purhotmelt.com\/"},{"@type":"ListItem","position":2,"name":"Special PUR hot melt developments"}]}]}},"_links":{"self":[{"href":"https:\/\/www.purhotmelt.com\/fr\/wp-json\/wp\/v2\/pages\/332","targetHints":{"allow":["GET"]}}],"collection":[{"href":"https:\/\/www.purhotmelt.com\/fr\/wp-json\/wp\/v2\/pages"}],"about":[{"href":"https:\/\/www.purhotmelt.com\/fr\/wp-json\/wp\/v2\/types\/page"}],"author":[{"embeddable":true,"href":"https:\/\/www.purhotmelt.com\/fr\/wp-json\/wp\/v2\/users\/1"}],"replies":[{"embeddable":true,"href":"https:\/\/www.purhotmelt.com\/fr\/wp-json\/wp\/v2\/comments?post=332"}],"version-history":[{"count":1,"href":"https:\/\/www.purhotmelt.com\/fr\/wp-json\/wp\/v2\/pages\/332\/revisions"}],"predecessor-version":[{"id":336,"href":"https:\/\/www.purhotmelt.com\/fr\/wp-json\/wp\/v2\/pages\/332\/revisions\/336"}],"wp:attachment":[{"href":"https:\/\/www.purhotmelt.com\/fr\/wp-json\/wp\/v2\/media?parent=332"}],"curies":[{"name":"wp","href":"https:\/\/api.w.org\/{rel}","templated":true}]}}