{"id":338,"date":"2021-01-21T17:03:52","date_gmt":"2021-01-21T17:03:52","guid":{"rendered":"https:\/\/www.purhotmelt.com\/?page_id=338"},"modified":"2021-01-23T16:33:17","modified_gmt":"2021-01-23T16:33:17","slug":"profile-wrapping-wood","status":"publish","type":"page","link":"https:\/\/www.purhotmelt.com\/fr\/profile-wrapping-wood\/","title":{"rendered":"Emballage de profil"},"content":{"rendered":"<p>Les applications d&#039;emballage de profil\u00e9s pr\u00e9sentent des exigences en constante augmentation pour des processus de fabrication plus efficaces et plus rapides ainsi que des adh\u00e9sifs de liaison plus puissants. De nos jours, une multitude de substrats, comme le bois<br>les mat\u00e9riaux \u00e0 base, les plastiques et le m\u00e9tal sont emball\u00e9s avec une grande vari\u00e9t\u00e9 de feuilles. Les profils servent de nombreuses applications diff\u00e9rentes telles que:<\/p>\n\n\n\n<ul class=\"wp-block-list\"><li>Int\u00e9rieur g\u00e9n\u00e9ral pour la maison et les bureaux<\/li><li>Meubles de cuisine et de maison <\/li><li>Appareils m\u00e9nagers et magasins<\/li><li>Am\u00e9nagements et rev\u00eatements de sols dans la construction navale et la caravane<\/li><li>Pr\u00e9sentoirs d&#039;exposition<\/li><\/ul>\n\n\n\n<h2 class=\"wp-block-heading\">Quand utiliser du PUR thermofusible?<\/h2>\n\n\n\n<p>Les thermofusibles PUR sont utilis\u00e9s par exemple lorsque les produits doivent r\u00e9pondre \u00e0 des exigences particuli\u00e8res en mati\u00e8re de r\u00e9sistance \u00e0 l&#039;humidit\u00e9, au froid et \u00e0 la chaleur. Les thermofusibles PUR fournissent principalement une adh\u00e9rence plus forte. Les thermofusibles PUR sont des adh\u00e9sifs hautement efficaces pour des exigences de collage exigeantes. Les adh\u00e9sifs thermofusibles PUR sont d\u00e9sormais les adh\u00e9sifs standard pour les profil\u00e9s m\u00e9talliques et pour les films plastiques difficiles \u00e0 coller. Pourtant, de nouvelles mati\u00e8res premi\u00e8res sont r\u00e9guli\u00e8rement introduites pour d\u00e9velopper des adh\u00e9sifs encore meilleurs. Cela permet \u00e0 diverses industries d&#039;augmenter continuellement la vitesse de traitement et les niveaux d&#039;automatisation.<\/p>\n\n\n\n<p><\/p>","protected":false},"excerpt":{"rendered":"<p>Profile wrapping applications show continuously increasing requirements for more efficient, faster manufacturing processes as well as [&hellip;]<\/p>","protected":false},"author":1,"featured_media":0,"parent":0,"menu_order":0,"comment_status":"closed","ping_status":"closed","template":"","meta":{"footnotes":""},"class_list":["post-338","page","type-page","status-publish","hentry"],"yoast_head":"<!-- This site is optimized with the Yoast SEO plugin v17.0 - https:\/\/yoast.com\/wordpress\/plugins\/seo\/ -->\n<title>Profile wrapping - PUR hot melt adhesives<\/title>\n<meta name=\"robots\" content=\"index, follow, max-snippet:-1, max-image-preview:large, max-video-preview:-1\" \/>\n<link rel=\"canonical\" href=\"https:\/\/www.purhotmelt.com\/fr\/profile-wrapping-wood\/\" \/>\n<meta property=\"og:locale\" content=\"fr_FR\" \/>\n<meta property=\"og:type\" content=\"article\" \/>\n<meta property=\"og:title\" content=\"Profile wrapping - PUR hot melt adhesives\" \/>\n<meta property=\"og:description\" content=\"Profile wrapping applications show continuously increasing requirements for more efficient, faster manufacturing processes as well as [&hellip;]\" \/>\n<meta property=\"og:url\" content=\"https:\/\/www.purhotmelt.com\/fr\/profile-wrapping-wood\/\" \/>\n<meta property=\"og:site_name\" content=\"PUR hot melt adhesives\" \/>\n<meta property=\"article:modified_time\" content=\"2021-01-23T16:33:17+00:00\" \/>\n<meta name=\"twitter:card\" content=\"summary_large_image\" \/>\n<meta name=\"twitter:label1\" content=\"Dur\u00e9e de lecture est.\" \/>\n\t<meta name=\"twitter:data1\" content=\"1 minute\" \/>\n<script type=\"application\/ld+json\" class=\"yoast-schema-graph\">{\"@context\":\"https:\/\/schema.org\",\"@graph\":[{\"@type\":\"WebSite\",\"@id\":\"https:\/\/www.purhotmelt.com\/#website\",\"url\":\"https:\/\/www.purhotmelt.com\/\",\"name\":\"PUR hot melt adhesives\",\"description\":\"Intercol: Specialist manufacturer\",\"potentialAction\":[{\"@type\":\"SearchAction\",\"target\":{\"@type\":\"EntryPoint\",\"urlTemplate\":\"https:\/\/www.purhotmelt.com\/?s={search_term_string}\"},\"query-input\":\"required name=search_term_string\"}],\"inLanguage\":\"fr-BE\"},{\"@type\":\"WebPage\",\"@id\":\"https:\/\/www.purhotmelt.com\/fr\/profile-wrapping-wood\/#webpage\",\"url\":\"https:\/\/www.purhotmelt.com\/fr\/profile-wrapping-wood\/\",\"name\":\"Profile wrapping - PUR hot melt adhesives\",\"isPartOf\":{\"@id\":\"https:\/\/www.purhotmelt.com\/#website\"},\"datePublished\":\"2021-01-21T17:03:52+00:00\",\"dateModified\":\"2021-01-23T16:33:17+00:00\",\"breadcrumb\":{\"@id\":\"https:\/\/www.purhotmelt.com\/fr\/profile-wrapping-wood\/#breadcrumb\"},\"inLanguage\":\"fr-BE\",\"potentialAction\":[{\"@type\":\"ReadAction\",\"target\":[\"https:\/\/www.purhotmelt.com\/fr\/profile-wrapping-wood\/\"]}]},{\"@type\":\"BreadcrumbList\",\"@id\":\"https:\/\/www.purhotmelt.com\/fr\/profile-wrapping-wood\/#breadcrumb\",\"itemListElement\":[{\"@type\":\"ListItem\",\"position\":1,\"name\":\"Home\",\"item\":\"https:\/\/www.purhotmelt.com\/\"},{\"@type\":\"ListItem\",\"position\":2,\"name\":\"Profile wrapping\"}]}]}<\/script>\n<!-- \/ Yoast SEO plugin. -->","yoast_head_json":{"title":"Emballage de profil\u00e9s - Adh\u00e9sifs thermofusibles PUR","robots":{"index":"index","follow":"follow","max-snippet":"max-snippet:-1","max-image-preview":"max-image-preview:large","max-video-preview":"max-video-preview:-1"},"canonical":"https:\/\/www.purhotmelt.com\/fr\/profile-wrapping-wood\/","og_locale":"fr_FR","og_type":"article","og_title":"Profile wrapping - PUR hot melt adhesives","og_description":"Profile wrapping applications show continuously increasing requirements for more efficient, faster manufacturing processes as well as [&hellip;]","og_url":"https:\/\/www.purhotmelt.com\/fr\/profile-wrapping-wood\/","og_site_name":"PUR hot melt adhesives","article_modified_time":"2021-01-23T16:33:17+00:00","twitter_card":"summary_large_image","twitter_misc":{"Dur\u00e9e de lecture est.":"1 minute"},"schema":{"@context":"https:\/\/schema.org","@graph":[{"@type":"WebSite","@id":"https:\/\/www.purhotmelt.com\/#website","url":"https:\/\/www.purhotmelt.com\/","name":"Adh\u00e9sifs thermofusibles PUR","description":"Intercol: fabricant sp\u00e9cialis\u00e9","potentialAction":[{"@type":"SearchAction","target":{"@type":"EntryPoint","urlTemplate":"https:\/\/www.purhotmelt.com\/?s={search_term_string}"},"query-input":"required name=search_term_string"}],"inLanguage":"fr-BE"},{"@type":"WebPage","@id":"https:\/\/www.purhotmelt.com\/fr\/profile-wrapping-wood\/#webpage","url":"https:\/\/www.purhotmelt.com\/fr\/profile-wrapping-wood\/","name":"Emballage de profil\u00e9s - Adh\u00e9sifs thermofusibles PUR","isPartOf":{"@id":"https:\/\/www.purhotmelt.com\/#website"},"datePublished":"2021-01-21T17:03:52+00:00","dateModified":"2021-01-23T16:33:17+00:00","breadcrumb":{"@id":"https:\/\/www.purhotmelt.com\/fr\/profile-wrapping-wood\/#breadcrumb"},"inLanguage":"fr-BE","potentialAction":[{"@type":"ReadAction","target":["https:\/\/www.purhotmelt.com\/fr\/profile-wrapping-wood\/"]}]},{"@type":"BreadcrumbList","@id":"https:\/\/www.purhotmelt.com\/fr\/profile-wrapping-wood\/#breadcrumb","itemListElement":[{"@type":"ListItem","position":1,"name":"Home","item":"https:\/\/www.purhotmelt.com\/"},{"@type":"ListItem","position":2,"name":"Profile wrapping"}]}]}},"_links":{"self":[{"href":"https:\/\/www.purhotmelt.com\/fr\/wp-json\/wp\/v2\/pages\/338","targetHints":{"allow":["GET"]}}],"collection":[{"href":"https:\/\/www.purhotmelt.com\/fr\/wp-json\/wp\/v2\/pages"}],"about":[{"href":"https:\/\/www.purhotmelt.com\/fr\/wp-json\/wp\/v2\/types\/page"}],"author":[{"embeddable":true,"href":"https:\/\/www.purhotmelt.com\/fr\/wp-json\/wp\/v2\/users\/1"}],"replies":[{"embeddable":true,"href":"https:\/\/www.purhotmelt.com\/fr\/wp-json\/wp\/v2\/comments?post=338"}],"version-history":[{"count":3,"href":"https:\/\/www.purhotmelt.com\/fr\/wp-json\/wp\/v2\/pages\/338\/revisions"}],"predecessor-version":[{"id":348,"href":"https:\/\/www.purhotmelt.com\/fr\/wp-json\/wp\/v2\/pages\/338\/revisions\/348"}],"wp:attachment":[{"href":"https:\/\/www.purhotmelt.com\/fr\/wp-json\/wp\/v2\/media?parent=338"}],"curies":[{"name":"wp","href":"https:\/\/api.w.org\/{rel}","templated":true}]}}