{"id":355,"date":"2021-03-30T20:09:06","date_gmt":"2021-03-30T20:09:06","guid":{"rendered":"https:\/\/www.purhotmelt.com\/?page_id=355"},"modified":"2021-03-30T20:09:36","modified_gmt":"2021-03-30T20:09:36","slug":"adhesive-pricing","status":"publish","type":"page","link":"https:\/\/www.purhotmelt.com\/fr\/adhesive-pricing\/","title":{"rendered":"Tarification adh\u00e9sive"},"content":{"rendered":"<p>Les mati\u00e8res premi\u00e8res utilis\u00e9es dans la fabrication des adh\u00e9sifs, continuent de voir des mouvements de prix importants. En cons\u00e9quence, l&#039;activit\u00e9 adh\u00e9sive d&#039;emballage est affect\u00e9e par les augmentations de prix:<br>\u2022 Adh\u00e9sifs thermofusibles<br>\u2022 Adh\u00e9sifs liquides<br>\u2022 Rev\u00eatements et adh\u00e9sifs polyur\u00e9thane<\/p>\n\n\n\n<h2 class=\"wp-block-heading\">De nombreuses industries sont touch\u00e9es<\/h2>\n\n\n\n<p>Les industries concern\u00e9es comprennent l&#039;ondulation, le laminage, le bobinage de tubes, l&#039;extrusion, le travail du bois, la reliure et l&#039;emballage.<br>Intercol travaille avec diligence pour n\u00e9gocier des prix de mati\u00e8res premi\u00e8res favorables et stables aupr\u00e8s de nos fournisseurs de mati\u00e8res premi\u00e8res pour nos adh\u00e9sifs. Cependant, les conditions du march\u00e9 ont rendu impossible le maintien des niveaux de prix actuels. Si vous avez des questions sp\u00e9cifiques, veuillez nous contacter. Nous restons reconnaissants pour votre entreprise et votre soutien continu.<\/p>","protected":false},"excerpt":{"rendered":"<p>Raw materials used in the manufacture of adhesives, continue to see significant price movements. As a [&hellip;]<\/p>","protected":false},"author":1,"featured_media":0,"parent":0,"menu_order":0,"comment_status":"closed","ping_status":"closed","template":"","meta":{"footnotes":""},"class_list":["post-355","page","type-page","status-publish","hentry"],"yoast_head":"<!-- This site is optimized with the Yoast SEO plugin v17.0 - https:\/\/yoast.com\/wordpress\/plugins\/seo\/ -->\n<title>Adhesive pricing - PUR hot melt adhesives<\/title>\n<meta name=\"robots\" content=\"index, follow, max-snippet:-1, max-image-preview:large, max-video-preview:-1\" \/>\n<link rel=\"canonical\" href=\"https:\/\/www.purhotmelt.com\/fr\/adhesive-pricing\/\" \/>\n<meta property=\"og:locale\" content=\"fr_FR\" \/>\n<meta property=\"og:type\" content=\"article\" \/>\n<meta property=\"og:title\" content=\"Adhesive pricing - PUR hot melt adhesives\" \/>\n<meta property=\"og:description\" content=\"Raw materials used in the manufacture of adhesives, continue to see significant price movements. As a [&hellip;]\" \/>\n<meta property=\"og:url\" content=\"https:\/\/www.purhotmelt.com\/fr\/adhesive-pricing\/\" \/>\n<meta property=\"og:site_name\" content=\"PUR hot melt adhesives\" \/>\n<meta property=\"article:modified_time\" content=\"2021-03-30T20:09:36+00:00\" \/>\n<meta name=\"twitter:card\" content=\"summary_large_image\" \/>\n<script type=\"application\/ld+json\" class=\"yoast-schema-graph\">{\"@context\":\"https:\/\/schema.org\",\"@graph\":[{\"@type\":\"WebSite\",\"@id\":\"https:\/\/www.purhotmelt.com\/#website\",\"url\":\"https:\/\/www.purhotmelt.com\/\",\"name\":\"PUR hot melt adhesives\",\"description\":\"Intercol: Specialist manufacturer\",\"potentialAction\":[{\"@type\":\"SearchAction\",\"target\":{\"@type\":\"EntryPoint\",\"urlTemplate\":\"https:\/\/www.purhotmelt.com\/?s={search_term_string}\"},\"query-input\":\"required name=search_term_string\"}],\"inLanguage\":\"fr-BE\"},{\"@type\":\"WebPage\",\"@id\":\"https:\/\/www.purhotmelt.com\/de\/adhesive-pricing\/#webpage\",\"url\":\"https:\/\/www.purhotmelt.com\/de\/adhesive-pricing\/\",\"name\":\"Adhesive pricing - PUR hot melt adhesives\",\"isPartOf\":{\"@id\":\"https:\/\/www.purhotmelt.com\/#website\"},\"datePublished\":\"2021-03-30T20:09:06+00:00\",\"dateModified\":\"2021-03-30T20:09:36+00:00\",\"breadcrumb\":{\"@id\":\"https:\/\/www.purhotmelt.com\/de\/adhesive-pricing\/#breadcrumb\"},\"inLanguage\":\"fr-BE\",\"potentialAction\":[{\"@type\":\"ReadAction\",\"target\":[\"https:\/\/www.purhotmelt.com\/de\/adhesive-pricing\/\"]}]},{\"@type\":\"BreadcrumbList\",\"@id\":\"https:\/\/www.purhotmelt.com\/de\/adhesive-pricing\/#breadcrumb\",\"itemListElement\":[{\"@type\":\"ListItem\",\"position\":1,\"name\":\"Home\",\"item\":\"https:\/\/www.purhotmelt.com\/\"},{\"@type\":\"ListItem\",\"position\":2,\"name\":\"Adhesive pricing\"}]}]}<\/script>\n<!-- \/ Yoast SEO plugin. -->","yoast_head_json":{"title":"Tarification des adh\u00e9sifs - Adh\u00e9sifs thermofusibles PUR","robots":{"index":"index","follow":"follow","max-snippet":"max-snippet:-1","max-image-preview":"max-image-preview:large","max-video-preview":"max-video-preview:-1"},"canonical":"https:\/\/www.purhotmelt.com\/fr\/adhesive-pricing\/","og_locale":"fr_FR","og_type":"article","og_title":"Adhesive pricing - PUR hot melt adhesives","og_description":"Raw materials used in the manufacture of adhesives, continue to see significant price movements. As a [&hellip;]","og_url":"https:\/\/www.purhotmelt.com\/fr\/adhesive-pricing\/","og_site_name":"PUR hot melt adhesives","article_modified_time":"2021-03-30T20:09:36+00:00","twitter_card":"summary_large_image","schema":{"@context":"https:\/\/schema.org","@graph":[{"@type":"WebSite","@id":"https:\/\/www.purhotmelt.com\/#website","url":"https:\/\/www.purhotmelt.com\/","name":"Adh\u00e9sifs thermofusibles PUR","description":"Intercol: fabricant sp\u00e9cialis\u00e9","potentialAction":[{"@type":"SearchAction","target":{"@type":"EntryPoint","urlTemplate":"https:\/\/www.purhotmelt.com\/?s={search_term_string}"},"query-input":"required name=search_term_string"}],"inLanguage":"fr-BE"},{"@type":"WebPage","@id":"https:\/\/www.purhotmelt.com\/de\/adhesive-pricing\/#webpage","url":"https:\/\/www.purhotmelt.com\/de\/adhesive-pricing\/","name":"Tarification des adh\u00e9sifs - Adh\u00e9sifs thermofusibles PUR","isPartOf":{"@id":"https:\/\/www.purhotmelt.com\/#website"},"datePublished":"2021-03-30T20:09:06+00:00","dateModified":"2021-03-30T20:09:36+00:00","breadcrumb":{"@id":"https:\/\/www.purhotmelt.com\/de\/adhesive-pricing\/#breadcrumb"},"inLanguage":"fr-BE","potentialAction":[{"@type":"ReadAction","target":["https:\/\/www.purhotmelt.com\/de\/adhesive-pricing\/"]}]},{"@type":"BreadcrumbList","@id":"https:\/\/www.purhotmelt.com\/de\/adhesive-pricing\/#breadcrumb","itemListElement":[{"@type":"ListItem","position":1,"name":"Home","item":"https:\/\/www.purhotmelt.com\/"},{"@type":"ListItem","position":2,"name":"Adhesive pricing"}]}]}},"_links":{"self":[{"href":"https:\/\/www.purhotmelt.com\/fr\/wp-json\/wp\/v2\/pages\/355","targetHints":{"allow":["GET"]}}],"collection":[{"href":"https:\/\/www.purhotmelt.com\/fr\/wp-json\/wp\/v2\/pages"}],"about":[{"href":"https:\/\/www.purhotmelt.com\/fr\/wp-json\/wp\/v2\/types\/page"}],"author":[{"embeddable":true,"href":"https:\/\/www.purhotmelt.com\/fr\/wp-json\/wp\/v2\/users\/1"}],"replies":[{"embeddable":true,"href":"https:\/\/www.purhotmelt.com\/fr\/wp-json\/wp\/v2\/comments?post=355"}],"version-history":[{"count":3,"href":"https:\/\/www.purhotmelt.com\/fr\/wp-json\/wp\/v2\/pages\/355\/revisions"}],"predecessor-version":[{"id":379,"href":"https:\/\/www.purhotmelt.com\/fr\/wp-json\/wp\/v2\/pages\/355\/revisions\/379"}],"wp:attachment":[{"href":"https:\/\/www.purhotmelt.com\/fr\/wp-json\/wp\/v2\/media?parent=355"}],"curies":[{"name":"wp","href":"https:\/\/api.w.org\/{rel}","templated":true}]}}