{"id":362,"date":"2021-08-19T11:40:27","date_gmt":"2021-08-19T11:40:27","guid":{"rendered":"https:\/\/www.purhotmelt.com\/?page_id=362"},"modified":"2021-08-19T11:40:28","modified_gmt":"2021-08-19T11:40:28","slug":"sustainable-textile-lamination","status":"publish","type":"page","link":"https:\/\/www.purhotmelt.com\/fr\/sustainable-textile-lamination\/","title":{"rendered":"Stratification textile durable"},"content":{"rendered":"<p><\/p>\n\n\n\n<p>Intercol pr\u00e9sente le dernier ajout \u00e0 sa famille de produits thermofusibles PUR, il s&#039;agit d&#039;un adh\u00e9sif thermofusible polyur\u00e9thane r\u00e9actif pour le laminage textile.<\/p>\n\n\n\n<h2 class=\"wp-block-heading\">Mat\u00e9riaux renouvelables<\/h2>\n\n\n\n<p>Seules des mati\u00e8res premi\u00e8res performantes et optimis\u00e9es pour formuler des adh\u00e9sifs sont utilis\u00e9es pour nos proc\u00e9d\u00e9s de fabrication, y compris certaines mati\u00e8res premi\u00e8res renouvelables. Notre nouvel adh\u00e9sif thermofusible PUR est d\u00e9velopp\u00e9 pour le laminage de textiles dans l&#039;industrie automobile. Il existe \u00e9galement une nouvelle gamme d&#039;adh\u00e9sifs thermofusibles durables<\/p>\n\n\n\n\n\n<p><\/p>\n\n\n\n<h2 class=\"wp-block-heading\">Lavable et toucher doux<\/h2>\n\n\n\n<p>Le nouvel adh\u00e9sif thermofusible pur r\u00e9pond \u00e0 des exigences \u00e9lev\u00e9es en mati\u00e8re de r\u00e9sistance au lavage et de toucher textile doux, sa temp\u00e9rature de traitement est comprise entre 105 et 145 \u00b0C. Il peut \u00eatre facilement int\u00e9gr\u00e9 dans les processus existants.<\/p>\n\n\n\n<p>Il peut \u00eatre utilis\u00e9 pour les op\u00e9rations de collage dans la fabrication de matelas et de housses d&#039;ameublement, les applications automobiles, les textiles m\u00e9dicaux, les v\u00eatements de protection, les textiles de construction, les mat\u00e9riaux abrasifs, les textiles de nettoyage, les g\u00e9otextiles et pratiquement toutes les applications de laminage textile \u00e9tablies. <\/p>\n\n\n\n<h2 class=\"wp-block-heading\">R\u00e9duire l&#039;utilisation de mati\u00e8res fossiles<\/h2>\n\n\n\n<p>En raison des mati\u00e8res premi\u00e8res renouvelables dans sa formulation adh\u00e9sive, il est particuli\u00e8rement int\u00e9ressant pour les fabricants qui souhaitent r\u00e9duire l&#039;utilisation de mati\u00e8res premi\u00e8res fossiles dans les processus de fabrication. Avec les technologies actuelles, il s&#039;agit d&#039;un processus \u00e9tape par \u00e9tape. Pour \u00eatre enti\u00e8rement biosourc\u00e9 et biod\u00e9gradable, d&#039;autres technologies adh\u00e9sives, telles que <a href=\"http:\/\/adhesive.intercol.eu\/en\/producten-2\/koudlijmen\/zetmeel\/index.html\">amidon<\/a>, peut \u00eatre int\u00e9ressant \u00e0 regarder.<\/p>\n\n\n\n<p><\/p>","protected":false},"excerpt":{"rendered":"<p>Intercol is presenting the latest addition to its PUR hot melt product family, it is an [&hellip;]<\/p>","protected":false},"author":1,"featured_media":0,"parent":0,"menu_order":0,"comment_status":"closed","ping_status":"closed","template":"","meta":{"footnotes":""},"class_list":["post-362","page","type-page","status-publish","hentry"],"yoast_head":"<!-- This site is optimized with the Yoast SEO plugin v17.0 - https:\/\/yoast.com\/wordpress\/plugins\/seo\/ -->\n<title>Sustainable Textile Lamination - PUR hot melt adhesives<\/title>\n<meta name=\"robots\" content=\"index, follow, max-snippet:-1, max-image-preview:large, max-video-preview:-1\" \/>\n<link rel=\"canonical\" href=\"https:\/\/www.purhotmelt.com\/fr\/sustainable-textile-lamination\/\" \/>\n<meta property=\"og:locale\" content=\"fr_FR\" \/>\n<meta property=\"og:type\" content=\"article\" \/>\n<meta property=\"og:title\" content=\"Sustainable Textile Lamination - PUR hot melt adhesives\" \/>\n<meta property=\"og:description\" content=\"Intercol is presenting the latest addition to its PUR hot melt product family, it is an [&hellip;]\" \/>\n<meta property=\"og:url\" content=\"https:\/\/www.purhotmelt.com\/fr\/sustainable-textile-lamination\/\" \/>\n<meta property=\"og:site_name\" content=\"PUR hot melt adhesives\" \/>\n<meta property=\"article:modified_time\" content=\"2021-08-19T11:40:28+00:00\" \/>\n<meta name=\"twitter:card\" content=\"summary_large_image\" \/>\n<meta name=\"twitter:label1\" content=\"Dur\u00e9e de lecture est.\" \/>\n\t<meta name=\"twitter:data1\" content=\"1 minute\" \/>\n<script type=\"application\/ld+json\" class=\"yoast-schema-graph\">{\"@context\":\"https:\/\/schema.org\",\"@graph\":[{\"@type\":\"WebSite\",\"@id\":\"https:\/\/www.purhotmelt.com\/#website\",\"url\":\"https:\/\/www.purhotmelt.com\/\",\"name\":\"PUR hot melt adhesives\",\"description\":\"Intercol: Specialist manufacturer\",\"potentialAction\":[{\"@type\":\"SearchAction\",\"target\":{\"@type\":\"EntryPoint\",\"urlTemplate\":\"https:\/\/www.purhotmelt.com\/?s={search_term_string}\"},\"query-input\":\"required name=search_term_string\"}],\"inLanguage\":\"fr-BE\"},{\"@type\":\"WebPage\",\"@id\":\"https:\/\/www.purhotmelt.com\/sustainable-textile-lamination\/#webpage\",\"url\":\"https:\/\/www.purhotmelt.com\/sustainable-textile-lamination\/\",\"name\":\"Sustainable Textile Lamination - PUR hot melt adhesives\",\"isPartOf\":{\"@id\":\"https:\/\/www.purhotmelt.com\/#website\"},\"datePublished\":\"2021-08-19T11:40:27+00:00\",\"dateModified\":\"2021-08-19T11:40:28+00:00\",\"breadcrumb\":{\"@id\":\"https:\/\/www.purhotmelt.com\/sustainable-textile-lamination\/#breadcrumb\"},\"inLanguage\":\"fr-BE\",\"potentialAction\":[{\"@type\":\"ReadAction\",\"target\":[\"https:\/\/www.purhotmelt.com\/sustainable-textile-lamination\/\"]}]},{\"@type\":\"BreadcrumbList\",\"@id\":\"https:\/\/www.purhotmelt.com\/sustainable-textile-lamination\/#breadcrumb\",\"itemListElement\":[{\"@type\":\"ListItem\",\"position\":1,\"name\":\"Home\",\"item\":\"https:\/\/www.purhotmelt.com\/\"},{\"@type\":\"ListItem\",\"position\":2,\"name\":\"Sustainable Textile Lamination\"}]}]}<\/script>\n<!-- \/ Yoast SEO plugin. -->","yoast_head_json":{"title":"Stratification textile durable - Adh\u00e9sifs thermofusibles PUR","robots":{"index":"index","follow":"follow","max-snippet":"max-snippet:-1","max-image-preview":"max-image-preview:large","max-video-preview":"max-video-preview:-1"},"canonical":"https:\/\/www.purhotmelt.com\/fr\/sustainable-textile-lamination\/","og_locale":"fr_FR","og_type":"article","og_title":"Sustainable Textile Lamination - PUR hot melt adhesives","og_description":"Intercol is presenting the latest addition to its PUR hot melt product family, it is an [&hellip;]","og_url":"https:\/\/www.purhotmelt.com\/fr\/sustainable-textile-lamination\/","og_site_name":"PUR hot melt adhesives","article_modified_time":"2021-08-19T11:40:28+00:00","twitter_card":"summary_large_image","twitter_misc":{"Dur\u00e9e de lecture est.":"1 minute"},"schema":{"@context":"https:\/\/schema.org","@graph":[{"@type":"WebSite","@id":"https:\/\/www.purhotmelt.com\/#website","url":"https:\/\/www.purhotmelt.com\/","name":"Adh\u00e9sifs thermofusibles PUR","description":"Intercol: fabricant sp\u00e9cialis\u00e9","potentialAction":[{"@type":"SearchAction","target":{"@type":"EntryPoint","urlTemplate":"https:\/\/www.purhotmelt.com\/?s={search_term_string}"},"query-input":"required name=search_term_string"}],"inLanguage":"fr-BE"},{"@type":"WebPage","@id":"https:\/\/www.purhotmelt.com\/sustainable-textile-lamination\/#webpage","url":"https:\/\/www.purhotmelt.com\/sustainable-textile-lamination\/","name":"Stratification textile durable - Adh\u00e9sifs thermofusibles PUR","isPartOf":{"@id":"https:\/\/www.purhotmelt.com\/#website"},"datePublished":"2021-08-19T11:40:27+00:00","dateModified":"2021-08-19T11:40:28+00:00","breadcrumb":{"@id":"https:\/\/www.purhotmelt.com\/sustainable-textile-lamination\/#breadcrumb"},"inLanguage":"fr-BE","potentialAction":[{"@type":"ReadAction","target":["https:\/\/www.purhotmelt.com\/sustainable-textile-lamination\/"]}]},{"@type":"BreadcrumbList","@id":"https:\/\/www.purhotmelt.com\/sustainable-textile-lamination\/#breadcrumb","itemListElement":[{"@type":"ListItem","position":1,"name":"Home","item":"https:\/\/www.purhotmelt.com\/"},{"@type":"ListItem","position":2,"name":"Sustainable Textile Lamination"}]}]}},"_links":{"self":[{"href":"https:\/\/www.purhotmelt.com\/fr\/wp-json\/wp\/v2\/pages\/362","targetHints":{"allow":["GET"]}}],"collection":[{"href":"https:\/\/www.purhotmelt.com\/fr\/wp-json\/wp\/v2\/pages"}],"about":[{"href":"https:\/\/www.purhotmelt.com\/fr\/wp-json\/wp\/v2\/types\/page"}],"author":[{"embeddable":true,"href":"https:\/\/www.purhotmelt.com\/fr\/wp-json\/wp\/v2\/users\/1"}],"replies":[{"embeddable":true,"href":"https:\/\/www.purhotmelt.com\/fr\/wp-json\/wp\/v2\/comments?post=362"}],"version-history":[{"count":1,"href":"https:\/\/www.purhotmelt.com\/fr\/wp-json\/wp\/v2\/pages\/362\/revisions"}],"predecessor-version":[{"id":364,"href":"https:\/\/www.purhotmelt.com\/fr\/wp-json\/wp\/v2\/pages\/362\/revisions\/364"}],"wp:attachment":[{"href":"https:\/\/www.purhotmelt.com\/fr\/wp-json\/wp\/v2\/media?parent=362"}],"curies":[{"name":"wp","href":"https:\/\/api.w.org\/{rel}","templated":true}]}}