{"id":381,"date":"2021-10-05T21:35:09","date_gmt":"2021-10-05T21:35:09","guid":{"rendered":"https:\/\/www.purhotmelt.com\/?page_id=381"},"modified":"2021-10-05T21:35:10","modified_gmt":"2021-10-05T21:35:10","slug":"micro-emission-polyurethane-hotmelt-for-textile-lamination","status":"publish","type":"page","link":"https:\/\/www.purhotmelt.com\/fr\/micro-emission-polyurethane-hotmelt-for-textile-lamination\/","title":{"rendered":"Thermofusible polyur\u00e9thane \u00e0 micro \u00e9mission pour le laminage textile"},"content":{"rendered":"<p>Intercol dispose d&#039;un thermofusible polyur\u00e9thane \u00e0 micro \u00e9mission pour le laminage textile. Cet adh\u00e9sif est r\u00e9volutionnaire et am\u00e9liore les conditions de s\u00e9curit\u00e9 dans les environnements de travail. Les adh\u00e9sifs thermofusibles PUR \u00e0 micro \u00e9mission ont des niveaux de MDI inf\u00e9rieurs \u00e0 0,1%. Il est m\u00eame \u00ab\u00a0sans \u00e9tiquette\u00a0\u00bb et ne comporte aucun symbole dangereux sur l&#039;emballage.<\/p>\n\n\n\n<p><\/p>","protected":false},"excerpt":{"rendered":"<p>Intercol has a micro emission polyurethane\u00a0hotmelt for\u00a0textile lamination.\u00a0This adhesive is groundbreaking and improve the safety conditions [&hellip;]<\/p>","protected":false},"author":1,"featured_media":0,"parent":0,"menu_order":0,"comment_status":"closed","ping_status":"closed","template":"","meta":{"footnotes":""},"class_list":["post-381","page","type-page","status-publish","hentry"],"yoast_head":"<!-- This site is optimized with the Yoast SEO plugin v17.0 - https:\/\/yoast.com\/wordpress\/plugins\/seo\/ -->\n<title>Micro emission polyurethane\u00a0hotmelt for\u00a0textile lamination - PUR hot melt adhesives<\/title>\n<meta name=\"robots\" content=\"index, follow, max-snippet:-1, max-image-preview:large, max-video-preview:-1\" \/>\n<link rel=\"canonical\" href=\"https:\/\/www.purhotmelt.com\/fr\/micro-emission-polyurethane-hotmelt-for-textile-lamination\/\" \/>\n<meta property=\"og:locale\" content=\"fr_FR\" \/>\n<meta property=\"og:type\" content=\"article\" \/>\n<meta property=\"og:title\" content=\"Micro emission polyurethane\u00a0hotmelt for\u00a0textile lamination - PUR hot melt adhesives\" \/>\n<meta property=\"og:description\" content=\"Intercol has a micro emission polyurethane\u00a0hotmelt for\u00a0textile lamination.\u00a0This adhesive is groundbreaking and improve the safety conditions [&hellip;]\" \/>\n<meta property=\"og:url\" content=\"https:\/\/www.purhotmelt.com\/fr\/micro-emission-polyurethane-hotmelt-for-textile-lamination\/\" \/>\n<meta property=\"og:site_name\" content=\"PUR hot melt adhesives\" \/>\n<meta property=\"article:modified_time\" content=\"2021-10-05T21:35:10+00:00\" \/>\n<meta name=\"twitter:card\" content=\"summary_large_image\" \/>\n<meta name=\"twitter:label1\" content=\"Dur\u00e9e de lecture est.\" \/>\n\t<meta name=\"twitter:data1\" content=\"1 minute\" \/>\n<script type=\"application\/ld+json\" class=\"yoast-schema-graph\">{\"@context\":\"https:\/\/schema.org\",\"@graph\":[{\"@type\":\"WebSite\",\"@id\":\"https:\/\/www.purhotmelt.com\/#website\",\"url\":\"https:\/\/www.purhotmelt.com\/\",\"name\":\"PUR hot melt adhesives\",\"description\":\"Intercol: Specialist manufacturer\",\"potentialAction\":[{\"@type\":\"SearchAction\",\"target\":{\"@type\":\"EntryPoint\",\"urlTemplate\":\"https:\/\/www.purhotmelt.com\/?s={search_term_string}\"},\"query-input\":\"required name=search_term_string\"}],\"inLanguage\":\"fr-BE\"},{\"@type\":\"WebPage\",\"@id\":\"https:\/\/www.purhotmelt.com\/micro-emission-polyurethane-hotmelt-for-textile-lamination\/#webpage\",\"url\":\"https:\/\/www.purhotmelt.com\/micro-emission-polyurethane-hotmelt-for-textile-lamination\/\",\"name\":\"Micro emission polyurethane\\u00a0hotmelt for\\u00a0textile lamination - PUR hot melt adhesives\",\"isPartOf\":{\"@id\":\"https:\/\/www.purhotmelt.com\/#website\"},\"datePublished\":\"2021-10-05T21:35:09+00:00\",\"dateModified\":\"2021-10-05T21:35:10+00:00\",\"breadcrumb\":{\"@id\":\"https:\/\/www.purhotmelt.com\/micro-emission-polyurethane-hotmelt-for-textile-lamination\/#breadcrumb\"},\"inLanguage\":\"fr-BE\",\"potentialAction\":[{\"@type\":\"ReadAction\",\"target\":[\"https:\/\/www.purhotmelt.com\/micro-emission-polyurethane-hotmelt-for-textile-lamination\/\"]}]},{\"@type\":\"BreadcrumbList\",\"@id\":\"https:\/\/www.purhotmelt.com\/micro-emission-polyurethane-hotmelt-for-textile-lamination\/#breadcrumb\",\"itemListElement\":[{\"@type\":\"ListItem\",\"position\":1,\"name\":\"Home\",\"item\":\"https:\/\/www.purhotmelt.com\/\"},{\"@type\":\"ListItem\",\"position\":2,\"name\":\"Micro emission polyurethane\\u00a0hotmelt for\\u00a0textile lamination\"}]}]}<\/script>\n<!-- \/ Yoast SEO plugin. -->","yoast_head_json":{"title":"Thermofusible polyur\u00e9thane micro \u00e9mission pour contrecollage textile - Adh\u00e9sifs thermofusibles PUR","robots":{"index":"index","follow":"follow","max-snippet":"max-snippet:-1","max-image-preview":"max-image-preview:large","max-video-preview":"max-video-preview:-1"},"canonical":"https:\/\/www.purhotmelt.com\/fr\/micro-emission-polyurethane-hotmelt-for-textile-lamination\/","og_locale":"fr_FR","og_type":"article","og_title":"Micro emission polyurethane\u00a0hotmelt for\u00a0textile lamination - PUR hot melt adhesives","og_description":"Intercol has a micro emission polyurethane\u00a0hotmelt for\u00a0textile lamination.\u00a0This adhesive is groundbreaking and improve the safety conditions [&hellip;]","og_url":"https:\/\/www.purhotmelt.com\/fr\/micro-emission-polyurethane-hotmelt-for-textile-lamination\/","og_site_name":"PUR hot melt adhesives","article_modified_time":"2021-10-05T21:35:10+00:00","twitter_card":"summary_large_image","twitter_misc":{"Dur\u00e9e de lecture est.":"1 minute"},"schema":{"@context":"https:\/\/schema.org","@graph":[{"@type":"WebSite","@id":"https:\/\/www.purhotmelt.com\/#website","url":"https:\/\/www.purhotmelt.com\/","name":"Adh\u00e9sifs thermofusibles PUR","description":"Intercol: fabricant sp\u00e9cialis\u00e9","potentialAction":[{"@type":"SearchAction","target":{"@type":"EntryPoint","urlTemplate":"https:\/\/www.purhotmelt.com\/?s={search_term_string}"},"query-input":"required name=search_term_string"}],"inLanguage":"fr-BE"},{"@type":"WebPage","@id":"https:\/\/www.purhotmelt.com\/micro-emission-polyurethane-hotmelt-for-textile-lamination\/#webpage","url":"https:\/\/www.purhotmelt.com\/micro-emission-polyurethane-hotmelt-for-textile-lamination\/","name":"Thermofusible polyur\u00e9thane micro \u00e9mission pour contrecollage textile - Adh\u00e9sifs thermofusibles PUR","isPartOf":{"@id":"https:\/\/www.purhotmelt.com\/#website"},"datePublished":"2021-10-05T21:35:09+00:00","dateModified":"2021-10-05T21:35:10+00:00","breadcrumb":{"@id":"https:\/\/www.purhotmelt.com\/micro-emission-polyurethane-hotmelt-for-textile-lamination\/#breadcrumb"},"inLanguage":"fr-BE","potentialAction":[{"@type":"ReadAction","target":["https:\/\/www.purhotmelt.com\/micro-emission-polyurethane-hotmelt-for-textile-lamination\/"]}]},{"@type":"BreadcrumbList","@id":"https:\/\/www.purhotmelt.com\/micro-emission-polyurethane-hotmelt-for-textile-lamination\/#breadcrumb","itemListElement":[{"@type":"ListItem","position":1,"name":"Home","item":"https:\/\/www.purhotmelt.com\/"},{"@type":"ListItem","position":2,"name":"Micro emission polyurethane\u00a0hotmelt for\u00a0textile lamination"}]}]}},"_links":{"self":[{"href":"https:\/\/www.purhotmelt.com\/fr\/wp-json\/wp\/v2\/pages\/381","targetHints":{"allow":["GET"]}}],"collection":[{"href":"https:\/\/www.purhotmelt.com\/fr\/wp-json\/wp\/v2\/pages"}],"about":[{"href":"https:\/\/www.purhotmelt.com\/fr\/wp-json\/wp\/v2\/types\/page"}],"author":[{"embeddable":true,"href":"https:\/\/www.purhotmelt.com\/fr\/wp-json\/wp\/v2\/users\/1"}],"replies":[{"embeddable":true,"href":"https:\/\/www.purhotmelt.com\/fr\/wp-json\/wp\/v2\/comments?post=381"}],"version-history":[{"count":1,"href":"https:\/\/www.purhotmelt.com\/fr\/wp-json\/wp\/v2\/pages\/381\/revisions"}],"predecessor-version":[{"id":383,"href":"https:\/\/www.purhotmelt.com\/fr\/wp-json\/wp\/v2\/pages\/381\/revisions\/383"}],"wp:attachment":[{"href":"https:\/\/www.purhotmelt.com\/fr\/wp-json\/wp\/v2\/media?parent=381"}],"curies":[{"name":"wp","href":"https:\/\/api.w.org\/{rel}","templated":true}]}}