{"id":70,"date":"2021-01-20T15:39:45","date_gmt":"2021-01-20T15:39:45","guid":{"rendered":"https:\/\/www.purhotmelt.com\/?page_id=70"},"modified":"2021-01-20T15:39:45","modified_gmt":"2021-01-20T15:39:45","slug":"foam-lamination","status":"publish","type":"page","link":"https:\/\/www.purhotmelt.com\/fr\/foam-lamination\/","title":{"rendered":"Laminage de mousse"},"content":{"rendered":"<p>Intercol propose des solutions adh\u00e9sives standard pour:<\/p>\n\n\n\n<h3 class=\"wp-block-heading\"><\/h3>\n\n\n\n<ul class=\"wp-block-list\"><li>Coussins<\/li><li>Matelas<\/li><li>Tapis d&#039;athl\u00e9tisme<\/li><li>Mat\u00e9riaux d&#039;isolation<\/li><li>Mallettes d&#039;\u00e9quipement<\/li><li>Assemblage de fret personnalis\u00e9<\/li><\/ul>\n\n\n\n<h1 class=\"wp-block-heading\">Adh\u00e9sifs pour matelas<\/h1>\n\n\n\n<p><strong>Nos adh\u00e9sifs thermofusibles sont utilis\u00e9s partout dans le monde dans la fabrication de matelas. Nos adh\u00e9sifs thermofusibles pour le collage des mousses et des tissus remplacent les adh\u00e9sifs traditionnels \u00e0 base de solvants. Ils sont \u00e9galement largement utilis\u00e9s dans la production de si\u00e8ges, de rembourrages et de meubles automobiles en plus des matelas.<\/strong><\/p>\n\n\n\n<p>Les adh\u00e9sifs thermofusibles d&#039;Intercol pour matelas fonctionnent correctement et sont con\u00e7us pour offrir une efficacit\u00e9 de production maximale.<\/p>\n\n\n\n<p>Les fabricants de matelas cherchent de plus en plus \u00e0 am\u00e9liorer leurs produits et \u00e0 les rendre plus s\u00fbrs, plus confortables et plus durables. Nos adh\u00e9sifs conviennent \u00e0 presque toutes les exigences lors de la construction des matelas et du collage des couches de mousse.<\/p>\n\n\n\n<p>Notre gamme comprend des adh\u00e9sifs thermofusibles PUR, APAO, EVA, PO, PSA et semi-sensibles \u00e0 la pression pour une liaison efficace entre les mousses. Ces qualit\u00e9s peuvent \u00eatre utilis\u00e9es dans la construction de matelas et sur des panneaux d&#039;affichage, o\u00f9 une adh\u00e9rence \u00e9lev\u00e9e et un long temps ouvert sont n\u00e9cessaires. Certaines nuances peuvent \u00e9galement \u00eatre utilis\u00e9es pour les applications de colle lat\u00e9rale.<\/p>\n\n\n\n<p><\/p>\n\n\n\n<h2 class=\"wp-block-heading\">Avantages de la fonte \u00e0 chaud li\u00e9s aux adh\u00e9sifs \u00e0 base de solvants<\/h2>\n\n\n\n<p>Les adh\u00e9sifs thermofusibles sont des adh\u00e9sifs respectueux de l&#039;environnement car ils sont non toxiques, non fumants et pratiquement sans odeur. Les adh\u00e9sifs thermofusibles sont s\u00fbrs \u00e0 manipuler et aident \u00e0 r\u00e9duire les co\u00fbts du fabricant en \u00e9liminant le besoin d&#039;installer et de faire fonctionner des syst\u00e8mes co\u00fbteux de r\u00e9cup\u00e9ration des \u00e9missions.<\/p>\n\n\n\n<figure class=\"wp-block-image size-large\"><img loading=\"lazy\" decoding=\"async\" width=\"603\" height=\"492\" src=\"https:\/\/www.purhotmelt.com\/wp-content\/uploads\/2021\/01\/foam-hot-melt-adhesives.jpg\" alt=\"Adh\u00e9sifs thermofusibles en mousse\" class=\"wp-image-72\" srcset=\"https:\/\/www.purhotmelt.com\/wp-content\/uploads\/2021\/01\/foam-hot-melt-adhesives.jpg 603w, https:\/\/www.purhotmelt.com\/wp-content\/uploads\/2021\/01\/foam-hot-melt-adhesives-300x245.jpg 300w\" sizes=\"auto, (max-width: 603px) 100vw, 603px\" \/><figcaption>Adh\u00e9sifs thermofusibles en mousse<\/figcaption><\/figure>","protected":false},"excerpt":{"rendered":"<p>Intercol has standard adhesive solutions for: Cushions Mattresses Athletic Mats Insulation materials Equipment Cases Custom Freight [&hellip;]<\/p>","protected":false},"author":1,"featured_media":0,"parent":0,"menu_order":0,"comment_status":"closed","ping_status":"closed","template":"","meta":{"footnotes":""},"class_list":["post-70","page","type-page","status-publish","hentry"],"yoast_head":"<!-- This site is optimized with the Yoast SEO plugin v17.0 - https:\/\/yoast.com\/wordpress\/plugins\/seo\/ -->\n<title>Foam lamination - PUR hot melt adhesives<\/title>\n<meta name=\"robots\" content=\"index, follow, max-snippet:-1, max-image-preview:large, max-video-preview:-1\" \/>\n<link rel=\"canonical\" href=\"https:\/\/www.purhotmelt.com\/fr\/foam-lamination\/\" \/>\n<meta property=\"og:locale\" content=\"fr_FR\" \/>\n<meta property=\"og:type\" content=\"article\" \/>\n<meta property=\"og:title\" content=\"Foam lamination - PUR hot melt adhesives\" \/>\n<meta property=\"og:description\" content=\"Intercol has standard adhesive solutions for: Cushions Mattresses Athletic Mats Insulation materials Equipment Cases Custom Freight [&hellip;]\" \/>\n<meta property=\"og:url\" content=\"https:\/\/www.purhotmelt.com\/fr\/foam-lamination\/\" \/>\n<meta property=\"og:site_name\" content=\"PUR hot melt adhesives\" \/>\n<meta property=\"og:image\" content=\"https:\/\/www.purhotmelt.com\/wp-content\/uploads\/2021\/01\/foam-hot-melt-adhesives.jpg\" \/>\n<meta name=\"twitter:card\" content=\"summary_large_image\" \/>\n<meta name=\"twitter:label1\" content=\"Dur\u00e9e de lecture est.\" \/>\n\t<meta name=\"twitter:data1\" content=\"1 minute\" \/>\n<script type=\"application\/ld+json\" class=\"yoast-schema-graph\">{\"@context\":\"https:\/\/schema.org\",\"@graph\":[{\"@type\":\"WebSite\",\"@id\":\"https:\/\/www.purhotmelt.com\/#website\",\"url\":\"https:\/\/www.purhotmelt.com\/\",\"name\":\"PUR hot melt adhesives\",\"description\":\"Intercol: Specialist manufacturer\",\"potentialAction\":[{\"@type\":\"SearchAction\",\"target\":{\"@type\":\"EntryPoint\",\"urlTemplate\":\"https:\/\/www.purhotmelt.com\/?s={search_term_string}\"},\"query-input\":\"required name=search_term_string\"}],\"inLanguage\":\"fr-BE\"},{\"@type\":\"ImageObject\",\"@id\":\"https:\/\/www.purhotmelt.com\/foam-lamination\/#primaryimage\",\"inLanguage\":\"fr-BE\",\"url\":\"https:\/\/www.purhotmelt.com\/wp-content\/uploads\/2021\/01\/foam-hot-melt-adhesives.jpg\",\"contentUrl\":\"https:\/\/www.purhotmelt.com\/wp-content\/uploads\/2021\/01\/foam-hot-melt-adhesives.jpg\",\"width\":603,\"height\":492,\"caption\":\"Foam hot melt adhesives\"},{\"@type\":\"WebPage\",\"@id\":\"https:\/\/www.purhotmelt.com\/foam-lamination\/#webpage\",\"url\":\"https:\/\/www.purhotmelt.com\/foam-lamination\/\",\"name\":\"Foam lamination - PUR hot melt adhesives\",\"isPartOf\":{\"@id\":\"https:\/\/www.purhotmelt.com\/#website\"},\"primaryImageOfPage\":{\"@id\":\"https:\/\/www.purhotmelt.com\/foam-lamination\/#primaryimage\"},\"datePublished\":\"2021-01-20T15:39:45+00:00\",\"dateModified\":\"2021-01-20T15:39:45+00:00\",\"breadcrumb\":{\"@id\":\"https:\/\/www.purhotmelt.com\/foam-lamination\/#breadcrumb\"},\"inLanguage\":\"fr-BE\",\"potentialAction\":[{\"@type\":\"ReadAction\",\"target\":[\"https:\/\/www.purhotmelt.com\/foam-lamination\/\"]}]},{\"@type\":\"BreadcrumbList\",\"@id\":\"https:\/\/www.purhotmelt.com\/foam-lamination\/#breadcrumb\",\"itemListElement\":[{\"@type\":\"ListItem\",\"position\":1,\"name\":\"Home\",\"item\":\"https:\/\/www.purhotmelt.com\/\"},{\"@type\":\"ListItem\",\"position\":2,\"name\":\"Foam lamination\"}]}]}<\/script>\n<!-- \/ Yoast SEO plugin. -->","yoast_head_json":{"title":"Stratification de mousse - Adh\u00e9sifs thermofusibles PUR","robots":{"index":"index","follow":"follow","max-snippet":"max-snippet:-1","max-image-preview":"max-image-preview:large","max-video-preview":"max-video-preview:-1"},"canonical":"https:\/\/www.purhotmelt.com\/fr\/foam-lamination\/","og_locale":"fr_FR","og_type":"article","og_title":"Foam lamination - PUR hot melt adhesives","og_description":"Intercol has standard adhesive solutions for: Cushions Mattresses Athletic Mats Insulation materials Equipment Cases Custom Freight [&hellip;]","og_url":"https:\/\/www.purhotmelt.com\/fr\/foam-lamination\/","og_site_name":"PUR hot melt adhesives","og_image":[{"url":"https:\/\/www.purhotmelt.com\/wp-content\/uploads\/2021\/01\/foam-hot-melt-adhesives.jpg"}],"twitter_card":"summary_large_image","twitter_misc":{"Dur\u00e9e de lecture est.":"1 minute"},"schema":{"@context":"https:\/\/schema.org","@graph":[{"@type":"WebSite","@id":"https:\/\/www.purhotmelt.com\/#website","url":"https:\/\/www.purhotmelt.com\/","name":"Adh\u00e9sifs thermofusibles PUR","description":"Intercol: fabricant sp\u00e9cialis\u00e9","potentialAction":[{"@type":"SearchAction","target":{"@type":"EntryPoint","urlTemplate":"https:\/\/www.purhotmelt.com\/?s={search_term_string}"},"query-input":"required name=search_term_string"}],"inLanguage":"fr-BE"},{"@type":"ImageObject","@id":"https:\/\/www.purhotmelt.com\/foam-lamination\/#primaryimage","inLanguage":"fr-BE","url":"https:\/\/www.purhotmelt.com\/wp-content\/uploads\/2021\/01\/foam-hot-melt-adhesives.jpg","contentUrl":"https:\/\/www.purhotmelt.com\/wp-content\/uploads\/2021\/01\/foam-hot-melt-adhesives.jpg","width":603,"height":492,"caption":"Foam hot melt adhesives"},{"@type":"WebPage","@id":"https:\/\/www.purhotmelt.com\/foam-lamination\/#webpage","url":"https:\/\/www.purhotmelt.com\/foam-lamination\/","name":"Stratification de mousse - Adh\u00e9sifs thermofusibles PUR","isPartOf":{"@id":"https:\/\/www.purhotmelt.com\/#website"},"primaryImageOfPage":{"@id":"https:\/\/www.purhotmelt.com\/foam-lamination\/#primaryimage"},"datePublished":"2021-01-20T15:39:45+00:00","dateModified":"2021-01-20T15:39:45+00:00","breadcrumb":{"@id":"https:\/\/www.purhotmelt.com\/foam-lamination\/#breadcrumb"},"inLanguage":"fr-BE","potentialAction":[{"@type":"ReadAction","target":["https:\/\/www.purhotmelt.com\/foam-lamination\/"]}]},{"@type":"BreadcrumbList","@id":"https:\/\/www.purhotmelt.com\/foam-lamination\/#breadcrumb","itemListElement":[{"@type":"ListItem","position":1,"name":"Home","item":"https:\/\/www.purhotmelt.com\/"},{"@type":"ListItem","position":2,"name":"Foam lamination"}]}]}},"_links":{"self":[{"href":"https:\/\/www.purhotmelt.com\/fr\/wp-json\/wp\/v2\/pages\/70","targetHints":{"allow":["GET"]}}],"collection":[{"href":"https:\/\/www.purhotmelt.com\/fr\/wp-json\/wp\/v2\/pages"}],"about":[{"href":"https:\/\/www.purhotmelt.com\/fr\/wp-json\/wp\/v2\/types\/page"}],"author":[{"embeddable":true,"href":"https:\/\/www.purhotmelt.com\/fr\/wp-json\/wp\/v2\/users\/1"}],"replies":[{"embeddable":true,"href":"https:\/\/www.purhotmelt.com\/fr\/wp-json\/wp\/v2\/comments?post=70"}],"version-history":[{"count":2,"href":"https:\/\/www.purhotmelt.com\/fr\/wp-json\/wp\/v2\/pages\/70\/revisions"}],"predecessor-version":[{"id":74,"href":"https:\/\/www.purhotmelt.com\/fr\/wp-json\/wp\/v2\/pages\/70\/revisions\/74"}],"wp:attachment":[{"href":"https:\/\/www.purhotmelt.com\/fr\/wp-json\/wp\/v2\/media?parent=70"}],"curies":[{"name":"wp","href":"https:\/\/api.w.org\/{rel}","templated":true}]}}