{"id":87,"date":"2021-01-20T21:18:36","date_gmt":"2021-01-20T21:18:36","guid":{"rendered":"https:\/\/www.purhotmelt.com\/?page_id=87"},"modified":"2021-01-22T07:28:27","modified_gmt":"2021-01-22T07:28:27","slug":"87-2","status":"publish","type":"page","link":"https:\/\/www.purhotmelt.com\/fr\/87-2\/","title":{"rendered":"PRIX ADH\u00c9SIF \u00c0 CHAUD"},"content":{"rendered":"<p>Le prix des adh\u00e9sifs thermofusibles peut commencer aussi bas que 2,00 euros par kg, pour des nuances EVA simples, bon march\u00e9 et en vrac. Lorsqu&#039;on a besoin d&#039;adh\u00e9sifs thermofusibles plus sophistiqu\u00e9s, le prix augmentera rapidement. Cependant, de nombreux processus de production b\u00e9n\u00e9ficieront d&#039;un adh\u00e9sif thermofusible appropri\u00e9 et plus co\u00fbteux, fournissant des \u00e9checs de 0,00%, m\u00eame dans des environnements difficiles tels que la cong\u00e9lation et les environnements tropicaux, et avec des substrats rev\u00eatus et stratifi\u00e9s.<\/p>\n\n\n\n<h2 class=\"wp-block-heading\">ADH\u00c9SIFS \u00c0 CHAUD \u00c0 BASE D&#039;\u00c9THYL\u00c8NE VINYLE AC\u00c9TATE EVA<\/h2>\n\n\n\n<p>Les adh\u00e9sifs EVA standard sont des adh\u00e9sifs thermofusibles jaune clair offrant un temps ouvert moyen \u00e0 long et une prise rapide, n\u00e9cessitant de faibles temps de compression d&#039;environ 1 seconde. Les adh\u00e9sifs thermofusibles EVA sont couramment utilis\u00e9s pour coller des bo\u00eetes en carton ondul\u00e9 et enveloppant, des cartons pliants imprim\u00e9s, des plateaux alimentaires et pour la production de sacs en papier. En particulier pour les applications d&#039;emballage alimentaire.<\/p>\n\n\n\n<p>Certaines nuances sp\u00e9ciales qui compromettent souvent l&#039;adh\u00e9rence aux surfaces rev\u00eatues peuvent \u00eatre utilis\u00e9es lorsqu&#039;une r\u00e9sistance thermique \u00e9lev\u00e9e est n\u00e9cessaire.<\/p>\n\n\n\n<p>Les adh\u00e9sifs \u00e0 prise tr\u00e8s rapide offrent \u00e9galement un temps ouvert plus court. Les thermofusibles \u00e0 basse temp\u00e9rature d&#039;application ne fourniront pas une bonne r\u00e9sistance aux temp\u00e9ratures \u00e9lev\u00e9es.<\/p>\n\n\n\n<h2 class=\"wp-block-heading\">ADH\u00c9SIFS POLYOL\u00c9FINE MELT \u00c0 CHAUD<\/h2>\n\n\n\n<p>L&#039;adh\u00e9sif thermofusible polyol\u00e9fine a tendance \u00e0 \u00eatre plus cher en prix par kilogramme, mais la densit\u00e9 est plus faible, de sorte que la premi\u00e8re \u00e9conomie est bas\u00e9e sur plus de volume pour le m\u00eame prix. Au-dessus de cela, les polyol\u00e9fines thermofusibles fournissent en g\u00e9n\u00e9ral une liaison plus forte et, par cons\u00e9quent, une r\u00e9duction de la consommation d&#039;adh\u00e9sif. La plupart des thermofusibles polyol\u00e9fines sont tr\u00e8s stables thermiquement, ce qui allonge la dur\u00e9e de vie des \u00e9quipements de collage thermofusible et r\u00e9duit les co\u00fbts de maintenance et les temps d&#039;arr\u00eat.<\/p>","protected":false},"excerpt":{"rendered":"<p>The price of&nbsp;hot melt adhesives&nbsp;can start as low as 2,00 euro per Kg, for simple, cheap, [&hellip;]<\/p>","protected":false},"author":1,"featured_media":0,"parent":0,"menu_order":0,"comment_status":"closed","ping_status":"closed","template":"","meta":{"footnotes":""},"class_list":["post-87","page","type-page","status-publish","hentry"],"yoast_head":"<!-- This site is optimized with the Yoast SEO plugin v17.0 - https:\/\/yoast.com\/wordpress\/plugins\/seo\/ -->\n<title>HOT MELT ADHESIVE PRICE - PUR hot melt adhesives<\/title>\n<meta name=\"robots\" content=\"index, follow, max-snippet:-1, max-image-preview:large, max-video-preview:-1\" \/>\n<link rel=\"canonical\" href=\"https:\/\/www.purhotmelt.com\/fr\/87-2\/\" \/>\n<meta property=\"og:locale\" content=\"fr_FR\" \/>\n<meta property=\"og:type\" content=\"article\" \/>\n<meta property=\"og:title\" content=\"HOT MELT ADHESIVE PRICE - PUR hot melt adhesives\" \/>\n<meta property=\"og:description\" content=\"The price of&nbsp;hot melt adhesives&nbsp;can start as low as 2,00 euro per Kg, for simple, cheap, [&hellip;]\" \/>\n<meta property=\"og:url\" content=\"https:\/\/www.purhotmelt.com\/fr\/87-2\/\" \/>\n<meta property=\"og:site_name\" content=\"PUR hot melt adhesives\" \/>\n<meta property=\"article:modified_time\" content=\"2021-01-22T07:28:27+00:00\" \/>\n<meta name=\"twitter:card\" content=\"summary_large_image\" \/>\n<meta name=\"twitter:label1\" content=\"Dur\u00e9e de lecture est.\" \/>\n\t<meta name=\"twitter:data1\" content=\"1 minute\" \/>\n<script type=\"application\/ld+json\" class=\"yoast-schema-graph\">{\"@context\":\"https:\/\/schema.org\",\"@graph\":[{\"@type\":\"WebSite\",\"@id\":\"https:\/\/www.purhotmelt.com\/#website\",\"url\":\"https:\/\/www.purhotmelt.com\/\",\"name\":\"PUR hot melt adhesives\",\"description\":\"Intercol: Specialist manufacturer\",\"potentialAction\":[{\"@type\":\"SearchAction\",\"target\":{\"@type\":\"EntryPoint\",\"urlTemplate\":\"https:\/\/www.purhotmelt.com\/?s={search_term_string}\"},\"query-input\":\"required name=search_term_string\"}],\"inLanguage\":\"fr-BE\"},{\"@type\":\"WebPage\",\"@id\":\"https:\/\/www.purhotmelt.com\/nl\/87-2\/#webpage\",\"url\":\"https:\/\/www.purhotmelt.com\/nl\/87-2\/\",\"name\":\"HOT MELT ADHESIVE PRICE - PUR hot melt adhesives\",\"isPartOf\":{\"@id\":\"https:\/\/www.purhotmelt.com\/#website\"},\"datePublished\":\"2021-01-20T21:18:36+00:00\",\"dateModified\":\"2021-01-22T07:28:27+00:00\",\"breadcrumb\":{\"@id\":\"https:\/\/www.purhotmelt.com\/nl\/87-2\/#breadcrumb\"},\"inLanguage\":\"fr-BE\",\"potentialAction\":[{\"@type\":\"ReadAction\",\"target\":[\"https:\/\/www.purhotmelt.com\/nl\/87-2\/\"]}]},{\"@type\":\"BreadcrumbList\",\"@id\":\"https:\/\/www.purhotmelt.com\/nl\/87-2\/#breadcrumb\",\"itemListElement\":[{\"@type\":\"ListItem\",\"position\":1,\"name\":\"Home\",\"item\":\"https:\/\/www.purhotmelt.com\/\"},{\"@type\":\"ListItem\",\"position\":2,\"name\":\"HOT MELT ADHESIVE PRICE\"}]}]}<\/script>\n<!-- \/ Yoast SEO plugin. -->","yoast_head_json":{"title":"ADH\u00c9SIF HOT MELT PRIX - Adh\u00e9sifs thermofusibles PUR","robots":{"index":"index","follow":"follow","max-snippet":"max-snippet:-1","max-image-preview":"max-image-preview:large","max-video-preview":"max-video-preview:-1"},"canonical":"https:\/\/www.purhotmelt.com\/fr\/87-2\/","og_locale":"fr_FR","og_type":"article","og_title":"HOT MELT ADHESIVE PRICE - PUR hot melt adhesives","og_description":"The price of&nbsp;hot melt adhesives&nbsp;can start as low as 2,00 euro per Kg, for simple, cheap, [&hellip;]","og_url":"https:\/\/www.purhotmelt.com\/fr\/87-2\/","og_site_name":"PUR hot melt adhesives","article_modified_time":"2021-01-22T07:28:27+00:00","twitter_card":"summary_large_image","twitter_misc":{"Dur\u00e9e de lecture est.":"1 minute"},"schema":{"@context":"https:\/\/schema.org","@graph":[{"@type":"WebSite","@id":"https:\/\/www.purhotmelt.com\/#website","url":"https:\/\/www.purhotmelt.com\/","name":"Adh\u00e9sifs thermofusibles PUR","description":"Intercol: fabricant sp\u00e9cialis\u00e9","potentialAction":[{"@type":"SearchAction","target":{"@type":"EntryPoint","urlTemplate":"https:\/\/www.purhotmelt.com\/?s={search_term_string}"},"query-input":"required name=search_term_string"}],"inLanguage":"fr-BE"},{"@type":"WebPage","@id":"https:\/\/www.purhotmelt.com\/nl\/87-2\/#webpage","url":"https:\/\/www.purhotmelt.com\/nl\/87-2\/","name":"ADH\u00c9SIF HOT MELT PRIX - Adh\u00e9sifs thermofusibles PUR","isPartOf":{"@id":"https:\/\/www.purhotmelt.com\/#website"},"datePublished":"2021-01-20T21:18:36+00:00","dateModified":"2021-01-22T07:28:27+00:00","breadcrumb":{"@id":"https:\/\/www.purhotmelt.com\/nl\/87-2\/#breadcrumb"},"inLanguage":"fr-BE","potentialAction":[{"@type":"ReadAction","target":["https:\/\/www.purhotmelt.com\/nl\/87-2\/"]}]},{"@type":"BreadcrumbList","@id":"https:\/\/www.purhotmelt.com\/nl\/87-2\/#breadcrumb","itemListElement":[{"@type":"ListItem","position":1,"name":"Home","item":"https:\/\/www.purhotmelt.com\/"},{"@type":"ListItem","position":2,"name":"HOT MELT ADHESIVE PRICE"}]}]}},"_links":{"self":[{"href":"https:\/\/www.purhotmelt.com\/fr\/wp-json\/wp\/v2\/pages\/87","targetHints":{"allow":["GET"]}}],"collection":[{"href":"https:\/\/www.purhotmelt.com\/fr\/wp-json\/wp\/v2\/pages"}],"about":[{"href":"https:\/\/www.purhotmelt.com\/fr\/wp-json\/wp\/v2\/types\/page"}],"author":[{"embeddable":true,"href":"https:\/\/www.purhotmelt.com\/fr\/wp-json\/wp\/v2\/users\/1"}],"replies":[{"embeddable":true,"href":"https:\/\/www.purhotmelt.com\/fr\/wp-json\/wp\/v2\/comments?post=87"}],"version-history":[{"count":2,"href":"https:\/\/www.purhotmelt.com\/fr\/wp-json\/wp\/v2\/pages\/87\/revisions"}],"predecessor-version":[{"id":343,"href":"https:\/\/www.purhotmelt.com\/fr\/wp-json\/wp\/v2\/pages\/87\/revisions\/343"}],"wp:attachment":[{"href":"https:\/\/www.purhotmelt.com\/fr\/wp-json\/wp\/v2\/media?parent=87"}],"curies":[{"name":"wp","href":"https:\/\/api.w.org\/{rel}","templated":true}]}}